{"id":91,"date":"2014-11-21T23:21:00","date_gmt":"2014-11-21T23:21:00","guid":{"rendered":"http:\/\/goftk.com\/?page_id=91"},"modified":"2017-01-25T01:06:50","modified_gmt":"2017-01-24T23:06:50","slug":"fastrack-tots","status":"publish","type":"page","link":"http:\/\/fastrackids.lv\/ru\/fastrackids-programmas\/fastrack-tots\/","title":{"rendered":"FASTRACK TOTS"},"content":{"rendered":"<p><img loading=\"lazy\" class=\"alignleft wp-image-45 size-full\" src=\"http:\/\/fastrackids.ru\/wp-content\/uploads\/2014\/11\/fastrack_tots_icon.png\" alt=\"fastrack_tots_icon\" width=\"71\" height=\"153\" \/>\u041a\u043e\u0433\u0434\u0430 \u0432\u0430\u0448 \u043c\u0430\u043b\u044b\u0448 \u0434\u0432\u0438\u0433\u0430\u0435\u0442\u0441\u044f \u0438 \u0441\u043c\u0435\u0435\u0442\u0441\u044f, \u043e\u043d \u043f\u043e\u0437\u043d\u0430\u0435\u0442 \u044d\u0442\u043e\u0442 \u043c\u0438\u0440. \u041d\u0430\u0448\u0430 \u043f\u0440\u043e\u0433\u0440\u0430\u043c\u043c\u0430 \u0434\u043b\u044f \u043c\u0430\u043b\u044b\u0448\u0435\u0439 \u043f\u043e\u0437\u0432\u043e\u043b\u044f\u0435\u0442 \u0443\u0434\u043e\u0432\u043b\u0435\u0442\u0432\u043e\u0440\u044f\u0442\u044c \u043f\u0440\u0438\u0441\u0443\u0449\u0435\u0435 \u0438\u043c \u043e\u0442 \u043f\u0440\u0438\u0440\u043e\u0434\u044b \u043b\u044e\u0431\u043e\u043f\u044b\u0442\u0441\u0442\u0432\u043e, \u043e\u0434\u043d\u043e\u0432\u0440\u0435\u043c\u0435\u043d\u043d\u043e \u0440\u0430\u0437\u0432\u0438\u0432\u0430\u044f \u043c\u0435\u0445\u0430\u043d\u0438\u0437\u043c\u044b \u043f\u0440\u043e\u0438\u0437\u0432\u043e\u043b\u044c\u043d\u043e\u0433\u043e \u0432\u043d\u0438\u043c\u0430\u043d\u0438\u044f, \u0443\u043c\u0435\u043d\u0438\u044f \u043e\u0431\u0449\u0430\u0442\u044c\u0441\u044f, \u0430\u0434\u0435\u043a\u0432\u0430\u0442\u043d\u043e \u043e\u0446\u0435\u043d\u0438\u0432\u0430\u0442\u044c \u0441\u0435\u0431\u044f. FasTrackTots &#8211; \u043f\u0435\u0440\u0432\u044b\u0439 \u0448\u0430\u0433 \u043a \u0441\u0430\u043c\u043e\u0441\u0442\u043e\u044f\u0442\u0435\u043b\u044c\u043d\u043e\u043c\u0443 \u043e\u0431\u0443\u0447\u0435\u043d\u0438\u044e \u0438 \u043f\u0435\u0440\u0432\u043e\u0439 \u0434\u0440\u0443\u0436\u0431\u0435 \u0441 \u0434\u0440\u0443\u0433\u0438\u043c\u0438 \u0434\u0435\u0442\u044c\u043c\u0438.<\/p>\n<p>\u041f\u0440\u043e\u0433\u0440\u0430\u043c\u043c\u0430 FasTrackTots \u2013 \u044d\u0442\u043e \u0441\u0442\u0440\u0443\u043a\u0442\u0443\u0440\u0438\u0440\u043e\u0432\u0430\u043d\u043d\u044b\u0435 \u0443\u0440\u043e\u043a\u0438, \u043a\u0430\u0436\u0434\u044b\u0439 \u0443\u0440\u043e\u043a \u0434\u043b\u0438\u0442\u0441\u044f \u043e\u0434\u0438\u043d \u0447\u0430\u0441. \u042d\u0442\u043e \u043f\u0435\u0440\u0432\u044b\u0439 \u043e\u043f\u044b\u0442 \u043e\u0431\u0443\u0447\u0435\u043d\u0438\u044f \u0434\u043b\u044f \u0432\u0430\u0448\u0435\u0433\u043e \u043c\u0430\u043b\u044b\u0448\u0430. \u0414\u0435\u0442\u0438 <strong>2 \u2013 3,5 \u043b\u0435\u0442<\/strong> \u0443\u0447\u0430\u0442\u0441\u044f \u0440\u0430\u0437\u0432\u0438\u0432\u0430\u0442\u044c \u0441\u0432\u043e\u0435 \u043b\u044e\u0431\u043e\u043f\u044b\u0442\u0441\u0442\u0432\u043e, \u0443\u0447\u0430\u0442\u0441\u044f \u043e\u0431\u0449\u0430\u0442\u044c\u0441\u044f, \u043a\u043e\u043d\u0446\u0435\u043d\u0442\u0440\u0438\u0440\u043e\u0432\u0430\u0442\u044c\u0441\u044f, \u043f\u0440\u0438\u043e\u0431\u0440\u0435\u0442\u0430\u044e\u0442 \u043d\u0430\u0432\u044b\u043a\u0438 \u0441\u0430\u043c\u043e\u043e\u0446\u0435\u043d\u043a\u0438 \u0438 \u0441\u043e\u0446\u0438\u0430\u043b\u044c\u043d\u044b\u0435 \u043d\u0430\u0432\u044b\u043a\u0438. \u041a\u043e\u0433\u0434\u0430 \u0434\u0435\u0442\u0438 \u043f\u043e\u043b\u0443\u0447\u0430\u044e\u0442 \u043d\u0435\u043e\u0431\u0445\u043e\u0434\u0438\u043c\u044b\u0435 \u0441\u043e\u0446\u0438\u0430\u043b\u044c\u043d\u044b\u0435 \u043d\u0430\u0432\u044b\u043a\u0438, \u043e\u043d\u0438 \u0443\u0447\u0430\u0442\u0441\u044f \u0441\u0442\u0440\u043e\u0438\u0442\u044c \u0434\u0440\u0443\u0436\u0435\u0441\u043a\u0438\u0435 \u043e\u0442\u043d\u043e\u0448\u0435\u043d\u0438\u044f. \u041e\u043d\u0438 \u043e\u0441\u0432\u0430\u0438\u0432\u0430\u044e\u0442 \u043f\u0440\u0430\u043a\u0442\u0438\u0447\u0435\u0441\u043a\u0438\u0435 \u0437\u043d\u0430\u043d\u0438\u044f \u0447\u0435\u0440\u0435\u0437 \u0438\u0433\u0440\u0443. \u0414\u0435\u0442\u0438 \u0443\u0447\u0430\u0442\u0441\u044f \u0447\u0435\u0440\u0435\u0437 \u043f\u0435\u0441\u043d\u0438, \u0434\u0432\u0438\u0433\u0430\u0442\u0435\u043b\u044c\u043d\u0443\u044e \u0430\u043a\u0442\u0438\u0432\u043d\u043e\u0441\u0442\u044c, \u0447\u0435\u0440\u0435\u0437 \u0442\u0432\u043e\u0440\u0447\u0435\u0441\u043a\u0438\u0435 \u0437\u0430\u0434\u0430\u043d\u0438\u044f. \u0412\u0441\u0435 \u044d\u0442\u043e \u043d\u0430\u043f\u0440\u0430\u0432\u043b\u0435\u043d\u043e \u043d\u0430 \u0442\u043e, \u0447\u0442\u043e\u0431\u044b \u043f\u043e\u043c\u043e\u0447\u044c \u0432\u0430\u0448\u0435\u043c\u0443 \u0440\u0435\u0431\u0435\u043d\u043a\u0443 \u0440\u0430\u0437\u0432\u0438\u0442\u044c \u0432\u0430\u0436\u043d\u044b\u0435 \u043d\u0430\u0432\u044b\u043a\u0438, \u043a\u043e\u0442\u043e\u0440\u044b\u0435 \u0434\u0430\u0434\u0443\u0442 \u0438\u043c \u043f\u0440\u043e\u0447\u043d\u0443\u044e \u043e\u0441\u043d\u043e\u0432\u0443 \u0434\u043b\u044f \u0434\u0430\u043b\u044c\u043d\u0435\u0439\u0448\u0435\u0433\u043e \u0434\u043e\u0448\u043a\u043e\u043b\u044c\u043d\u043e\u0433\u043e \u043e\u0431\u0440\u0430\u0437\u043e\u0432\u0430\u043d\u0438\u044f. \u042d\u0442\u043e \u043f\u043e\u0434\u0433\u043e\u0442\u043e\u0432\u0438\u0442 \u043c\u0430\u043b\u044b\u0448\u0430 \u043a \u0448\u043a\u043e\u043b\u0435 \u0438 \u043a \u0436\u0438\u0437\u043d\u0438.<\/p>\n<p><a title=\"FasTrack Tots\" href=\"http:\/\/fastrackids.ru\/wp-content\/uploads\/2014\/11\/kids4.jpg\" target=\"_blank\"><img loading=\"lazy\" class=\"alignright wp-image-7780 \" style=\"padding: 5px; background: none; border: gray 1px solid;\" src=\"http:\/\/fastrackids.ru\/wp-content\/uploads\/2014\/11\/kids4.jpg\" alt=\"FasTrack Tots\" width=\"351\" height=\"199\" \/><\/a>\u041d\u0430\u0448\u0430 \u043f\u0440\u043e\u0433\u0440\u0430\u043c\u043c\u0430 FasTrackTots \u0432\u043a\u043b\u044e\u0447\u0430\u0435\u0442 12 \u0443\u0432\u043b\u0435\u043a\u0430\u0442\u0435\u043b\u044c\u043d\u044b\u0445 \u0442\u0435\u043c. \u0423\u0447\u0438\u0442\u0435\u043b\u044c \u0440\u0443\u043a\u043e\u0432\u043e\u0434\u0438\u0442 \u043a\u0430\u0436\u0434\u044b\u043c \u0437\u0430\u043d\u044f\u0442\u0438\u0435\u043c, \u043d\u043e \u0440\u0435\u0431\u0435\u043d\u043e\u043a-\u0433\u043b\u0430\u0432\u043d\u044b\u0439 \u0440\u0435\u0436\u0438\u0441\u0441\u0451\u0440. \u0414\u0435\u0442\u0438 \u0443\u0437\u043d\u0430\u044e\u0442 \u043a\u0430\u043a \u0441\u0442\u0430\u0442\u044c \u043a\u043e\u0441\u043c\u043e\u043d\u0430\u0432\u0442\u043e\u043c, \u0438\u0437\u0443\u0447\u0430\u044e\u0442 \u0442\u0435\u0430\u0442\u0440\u0430\u043b\u044c\u043d\u044b\u0439 \u043c\u0438\u0440, \u043f\u0440\u043e\u0431\u0443\u044e\u0442 \u0441\u043e\u0437\u0434\u0430\u0442\u044c \u043f\u0440\u043e\u0434\u0443\u043a\u0442 \u0434\u043b\u044f \u043f\u0440\u043e\u0434\u0430\u0436\u0438 \u043d\u0430 \u0443\u0440\u043e\u043a\u0430\u0445 \u044d\u043a\u043e\u043d\u043e\u043c\u0438\u043a\u0438. \u042d\u0442\u0438 \u0437\u0430\u043d\u044f\u0442\u0438\u044f \u043d\u0430\u043f\u0440\u0430\u0432\u043b\u0435\u043d\u044b \u043d\u0430 \u0440\u0430\u0437\u0432\u0438\u0442\u0438\u0435 \u0442\u0432\u043e\u0440\u0447\u0435\u0441\u043a\u0438\u0445 \u0441\u043f\u043e\u0441\u043e\u0431\u043d\u043e\u0441\u0442\u0435\u0439 \u0434\u0435\u0442\u0435\u0439, \u0443\u0447\u0430\u0442 \u0441\u043e\u0437\u0434\u0430\u0432\u0430\u0442\u044c \u043d\u043e\u0432\u044b\u0435 \u0438\u0434\u0435\u0438 \u0438 \u0444\u0430\u043d\u0442\u0430\u0437\u0438\u0440\u043e\u0432\u0430\u0442\u044c. \u041e\u0431\u0443\u0447\u0435\u043d\u0438\u0435 \u043f\u0440\u043e\u0445\u043e\u0434\u0438\u0442 \u0432 \u044d\u043d\u0435\u0440\u0433\u0438\u0447\u043d\u043e\u0439 \u0438 \u0432\u0435\u0441\u0435\u043b\u043e\u0439 \u0430\u0442\u043c\u043e\u0441\u0444\u0435\u0440\u0435.<\/p>\n<p>\u0412 \u043f\u043b\u0430\u043d \u043f\u0440\u043e\u0433\u0440\u0430\u043c\u043c\u044b \u0432\u043a\u043b\u044e\u0447\u0435\u043d\u0430 \u0432\u0441\u0442\u0440\u0435\u0447\u0430 \u0441 \u0440\u043e\u0434\u0438\u0442\u0435\u043b\u044f\u043c\u0438. \u0412 \u0440\u0430\u043c\u043a\u0430\u0445 \u044d\u0442\u0438\u0445 \u0432\u0441\u0442\u0440\u0435\u0447 \u0440\u043e\u0434\u0438\u0442\u0435\u043b\u0435\u0439 \u0438 \u043f\u0435\u0434\u0430\u0433\u043e\u0433\u0430 \u0441\u0442\u0430\u0432\u044f\u0442\u0441\u044f \u0446\u0435\u043b\u0438 \u0434\u043b\u044f \u0431\u0443\u0434\u0443\u0449\u0435\u0433\u043e \u0443\u0441\u043f\u0435\u0445\u0430 \u0440\u0435\u0431\u0435\u043d\u043a\u0430. \u0412 \u0434\u0430\u043b\u044c\u043d\u0435\u0439\u0448\u0435\u043c \u043d\u0430 \u0432\u0441\u0442\u0440\u0435\u0447\u0430\u0445 \u043e\u0431\u0441\u0443\u0436\u0434\u0430\u0435\u0442\u0441\u044f \u0434\u043e\u0441\u0442\u0438\u0433\u043d\u0443\u0442\u044b\u0439 \u043f\u0440\u043e\u0433\u0440\u0435\u0441\u0441 \u0443\u0447\u0435\u043d\u0438\u043a\u0430.<\/p>\n<div class=\"omsc-one-half\">\n<h3>\u041e\u0442\u0447\u0435\u0442\u044b \u043e \u0434\u043e\u0441\u0442\u0438\u0433\u043d\u0443\u0442\u043e\u043c \u043f\u0440\u043e\u0433\u0440\u0435\u0441\u0441\u0435:<\/h3>\n<p>\u0427\u0442\u043e\u0431\u044b \u043e\u043f\u0440\u0435\u0434\u0435\u043b\u0438\u0442\u044c \u043d\u0430\u0441\u043a\u043e\u043b\u044c\u043a\u043e \u0433\u043e\u0442\u043e\u0432\u044b \u043d\u0430\u0448\u0438 \u0443\u0447\u0435\u043d\u0438\u043a\u0438 \u043a \u0431\u0443\u0434\u0443\u0449\u0435\u0439 \u0443\u0441\u043f\u0435\u0448\u043d\u043e\u0439 \u0448\u043a\u043e\u043b\u044c\u043d\u043e\u0439 \u0436\u0438\u0437\u043d\u0438, \u043c\u044b \u043f\u0440\u043e\u0432\u043e\u0434\u0438\u043c \u043c\u043e\u043d\u0438\u0442\u043e\u0440\u0438\u043d\u0433 \u043f\u0440\u043e\u0433\u0440\u0435\u0441\u0441\u0430 \u043a\u0430\u0436\u0434\u043e\u0433\u043e \u0440\u0435\u0431\u0435\u043d\u043a\u0430 \u0441 \u043f\u043e\u043c\u043e\u0449\u044c\u044e \u043e\u0446\u0435\u043d\u043a\u0438 <a title=\"\u041f\u0440\u0435\u0438\u043c\u0443\u0449\u0435\u0441\u0442\u0432\u0430 FasTrack\" href=\"http:\/\/fastrackids.ru\/metodika\/preimushhestva-fastrack\/\">\u0434\u043e\u0441\u0442\u0438\u0436\u0435\u043d\u0438\u044f \u043e\u0441\u043d\u043e\u0432 \u043e\u0431\u0443\u0447\u0435\u043d\u0438\u044f FasTrack<sup>\u00ae<\/sup><\/a>. \u041d\u0430\u0448\u0438 \u0443\u0447\u0438\u0442\u0435\u043b\u044f \u043f\u0440\u043e\u0445\u043e\u0434\u044f\u0442 \u0441\u043f\u0435\u0446\u0438\u0430\u043b\u044c\u043d\u0443\u044e \u043f\u043e\u0434\u0433\u043e\u0442\u043e\u0432\u043a\u0443 \u043f\u043e \u0438\u0441\u043f\u043e\u043b\u044c\u0437\u043e\u0432\u0430\u043d\u0438\u044e \u043c\u0435\u0442\u043e\u0434\u043e\u0432 \u043d\u0430\u0431\u043b\u044e\u0434\u0435\u043d\u0438\u044f \u043d\u0430 \u0443\u0440\u043e\u043a\u0435, \u0447\u0442\u043e\u0431\u044b \u043e\u0446\u0435\u043d\u0438\u0442\u044c \u043f\u0440\u043e\u0433\u0440\u0435\u0441\u0441 \u043a\u0430\u0436\u0434\u043e\u0433\u043e \u0440\u0435\u0431\u0435\u043d\u043a\u0430.<\/p>\n<div class=\"clear\"><\/div>\n<\/div>\n<div class=\"omsc-one-half omsc-last\">\n<h3>\u0415\u0436\u0435\u043d\u0435\u0434\u0435\u043b\u044c\u043d\u044b\u0435 \u041e\u0431\u043d\u043e\u0432\u043b\u0435\u043d\u0438\u044f:<\/h3>\n<p>\u0412\u0441\u0435 \u043f\u0440\u043e\u0433\u0440\u0430\u043c\u043c\u044b \u0435\u0436\u0435\u043d\u0435\u0434\u0435\u043b\u044c\u043d\u043e \u043f\u0440\u0435\u0434\u043e\u0441\u0442\u0430\u0432\u043b\u044f\u044e\u0442 \u0440\u043e\u0434\u0438\u0442\u0435\u043b\u044f\u043c \u0441\u043f\u0435\u0446\u0438\u0430\u043b\u044c\u043d\u044b\u0435 \u043c\u0430\u0442\u0435\u0440\u0438\u0430\u043b\u044b, \u043a\u043e\u0442\u043e\u0440\u044b\u0435 \u0434\u0430\u044e\u0442 \u043f\u0440\u0435\u0434\u0441\u0442\u0430\u0432\u043b\u0435\u043d\u0438\u0435 \u043e \u0441\u043e\u0434\u0435\u0440\u0436\u0430\u043d\u0438\u0438 \u043e\u0431\u0443\u0447\u0435\u043d\u0438\u044f \u0440\u0435\u0431\u0435\u043d\u043a\u0430. \u0418\u0437\u0443\u0447\u0430\u044f \u0434\u0430\u043d\u043d\u044b\u0435 \u043c\u0430\u0442\u0435\u0440\u0438\u0430\u043b\u044b, \u0432\u044b \u043f\u043e\u043b\u0443\u0447\u0438\u0442\u0435 \u043f\u0440\u0435\u0434\u0441\u0442\u0430\u0432\u043b\u0435\u043d\u0438\u0435 \u043e \u043d\u0430\u0432\u044b\u043a\u0430\u0445 \u0440\u0435\u0431\u0435\u043d\u043a\u0430, \u0430 \u0442\u0430\u043a\u0436\u0435 \u043e \u0442\u043e\u043c \u043a\u0430\u043a \u043f\u0440\u043e\u0434\u043e\u043b\u0436\u0430\u0442\u044c \u043e\u0431\u0443\u0447\u0435\u043d\u0438\u0435 \u0434\u043e\u043c\u0430.<\/p>\n<div class=\"clear\"><\/div>\n<\/div>\n<div class=\"omsc-clear\"><\/div>\n<h3>Ikned\u0113\u013cas jaunumi<\/h3>\n<p>Visu programmu ietvaros tiek izsniegtas ikned\u0113\u013cas p\u0101rskata lapas, kas sniedz vec\u0101kiem ieskatu vi\u0146u b\u0113rnu nodarb\u012bb\u0101s. Ikviena p\u0101rskata lapa ir paredz\u0113ta, lai atspogu\u013cotu b\u0113rnu apg\u016bt\u0101s prasmes un sniegtu ieteikumus papildu m\u0101c\u012bb\u0101m m\u0101j\u0101s.<br \/>\n[\/one_half_last]<\/p>\n<h3 style=\"text-align: center;\"><\/h3>\n<h3 style=\"text-align: center;\"><img loading=\"lazy\" class=\"aligncenter wp-image-98 size-medium\" src=\"http:\/\/fastrackids.lv\/wp-content\/uploads\/sites\/3\/2014\/11\/fastrack_tots_logo-300x95.png\" alt=\"fastrack_tots_logo\" width=\"300\" height=\"95\" srcset=\"http:\/\/fastrackids.lv\/ru\/wp-content\/uploads\/sites\/3\/2014\/11\/fastrack_tots_logo-300x95.png 300w, http:\/\/fastrackids.lv\/ru\/wp-content\/uploads\/sites\/3\/2014\/11\/fastrack_tots_logo.png 485w\" sizes=\"(max-width: 300px) 100vw, 300px\" \/><\/h3>\n<h3 style=\"text-align: center;\"><a title=\"Atrast Tuv\u0101ko Vietu\" href=\"http:\/\/fastrackids.lv\/ru\/find-locations\/\">Piesakiet savu mazuli bezmaksas iepaz\u012b\u0161an\u0101s nodarb\u012bbai jau tagad!<\/a><br \/>\n<a title=\"Atrast Tuv\u0101ko Vietu\" href=\"http:\/\/fastrackids.lv\/ru\/find-locations\"> Piezvaniet viet\u0113jam centram, lai uzzin\u0101tu par m\u0101c\u012bbu pieejam\u012bbu.<\/a><\/h3>\n","protected":false},"excerpt":{"rendered":"<p>\u041a\u043e\u0433\u0434\u0430 \u0432\u0430\u0448 \u043c\u0430\u043b\u044b\u0448 \u0434\u0432\u0438\u0433\u0430\u0435\u0442\u0441\u044f \u0438 \u0441\u043c\u0435\u0435\u0442\u0441\u044f, \u043e\u043d \u043f\u043e\u0437\u043d\u0430\u0435\u0442 \u044d\u0442\u043e\u0442 \u043c\u0438\u0440. \u041d\u0430\u0448\u0430 \u043f\u0440\u043e\u0433\u0440\u0430\u043c\u043c\u0430 \u0434\u043b\u044f \u043c\u0430\u043b\u044b\u0448\u0435\u0439 \u043f\u043e\u0437\u0432\u043e\u043b\u044f\u0435\u0442 \u0443\u0434\u043e\u0432\u043b\u0435\u0442\u0432\u043e\u0440\u044f\u0442\u044c \u043f\u0440\u0438\u0441\u0443\u0449\u0435\u0435 \u0438\u043c \u043e\u0442 \u043f\u0440\u0438\u0440\u043e\u0434\u044b \u043b\u044e\u0431\u043e\u043f\u044b\u0442\u0441\u0442\u0432\u043e, \u043e\u0434\u043d\u043e\u0432\u0440\u0435\u043c\u0435\u043d\u043d\u043e \u0440\u0430\u0437\u0432\u0438\u0432\u0430\u044f \u043c\u0435\u0445\u0430\u043d\u0438\u0437\u043c\u044b \u043f\u0440\u043e\u0438\u0437\u0432\u043e\u043b\u044c\u043d\u043e\u0433\u043e \u0432\u043d\u0438\u043c\u0430\u043d\u0438\u044f, \u0443\u043c\u0435\u043d\u0438\u044f \u043e\u0431\u0449\u0430\u0442\u044c\u0441\u044f, \u0430\u0434\u0435\u043a\u0432\u0430\u0442\u043d\u043e \u043e\u0446\u0435\u043d\u0438\u0432\u0430\u0442\u044c \u0441\u0435\u0431\u044f. FasTrackTots &#8211; \u043f\u0435\u0440\u0432\u044b\u0439 \u0448\u0430\u0433 \u043a \u0441\u0430\u043c\u043e\u0441\u0442\u043e\u044f\u0442\u0435\u043b\u044c\u043d\u043e\u043c\u0443 \u043e\u0431\u0443\u0447\u0435\u043d\u0438\u044e \u0438 \u043f\u0435\u0440\u0432\u043e\u0439 \u0434\u0440\u0443\u0436\u0431\u0435 \u0441 \u0434\u0440\u0443\u0433\u0438\u043c\u0438 \u0434\u0435\u0442\u044c\u043c\u0438. \u041f\u0440\u043e\u0433\u0440\u0430\u043c\u043c\u0430 FasTrackTots \u2013 \u044d\u0442\u043e \u0441\u0442\u0440\u0443\u043a\u0442\u0443\u0440\u0438\u0440\u043e\u0432\u0430\u043d\u043d\u044b\u0435 \u0443\u0440\u043e\u043a\u0438, \u043a\u0430\u0436\u0434\u044b\u0439 \u0443\u0440\u043e\u043a \u0434\u043b\u0438\u0442\u0441\u044f \u043e\u0434\u0438\u043d \u0447\u0430\u0441. &hellip; <a href=\"http:\/\/fastrackids.lv\/ru\/fastrackids-programmas\/fastrack-tots\/\">Continue reading <span class=\"meta-nav\">&rarr;<\/span><\/a><\/p>\n","protected":false},"author":9,"featured_media":415,"parent":200,"menu_order":0,"comment_status":"closed","ping_status":"closed","template":"","meta":[],"yoast_head":"<!-- This site is optimized with the Yoast SEO plugin v17.4 - https:\/\/yoast.com\/wordpress\/plugins\/seo\/ -->\n<meta name=\"robots\" content=\"index, follow, max-snippet:-1, max-image-preview:large, max-video-preview:-1\" \/>\n<link rel=\"canonical\" href=\"http:\/\/fastrackids.lv\/ru\/fastrackids-programmas\/fastrack-tots\/\" \/>\n<meta property=\"og:locale\" content=\"en_US\" \/>\n<meta property=\"og:type\" content=\"article\" \/>\n<meta property=\"og:title\" content=\"FasTrack Tots\" \/>\n<meta property=\"og:description\" content=\"\u041a\u043e\u0433\u0434\u0430 \u0432\u0430\u0448 \u043c\u0430\u043b\u044b\u0448 \u0434\u0432\u0438\u0433\u0430\u0435\u0442\u0441\u044f \u0438 \u0441\u043c\u0435\u0435\u0442\u0441\u044f, \u043e\u043d \u043f\u043e\u0437\u043d\u0430\u0435\u0442 \u044d\u0442\u043e\u0442 \u043c\u0438\u0440. \u041d\u0430\u0448\u0430 \u043f\u0440\u043e\u0433\u0440\u0430\u043c\u043c\u0430 \u0434\u043b\u044f \u043c\u0430\u043b\u044b\u0448\u0435\u0439 \u043f\u043e\u0437\u0432\u043e\u043b\u044f\u0435\u0442 \u0443\u0434\u043e\u0432\u043b\u0435\u0442\u0432\u043e\u0440\u044f\u0442\u044c \u043f\u0440\u0438\u0441\u0443\u0449\u0435\u0435 \u0438\u043c \u043e\u0442 \u043f\u0440\u0438\u0440\u043e\u0434\u044b \u043b\u044e\u0431\u043e\u043f\u044b\u0442\u0441\u0442\u0432\u043e, \u043e\u0434\u043d\u043e\u0432\u0440\u0435\u043c\u0435\u043d\u043d\u043e \u0440\u0430\u0437\u0432\u0438\u0432\u0430\u044f \u043c\u0435\u0445\u0430\u043d\u0438\u0437\u043c\u044b \u043f\u0440\u043e\u0438\u0437\u0432\u043e\u043b\u044c\u043d\u043e\u0433\u043e \u0432\u043d\u0438\u043c\u0430\u043d\u0438\u044f, \u0443\u043c\u0435\u043d\u0438\u044f \u043e\u0431\u0449\u0430\u0442\u044c\u0441\u044f, \u0430\u0434\u0435\u043a\u0432\u0430\u0442\u043d\u043e \u043e\u0446\u0435\u043d\u0438\u0432\u0430\u0442\u044c \u0441\u0435\u0431\u044f. FasTrackTots &#8211; \u043f\u0435\u0440\u0432\u044b\u0439 \u0448\u0430\u0433 \u043a \u0441\u0430\u043c\u043e\u0441\u0442\u043e\u044f\u0442\u0435\u043b\u044c\u043d\u043e\u043c\u0443 \u043e\u0431\u0443\u0447\u0435\u043d\u0438\u044e \u0438 \u043f\u0435\u0440\u0432\u043e\u0439 \u0434\u0440\u0443\u0436\u0431\u0435 \u0441 \u0434\u0440\u0443\u0433\u0438\u043c\u0438 \u0434\u0435\u0442\u044c\u043c\u0438. \u041f\u0440\u043e\u0433\u0440\u0430\u043c\u043c\u0430 FasTrackTots \u2013 \u044d\u0442\u043e \u0441\u0442\u0440\u0443\u043a\u0442\u0443\u0440\u0438\u0440\u043e\u0432\u0430\u043d\u043d\u044b\u0435 \u0443\u0440\u043e\u043a\u0438, \u043a\u0430\u0436\u0434\u044b\u0439 \u0443\u0440\u043e\u043a \u0434\u043b\u0438\u0442\u0441\u044f \u043e\u0434\u0438\u043d \u0447\u0430\u0441. &hellip; Continue reading &rarr;\" \/>\n<meta property=\"og:url\" content=\"http:\/\/fastrackids.lv\/ru\/fastrackids-programmas\/fastrack-tots\/\" \/>\n<meta property=\"og:site_name\" content=\"FasTrackids Latvia (Russian)\" \/>\n<meta property=\"article:modified_time\" content=\"2017-01-24T23:06:50+00:00\" \/>\n<meta property=\"og:image\" content=\"http:\/\/fastrackids.lv\/ru\/wp-content\/uploads\/sites\/3\/2014\/11\/header_image_tots.jpg\" \/>\n\t<meta property=\"og:image:width\" content=\"2100\" \/>\n\t<meta property=\"og:image:height\" content=\"813\" \/>\n<script type=\"application\/ld+json\" class=\"yoast-schema-graph\">{\"@context\":\"https:\/\/schema.org\",\"@graph\":[{\"@type\":\"WebSite\",\"@id\":\"https:\/\/fastrackids.lv\/ru\/#website\",\"url\":\"https:\/\/fastrackids.lv\/ru\/\",\"name\":\"FasTrackids Latvia (Russian)\",\"description\":\"FasTracKids Latvia\",\"potentialAction\":[{\"@type\":\"SearchAction\",\"target\":{\"@type\":\"EntryPoint\",\"urlTemplate\":\"https:\/\/fastrackids.lv\/ru\/?s={search_term_string}\"},\"query-input\":\"required name=search_term_string\"}],\"inLanguage\":\"en-US\"},{\"@type\":\"ImageObject\",\"@id\":\"http:\/\/fastrackids.lv\/ru\/fastrackids-programmas\/fastrack-tots\/#primaryimage\",\"inLanguage\":\"en-US\",\"url\":\"http:\/\/fastrackids.lv\/ru\/wp-content\/uploads\/sites\/3\/2014\/11\/header_image_tots.jpg\",\"contentUrl\":\"http:\/\/fastrackids.lv\/ru\/wp-content\/uploads\/sites\/3\/2014\/11\/header_image_tots.jpg\",\"width\":2100,\"height\":813},{\"@type\":\"WebPage\",\"@id\":\"http:\/\/fastrackids.lv\/ru\/fastrackids-programmas\/fastrack-tots\/#webpage\",\"url\":\"http:\/\/fastrackids.lv\/ru\/fastrackids-programmas\/fastrack-tots\/\",\"name\":\"FasTrack Tots\",\"isPartOf\":{\"@id\":\"https:\/\/fastrackids.lv\/ru\/#website\"},\"primaryImageOfPage\":{\"@id\":\"http:\/\/fastrackids.lv\/ru\/fastrackids-programmas\/fastrack-tots\/#primaryimage\"},\"datePublished\":\"2014-11-21T23:21:00+00:00\",\"dateModified\":\"2017-01-24T23:06:50+00:00\",\"breadcrumb\":{\"@id\":\"http:\/\/fastrackids.lv\/ru\/fastrackids-programmas\/fastrack-tots\/#breadcrumb\"},\"inLanguage\":\"en-US\",\"potentialAction\":[{\"@type\":\"ReadAction\",\"target\":[\"http:\/\/fastrackids.lv\/ru\/fastrackids-programmas\/fastrack-tots\/\"]}]},{\"@type\":\"BreadcrumbList\",\"@id\":\"http:\/\/fastrackids.lv\/ru\/fastrackids-programmas\/fastrack-tots\/#breadcrumb\",\"itemListElement\":[{\"@type\":\"ListItem\",\"position\":1,\"name\":\"Home\",\"item\":\"https:\/\/fastrackids.lv\/ru\/\"},{\"@type\":\"ListItem\",\"position\":2,\"name\":\"FasTracKids Programmas\",\"item\":\"http:\/\/fastrackids.lv\/ru\/fastrackids-programmas\/\"},{\"@type\":\"ListItem\",\"position\":3,\"name\":\"FASTRACK TOTS\"}]}]}<\/script>\n<!-- \/ Yoast SEO plugin. -->","yoast_head_json":{"robots":{"index":"index","follow":"follow","max-snippet":"max-snippet:-1","max-image-preview":"max-image-preview:large","max-video-preview":"max-video-preview:-1"},"canonical":"http:\/\/fastrackids.lv\/ru\/fastrackids-programmas\/fastrack-tots\/","og_locale":"en_US","og_type":"article","og_title":"FasTrack Tots","og_description":"\u041a\u043e\u0433\u0434\u0430 \u0432\u0430\u0448 \u043c\u0430\u043b\u044b\u0448 \u0434\u0432\u0438\u0433\u0430\u0435\u0442\u0441\u044f \u0438 \u0441\u043c\u0435\u0435\u0442\u0441\u044f, \u043e\u043d \u043f\u043e\u0437\u043d\u0430\u0435\u0442 \u044d\u0442\u043e\u0442 \u043c\u0438\u0440. \u041d\u0430\u0448\u0430 \u043f\u0440\u043e\u0433\u0440\u0430\u043c\u043c\u0430 \u0434\u043b\u044f \u043c\u0430\u043b\u044b\u0448\u0435\u0439 \u043f\u043e\u0437\u0432\u043e\u043b\u044f\u0435\u0442 \u0443\u0434\u043e\u0432\u043b\u0435\u0442\u0432\u043e\u0440\u044f\u0442\u044c \u043f\u0440\u0438\u0441\u0443\u0449\u0435\u0435 \u0438\u043c \u043e\u0442 \u043f\u0440\u0438\u0440\u043e\u0434\u044b \u043b\u044e\u0431\u043e\u043f\u044b\u0442\u0441\u0442\u0432\u043e, \u043e\u0434\u043d\u043e\u0432\u0440\u0435\u043c\u0435\u043d\u043d\u043e \u0440\u0430\u0437\u0432\u0438\u0432\u0430\u044f \u043c\u0435\u0445\u0430\u043d\u0438\u0437\u043c\u044b \u043f\u0440\u043e\u0438\u0437\u0432\u043e\u043b\u044c\u043d\u043e\u0433\u043e \u0432\u043d\u0438\u043c\u0430\u043d\u0438\u044f, \u0443\u043c\u0435\u043d\u0438\u044f \u043e\u0431\u0449\u0430\u0442\u044c\u0441\u044f, \u0430\u0434\u0435\u043a\u0432\u0430\u0442\u043d\u043e \u043e\u0446\u0435\u043d\u0438\u0432\u0430\u0442\u044c \u0441\u0435\u0431\u044f. FasTrackTots &#8211; \u043f\u0435\u0440\u0432\u044b\u0439 \u0448\u0430\u0433 \u043a \u0441\u0430\u043c\u043e\u0441\u0442\u043e\u044f\u0442\u0435\u043b\u044c\u043d\u043e\u043c\u0443 \u043e\u0431\u0443\u0447\u0435\u043d\u0438\u044e \u0438 \u043f\u0435\u0440\u0432\u043e\u0439 \u0434\u0440\u0443\u0436\u0431\u0435 \u0441 \u0434\u0440\u0443\u0433\u0438\u043c\u0438 \u0434\u0435\u0442\u044c\u043c\u0438. \u041f\u0440\u043e\u0433\u0440\u0430\u043c\u043c\u0430 FasTrackTots \u2013 \u044d\u0442\u043e \u0441\u0442\u0440\u0443\u043a\u0442\u0443\u0440\u0438\u0440\u043e\u0432\u0430\u043d\u043d\u044b\u0435 \u0443\u0440\u043e\u043a\u0438, \u043a\u0430\u0436\u0434\u044b\u0439 \u0443\u0440\u043e\u043a \u0434\u043b\u0438\u0442\u0441\u044f \u043e\u0434\u0438\u043d \u0447\u0430\u0441. &hellip; Continue reading &rarr;","og_url":"http:\/\/fastrackids.lv\/ru\/fastrackids-programmas\/fastrack-tots\/","og_site_name":"FasTrackids Latvia (Russian)","article_modified_time":"2017-01-24T23:06:50+00:00","og_image":[{"width":2100,"height":813,"url":"http:\/\/fastrackids.lv\/ru\/wp-content\/uploads\/sites\/3\/2014\/11\/header_image_tots.jpg","type":"image\/jpeg"}],"schema":{"@context":"https:\/\/schema.org","@graph":[{"@type":"WebSite","@id":"https:\/\/fastrackids.lv\/ru\/#website","url":"https:\/\/fastrackids.lv\/ru\/","name":"FasTrackids Latvia (Russian)","description":"FasTracKids Latvia","potentialAction":[{"@type":"SearchAction","target":{"@type":"EntryPoint","urlTemplate":"https:\/\/fastrackids.lv\/ru\/?s={search_term_string}"},"query-input":"required name=search_term_string"}],"inLanguage":"en-US"},{"@type":"ImageObject","@id":"http:\/\/fastrackids.lv\/ru\/fastrackids-programmas\/fastrack-tots\/#primaryimage","inLanguage":"en-US","url":"http:\/\/fastrackids.lv\/ru\/wp-content\/uploads\/sites\/3\/2014\/11\/header_image_tots.jpg","contentUrl":"http:\/\/fastrackids.lv\/ru\/wp-content\/uploads\/sites\/3\/2014\/11\/header_image_tots.jpg","width":2100,"height":813},{"@type":"WebPage","@id":"http:\/\/fastrackids.lv\/ru\/fastrackids-programmas\/fastrack-tots\/#webpage","url":"http:\/\/fastrackids.lv\/ru\/fastrackids-programmas\/fastrack-tots\/","name":"FasTrack Tots","isPartOf":{"@id":"https:\/\/fastrackids.lv\/ru\/#website"},"primaryImageOfPage":{"@id":"http:\/\/fastrackids.lv\/ru\/fastrackids-programmas\/fastrack-tots\/#primaryimage"},"datePublished":"2014-11-21T23:21:00+00:00","dateModified":"2017-01-24T23:06:50+00:00","breadcrumb":{"@id":"http:\/\/fastrackids.lv\/ru\/fastrackids-programmas\/fastrack-tots\/#breadcrumb"},"inLanguage":"en-US","potentialAction":[{"@type":"ReadAction","target":["http:\/\/fastrackids.lv\/ru\/fastrackids-programmas\/fastrack-tots\/"]}]},{"@type":"BreadcrumbList","@id":"http:\/\/fastrackids.lv\/ru\/fastrackids-programmas\/fastrack-tots\/#breadcrumb","itemListElement":[{"@type":"ListItem","position":1,"name":"Home","item":"https:\/\/fastrackids.lv\/ru\/"},{"@type":"ListItem","position":2,"name":"FasTracKids Programmas","item":"http:\/\/fastrackids.lv\/ru\/fastrackids-programmas\/"},{"@type":"ListItem","position":3,"name":"FASTRACK TOTS"}]}]}},"_links":{"self":[{"href":"http:\/\/fastrackids.lv\/ru\/wp-json\/wp\/v2\/pages\/91"}],"collection":[{"href":"http:\/\/fastrackids.lv\/ru\/wp-json\/wp\/v2\/pages"}],"about":[{"href":"http:\/\/fastrackids.lv\/ru\/wp-json\/wp\/v2\/types\/page"}],"author":[{"embeddable":true,"href":"http:\/\/fastrackids.lv\/ru\/wp-json\/wp\/v2\/users\/9"}],"replies":[{"embeddable":true,"href":"http:\/\/fastrackids.lv\/ru\/wp-json\/wp\/v2\/comments?post=91"}],"version-history":[{"count":16,"href":"http:\/\/fastrackids.lv\/ru\/wp-json\/wp\/v2\/pages\/91\/revisions"}],"predecessor-version":[{"id":1088,"href":"http:\/\/fastrackids.lv\/ru\/wp-json\/wp\/v2\/pages\/91\/revisions\/1088"}],"up":[{"embeddable":true,"href":"http:\/\/fastrackids.lv\/ru\/wp-json\/wp\/v2\/pages\/200"}],"wp:featuredmedia":[{"embeddable":true,"href":"http:\/\/fastrackids.lv\/ru\/wp-json\/wp\/v2\/media\/415"}],"wp:attachment":[{"href":"http:\/\/fastrackids.lv\/ru\/wp-json\/wp\/v2\/media?parent=91"}],"curies":[{"name":"wp","href":"https:\/\/api.w.org\/{rel}","templated":true}]}}