{"id":877,"date":"2015-12-28T16:39:56","date_gmt":"2015-12-28T14:39:56","guid":{"rendered":"http:\/\/fastrackids.lv\/ru\/?page_id=877"},"modified":"2015-12-28T16:39:56","modified_gmt":"2015-12-28T14:39:56","slug":"sac-biznesu-ar-fastrackids","status":"publish","type":"page","link":"http:\/\/fastrackids.lv\/ru\/sac-biznesu-ar-fastrackids\/","title":{"rendered":"S\u0101c biznesu ar FasTracKids"},"content":{"rendered":"<p><strong>&#8221;FasTracKids Latvia&#8221; aicina uz\u0146\u0113m\u012bgus cilv\u0113kus s\u0101kt biznesu pirmsskolas intere\u0161u izgl\u012bt\u012bb\u0101 izmantojot starptautisku un strauji augo\u0161u fran\u0161\u012bzi. &#8221;FasTracKids International&#8221; fran\u0161\u012bze sniedz iesp\u0113ju s\u0101kt uz\u0146\u0113m\u0113jdarb\u012bbu vai uzlabot eso\u0161\u0101 biznesa rezult\u0101tus pied\u0101v\u0101jot starptautiski aprob\u0113tas un augstv\u0113rt\u012bgus rezult\u0101tus ieguvu\u0161as pirmsskolas intere\u0161u izgl\u012bt\u012bbas programmas.<\/strong><\/p>\n<p>&nbsp;<\/p>\n<p>&#8221;FasTracKids Latvia&#8221; izveidots, lai p\u0101rst\u0101v\u0113tu Latvij\u0101 \u00a0&#8221;FasTracKids International&#8221;, kas dibin\u0101ts 1998.gad\u0101 Kolorado, ASV. Uz\u0146\u0113mumus vieno izpratne par m\u016bsdienu vajadz\u012bb\u0101m izgl\u012bt\u012bbas un prasmju jom\u0101. Uz\u0146\u0113mums &#8221;FasTracKids International&#8221; veiksm\u012bgi \u012bsteno fran\u0161\u012bzi jau 56 pasaules valst\u012bs. Uz\u0146\u0113mums ieguvis starptautiskus apbalvojumus par agr\u012bn\u0101s izgl\u012bt\u012bbas programm\u0101m b\u0113rniem, kas tiek pasniegtas 24 valod\u0101s, t.sk. latviski.\u00a0 FasTracKids programmas \u013cauj izgl\u012bt\u012bbas sektor\u0101 str\u0101d\u0101jo\u0161ajiem att\u012bst\u012bt b\u0113rniem m\u0101c\u012b\u0161an\u0101s prasmes visai dz\u012bvei. Nep\u0101rtraukta m\u0101c\u012b\u0161an\u0101s ir svar\u012bg\u0101k\u0101 prasme 21.gadsimtam. H\u0101rvardas Universit\u0101tes B\u0113rna att\u012bst\u012bbas centra p\u0113t\u012bjum\u00a0 liecina, ka laiks, kad j\u0101apg\u016bst \u0161\u012bs prasmes, ir agr\u0101 b\u0113rn\u012bb\u0101, jo \u0161aj\u0101 laik\u0101 veidojas smadze\u0146u nervu savienojumi, emocion\u0101l\u0101 un soci\u0101l\u0101 inteli\u0123ence. FasTracKids jaunatkl\u0101j ce\u013cu k\u0101 b\u0113rni m\u0101c\u0101s.<\/p>\n<p>Latvij\u0101 pirmie m\u0101c\u012bbas 2015.gada septembr\u012b uzs\u0101ka mazie jelgavnieki. SIA \u201cAKG Thermotechnik Lettland\u201d sniedz iesp\u0113ju Jelgavas PII &#8221;Spr\u012bd\u012btis&#8221; audz\u0113k\u0146iem apg\u016bt &#8221;FasTrack Fundamentals&#8221; m\u0101c\u012bbu priek\u0161metus &#8211; zin\u0101tni par Zemi un dabas zin\u0101tnes <a href=\"http:\/\/zrkac.lv\/\">Zemgales re\u0123iona kompeten\u010du att\u012bst\u012bbas centr\u0101<\/a>. No oktobra <a href=\"http:\/\/www.liepajasbjc.lv\/index.php?id=9\">Liep\u0101jas B\u0113rnu un jaunatnes centr\u0101 b\u0113rni vec\u0101ku<\/a> pavad\u012bti s\u0101ka m\u0101c\u012bties &#8221;FasTrac Fundamentals&#8221; ar Liep\u0101jas Domes atbalstu. Savuk\u0101rt novembr\u012b <a href=\"http:\/\/www.saulesstarini.lv\/fastrackids\">B\u0113rnu un jaunie\u0161u intere\u0161u izgl\u012bt\u012bbas iest\u0101d\u0113 &#8221;Saules stari\u0146i&#8221;<\/a> Daugavpil\u012b pied\u0101v\u0101jam gan &#8221;FasTrack Fundamentals&#8221;, gan &#8221;FasTrac English&#8221; programmas.\u00a0 J\u0101atz\u012bm\u0113, ka b\u0113rna v\u0101rdu kr\u0101jums pabeidzot multisensoro ang\u013cu valodas programmu ir piel\u012bdzin\u0101ms Kembrid\u017eas &#8221;Ang\u013cu valodas ies\u0101c\u0113jiem&#8221; eks\u0101menam, kuram b\u0113rni gatavojas 7 gados.<\/p>\n<p>Programma &#8221;FasTrack Fundamentals&#8221; \u013cauj izklaid\u0113jo\u0161\u0101 un interakt\u012bv\u0101 veid\u0101, starptautiski sertific\u0113tiem pasniedz\u0113jiem m\u0101c\u012bt b\u0113rnam nepiecie\u0161am\u0101s prasmes, lai g\u016btu pan\u0101kumus 21. gadsimt\u0101. Izmantojot\u00a0<a href=\"http:\/\/www.fastrackids.lv\/ru\/metodika\/fastrack-macibu-paliglidzeklis\/\">FasTrack m\u0101c\u012bbu pal\u012bgl\u012bdzekli<\/a> un m\u016bsu <a href=\"http:\/\/www.fastrackids.lv\/ru\/metodika\/\">metodiku<\/a>, kas ir v\u0113rstas uz b\u0113rna pilnv\u0113rt\u012bgu att\u012bst\u012bbu, programma &#8221;FasTrack Fundamentals&#8221; \u013cauj piem\u0113rot l\u012bdzsvarotu m\u0101c\u012bbu pieeju attiec\u012bb\u0101 uz <strong>3\u20138 gadus veciem b\u0113rniem<\/strong>. Programmas\u00a0&#8221;FasTrack Fundamentals&#8221;\u00a0ietvaros divu gadu garum\u0101 tiek sniegta izgl\u012bt\u012bba, m\u0101cot 12 priek\u0161metus, s\u0101kot no nodarb\u012bb\u0101m rado\u0161\u0101 literat\u016br\u0101 un beidzot ar nodarb\u012bb\u0101m ekonomik\u0101 un biolo\u0123ij\u0101. Ikvien\u0101 nodarb\u012bb\u0101 b\u0113rnam b\u016bs j\u0101p\u0101rvar izaicin\u0101jumi, balstoties uz \u012bpa\u0161i \u0161im nol\u016bkam paredz\u0113tu izklaid\u0113jo\u0161u m\u0101c\u012bbu pl\u0101nu, kas pal\u012bdz\u0113s rais\u012bt m\u012blest\u012bbu pret m\u0101c\u012bb\u0101m m\u016b\u017ea garum\u0101.<\/p>\n<p>&nbsp;<\/p>\n<p>Vair\u0101k inform\u0101cijas:<\/p>\n<p>&#8221;FasTracKids Latvia&#8221; valdes priek\u0161s\u0113d\u0113t\u0101js Eduards Filippovs, e-pasts: Eduards(att)fastrackids.lv\/ru, internet\u0101: www.fastrackids.lv\/ru, Facebook: FasTracKids Latvia, Twitter: @FasTracKids_LV<\/p>\n","protected":false},"excerpt":{"rendered":"<p>&#8221;FasTracKids Latvia&#8221; aicina uz\u0146\u0113m\u012bgus cilv\u0113kus s\u0101kt biznesu pirmsskolas intere\u0161u izgl\u012bt\u012bb\u0101 izmantojot starptautisku un strauji augo\u0161u fran\u0161\u012bzi. &#8221;FasTracKids International&#8221; fran\u0161\u012bze sniedz iesp\u0113ju s\u0101kt uz\u0146\u0113m\u0113jdarb\u012bbu vai uzlabot eso\u0161\u0101 biznesa rezult\u0101tus pied\u0101v\u0101jot starptautiski aprob\u0113tas un augstv\u0113rt\u012bgus rezult\u0101tus ieguvu\u0161as pirmsskolas intere\u0161u izgl\u012bt\u012bbas programmas. &nbsp; &#8221;FasTracKids Latvia&#8221; izveidots, lai p\u0101rst\u0101v\u0113tu Latvij\u0101 \u00a0&#8221;FasTracKids International&#8221;, kas dibin\u0101ts 1998.gad\u0101 Kolorado, ASV. Uz\u0146\u0113mumus vieno &hellip; <a href=\"http:\/\/fastrackids.lv\/ru\/sac-biznesu-ar-fastrackids\/\">Continue reading <span class=\"meta-nav\">&rarr;<\/span><\/a><\/p>\n","protected":false},"author":10,"featured_media":0,"parent":0,"menu_order":0,"comment_status":"closed","ping_status":"closed","template":"","meta":[],"yoast_head":"<!-- This site is optimized with the Yoast SEO plugin v17.4 - https:\/\/yoast.com\/wordpress\/plugins\/seo\/ -->\n<meta name=\"robots\" content=\"index, follow, max-snippet:-1, max-image-preview:large, max-video-preview:-1\" \/>\n<link rel=\"canonical\" href=\"http:\/\/fastrackids.lv\/ru\/sac-biznesu-ar-fastrackids\/\" \/>\n<meta property=\"og:locale\" content=\"en_US\" \/>\n<meta property=\"og:type\" content=\"article\" \/>\n<meta property=\"og:title\" content=\"S\u0101c biznesu ar FasTracKids - FasTrackids Latvia (Russian)\" \/>\n<meta property=\"og:description\" content=\"&#8221;FasTracKids Latvia&#8221; aicina uz\u0146\u0113m\u012bgus cilv\u0113kus s\u0101kt biznesu pirmsskolas intere\u0161u izgl\u012bt\u012bb\u0101 izmantojot starptautisku un strauji augo\u0161u fran\u0161\u012bzi. &#8221;FasTracKids International&#8221; fran\u0161\u012bze sniedz iesp\u0113ju s\u0101kt uz\u0146\u0113m\u0113jdarb\u012bbu vai uzlabot eso\u0161\u0101 biznesa rezult\u0101tus pied\u0101v\u0101jot starptautiski aprob\u0113tas un augstv\u0113rt\u012bgus rezult\u0101tus ieguvu\u0161as pirmsskolas intere\u0161u izgl\u012bt\u012bbas programmas. &nbsp; &#8221;FasTracKids Latvia&#8221; izveidots, lai p\u0101rst\u0101v\u0113tu Latvij\u0101 \u00a0&#8221;FasTracKids International&#8221;, kas dibin\u0101ts 1998.gad\u0101 Kolorado, ASV. Uz\u0146\u0113mumus vieno &hellip; Continue reading &rarr;\" \/>\n<meta property=\"og:url\" content=\"http:\/\/fastrackids.lv\/ru\/sac-biznesu-ar-fastrackids\/\" \/>\n<meta property=\"og:site_name\" content=\"FasTrackids Latvia (Russian)\" \/>\n<meta name=\"twitter:label1\" content=\"Est. reading time\" \/>\n\t<meta name=\"twitter:data1\" content=\"3 minutes\" \/>\n<script type=\"application\/ld+json\" class=\"yoast-schema-graph\">{\"@context\":\"https:\/\/schema.org\",\"@graph\":[{\"@type\":\"WebSite\",\"@id\":\"https:\/\/fastrackids.lv\/ru\/#website\",\"url\":\"https:\/\/fastrackids.lv\/ru\/\",\"name\":\"FasTrackids Latvia (Russian)\",\"description\":\"FasTracKids Latvia\",\"potentialAction\":[{\"@type\":\"SearchAction\",\"target\":{\"@type\":\"EntryPoint\",\"urlTemplate\":\"https:\/\/fastrackids.lv\/ru\/?s={search_term_string}\"},\"query-input\":\"required name=search_term_string\"}],\"inLanguage\":\"en-US\"},{\"@type\":\"WebPage\",\"@id\":\"http:\/\/fastrackids.lv\/ru\/sac-biznesu-ar-fastrackids\/#webpage\",\"url\":\"http:\/\/fastrackids.lv\/ru\/sac-biznesu-ar-fastrackids\/\",\"name\":\"S\\u0101c biznesu ar FasTracKids - FasTrackids Latvia (Russian)\",\"isPartOf\":{\"@id\":\"https:\/\/fastrackids.lv\/ru\/#website\"},\"datePublished\":\"2015-12-28T14:39:56+00:00\",\"dateModified\":\"2015-12-28T14:39:56+00:00\",\"breadcrumb\":{\"@id\":\"http:\/\/fastrackids.lv\/ru\/sac-biznesu-ar-fastrackids\/#breadcrumb\"},\"inLanguage\":\"en-US\",\"potentialAction\":[{\"@type\":\"ReadAction\",\"target\":[\"http:\/\/fastrackids.lv\/ru\/sac-biznesu-ar-fastrackids\/\"]}]},{\"@type\":\"BreadcrumbList\",\"@id\":\"http:\/\/fastrackids.lv\/ru\/sac-biznesu-ar-fastrackids\/#breadcrumb\",\"itemListElement\":[{\"@type\":\"ListItem\",\"position\":1,\"name\":\"Home\",\"item\":\"https:\/\/fastrackids.lv\/ru\/\"},{\"@type\":\"ListItem\",\"position\":2,\"name\":\"S\\u0101c biznesu ar FasTracKids\"}]}]}<\/script>\n<!-- \/ Yoast SEO plugin. -->","yoast_head_json":{"robots":{"index":"index","follow":"follow","max-snippet":"max-snippet:-1","max-image-preview":"max-image-preview:large","max-video-preview":"max-video-preview:-1"},"canonical":"http:\/\/fastrackids.lv\/ru\/sac-biznesu-ar-fastrackids\/","og_locale":"en_US","og_type":"article","og_title":"S\u0101c biznesu ar FasTracKids - FasTrackids Latvia (Russian)","og_description":"&#8221;FasTracKids Latvia&#8221; aicina uz\u0146\u0113m\u012bgus cilv\u0113kus s\u0101kt biznesu pirmsskolas intere\u0161u izgl\u012bt\u012bb\u0101 izmantojot starptautisku un strauji augo\u0161u fran\u0161\u012bzi. &#8221;FasTracKids International&#8221; fran\u0161\u012bze sniedz iesp\u0113ju s\u0101kt uz\u0146\u0113m\u0113jdarb\u012bbu vai uzlabot eso\u0161\u0101 biznesa rezult\u0101tus pied\u0101v\u0101jot starptautiski aprob\u0113tas un augstv\u0113rt\u012bgus rezult\u0101tus ieguvu\u0161as pirmsskolas intere\u0161u izgl\u012bt\u012bbas programmas. &nbsp; &#8221;FasTracKids Latvia&#8221; izveidots, lai p\u0101rst\u0101v\u0113tu Latvij\u0101 \u00a0&#8221;FasTracKids International&#8221;, kas dibin\u0101ts 1998.gad\u0101 Kolorado, ASV. Uz\u0146\u0113mumus vieno &hellip; Continue reading &rarr;","og_url":"http:\/\/fastrackids.lv\/ru\/sac-biznesu-ar-fastrackids\/","og_site_name":"FasTrackids Latvia (Russian)","twitter_misc":{"Est. reading time":"3 minutes"},"schema":{"@context":"https:\/\/schema.org","@graph":[{"@type":"WebSite","@id":"https:\/\/fastrackids.lv\/ru\/#website","url":"https:\/\/fastrackids.lv\/ru\/","name":"FasTrackids Latvia (Russian)","description":"FasTracKids Latvia","potentialAction":[{"@type":"SearchAction","target":{"@type":"EntryPoint","urlTemplate":"https:\/\/fastrackids.lv\/ru\/?s={search_term_string}"},"query-input":"required name=search_term_string"}],"inLanguage":"en-US"},{"@type":"WebPage","@id":"http:\/\/fastrackids.lv\/ru\/sac-biznesu-ar-fastrackids\/#webpage","url":"http:\/\/fastrackids.lv\/ru\/sac-biznesu-ar-fastrackids\/","name":"S\u0101c biznesu ar FasTracKids - FasTrackids Latvia (Russian)","isPartOf":{"@id":"https:\/\/fastrackids.lv\/ru\/#website"},"datePublished":"2015-12-28T14:39:56+00:00","dateModified":"2015-12-28T14:39:56+00:00","breadcrumb":{"@id":"http:\/\/fastrackids.lv\/ru\/sac-biznesu-ar-fastrackids\/#breadcrumb"},"inLanguage":"en-US","potentialAction":[{"@type":"ReadAction","target":["http:\/\/fastrackids.lv\/ru\/sac-biznesu-ar-fastrackids\/"]}]},{"@type":"BreadcrumbList","@id":"http:\/\/fastrackids.lv\/ru\/sac-biznesu-ar-fastrackids\/#breadcrumb","itemListElement":[{"@type":"ListItem","position":1,"name":"Home","item":"https:\/\/fastrackids.lv\/ru\/"},{"@type":"ListItem","position":2,"name":"S\u0101c biznesu ar FasTracKids"}]}]}},"_links":{"self":[{"href":"http:\/\/fastrackids.lv\/ru\/wp-json\/wp\/v2\/pages\/877"}],"collection":[{"href":"http:\/\/fastrackids.lv\/ru\/wp-json\/wp\/v2\/pages"}],"about":[{"href":"http:\/\/fastrackids.lv\/ru\/wp-json\/wp\/v2\/types\/page"}],"author":[{"embeddable":true,"href":"http:\/\/fastrackids.lv\/ru\/wp-json\/wp\/v2\/users\/10"}],"replies":[{"embeddable":true,"href":"http:\/\/fastrackids.lv\/ru\/wp-json\/wp\/v2\/comments?post=877"}],"version-history":[{"count":2,"href":"http:\/\/fastrackids.lv\/ru\/wp-json\/wp\/v2\/pages\/877\/revisions"}],"predecessor-version":[{"id":879,"href":"http:\/\/fastrackids.lv\/ru\/wp-json\/wp\/v2\/pages\/877\/revisions\/879"}],"wp:attachment":[{"href":"http:\/\/fastrackids.lv\/ru\/wp-json\/wp\/v2\/media?parent=877"}],"curies":[{"name":"wp","href":"https:\/\/api.w.org\/{rel}","templated":true}]}}