{"id":875,"date":"2015-12-28T16:33:37","date_gmt":"2015-12-28T14:33:37","guid":{"rendered":"http:\/\/fastrackids.lv\/ru\/?page_id=875"},"modified":"2015-12-28T16:33:37","modified_gmt":"2015-12-28T14:33:37","slug":"liepajas-dome-sniedz-iespeju-gimenem-apgut-fastrac-fundamentals","status":"publish","type":"page","link":"http:\/\/fastrackids.lv\/ru\/liepajas-dome-sniedz-iespeju-gimenem-apgut-fastrac-fundamentals\/","title":{"rendered":"Liep\u0101jas dome sniedz iesp\u0113ju \u0123imen\u0113m apg\u016bt FasTrac Fundamentals"},"content":{"rendered":"<p><strong>01\/10\/2015, Liep\u0101jas B\u0113rnu un jaunatnes centr\u0101 ar Liep\u0101jas domes atbalstu b\u0113rni vecum\u0101 no tr\u012bs l\u012bdz se\u0161iem gadiem var\u0113s apg\u016bt starptautiski atz\u012bto &#8221;FasTracKids&#8221; pirmsskolas izgl\u012bt\u012bbas programmu &#8221;FasTrac Fundamentals&#8221;. \u0160aj\u0101 programm\u0101 b\u0113rni starptautiski sertific\u0113tu pasniedz\u0113ju vad\u012bb\u0101 dosies zin\u0101\u0161anu un pozit\u012bvu emociju ce\u013cojum\u0101, t\u0101 apvieno apjom\u012bgu digit\u0101lo saturu divpadsmit m\u0101c\u012bbu priek\u0161metos.<\/strong><\/p>\n<p>Pasaul\u0113 FasTracKids b\u0113rnus iesaista aizraujo\u0161\u0101 m\u0101c\u012bbu proces\u0101 56 valst\u012bs. Latvie\u0161u valoda \u0161ogad ir divdesmit ceturt\u0101 valoda, kur\u0101 b\u0113rni ar prieku iedzi\u013cin\u0101s daudzpus\u012bg\u0101s zin\u0101\u0161an\u0101s un g\u016bst praktiskas iema\u0146as dz\u012bvei un m\u0101c\u012bb\u0101m. Tagad ar\u012b Liep\u0101j\u0101 b\u0113rnu vec\u0101kiem b\u016bs iesp\u0113ja inovat\u012bv\u0101 un uz tehnolo\u0123ij\u0101m balst\u012bt\u0101 veid\u0101 att\u012bst\u012bt l\u012bderisma un dz\u012bves prasmes saviem mazu\u013ciem.<\/p>\n<p>FasTracKids programma &#8221;Fundamentals&#8221; m\u0113r\u0137i ir att\u012bst\u012bt b\u0113rniem 21.gadsimta galven\u0101s piecas m\u0101c\u012b\u0161an\u0101s priek\u0161roc\u012bbas vienlaic\u012bgi: prasmi kritiski dom\u0101t, rado\u0161umu, komunik\u0101cijas un sadarb\u012bbas sp\u0113jas, k\u0101 ar\u012b pa\u0161apzi\u0146u. &#8221;Fundamentals&#8221; m\u0101c\u012bbu priek\u0161meti ietver modul\u0101ras m\u0101c\u012bbas par Zemes zin\u0101tn\u0113m, astronomiju, ekonomiku, dabas zin\u0101tn\u0113m, biolo\u0123iju, komunik\u0101ciju, dz\u012bves m\u0113r\u0137u uzst\u0101d\u012b\u0161anu, runu, dr\u0101mu un m\u0101kslu, tehnolo\u0123ij\u0101m, rado\u0161umu un literat\u016bru. M\u0101c\u012bbas balst\u012btas ar m\u016bsdien\u012bg\u0101m tehnolo\u0123ij\u0101m &#8211; interakt\u012bvo t\u0101feli, video un audio apr\u012bkojumu.<\/p>\n<p><strong>&#8221;FasTracKids Latvia&#8221; valdes priek\u0161s\u0113d\u0113t\u0101js Eduards Filippovs<\/strong>, tiekoties ar b\u0113rnu vec\u0101kiem uzsv\u0113ra, ka &#8221;laiks, kad b\u0113rniem \u012bpa\u0161i svar\u012bgi stiprin\u0101t dabisko v\u0113lmi m\u0101c\u012bties un att\u012bst\u012bt vi\u0146u potenci\u0101lu ir l\u012bdz asto\u0146iem gadiem. M\u016bsu rok\u0101s ir rezultat\u012bvs instruments, lai liep\u0101jnieku b\u0113rni b\u016btu l\u012bderi un ieg\u016btu m\u016bsdien\u012bgas prasmes visai dz\u012bvei. K\u0101 t\u0113vs v\u0113los sniegt ar\u012b citiem vec\u0101kiem iesp\u0113ju b\u0113rniem rad\u012bt dro\u0161u pamatu konkur\u0113tsp\u0113jai n\u0101kotn\u0113.&#8221;<\/p>\n<p>Ar\u012b H\u0101rvardas Universit\u0101tes B\u0113rna att\u012bst\u012bbas centra p\u0113t\u012bjums* liecina, ka laiks, kad j\u0101apg\u016bst \u0161\u012bs prasmes, ir agr\u0101 b\u0113rn\u012bb\u0101, jo \u0161aj\u0101 laik\u0101 veidojas smadze\u0146u nervu savienojumi, emocion\u0101l\u0101 un soci\u0101l\u0101 inteli\u0123ence. FasTracKids jaunatkl\u0101j ce\u013cu, k\u0101 b\u0113rni m\u0101c\u0101s.<\/p>\n<p>Tomas Fr\u012bdmans &#8221;Ja m\u0113s v\u0113lamies efekt\u012bvi konkur\u0113t pasaules ekonomik\u0101 n\u0101kotn\u0113, mums b\u016bs j\u0101iem\u0101ca b\u0113rnus m\u012bl\u0113t m\u0101c\u012b\u0161anos. Mums b\u016bs vi\u0146us j\u0101aizrauj ar m\u0101c\u012b\u0161anos.&#8221;<\/p>\n<p>Vair\u0101k inform\u0101cijas: Eduards Filippovs, e-pasts: Eduards(att)fastrackids.lv\/ru, internet\u0101: www.fastrackids.lv\/ru, Facebook: FasTracKids Latvia Dace Rozenbaha, e-pasts: dace.rozenbaha(att)liepajasbjc.lv, internet\u0101: http:\/\/www.liepajasbjc.lv\/<\/p>\n<p>&nbsp;<\/p>\n","protected":false},"excerpt":{"rendered":"<p>01\/10\/2015, Liep\u0101jas B\u0113rnu un jaunatnes centr\u0101 ar Liep\u0101jas domes atbalstu b\u0113rni vecum\u0101 no tr\u012bs l\u012bdz se\u0161iem gadiem var\u0113s apg\u016bt starptautiski atz\u012bto &#8221;FasTracKids&#8221; pirmsskolas izgl\u012bt\u012bbas programmu &#8221;FasTrac Fundamentals&#8221;. \u0160aj\u0101 programm\u0101 b\u0113rni starptautiski sertific\u0113tu pasniedz\u0113ju vad\u012bb\u0101 dosies zin\u0101\u0161anu un pozit\u012bvu emociju ce\u013cojum\u0101, t\u0101 apvieno apjom\u012bgu digit\u0101lo saturu divpadsmit m\u0101c\u012bbu priek\u0161metos. Pasaul\u0113 FasTracKids b\u0113rnus iesaista aizraujo\u0161\u0101 m\u0101c\u012bbu proces\u0101 &hellip; <a href=\"http:\/\/fastrackids.lv\/ru\/liepajas-dome-sniedz-iespeju-gimenem-apgut-fastrac-fundamentals\/\">Continue reading <span class=\"meta-nav\">&rarr;<\/span><\/a><\/p>\n","protected":false},"author":10,"featured_media":0,"parent":0,"menu_order":0,"comment_status":"closed","ping_status":"closed","template":"","meta":[],"yoast_head":"<!-- This site is optimized with the Yoast SEO plugin v17.4 - https:\/\/yoast.com\/wordpress\/plugins\/seo\/ -->\n<meta name=\"robots\" content=\"index, follow, max-snippet:-1, max-image-preview:large, max-video-preview:-1\" \/>\n<link rel=\"canonical\" href=\"http:\/\/fastrackids.lv\/ru\/liepajas-dome-sniedz-iespeju-gimenem-apgut-fastrac-fundamentals\/\" \/>\n<meta property=\"og:locale\" content=\"en_US\" \/>\n<meta property=\"og:type\" content=\"article\" \/>\n<meta property=\"og:title\" content=\"Liep\u0101jas dome sniedz iesp\u0113ju \u0123imen\u0113m apg\u016bt FasTrac Fundamentals - FasTrackids Latvia (Russian)\" \/>\n<meta property=\"og:description\" content=\"01\/10\/2015, Liep\u0101jas B\u0113rnu un jaunatnes centr\u0101 ar Liep\u0101jas domes atbalstu b\u0113rni vecum\u0101 no tr\u012bs l\u012bdz se\u0161iem gadiem var\u0113s apg\u016bt starptautiski atz\u012bto &#8221;FasTracKids&#8221; pirmsskolas izgl\u012bt\u012bbas programmu &#8221;FasTrac Fundamentals&#8221;. \u0160aj\u0101 programm\u0101 b\u0113rni starptautiski sertific\u0113tu pasniedz\u0113ju vad\u012bb\u0101 dosies zin\u0101\u0161anu un pozit\u012bvu emociju ce\u013cojum\u0101, t\u0101 apvieno apjom\u012bgu digit\u0101lo saturu divpadsmit m\u0101c\u012bbu priek\u0161metos. Pasaul\u0113 FasTracKids b\u0113rnus iesaista aizraujo\u0161\u0101 m\u0101c\u012bbu proces\u0101 &hellip; Continue reading &rarr;\" \/>\n<meta property=\"og:url\" content=\"http:\/\/fastrackids.lv\/ru\/liepajas-dome-sniedz-iespeju-gimenem-apgut-fastrac-fundamentals\/\" \/>\n<meta property=\"og:site_name\" content=\"FasTrackids Latvia (Russian)\" \/>\n<meta name=\"twitter:label1\" content=\"Est. reading time\" \/>\n\t<meta name=\"twitter:data1\" content=\"2 minutes\" \/>\n<script type=\"application\/ld+json\" class=\"yoast-schema-graph\">{\"@context\":\"https:\/\/schema.org\",\"@graph\":[{\"@type\":\"WebSite\",\"@id\":\"https:\/\/fastrackids.lv\/ru\/#website\",\"url\":\"https:\/\/fastrackids.lv\/ru\/\",\"name\":\"FasTrackids Latvia (Russian)\",\"description\":\"FasTracKids Latvia\",\"potentialAction\":[{\"@type\":\"SearchAction\",\"target\":{\"@type\":\"EntryPoint\",\"urlTemplate\":\"https:\/\/fastrackids.lv\/ru\/?s={search_term_string}\"},\"query-input\":\"required name=search_term_string\"}],\"inLanguage\":\"en-US\"},{\"@type\":\"WebPage\",\"@id\":\"http:\/\/fastrackids.lv\/ru\/liepajas-dome-sniedz-iespeju-gimenem-apgut-fastrac-fundamentals\/#webpage\",\"url\":\"http:\/\/fastrackids.lv\/ru\/liepajas-dome-sniedz-iespeju-gimenem-apgut-fastrac-fundamentals\/\",\"name\":\"Liep\\u0101jas dome sniedz iesp\\u0113ju \\u0123imen\\u0113m apg\\u016bt FasTrac Fundamentals - FasTrackids Latvia (Russian)\",\"isPartOf\":{\"@id\":\"https:\/\/fastrackids.lv\/ru\/#website\"},\"datePublished\":\"2015-12-28T14:33:37+00:00\",\"dateModified\":\"2015-12-28T14:33:37+00:00\",\"breadcrumb\":{\"@id\":\"http:\/\/fastrackids.lv\/ru\/liepajas-dome-sniedz-iespeju-gimenem-apgut-fastrac-fundamentals\/#breadcrumb\"},\"inLanguage\":\"en-US\",\"potentialAction\":[{\"@type\":\"ReadAction\",\"target\":[\"http:\/\/fastrackids.lv\/ru\/liepajas-dome-sniedz-iespeju-gimenem-apgut-fastrac-fundamentals\/\"]}]},{\"@type\":\"BreadcrumbList\",\"@id\":\"http:\/\/fastrackids.lv\/ru\/liepajas-dome-sniedz-iespeju-gimenem-apgut-fastrac-fundamentals\/#breadcrumb\",\"itemListElement\":[{\"@type\":\"ListItem\",\"position\":1,\"name\":\"Home\",\"item\":\"https:\/\/fastrackids.lv\/ru\/\"},{\"@type\":\"ListItem\",\"position\":2,\"name\":\"Liep\\u0101jas dome sniedz iesp\\u0113ju \\u0123imen\\u0113m apg\\u016bt FasTrac Fundamentals\"}]}]}<\/script>\n<!-- \/ Yoast SEO plugin. -->","yoast_head_json":{"robots":{"index":"index","follow":"follow","max-snippet":"max-snippet:-1","max-image-preview":"max-image-preview:large","max-video-preview":"max-video-preview:-1"},"canonical":"http:\/\/fastrackids.lv\/ru\/liepajas-dome-sniedz-iespeju-gimenem-apgut-fastrac-fundamentals\/","og_locale":"en_US","og_type":"article","og_title":"Liep\u0101jas dome sniedz iesp\u0113ju \u0123imen\u0113m apg\u016bt FasTrac Fundamentals - FasTrackids Latvia (Russian)","og_description":"01\/10\/2015, Liep\u0101jas B\u0113rnu un jaunatnes centr\u0101 ar Liep\u0101jas domes atbalstu b\u0113rni vecum\u0101 no tr\u012bs l\u012bdz se\u0161iem gadiem var\u0113s apg\u016bt starptautiski atz\u012bto &#8221;FasTracKids&#8221; pirmsskolas izgl\u012bt\u012bbas programmu &#8221;FasTrac Fundamentals&#8221;. \u0160aj\u0101 programm\u0101 b\u0113rni starptautiski sertific\u0113tu pasniedz\u0113ju vad\u012bb\u0101 dosies zin\u0101\u0161anu un pozit\u012bvu emociju ce\u013cojum\u0101, t\u0101 apvieno apjom\u012bgu digit\u0101lo saturu divpadsmit m\u0101c\u012bbu priek\u0161metos. Pasaul\u0113 FasTracKids b\u0113rnus iesaista aizraujo\u0161\u0101 m\u0101c\u012bbu proces\u0101 &hellip; Continue reading &rarr;","og_url":"http:\/\/fastrackids.lv\/ru\/liepajas-dome-sniedz-iespeju-gimenem-apgut-fastrac-fundamentals\/","og_site_name":"FasTrackids Latvia (Russian)","twitter_misc":{"Est. reading time":"2 minutes"},"schema":{"@context":"https:\/\/schema.org","@graph":[{"@type":"WebSite","@id":"https:\/\/fastrackids.lv\/ru\/#website","url":"https:\/\/fastrackids.lv\/ru\/","name":"FasTrackids Latvia (Russian)","description":"FasTracKids Latvia","potentialAction":[{"@type":"SearchAction","target":{"@type":"EntryPoint","urlTemplate":"https:\/\/fastrackids.lv\/ru\/?s={search_term_string}"},"query-input":"required name=search_term_string"}],"inLanguage":"en-US"},{"@type":"WebPage","@id":"http:\/\/fastrackids.lv\/ru\/liepajas-dome-sniedz-iespeju-gimenem-apgut-fastrac-fundamentals\/#webpage","url":"http:\/\/fastrackids.lv\/ru\/liepajas-dome-sniedz-iespeju-gimenem-apgut-fastrac-fundamentals\/","name":"Liep\u0101jas dome sniedz iesp\u0113ju \u0123imen\u0113m apg\u016bt FasTrac Fundamentals - FasTrackids Latvia (Russian)","isPartOf":{"@id":"https:\/\/fastrackids.lv\/ru\/#website"},"datePublished":"2015-12-28T14:33:37+00:00","dateModified":"2015-12-28T14:33:37+00:00","breadcrumb":{"@id":"http:\/\/fastrackids.lv\/ru\/liepajas-dome-sniedz-iespeju-gimenem-apgut-fastrac-fundamentals\/#breadcrumb"},"inLanguage":"en-US","potentialAction":[{"@type":"ReadAction","target":["http:\/\/fastrackids.lv\/ru\/liepajas-dome-sniedz-iespeju-gimenem-apgut-fastrac-fundamentals\/"]}]},{"@type":"BreadcrumbList","@id":"http:\/\/fastrackids.lv\/ru\/liepajas-dome-sniedz-iespeju-gimenem-apgut-fastrac-fundamentals\/#breadcrumb","itemListElement":[{"@type":"ListItem","position":1,"name":"Home","item":"https:\/\/fastrackids.lv\/ru\/"},{"@type":"ListItem","position":2,"name":"Liep\u0101jas dome sniedz iesp\u0113ju \u0123imen\u0113m apg\u016bt FasTrac Fundamentals"}]}]}},"_links":{"self":[{"href":"http:\/\/fastrackids.lv\/ru\/wp-json\/wp\/v2\/pages\/875"}],"collection":[{"href":"http:\/\/fastrackids.lv\/ru\/wp-json\/wp\/v2\/pages"}],"about":[{"href":"http:\/\/fastrackids.lv\/ru\/wp-json\/wp\/v2\/types\/page"}],"author":[{"embeddable":true,"href":"http:\/\/fastrackids.lv\/ru\/wp-json\/wp\/v2\/users\/10"}],"replies":[{"embeddable":true,"href":"http:\/\/fastrackids.lv\/ru\/wp-json\/wp\/v2\/comments?post=875"}],"version-history":[{"count":1,"href":"http:\/\/fastrackids.lv\/ru\/wp-json\/wp\/v2\/pages\/875\/revisions"}],"predecessor-version":[{"id":876,"href":"http:\/\/fastrackids.lv\/ru\/wp-json\/wp\/v2\/pages\/875\/revisions\/876"}],"wp:attachment":[{"href":"http:\/\/fastrackids.lv\/ru\/wp-json\/wp\/v2\/media?parent=875"}],"curies":[{"name":"wp","href":"https:\/\/api.w.org\/{rel}","templated":true}]}}