{"id":869,"date":"2015-12-28T16:21:36","date_gmt":"2015-12-28T14:21:36","guid":{"rendered":"http:\/\/fastrackids.lv\/ru\/?page_id=869"},"modified":"2015-12-28T16:21:36","modified_gmt":"2015-12-28T14:21:36","slug":"jauzlabo-bernu-lasitprasme-jau-agra-berniba","status":"publish","type":"page","link":"http:\/\/fastrackids.lv\/ru\/jauzlabo-bernu-lasitprasme-jau-agra-berniba\/","title":{"rendered":"J\u0101uzlabo b\u0113rnu las\u012btprasme jau agr\u0101 b\u0113rn\u012bb\u0101"},"content":{"rendered":"<p><strong>22\/10\/2015, &#8221;FasTracKids International&#8221; programmu mazie audz\u0113k\u0146i vis\u0101 pasaul\u0113 pievienosies iniciat\u012bvai &#8221;Lasi rekorda v\u0101rd\u0101&#8221;, lai uzlabotu las\u012bt prasmi agr\u0101 b\u0113rn\u012bb\u0101.<\/strong><\/p>\n<p>\u0160ogad 22.oktobr\u012b vis\u0101 pasaul\u0113 norisin\u0101sies vienas dienas pas\u0101kums, kur\u0101 apvienojas miljoniem cilv\u0113ku, lai godin\u0101tu rakstprat\u012bbu un atbalst\u012btu centienus veicin\u0101t izgl\u012bt\u012bbu agr\u0101 b\u0113rn\u012bb\u0101.\u00a0&#8221;FasTracKids Latvia&#8221; mudina b\u0113rnus un vi\u0146u vec\u0101kus pilnveidot b\u0113rnu las\u012bt un rakst\u012bt prasmes. <strong>\u00a0<\/strong>Uz\u0146\u0113mums aicina pievienoties starptautiskai iniciat\u012bvai &#8221;Lasi rekorda v\u0101rd\u0101&#8221;, kuru organiz\u0113 organiz\u0101cija <a href=\"http:\/\/www.jstart.org\/campaigns\/read-for-the-record\">Jumpstart<\/a>. Pas\u0101kums apliecina las\u012b\u0161anas noz\u012bmi, apvienojot pirmsskolas vecuma b\u0113rnus un atsauc\u012bgus pieaugu\u0161os, lai vien\u0101 dien\u0101 las\u012btu vienu un to pa\u0161u gr\u0101matu. \u0160ogad pl\u0101nots visiem kop\u0101 las\u012bt Kelijas Bennetas gr\u0101matu &#8221;Nota Normana: Zelta zivti\u0146as st\u0101sts&#8221;.<\/p>\n<p><strong>FasTracKids Latvia valdes priek\u0161s\u0113d\u0113t\u0101js Eduards Filippovs<\/strong> atz\u012bst, ka &#8221;<a href=\"http:\/\/www.jstart.org\/campaigns\/read-for-the-record\">Kop\u012bgi<\/a> iesaistoties \u0161\u0101d\u0101 iniciat\u012bv\u0101 m\u0113s piev\u0113r\u0161am uzman\u012bbu b\u0113rnu izgl\u012bto\u0161anai agr\u012bn\u0101 vecum\u0101, kad tas ir vissvar\u012bg\u0101kais. M\u0113s sadarbojamies ar vec\u0101kiem un \u0123imen\u0113m, veicin\u0101m b\u0113rnu un vec\u0101ku v\u0113lmi las\u012bt, mudin\u0101m m\u0101c\u012bties sve\u0161valodas un iem\u012blam gr\u0101matas. &#8221;<\/p>\n<p>2014.gad\u0101 <strong>2 383 645<\/strong> dal\u012bbnieki no <strong>no 15 valst\u012bm<\/strong> veiksm\u012bgi izlas\u012bja Rozmarijas Velsas st\u0101stu &#8221;Trus\u012b\u0161i cep k\u016bkas&#8221;. <em>S<\/em>t\u0101sts ir par Maksu un R\u016bbiju, kuri ar prieku apliecina savu rado\u0161umu. Uz\u0146\u0113mums &#8221;FasTracKids&#8221; sadarb\u012bb\u0101 ar b\u0113rnu labdar\u012bbas fondiem pasaul\u0113 iedz\u012bvin\u0101ja st\u0101stu, r\u012bkojot viet\u0113jos te\u0101tros da\u017e\u0101dus pas\u0101kumus, piem\u0113ram, te\u0101tra priek\u0161nesumus, le\u013c\u013cu te\u0101tra izr\u0101des un priek\u0161las\u012bjumus paz\u012bstamu viet\u0113jo viesu izpild\u012bjum\u0101.<\/p>\n<p>\u201cFasTracKids Latvia&#8221; no 2014.gada Latvij\u0101 p\u0101rst\u0101v starptautisko fran\u0161\u012bzi \u201cFasTracKids\u201d. \u201cFasTracKids\u201d ir pla\u0161a, modul\u0101ra m\u0101c\u012bbu un att\u012bst\u012bbas sist\u0113ma b\u0113rniem vecum\u0101 no 6 m\u0113ne\u0161iem l\u012bdz 8 gadiem, kas balstoties uz zin\u0101tniskiem p\u0113t\u012bjumiem un vair\u0101k k\u0101 12 gadu darba praksi 56 pasaules valst\u012bs, 22 valod\u0101s un 500 centros. &#8221;FastTracKids&#8221; programmas nodro\u0161ina labus un pamatoti p\u0101rbaud\u0101mus b\u0113rnu daudzpus\u012bgas att\u012bst\u012bbas rezult\u0101tus. \u0160is agr\u012bn\u0101 vecum\u0101 ieg\u016btais zin\u0101\u0161anu un prasmju pamats ir b\u016btisks ne tikai k\u0101 sagatavo\u0161an\u0101s skolai, bet visai dz\u012bvei, jo att\u012bsta l\u012bderismu un v\u0113lmi m\u0101c\u012bties. \u201cFasTracKids&#8221; multisensor\u0101, interakt\u012bv\u0101 un uz b\u0113rniem orient\u0113t\u0101 m\u0101c\u012bbu pieredze iesaista b\u0113rnus m\u0101c\u012bbu proces\u0101 pateicoties det\u0101lai apm\u0101c\u012bbu metodikai un atbilsto\u0161i sagatavotiem pasniedz\u0113jiem.<\/p>\n<p>&#8221;FasTracKids&#8221; programmu sniegtie rezult\u0101ti ir augsti nov\u0113rt\u0113tas daudz\u0101s pasaules valst\u012bs un starptautiskos p\u0113t\u012bjumos ASV, Austr\u0101lij\u0101, \u0136\u012bn\u0101, Singap\u016br\u0101, Krievij\u0101, Portug\u0101l\u0113 u.c. Iev\u0113rojami uzlabojumi atkl\u0101ti sekojo\u0161os rezultat\u012bvajos r\u0101d\u012bt\u0101jos: bag\u0101tin\u0101ts v\u0101rdu kr\u0101jums, vec\u0101ku nov\u0113rt\u0113t\u0101s soci\u0101l\u0101s prasmes. Starptautiski veiktie testi, neatkar\u012bgi no s\u0101kotn\u0113j\u0101 b\u0113rnu att\u012bst\u012bbas l\u012bme\u0146a, uzr\u0101da pozit\u012bvas p\u0101rmai\u0146as un augstus efektivit\u0101tes rezult\u0101tus. Piem\u0113ram, b\u0113rna v\u0101rdu kr\u0101jums pabeidzot multisensoro ang\u013cu valodas programmu ir piel\u012bdzin\u0101ms Kembrid\u017eas &#8221;Ang\u013cu valodas ies\u0101c\u0113jiem&#8221; eks\u0101menam, kuram b\u0113rni gatavojas 7 gados.<\/p>\n<p><strong>Latvij\u0101 &#8221;FasTracKids&#8221; programma &#8221;Fundamentals&#8221; pieejama no septembra Jelgavas PII &#8221;Spr\u012bd\u012btis&#8221; audz\u0113k\u0146iem Zemgales re\u0123iona kompeten\u010du att\u012bst\u012bbas centr\u0101, no oktobra Liep\u0101jas B\u0113rnu un jaunatnes centr\u0101 un novembr\u012b PII &#8221;Saules stari\u0146i&#8221;, Daugavpil\u012b. <\/strong><\/p>\n<p>&nbsp;<\/p>\n<p><strong>Papildus inform\u0101cija: <\/strong>http:\/\/fastrackids.lv\/ru\/pasakumi\/konkurss-read-for-the-record<\/p>\n<p><strong>Kontakti: <\/strong>t\u0101lr.: 67619226, e-pasts: birojs(att)fastrackids.lv\/ru<\/p>\n<p><strong>Interneta vietne:<\/strong> www.fastrackids.lv\/ru, Facebook: FasTracKids Latvia, Twitter: FasTracKids_LV<\/p>\n","protected":false},"excerpt":{"rendered":"<p>22\/10\/2015, &#8221;FasTracKids International&#8221; programmu mazie audz\u0113k\u0146i vis\u0101 pasaul\u0113 pievienosies iniciat\u012bvai &#8221;Lasi rekorda v\u0101rd\u0101&#8221;, lai uzlabotu las\u012bt prasmi agr\u0101 b\u0113rn\u012bb\u0101. \u0160ogad 22.oktobr\u012b vis\u0101 pasaul\u0113 norisin\u0101sies vienas dienas pas\u0101kums, kur\u0101 apvienojas miljoniem cilv\u0113ku, lai godin\u0101tu rakstprat\u012bbu un atbalst\u012btu centienus veicin\u0101t izgl\u012bt\u012bbu agr\u0101 b\u0113rn\u012bb\u0101.\u00a0&#8221;FasTracKids Latvia&#8221; mudina b\u0113rnus un vi\u0146u vec\u0101kus pilnveidot b\u0113rnu las\u012bt un rakst\u012bt prasmes. \u00a0Uz\u0146\u0113mums aicina &hellip; <a href=\"http:\/\/fastrackids.lv\/ru\/jauzlabo-bernu-lasitprasme-jau-agra-berniba\/\">Continue reading <span class=\"meta-nav\">&rarr;<\/span><\/a><\/p>\n","protected":false},"author":10,"featured_media":0,"parent":0,"menu_order":0,"comment_status":"closed","ping_status":"closed","template":"","meta":[],"yoast_head":"<!-- This site is optimized with the Yoast SEO plugin v17.4 - https:\/\/yoast.com\/wordpress\/plugins\/seo\/ -->\n<meta name=\"robots\" content=\"index, follow, max-snippet:-1, max-image-preview:large, max-video-preview:-1\" \/>\n<link rel=\"canonical\" href=\"http:\/\/fastrackids.lv\/ru\/jauzlabo-bernu-lasitprasme-jau-agra-berniba\/\" \/>\n<meta property=\"og:locale\" content=\"en_US\" \/>\n<meta property=\"og:type\" content=\"article\" \/>\n<meta property=\"og:title\" content=\"J\u0101uzlabo b\u0113rnu las\u012btprasme jau agr\u0101 b\u0113rn\u012bb\u0101 - FasTrackids Latvia (Russian)\" \/>\n<meta property=\"og:description\" content=\"22\/10\/2015, &#8221;FasTracKids International&#8221; programmu mazie audz\u0113k\u0146i vis\u0101 pasaul\u0113 pievienosies iniciat\u012bvai &#8221;Lasi rekorda v\u0101rd\u0101&#8221;, lai uzlabotu las\u012bt prasmi agr\u0101 b\u0113rn\u012bb\u0101. \u0160ogad 22.oktobr\u012b vis\u0101 pasaul\u0113 norisin\u0101sies vienas dienas pas\u0101kums, kur\u0101 apvienojas miljoniem cilv\u0113ku, lai godin\u0101tu rakstprat\u012bbu un atbalst\u012btu centienus veicin\u0101t izgl\u012bt\u012bbu agr\u0101 b\u0113rn\u012bb\u0101.\u00a0&#8221;FasTracKids Latvia&#8221; mudina b\u0113rnus un vi\u0146u vec\u0101kus pilnveidot b\u0113rnu las\u012bt un rakst\u012bt prasmes. \u00a0Uz\u0146\u0113mums aicina &hellip; Continue reading &rarr;\" \/>\n<meta property=\"og:url\" content=\"http:\/\/fastrackids.lv\/ru\/jauzlabo-bernu-lasitprasme-jau-agra-berniba\/\" \/>\n<meta property=\"og:site_name\" content=\"FasTrackids Latvia (Russian)\" \/>\n<meta name=\"twitter:label1\" content=\"Est. reading time\" \/>\n\t<meta name=\"twitter:data1\" content=\"3 minutes\" \/>\n<script type=\"application\/ld+json\" class=\"yoast-schema-graph\">{\"@context\":\"https:\/\/schema.org\",\"@graph\":[{\"@type\":\"WebSite\",\"@id\":\"https:\/\/fastrackids.lv\/ru\/#website\",\"url\":\"https:\/\/fastrackids.lv\/ru\/\",\"name\":\"FasTrackids Latvia (Russian)\",\"description\":\"FasTracKids Latvia\",\"potentialAction\":[{\"@type\":\"SearchAction\",\"target\":{\"@type\":\"EntryPoint\",\"urlTemplate\":\"https:\/\/fastrackids.lv\/ru\/?s={search_term_string}\"},\"query-input\":\"required name=search_term_string\"}],\"inLanguage\":\"en-US\"},{\"@type\":\"WebPage\",\"@id\":\"http:\/\/fastrackids.lv\/ru\/jauzlabo-bernu-lasitprasme-jau-agra-berniba\/#webpage\",\"url\":\"http:\/\/fastrackids.lv\/ru\/jauzlabo-bernu-lasitprasme-jau-agra-berniba\/\",\"name\":\"J\\u0101uzlabo b\\u0113rnu las\\u012btprasme jau agr\\u0101 b\\u0113rn\\u012bb\\u0101 - FasTrackids Latvia (Russian)\",\"isPartOf\":{\"@id\":\"https:\/\/fastrackids.lv\/ru\/#website\"},\"datePublished\":\"2015-12-28T14:21:36+00:00\",\"dateModified\":\"2015-12-28T14:21:36+00:00\",\"breadcrumb\":{\"@id\":\"http:\/\/fastrackids.lv\/ru\/jauzlabo-bernu-lasitprasme-jau-agra-berniba\/#breadcrumb\"},\"inLanguage\":\"en-US\",\"potentialAction\":[{\"@type\":\"ReadAction\",\"target\":[\"http:\/\/fastrackids.lv\/ru\/jauzlabo-bernu-lasitprasme-jau-agra-berniba\/\"]}]},{\"@type\":\"BreadcrumbList\",\"@id\":\"http:\/\/fastrackids.lv\/ru\/jauzlabo-bernu-lasitprasme-jau-agra-berniba\/#breadcrumb\",\"itemListElement\":[{\"@type\":\"ListItem\",\"position\":1,\"name\":\"Home\",\"item\":\"https:\/\/fastrackids.lv\/ru\/\"},{\"@type\":\"ListItem\",\"position\":2,\"name\":\"J\\u0101uzlabo b\\u0113rnu las\\u012btprasme jau agr\\u0101 b\\u0113rn\\u012bb\\u0101\"}]}]}<\/script>\n<!-- \/ Yoast SEO plugin. -->","yoast_head_json":{"robots":{"index":"index","follow":"follow","max-snippet":"max-snippet:-1","max-image-preview":"max-image-preview:large","max-video-preview":"max-video-preview:-1"},"canonical":"http:\/\/fastrackids.lv\/ru\/jauzlabo-bernu-lasitprasme-jau-agra-berniba\/","og_locale":"en_US","og_type":"article","og_title":"J\u0101uzlabo b\u0113rnu las\u012btprasme jau agr\u0101 b\u0113rn\u012bb\u0101 - FasTrackids Latvia (Russian)","og_description":"22\/10\/2015, &#8221;FasTracKids International&#8221; programmu mazie audz\u0113k\u0146i vis\u0101 pasaul\u0113 pievienosies iniciat\u012bvai &#8221;Lasi rekorda v\u0101rd\u0101&#8221;, lai uzlabotu las\u012bt prasmi agr\u0101 b\u0113rn\u012bb\u0101. \u0160ogad 22.oktobr\u012b vis\u0101 pasaul\u0113 norisin\u0101sies vienas dienas pas\u0101kums, kur\u0101 apvienojas miljoniem cilv\u0113ku, lai godin\u0101tu rakstprat\u012bbu un atbalst\u012btu centienus veicin\u0101t izgl\u012bt\u012bbu agr\u0101 b\u0113rn\u012bb\u0101.\u00a0&#8221;FasTracKids Latvia&#8221; mudina b\u0113rnus un vi\u0146u vec\u0101kus pilnveidot b\u0113rnu las\u012bt un rakst\u012bt prasmes. \u00a0Uz\u0146\u0113mums aicina &hellip; Continue reading &rarr;","og_url":"http:\/\/fastrackids.lv\/ru\/jauzlabo-bernu-lasitprasme-jau-agra-berniba\/","og_site_name":"FasTrackids Latvia (Russian)","twitter_misc":{"Est. reading time":"3 minutes"},"schema":{"@context":"https:\/\/schema.org","@graph":[{"@type":"WebSite","@id":"https:\/\/fastrackids.lv\/ru\/#website","url":"https:\/\/fastrackids.lv\/ru\/","name":"FasTrackids Latvia (Russian)","description":"FasTracKids Latvia","potentialAction":[{"@type":"SearchAction","target":{"@type":"EntryPoint","urlTemplate":"https:\/\/fastrackids.lv\/ru\/?s={search_term_string}"},"query-input":"required name=search_term_string"}],"inLanguage":"en-US"},{"@type":"WebPage","@id":"http:\/\/fastrackids.lv\/ru\/jauzlabo-bernu-lasitprasme-jau-agra-berniba\/#webpage","url":"http:\/\/fastrackids.lv\/ru\/jauzlabo-bernu-lasitprasme-jau-agra-berniba\/","name":"J\u0101uzlabo b\u0113rnu las\u012btprasme jau agr\u0101 b\u0113rn\u012bb\u0101 - FasTrackids Latvia (Russian)","isPartOf":{"@id":"https:\/\/fastrackids.lv\/ru\/#website"},"datePublished":"2015-12-28T14:21:36+00:00","dateModified":"2015-12-28T14:21:36+00:00","breadcrumb":{"@id":"http:\/\/fastrackids.lv\/ru\/jauzlabo-bernu-lasitprasme-jau-agra-berniba\/#breadcrumb"},"inLanguage":"en-US","potentialAction":[{"@type":"ReadAction","target":["http:\/\/fastrackids.lv\/ru\/jauzlabo-bernu-lasitprasme-jau-agra-berniba\/"]}]},{"@type":"BreadcrumbList","@id":"http:\/\/fastrackids.lv\/ru\/jauzlabo-bernu-lasitprasme-jau-agra-berniba\/#breadcrumb","itemListElement":[{"@type":"ListItem","position":1,"name":"Home","item":"https:\/\/fastrackids.lv\/ru\/"},{"@type":"ListItem","position":2,"name":"J\u0101uzlabo b\u0113rnu las\u012btprasme jau agr\u0101 b\u0113rn\u012bb\u0101"}]}]}},"_links":{"self":[{"href":"http:\/\/fastrackids.lv\/ru\/wp-json\/wp\/v2\/pages\/869"}],"collection":[{"href":"http:\/\/fastrackids.lv\/ru\/wp-json\/wp\/v2\/pages"}],"about":[{"href":"http:\/\/fastrackids.lv\/ru\/wp-json\/wp\/v2\/types\/page"}],"author":[{"embeddable":true,"href":"http:\/\/fastrackids.lv\/ru\/wp-json\/wp\/v2\/users\/10"}],"replies":[{"embeddable":true,"href":"http:\/\/fastrackids.lv\/ru\/wp-json\/wp\/v2\/comments?post=869"}],"version-history":[{"count":3,"href":"http:\/\/fastrackids.lv\/ru\/wp-json\/wp\/v2\/pages\/869\/revisions"}],"predecessor-version":[{"id":872,"href":"http:\/\/fastrackids.lv\/ru\/wp-json\/wp\/v2\/pages\/869\/revisions\/872"}],"wp:attachment":[{"href":"http:\/\/fastrackids.lv\/ru\/wp-json\/wp\/v2\/media?parent=869"}],"curies":[{"name":"wp","href":"https:\/\/api.w.org\/{rel}","templated":true}]}}