{"id":867,"date":"2015-12-28T16:18:43","date_gmt":"2015-12-28T14:18:43","guid":{"rendered":"http:\/\/fastrackids.lv\/ru\/?page_id=867"},"modified":"2015-12-28T16:18:43","modified_gmt":"2015-12-28T14:18:43","slug":"pirmie-fastrackids-berni-latvija-ir-jelgava","status":"publish","type":"page","link":"http:\/\/fastrackids.lv\/ru\/pirmie-fastrackids-berni-latvija-ir-jelgava\/","title":{"rendered":"Pirmie FasTracKids b\u0113rni Latvij\u0101 ir Jelgav\u0101"},"content":{"rendered":"<p><strong>09\/09\/2015, Zemgales re\u0123iona kompeten\u010du att\u012bst\u012bbas centr\u0101 Jelgavas \u0123imen\u0113m b\u016bs pieejamas starptautiski atz\u012bt\u0101s &#8221;FasTracKids&#8221; pirmsskolas izgl\u012bt\u012bbas programmas<\/strong><\/p>\n<p><strong>Zemgales re\u0123iona kompeten\u010du att\u012bst\u012bbas centrs sadarb\u012bb\u0101 ar SIA \u201cAKG Thermotechnik Lettland\u201d no \u0161.g. oktobra sniegs iesp\u0113ju b\u0113rniem un vi\u0146u vec\u0101kiem iepaz\u012bt &#8221;FasTracKids&#8221; pirmsskolas izgl\u012bt\u012bbas programmas.<\/strong><\/p>\n<p>Jelgavas b\u0113rnu vec\u0101kiem b\u016bs iesp\u0113ja inovat\u012bv\u0101 un uz tehnolo\u0123ij\u0101m balst\u012bt\u0101 veid\u0101 att\u012bst\u012bt l\u012bderisma un dz\u012bves prasmes b\u0113rniem izmantojot FasTracKids programmas. Pasaul\u0113 FasTracKids b\u0113rnus iesaista aizraujo\u0161\u0101 m\u0101c\u012bbu proces\u0101 52 valst\u012bs un latvie\u0161u valoda b\u016bs 20 valoda, kur\u0101s b\u0113rni m\u0101c\u0101s ar prieku agr\u012bn\u0101s apm\u0101c\u012bbas programm\u0101s. FasTracKids programmas vienlaic\u012bgi gatavos b\u0113rnus skolai un n\u0101kotnei. Multisensora, interakt\u012bva un uz b\u0113rniem orient\u0113ta m\u0101c\u012bbu pieredze ir veids k\u0101 iesaist\u012bt b\u0113rnus j\u0113gpiln\u0101 m\u0101c\u012bbu proces\u0101. FasTracKids programmas pal\u012bdz b\u0113rniem att\u012bst\u012bt 21.gadsimta galven\u0101s piecas m\u0101c\u012b\u0161an\u0101s priek\u0161roc\u012bbas vienlaic\u012bgi: prasmi kritiski dom\u0101t, rado\u0161umu, komunik\u0101cijas un sadarb\u012bbas sp\u0113jas, k\u0101 ar\u012b pa\u0161apzi\u0146u. Izmantojot interakt\u012bvu un uz sadarb\u012bbu v\u0113rstu pieredzi ar starptautiski sertific\u0113tiem pasniedz\u0113jiem un m\u016bsdien\u012bgu tehnolo\u0123iju apr\u012bkot\u0101s m\u0101c\u012bbu telp\u0101s.<\/p>\n<p><strong>Zemgales re\u0123iona kompeten\u010du att\u012bst\u012bbas centra direktore Sarm\u012bte V\u012bksna <\/strong>inform\u0113, ka &#8221;Jelgava ir pirm\u0101 pils\u0113ta Latvij\u0101, kas jau vair\u0101kus gadus m\u0113r\u0137tiec\u012bgi \u012bsteno da\u017e\u0101dus projektus , kas rosina un veicina\u00a0 dabas zin\u0101t\u0146u un tehnikas pamatu apguvi pirmskolas vecum\u0101. L\u012bdz ar to \u0161\u012bs programmas aprob\u0101cija ir likumsakar\u012bgs papildin\u0101jums un ieguvums mazajiem jelgavniekiem.&#8221;<\/p>\n<p><strong>&#8221;FasTracKids Latvia&#8221; valdes priek\u0161s\u0113d\u0113t\u0101js Eduards Filippovs<\/strong> tiekoties ar PII \u201cSpr\u012bd\u012btis\u201d b\u0113rnu vec\u0101kiem uzsver, ka &#8221;uzs\u0101ktais pilotprojekts ir iesp\u0113ja stiprin\u0101t Jelgavas b\u0113rnu dabisko v\u0113lmi m\u0101c\u012bties un att\u012bst\u012bt vi\u0146u potenci\u0101lu, lai Jelgavas b\u0113rni b\u016btu l\u012bderi un ieg\u016btu prasmes visai dz\u012bvei. K\u0101 t\u0113vs v\u0113los sniegt ar\u012b citiem vec\u0101kiem iesp\u0113ju b\u0113rniem rad\u012bt dro\u0161u pamatu konkur\u0113tsp\u0113jai n\u0101kotn\u0113.&#8221;<\/p>\n<p>FasTracKids programmas \u013cauj izgl\u012bt\u012bbas sektor\u0101 str\u0101d\u0101jo\u0161ajiem att\u012bst\u012bt b\u0113rniem m\u0101c\u012b\u0161an\u0101s prasmes visai dz\u012bvei. Nep\u0101rtraukta m\u0101c\u012b\u0161an\u0101s ir svar\u012bg\u0101k\u0101 prasme 21.gadsimtam. H\u0101rvardas Universit\u0101tes B\u0113rna att\u012bst\u012bbas centra p\u0113t\u012bjums* liecina, ka laiks, kad j\u0101apg\u016bst \u0161\u012bs prasmes, ir agr\u0101 b\u0113rn\u012bb\u0101, jo \u0161aj\u0101 laik\u0101 veidojas smadze\u0146u nervu savienojumi, emocion\u0101l\u0101 un soci\u0101l\u0101 inteli\u0123ence. FasTracKids jaunatkl\u0101j ce\u013cu k\u0101 b\u0113rni m\u0101c\u0101s.<\/p>\n<p><em>Tomas Fr\u012bdmans &#8221;Ja m\u0113s v\u0113lamies efekt\u012bvi konkur\u0113t pasaules ekonomik\u0101 n\u0101kotn\u0113, mums b\u016bs j\u0101iem\u0101ca b\u0113rnus m\u012bl\u0113t m\u0101c\u012b\u0161anos. Mums b\u016bs vi\u0146us j\u0101aizrauj ar m\u0101c\u012b\u0161anos.&#8221;<\/em><\/p>\n<p>* http:\/\/developingchild.harvard.edu\/resources\/briefs\/inbrief_series\/<\/p>\n<p><u>Vair\u0101k inform\u0101cijas: <\/u>Eduards Filippovs, e-pasts: Eduards(att)fastrackids.lv\/ru, internet\u0101: www.fastrackids.lv\/ru, Facebook: FasTracKids Latvia<\/p>\n","protected":false},"excerpt":{"rendered":"<p>09\/09\/2015, Zemgales re\u0123iona kompeten\u010du att\u012bst\u012bbas centr\u0101 Jelgavas \u0123imen\u0113m b\u016bs pieejamas starptautiski atz\u012bt\u0101s &#8221;FasTracKids&#8221; pirmsskolas izgl\u012bt\u012bbas programmas Zemgales re\u0123iona kompeten\u010du att\u012bst\u012bbas centrs sadarb\u012bb\u0101 ar SIA \u201cAKG Thermotechnik Lettland\u201d no \u0161.g. oktobra sniegs iesp\u0113ju b\u0113rniem un vi\u0146u vec\u0101kiem iepaz\u012bt &#8221;FasTracKids&#8221; pirmsskolas izgl\u012bt\u012bbas programmas. Jelgavas b\u0113rnu vec\u0101kiem b\u016bs iesp\u0113ja inovat\u012bv\u0101 un uz tehnolo\u0123ij\u0101m balst\u012bt\u0101 veid\u0101 att\u012bst\u012bt l\u012bderisma un &hellip; <a href=\"http:\/\/fastrackids.lv\/ru\/pirmie-fastrackids-berni-latvija-ir-jelgava\/\">Continue reading <span class=\"meta-nav\">&rarr;<\/span><\/a><\/p>\n","protected":false},"author":10,"featured_media":0,"parent":0,"menu_order":0,"comment_status":"closed","ping_status":"closed","template":"","meta":[],"yoast_head":"<!-- This site is optimized with the Yoast SEO plugin v17.4 - https:\/\/yoast.com\/wordpress\/plugins\/seo\/ -->\n<meta name=\"robots\" content=\"index, follow, max-snippet:-1, max-image-preview:large, max-video-preview:-1\" \/>\n<link rel=\"canonical\" href=\"http:\/\/fastrackids.lv\/ru\/pirmie-fastrackids-berni-latvija-ir-jelgava\/\" \/>\n<meta property=\"og:locale\" content=\"en_US\" \/>\n<meta property=\"og:type\" content=\"article\" \/>\n<meta property=\"og:title\" content=\"Pirmie FasTracKids b\u0113rni Latvij\u0101 ir Jelgav\u0101 - FasTrackids Latvia (Russian)\" \/>\n<meta property=\"og:description\" content=\"09\/09\/2015, Zemgales re\u0123iona kompeten\u010du att\u012bst\u012bbas centr\u0101 Jelgavas \u0123imen\u0113m b\u016bs pieejamas starptautiski atz\u012bt\u0101s &#8221;FasTracKids&#8221; pirmsskolas izgl\u012bt\u012bbas programmas Zemgales re\u0123iona kompeten\u010du att\u012bst\u012bbas centrs sadarb\u012bb\u0101 ar SIA \u201cAKG Thermotechnik Lettland\u201d no \u0161.g. oktobra sniegs iesp\u0113ju b\u0113rniem un vi\u0146u vec\u0101kiem iepaz\u012bt &#8221;FasTracKids&#8221; pirmsskolas izgl\u012bt\u012bbas programmas. Jelgavas b\u0113rnu vec\u0101kiem b\u016bs iesp\u0113ja inovat\u012bv\u0101 un uz tehnolo\u0123ij\u0101m balst\u012bt\u0101 veid\u0101 att\u012bst\u012bt l\u012bderisma un &hellip; Continue reading &rarr;\" \/>\n<meta property=\"og:url\" content=\"http:\/\/fastrackids.lv\/ru\/pirmie-fastrackids-berni-latvija-ir-jelgava\/\" \/>\n<meta property=\"og:site_name\" content=\"FasTrackids Latvia (Russian)\" \/>\n<meta name=\"twitter:label1\" content=\"Est. reading time\" \/>\n\t<meta name=\"twitter:data1\" content=\"3 minutes\" \/>\n<script type=\"application\/ld+json\" class=\"yoast-schema-graph\">{\"@context\":\"https:\/\/schema.org\",\"@graph\":[{\"@type\":\"WebSite\",\"@id\":\"https:\/\/fastrackids.lv\/ru\/#website\",\"url\":\"https:\/\/fastrackids.lv\/ru\/\",\"name\":\"FasTrackids Latvia (Russian)\",\"description\":\"FasTracKids Latvia\",\"potentialAction\":[{\"@type\":\"SearchAction\",\"target\":{\"@type\":\"EntryPoint\",\"urlTemplate\":\"https:\/\/fastrackids.lv\/ru\/?s={search_term_string}\"},\"query-input\":\"required name=search_term_string\"}],\"inLanguage\":\"en-US\"},{\"@type\":\"WebPage\",\"@id\":\"http:\/\/fastrackids.lv\/ru\/pirmie-fastrackids-berni-latvija-ir-jelgava\/#webpage\",\"url\":\"http:\/\/fastrackids.lv\/ru\/pirmie-fastrackids-berni-latvija-ir-jelgava\/\",\"name\":\"Pirmie FasTracKids b\\u0113rni Latvij\\u0101 ir Jelgav\\u0101 - FasTrackids Latvia (Russian)\",\"isPartOf\":{\"@id\":\"https:\/\/fastrackids.lv\/ru\/#website\"},\"datePublished\":\"2015-12-28T14:18:43+00:00\",\"dateModified\":\"2015-12-28T14:18:43+00:00\",\"breadcrumb\":{\"@id\":\"http:\/\/fastrackids.lv\/ru\/pirmie-fastrackids-berni-latvija-ir-jelgava\/#breadcrumb\"},\"inLanguage\":\"en-US\",\"potentialAction\":[{\"@type\":\"ReadAction\",\"target\":[\"http:\/\/fastrackids.lv\/ru\/pirmie-fastrackids-berni-latvija-ir-jelgava\/\"]}]},{\"@type\":\"BreadcrumbList\",\"@id\":\"http:\/\/fastrackids.lv\/ru\/pirmie-fastrackids-berni-latvija-ir-jelgava\/#breadcrumb\",\"itemListElement\":[{\"@type\":\"ListItem\",\"position\":1,\"name\":\"Home\",\"item\":\"https:\/\/fastrackids.lv\/ru\/\"},{\"@type\":\"ListItem\",\"position\":2,\"name\":\"Pirmie FasTracKids b\\u0113rni Latvij\\u0101 ir Jelgav\\u0101\"}]}]}<\/script>\n<!-- \/ Yoast SEO plugin. -->","yoast_head_json":{"robots":{"index":"index","follow":"follow","max-snippet":"max-snippet:-1","max-image-preview":"max-image-preview:large","max-video-preview":"max-video-preview:-1"},"canonical":"http:\/\/fastrackids.lv\/ru\/pirmie-fastrackids-berni-latvija-ir-jelgava\/","og_locale":"en_US","og_type":"article","og_title":"Pirmie FasTracKids b\u0113rni Latvij\u0101 ir Jelgav\u0101 - FasTrackids Latvia (Russian)","og_description":"09\/09\/2015, Zemgales re\u0123iona kompeten\u010du att\u012bst\u012bbas centr\u0101 Jelgavas \u0123imen\u0113m b\u016bs pieejamas starptautiski atz\u012bt\u0101s &#8221;FasTracKids&#8221; pirmsskolas izgl\u012bt\u012bbas programmas Zemgales re\u0123iona kompeten\u010du att\u012bst\u012bbas centrs sadarb\u012bb\u0101 ar SIA \u201cAKG Thermotechnik Lettland\u201d no \u0161.g. oktobra sniegs iesp\u0113ju b\u0113rniem un vi\u0146u vec\u0101kiem iepaz\u012bt &#8221;FasTracKids&#8221; pirmsskolas izgl\u012bt\u012bbas programmas. Jelgavas b\u0113rnu vec\u0101kiem b\u016bs iesp\u0113ja inovat\u012bv\u0101 un uz tehnolo\u0123ij\u0101m balst\u012bt\u0101 veid\u0101 att\u012bst\u012bt l\u012bderisma un &hellip; Continue reading &rarr;","og_url":"http:\/\/fastrackids.lv\/ru\/pirmie-fastrackids-berni-latvija-ir-jelgava\/","og_site_name":"FasTrackids Latvia (Russian)","twitter_misc":{"Est. reading time":"3 minutes"},"schema":{"@context":"https:\/\/schema.org","@graph":[{"@type":"WebSite","@id":"https:\/\/fastrackids.lv\/ru\/#website","url":"https:\/\/fastrackids.lv\/ru\/","name":"FasTrackids Latvia (Russian)","description":"FasTracKids Latvia","potentialAction":[{"@type":"SearchAction","target":{"@type":"EntryPoint","urlTemplate":"https:\/\/fastrackids.lv\/ru\/?s={search_term_string}"},"query-input":"required name=search_term_string"}],"inLanguage":"en-US"},{"@type":"WebPage","@id":"http:\/\/fastrackids.lv\/ru\/pirmie-fastrackids-berni-latvija-ir-jelgava\/#webpage","url":"http:\/\/fastrackids.lv\/ru\/pirmie-fastrackids-berni-latvija-ir-jelgava\/","name":"Pirmie FasTracKids b\u0113rni Latvij\u0101 ir Jelgav\u0101 - FasTrackids Latvia (Russian)","isPartOf":{"@id":"https:\/\/fastrackids.lv\/ru\/#website"},"datePublished":"2015-12-28T14:18:43+00:00","dateModified":"2015-12-28T14:18:43+00:00","breadcrumb":{"@id":"http:\/\/fastrackids.lv\/ru\/pirmie-fastrackids-berni-latvija-ir-jelgava\/#breadcrumb"},"inLanguage":"en-US","potentialAction":[{"@type":"ReadAction","target":["http:\/\/fastrackids.lv\/ru\/pirmie-fastrackids-berni-latvija-ir-jelgava\/"]}]},{"@type":"BreadcrumbList","@id":"http:\/\/fastrackids.lv\/ru\/pirmie-fastrackids-berni-latvija-ir-jelgava\/#breadcrumb","itemListElement":[{"@type":"ListItem","position":1,"name":"Home","item":"https:\/\/fastrackids.lv\/ru\/"},{"@type":"ListItem","position":2,"name":"Pirmie FasTracKids b\u0113rni Latvij\u0101 ir Jelgav\u0101"}]}]}},"_links":{"self":[{"href":"http:\/\/fastrackids.lv\/ru\/wp-json\/wp\/v2\/pages\/867"}],"collection":[{"href":"http:\/\/fastrackids.lv\/ru\/wp-json\/wp\/v2\/pages"}],"about":[{"href":"http:\/\/fastrackids.lv\/ru\/wp-json\/wp\/v2\/types\/page"}],"author":[{"embeddable":true,"href":"http:\/\/fastrackids.lv\/ru\/wp-json\/wp\/v2\/users\/10"}],"replies":[{"embeddable":true,"href":"http:\/\/fastrackids.lv\/ru\/wp-json\/wp\/v2\/comments?post=867"}],"version-history":[{"count":1,"href":"http:\/\/fastrackids.lv\/ru\/wp-json\/wp\/v2\/pages\/867\/revisions"}],"predecessor-version":[{"id":868,"href":"http:\/\/fastrackids.lv\/ru\/wp-json\/wp\/v2\/pages\/867\/revisions\/868"}],"wp:attachment":[{"href":"http:\/\/fastrackids.lv\/ru\/wp-json\/wp\/v2\/media?parent=867"}],"curies":[{"name":"wp","href":"https:\/\/api.w.org\/{rel}","templated":true}]}}