{"id":740,"date":"2015-06-11T17:10:42","date_gmt":"2015-06-11T15:10:42","guid":{"rendered":"http:\/\/goftk.com\/?page_id=740"},"modified":"2016-02-11T10:59:07","modified_gmt":"2016-02-11T08:59:07","slug":"biznesa-iespejas","status":"publish","type":"page","link":"http:\/\/fastrackids.lv\/ru\/biznesa-iespejas\/","title":{"rendered":"Biznesa Iesp\u0113jas"},"content":{"rendered":"<div id=\"MG-placeholder\">\n<h4 id=\"formfields\" class=\"formfields\">Lai sazin\u0101tos ar FasTracKids Latvia programmu licen\u010du ieg\u0101des vai citos ar apm\u0101c\u012bbu parogramm\u0101m un to pasnieg\u0161anu saist\u012btos jaut\u0101jumos, l\u016bdzam aizpild\u012bt kontaktinform\u0101cijas formu, nozpie\u017eot &#8220;SAZIN\u0100TIES AR FASTTRACKIDS&#8221;.<\/h4>\n<\/div>\n<p><a href=\"http:\/\/mlgn.to\/or5\" target=\"_blank\"><img loading=\"lazy\" class=\" size-medium wp-image-896 aligncenter\" src=\"http:\/\/fastrackids.lv\/wp-content\/uploads\/sites\/3\/2015\/06\/Sazinaties_ar_Fastrackids-300x43.png\" alt=\"Sazinaties_ar_Fastrackids\" width=\"300\" height=\"43\" srcset=\"http:\/\/fastrackids.lv\/ru\/wp-content\/uploads\/sites\/3\/2015\/06\/Sazinaties_ar_Fastrackids-300x43.png 300w, http:\/\/fastrackids.lv\/ru\/wp-content\/uploads\/sites\/3\/2015\/06\/Sazinaties_ar_Fastrackids.png 435w\" sizes=\"(max-width: 300px) 100vw, 300px\" \/><\/a><\/p>\n<p>&nbsp;<\/p>\n<p>&nbsp;<\/p>\n<p><!-- End Mailigen Signup Form --><\/p>\n","protected":false},"excerpt":{"rendered":"<p>Lai sazin\u0101tos ar FasTracKids Latvia programmu licen\u010du ieg\u0101des vai citos ar apm\u0101c\u012bbu parogramm\u0101m un to pasnieg\u0161anu saist\u012btos jaut\u0101jumos, l\u016bdzam aizpild\u012bt kontaktinform\u0101cijas formu, nozpie\u017eot &#8220;SAZIN\u0100TIES AR FASTTRACKIDS&#8221;. &nbsp; &nbsp;<\/p>\n","protected":false},"author":9,"featured_media":0,"parent":0,"menu_order":0,"comment_status":"closed","ping_status":"closed","template":"page-wide-nolocat.php","meta":[],"yoast_head":"<!-- This site is optimized with the Yoast SEO plugin v17.4 - https:\/\/yoast.com\/wordpress\/plugins\/seo\/ -->\n<meta name=\"robots\" content=\"index, follow, max-snippet:-1, max-image-preview:large, max-video-preview:-1\" \/>\n<link rel=\"canonical\" href=\"http:\/\/fastrackids.lv\/ru\/biznesa-iespejas\/\" \/>\n<meta property=\"og:locale\" content=\"en_US\" \/>\n<meta property=\"og:type\" content=\"article\" \/>\n<meta property=\"og:title\" content=\"Biznesa Iesp\u0113jas - FasTrackids Latvia (Russian)\" \/>\n<meta property=\"og:description\" content=\"Lai sazin\u0101tos ar FasTracKids Latvia programmu licen\u010du ieg\u0101des vai citos ar apm\u0101c\u012bbu parogramm\u0101m un to pasnieg\u0161anu saist\u012btos jaut\u0101jumos, l\u016bdzam aizpild\u012bt kontaktinform\u0101cijas formu, nozpie\u017eot &#8220;SAZIN\u0100TIES AR FASTTRACKIDS&#8221;. &nbsp; &nbsp;\" \/>\n<meta property=\"og:url\" content=\"http:\/\/fastrackids.lv\/ru\/biznesa-iespejas\/\" \/>\n<meta property=\"og:site_name\" content=\"FasTrackids Latvia (Russian)\" \/>\n<meta property=\"article:modified_time\" content=\"2016-02-11T08:59:07+00:00\" \/>\n<meta property=\"og:image\" content=\"http:\/\/fastrackids.lv\/wp-content\/uploads\/sites\/3\/2015\/06\/Sazinaties_ar_Fastrackids-300x43.png\" \/>\n<script type=\"application\/ld+json\" class=\"yoast-schema-graph\">{\"@context\":\"https:\/\/schema.org\",\"@graph\":[{\"@type\":\"WebSite\",\"@id\":\"https:\/\/fastrackids.lv\/ru\/#website\",\"url\":\"https:\/\/fastrackids.lv\/ru\/\",\"name\":\"FasTrackids Latvia (Russian)\",\"description\":\"FasTracKids Latvia\",\"potentialAction\":[{\"@type\":\"SearchAction\",\"target\":{\"@type\":\"EntryPoint\",\"urlTemplate\":\"https:\/\/fastrackids.lv\/ru\/?s={search_term_string}\"},\"query-input\":\"required name=search_term_string\"}],\"inLanguage\":\"en-US\"},{\"@type\":\"ImageObject\",\"@id\":\"http:\/\/fastrackids.lv\/ru\/biznesa-iespejas\/#primaryimage\",\"inLanguage\":\"en-US\",\"url\":\"http:\/\/fastrackids.lv\/wp-content\/uploads\/sites\/3\/2015\/06\/Sazinaties_ar_Fastrackids-300x43.png\",\"contentUrl\":\"http:\/\/fastrackids.lv\/wp-content\/uploads\/sites\/3\/2015\/06\/Sazinaties_ar_Fastrackids-300x43.png\"},{\"@type\":\"WebPage\",\"@id\":\"http:\/\/fastrackids.lv\/ru\/biznesa-iespejas\/#webpage\",\"url\":\"http:\/\/fastrackids.lv\/ru\/biznesa-iespejas\/\",\"name\":\"Biznesa Iesp\\u0113jas - FasTrackids Latvia (Russian)\",\"isPartOf\":{\"@id\":\"https:\/\/fastrackids.lv\/ru\/#website\"},\"primaryImageOfPage\":{\"@id\":\"http:\/\/fastrackids.lv\/ru\/biznesa-iespejas\/#primaryimage\"},\"datePublished\":\"2015-06-11T15:10:42+00:00\",\"dateModified\":\"2016-02-11T08:59:07+00:00\",\"breadcrumb\":{\"@id\":\"http:\/\/fastrackids.lv\/ru\/biznesa-iespejas\/#breadcrumb\"},\"inLanguage\":\"en-US\",\"potentialAction\":[{\"@type\":\"ReadAction\",\"target\":[\"http:\/\/fastrackids.lv\/ru\/biznesa-iespejas\/\"]}]},{\"@type\":\"BreadcrumbList\",\"@id\":\"http:\/\/fastrackids.lv\/ru\/biznesa-iespejas\/#breadcrumb\",\"itemListElement\":[{\"@type\":\"ListItem\",\"position\":1,\"name\":\"Home\",\"item\":\"https:\/\/fastrackids.lv\/ru\/\"},{\"@type\":\"ListItem\",\"position\":2,\"name\":\"Biznesa Iesp\\u0113jas\"}]}]}<\/script>\n<!-- \/ Yoast SEO plugin. -->","yoast_head_json":{"robots":{"index":"index","follow":"follow","max-snippet":"max-snippet:-1","max-image-preview":"max-image-preview:large","max-video-preview":"max-video-preview:-1"},"canonical":"http:\/\/fastrackids.lv\/ru\/biznesa-iespejas\/","og_locale":"en_US","og_type":"article","og_title":"Biznesa Iesp\u0113jas - FasTrackids Latvia (Russian)","og_description":"Lai sazin\u0101tos ar FasTracKids Latvia programmu licen\u010du ieg\u0101des vai citos ar apm\u0101c\u012bbu parogramm\u0101m un to pasnieg\u0161anu saist\u012btos jaut\u0101jumos, l\u016bdzam aizpild\u012bt kontaktinform\u0101cijas formu, nozpie\u017eot &#8220;SAZIN\u0100TIES AR FASTTRACKIDS&#8221;. &nbsp; &nbsp;","og_url":"http:\/\/fastrackids.lv\/ru\/biznesa-iespejas\/","og_site_name":"FasTrackids Latvia (Russian)","article_modified_time":"2016-02-11T08:59:07+00:00","og_image":[{"url":"http:\/\/fastrackids.lv\/wp-content\/uploads\/sites\/3\/2015\/06\/Sazinaties_ar_Fastrackids-300x43.png"}],"schema":{"@context":"https:\/\/schema.org","@graph":[{"@type":"WebSite","@id":"https:\/\/fastrackids.lv\/ru\/#website","url":"https:\/\/fastrackids.lv\/ru\/","name":"FasTrackids Latvia (Russian)","description":"FasTracKids Latvia","potentialAction":[{"@type":"SearchAction","target":{"@type":"EntryPoint","urlTemplate":"https:\/\/fastrackids.lv\/ru\/?s={search_term_string}"},"query-input":"required name=search_term_string"}],"inLanguage":"en-US"},{"@type":"ImageObject","@id":"http:\/\/fastrackids.lv\/ru\/biznesa-iespejas\/#primaryimage","inLanguage":"en-US","url":"http:\/\/fastrackids.lv\/wp-content\/uploads\/sites\/3\/2015\/06\/Sazinaties_ar_Fastrackids-300x43.png","contentUrl":"http:\/\/fastrackids.lv\/wp-content\/uploads\/sites\/3\/2015\/06\/Sazinaties_ar_Fastrackids-300x43.png"},{"@type":"WebPage","@id":"http:\/\/fastrackids.lv\/ru\/biznesa-iespejas\/#webpage","url":"http:\/\/fastrackids.lv\/ru\/biznesa-iespejas\/","name":"Biznesa Iesp\u0113jas - FasTrackids Latvia (Russian)","isPartOf":{"@id":"https:\/\/fastrackids.lv\/ru\/#website"},"primaryImageOfPage":{"@id":"http:\/\/fastrackids.lv\/ru\/biznesa-iespejas\/#primaryimage"},"datePublished":"2015-06-11T15:10:42+00:00","dateModified":"2016-02-11T08:59:07+00:00","breadcrumb":{"@id":"http:\/\/fastrackids.lv\/ru\/biznesa-iespejas\/#breadcrumb"},"inLanguage":"en-US","potentialAction":[{"@type":"ReadAction","target":["http:\/\/fastrackids.lv\/ru\/biznesa-iespejas\/"]}]},{"@type":"BreadcrumbList","@id":"http:\/\/fastrackids.lv\/ru\/biznesa-iespejas\/#breadcrumb","itemListElement":[{"@type":"ListItem","position":1,"name":"Home","item":"https:\/\/fastrackids.lv\/ru\/"},{"@type":"ListItem","position":2,"name":"Biznesa Iesp\u0113jas"}]}]}},"_links":{"self":[{"href":"http:\/\/fastrackids.lv\/ru\/wp-json\/wp\/v2\/pages\/740"}],"collection":[{"href":"http:\/\/fastrackids.lv\/ru\/wp-json\/wp\/v2\/pages"}],"about":[{"href":"http:\/\/fastrackids.lv\/ru\/wp-json\/wp\/v2\/types\/page"}],"author":[{"embeddable":true,"href":"http:\/\/fastrackids.lv\/ru\/wp-json\/wp\/v2\/users\/9"}],"replies":[{"embeddable":true,"href":"http:\/\/fastrackids.lv\/ru\/wp-json\/wp\/v2\/comments?post=740"}],"version-history":[{"count":18,"href":"http:\/\/fastrackids.lv\/ru\/wp-json\/wp\/v2\/pages\/740\/revisions"}],"predecessor-version":[{"id":898,"href":"http:\/\/fastrackids.lv\/ru\/wp-json\/wp\/v2\/pages\/740\/revisions\/898"}],"wp:attachment":[{"href":"http:\/\/fastrackids.lv\/ru\/wp-json\/wp\/v2\/media?parent=740"}],"curies":[{"name":"wp","href":"https:\/\/api.w.org\/{rel}","templated":true}]}}