{"id":471,"date":"2014-12-17T23:04:02","date_gmt":"2014-12-17T23:04:02","guid":{"rendered":"http:\/\/goftk.com\/?page_id=471"},"modified":"2016-04-26T11:45:47","modified_gmt":"2016-04-26T09:45:47","slug":"kontakti","status":"publish","type":"page","link":"http:\/\/fastrackids.lv\/ru\/kontakti\/","title":{"rendered":"Kontakti"},"content":{"rendered":"<p><strong>FasTracKids Latvia, SIA<\/strong><br \/>\nRe\u0123istr\u0101cijas Nr.: 40103804027<br \/>\nAdrese: Balasta dambis 68-3, R\u012bga, LV-1048, Latvija<br \/>\nT\u0101lr.\/Fakss: +371 67619226, 29247037,\u00a029222267<br \/>\nE-pasts: <a href=\"mailto:birojs@fastrackids.lv\/ru\">birojs@fastrackids.lv\/ru<\/a><br \/>\nBanka: A\/S Swedbank<br \/>\nKods: HABALV22X<br \/>\nKonts: LV88HABA0551038525378<\/p>\n<div role=\"form\" class=\"wpcf7\" id=\"wpcf7-f232-o1\" lang=\"en-US\" dir=\"ltr\">\n<div class=\"screen-reader-response\">\n<p role=\"status\" aria-live=\"polite\" aria-atomic=\"true\">\n<ul><\/ul>\n<\/div>\n<form action=\"\/ru\/wp-json\/wp\/v2\/pages\/471#wpcf7-f232-o1\" method=\"post\" class=\"wpcf7-form init\" novalidate=\"novalidate\" data-status=\"init\">\n<div style=\"display: none;\">\n<input type=\"hidden\" name=\"_wpcf7\" value=\"232\" \/><br \/>\n<input type=\"hidden\" name=\"_wpcf7_version\" value=\"5.5.1\" \/><br \/>\n<input type=\"hidden\" name=\"_wpcf7_locale\" value=\"en_US\" \/><br \/>\n<input type=\"hidden\" name=\"_wpcf7_unit_tag\" value=\"wpcf7-f232-o1\" \/><br \/>\n<input type=\"hidden\" name=\"_wpcf7_container_post\" value=\"0\" \/><br \/>\n<input type=\"hidden\" name=\"_wpcf7_posted_data_hash\" value=\"\" \/>\n<\/div>\n<p>J\u016bsu v\u0101rds  <font color=\"red\">*<\/font> <br \/>\n    <span class=\"wpcf7-form-control-wrap your-name\"><input type=\"text\" name=\"your-name\" value=\"\" size=\"40\" class=\"wpcf7-form-control wpcf7-text wpcf7-validates-as-required\" aria-required=\"true\" aria-invalid=\"false\" \/><\/span> <\/p>\n<p>J\u016bsu uzv\u0101rds <font color=\"red\">*<\/font><br \/>\n<span class=\"wpcf7-form-control-wrap LastName\"><input type=\"text\" name=\"LastName\" value=\"\" size=\"40\" class=\"wpcf7-form-control wpcf7-text wpcf7-validates-as-required\" aria-required=\"true\" aria-invalid=\"false\" \/><\/span><\/p>\n<p>J\u016bsu e-pasts  <font color=\"red\">*<\/font><br \/>\n    <span class=\"wpcf7-form-control-wrap your-email\"><input type=\"email\" name=\"your-email\" value=\"\" size=\"40\" class=\"wpcf7-form-control wpcf7-text wpcf7-email wpcf7-validates-as-required wpcf7-validates-as-email\" aria-required=\"true\" aria-invalid=\"false\" \/><\/span> <\/p>\n<p>J\u016bsu t\u0101lru\u0146a numurs <font color=\"red\">*<\/font><br \/>\n<span class=\"wpcf7-form-control-wrap Phone\"><input type=\"tel\" name=\"Phone\" value=\"\" size=\"40\" class=\"wpcf7-form-control wpcf7-text wpcf7-tel wpcf7-validates-as-required wpcf7-validates-as-tel\" aria-required=\"true\" aria-invalid=\"false\" \/><\/span><\/p>\n<p>J\u016bsu koment\u0101ri<br \/>\n<span class=\"wpcf7-form-control-wrap Comments\"><input type=\"text\" name=\"Comments\" value=\"\" size=\"40\" class=\"wpcf7-form-control wpcf7-text\" aria-invalid=\"false\" \/><\/span><\/p>\n<p>CAPTCHA Code: <font color=\"red\">*<\/font> <\/p>\n<p><input type=\"hidden\" name=\"_wpcf7_captcha_challenge_captcha-95\" value=\"253422604\" \/><img class=\"wpcf7-form-control wpcf7-captchac wpcf7-captcha-captcha-95\" width=\"72\" height=\"24\" alt=\"captcha\" src=\"http:\/\/fastrackids.lv\/ru\/wp-content\/uploads\/sites\/3\/wpcf7_captcha\/253422604.png\" \/><br \/>\n<span class=\"wpcf7-form-control-wrap captcha-95\"><input type=\"text\" name=\"captcha-95\" value=\"\" size=\"40\" class=\"wpcf7-form-control wpcf7-captchar\" autocomplete=\"off\" aria-invalid=\"false\" \/><\/span><\/p>\n<p><input type=\"submit\" value=\"S\u016bt\u012bt\" class=\"wpcf7-form-control has-spinner wpcf7-submit\" \/><\/p>\n<div class=\"wpcf7-response-output\" aria-hidden=\"true\"><\/div>\n<\/form>\n<\/div>\n","protected":false},"excerpt":{"rendered":"<p>FasTracKids Latvia, SIA Re\u0123istr\u0101cijas Nr.: 40103804027 Adrese: Balasta dambis 68-3, R\u012bga, LV-1048, Latvija T\u0101lr.\/Fakss: +371 67619226, 29247037,\u00a029222267 E-pasts: birojs@fastrackids.lv\/ru Banka: A\/S Swedbank Kods: HABALV22X Konts: LV88HABA0551038525378<\/p>\n","protected":false},"author":9,"featured_media":0,"parent":0,"menu_order":0,"comment_status":"closed","ping_status":"closed","template":"page-wide-nolocat.php","meta":[],"yoast_head":"<!-- This site is optimized with the Yoast SEO plugin v17.4 - https:\/\/yoast.com\/wordpress\/plugins\/seo\/ -->\n<meta name=\"robots\" content=\"index, follow, max-snippet:-1, max-image-preview:large, max-video-preview:-1\" \/>\n<link rel=\"canonical\" href=\"http:\/\/fastrackids.lv\/ru\/kontakti\/\" \/>\n<meta property=\"og:locale\" content=\"en_US\" \/>\n<meta property=\"og:type\" content=\"article\" \/>\n<meta property=\"og:title\" content=\"Kontakti - FasTrackids Latvia (Russian)\" \/>\n<meta property=\"og:description\" content=\"FasTracKids Latvia, SIA Re\u0123istr\u0101cijas Nr.: 40103804027 Adrese: Balasta dambis 68-3, R\u012bga, LV-1048, Latvija T\u0101lr.\/Fakss: +371 67619226, 29247037,\u00a029222267 E-pasts: birojs@fastrackids.lv\/ru Banka: A\/S Swedbank Kods: HABALV22X Konts: LV88HABA0551038525378\" \/>\n<meta property=\"og:url\" content=\"http:\/\/fastrackids.lv\/ru\/kontakti\/\" \/>\n<meta property=\"og:site_name\" content=\"FasTrackids Latvia (Russian)\" \/>\n<meta property=\"article:modified_time\" content=\"2016-04-26T09:45:47+00:00\" \/>\n<script type=\"application\/ld+json\" class=\"yoast-schema-graph\">{\"@context\":\"https:\/\/schema.org\",\"@graph\":[{\"@type\":\"WebSite\",\"@id\":\"https:\/\/fastrackids.lv\/ru\/#website\",\"url\":\"https:\/\/fastrackids.lv\/ru\/\",\"name\":\"FasTrackids Latvia (Russian)\",\"description\":\"FasTracKids Latvia\",\"potentialAction\":[{\"@type\":\"SearchAction\",\"target\":{\"@type\":\"EntryPoint\",\"urlTemplate\":\"https:\/\/fastrackids.lv\/ru\/?s={search_term_string}\"},\"query-input\":\"required name=search_term_string\"}],\"inLanguage\":\"en-US\"},{\"@type\":\"WebPage\",\"@id\":\"http:\/\/fastrackids.lv\/ru\/kontakti\/#webpage\",\"url\":\"http:\/\/fastrackids.lv\/ru\/kontakti\/\",\"name\":\"Kontakti - FasTrackids Latvia (Russian)\",\"isPartOf\":{\"@id\":\"https:\/\/fastrackids.lv\/ru\/#website\"},\"datePublished\":\"2014-12-17T23:04:02+00:00\",\"dateModified\":\"2016-04-26T09:45:47+00:00\",\"breadcrumb\":{\"@id\":\"http:\/\/fastrackids.lv\/ru\/kontakti\/#breadcrumb\"},\"inLanguage\":\"en-US\",\"potentialAction\":[{\"@type\":\"ReadAction\",\"target\":[\"http:\/\/fastrackids.lv\/ru\/kontakti\/\"]}]},{\"@type\":\"BreadcrumbList\",\"@id\":\"http:\/\/fastrackids.lv\/ru\/kontakti\/#breadcrumb\",\"itemListElement\":[{\"@type\":\"ListItem\",\"position\":1,\"name\":\"Home\",\"item\":\"https:\/\/fastrackids.lv\/ru\/\"},{\"@type\":\"ListItem\",\"position\":2,\"name\":\"Kontakti\"}]}]}<\/script>\n<!-- \/ Yoast SEO plugin. -->","yoast_head_json":{"robots":{"index":"index","follow":"follow","max-snippet":"max-snippet:-1","max-image-preview":"max-image-preview:large","max-video-preview":"max-video-preview:-1"},"canonical":"http:\/\/fastrackids.lv\/ru\/kontakti\/","og_locale":"en_US","og_type":"article","og_title":"Kontakti - FasTrackids Latvia (Russian)","og_description":"FasTracKids Latvia, SIA Re\u0123istr\u0101cijas Nr.: 40103804027 Adrese: Balasta dambis 68-3, R\u012bga, LV-1048, Latvija T\u0101lr.\/Fakss: +371 67619226, 29247037,\u00a029222267 E-pasts: birojs@fastrackids.lv\/ru Banka: A\/S Swedbank Kods: HABALV22X Konts: LV88HABA0551038525378","og_url":"http:\/\/fastrackids.lv\/ru\/kontakti\/","og_site_name":"FasTrackids Latvia (Russian)","article_modified_time":"2016-04-26T09:45:47+00:00","schema":{"@context":"https:\/\/schema.org","@graph":[{"@type":"WebSite","@id":"https:\/\/fastrackids.lv\/ru\/#website","url":"https:\/\/fastrackids.lv\/ru\/","name":"FasTrackids Latvia (Russian)","description":"FasTracKids Latvia","potentialAction":[{"@type":"SearchAction","target":{"@type":"EntryPoint","urlTemplate":"https:\/\/fastrackids.lv\/ru\/?s={search_term_string}"},"query-input":"required name=search_term_string"}],"inLanguage":"en-US"},{"@type":"WebPage","@id":"http:\/\/fastrackids.lv\/ru\/kontakti\/#webpage","url":"http:\/\/fastrackids.lv\/ru\/kontakti\/","name":"Kontakti - FasTrackids Latvia (Russian)","isPartOf":{"@id":"https:\/\/fastrackids.lv\/ru\/#website"},"datePublished":"2014-12-17T23:04:02+00:00","dateModified":"2016-04-26T09:45:47+00:00","breadcrumb":{"@id":"http:\/\/fastrackids.lv\/ru\/kontakti\/#breadcrumb"},"inLanguage":"en-US","potentialAction":[{"@type":"ReadAction","target":["http:\/\/fastrackids.lv\/ru\/kontakti\/"]}]},{"@type":"BreadcrumbList","@id":"http:\/\/fastrackids.lv\/ru\/kontakti\/#breadcrumb","itemListElement":[{"@type":"ListItem","position":1,"name":"Home","item":"https:\/\/fastrackids.lv\/ru\/"},{"@type":"ListItem","position":2,"name":"Kontakti"}]}]}},"_links":{"self":[{"href":"http:\/\/fastrackids.lv\/ru\/wp-json\/wp\/v2\/pages\/471"}],"collection":[{"href":"http:\/\/fastrackids.lv\/ru\/wp-json\/wp\/v2\/pages"}],"about":[{"href":"http:\/\/fastrackids.lv\/ru\/wp-json\/wp\/v2\/types\/page"}],"author":[{"embeddable":true,"href":"http:\/\/fastrackids.lv\/ru\/wp-json\/wp\/v2\/users\/9"}],"replies":[{"embeddable":true,"href":"http:\/\/fastrackids.lv\/ru\/wp-json\/wp\/v2\/comments?post=471"}],"version-history":[{"count":9,"href":"http:\/\/fastrackids.lv\/ru\/wp-json\/wp\/v2\/pages\/471\/revisions"}],"predecessor-version":[{"id":911,"href":"http:\/\/fastrackids.lv\/ru\/wp-json\/wp\/v2\/pages\/471\/revisions\/911"}],"wp:attachment":[{"href":"http:\/\/fastrackids.lv\/ru\/wp-json\/wp\/v2\/media?parent=471"}],"curies":[{"name":"wp","href":"https:\/\/api.w.org\/{rel}","templated":true}]}}