{"id":463,"date":"2014-12-17T22:51:10","date_gmt":"2014-12-17T22:51:10","guid":{"rendered":"http:\/\/goftk.com\/?page_id=463"},"modified":"2015-06-30T19:55:34","modified_gmt":"2015-06-30T17:55:34","slug":"privatuma-politika","status":"publish","type":"page","link":"http:\/\/fastrackids.lv\/ru\/privatuma-politika\/","title":{"rendered":"Priv\u0101tuma Politika"},"content":{"rendered":"<p style=\"text-align: center;\"><b>Uz\u0146\u0113muma <\/b><b><i>FasTracKids\u00a0International, LTD.<\/i><\/b><\/p>\n<p style=\"text-align: center;\"><b>t\u012bmek\u013ca vietnes priv\u0101tuma politika<\/b><\/p>\n<p>Paldies, ka apmekl\u0113j\u0101t uz\u0146\u0113muma <i>FasTracKids International, Ltd.<\/i> (turpm\u0101k\u00a0\u2014 <i>FasTracKids<\/i>) t\u012bmek\u013ca vietni (turpm\u0101k\u00a0\u2014 <i>m\u016bsu t\u012bmek\u013ca vietne<\/i>). \u0160\u012b priv\u0101tuma politika nosaka, k\u0101 uz\u0146\u0113mums <i>FasTracKids<\/i> r\u012bkosies ar inform\u0101ciju, ko uzzina par jums, kad apmekl\u0113jat m\u016bsu t\u012bmek\u013ca vietni. Iz\u0146emot, kur skaidri nor\u0101d\u012bts cit\u0101di, v\u0101rds <i>m\u0113s<\/i> \u0161aj\u0101 priv\u0101tuma politik\u0101 attiecas uz uz\u0146\u0113mumu <i>FasTracKids<\/i>. Atsauces uz<i> m\u016bsu t\u012bmek\u013ca vietni<\/i> \u0161aj\u0101 priv\u0101tuma politik\u0101 attiecas gan uz vietni\u201c<a href=\"http:\/\/www.fastrackids.lv\/ru\">www.fastrackids.lv\/ru<\/a>\u201d\u00a0gan uz vietni\u00a0\u201c<a href=\"http:\/\/www.fastrackparents.com.\/\">www.fastrackparents.com.<\/a>\u201d<\/p>\n<p>Ja esat pa\u0161reiz\u0113js m\u016bsu fran\u0161\u012bzes \u0146\u0113m\u0113js, licences \u0146\u0113m\u0113js, galvenais fran\u0161\u012bzes \u0146\u0113m\u0113js vai teritorijas att\u012bst\u012bt\u0101js (turpm\u0101k ikviens no tiem\u00a0\u2014 <i>fran\u0161\u012bzes \u0146\u0113m\u0113js<\/i>), atsauces uz <i>m\u016bsu t\u012bmek\u013ca vietni<\/i> attiecas uz m\u016bsu t\u012bmek\u013ca vietnes fran\u0161\u012bzes \u0146\u0113m\u0113ju apak\u0161dom\u0113niem, fran\u0161\u012bzes \u0146\u0113m\u0113ju valstu dom\u0113niem un jebk\u0101diem citiem zi\u0146ojumd\u0113\u013ca pakalpojumiem, t\u0113rz\u0113\u0161anas viet\u0101m, blogiem, forumiem un saist\u012bt\u0101m komunik\u0101cijas iesp\u0113j\u0101m, kas izveidotas, lai j\u016bs var\u0113tu komunic\u0113t ar citiem p\u0101rst\u0101vjiem <i>FasTracKids<\/i> fran\u0161\u012b\u017eu sist\u0113m\u0101, kas paredz\u0113ta tikai un vien\u012bgi fran\u0161\u012bzes \u0146\u0113m\u0113ju lieto\u0161anai (turpm\u0101k kop\u012bgi saukts\u00a0\u2014 <i>fran\u0161\u012b\u017eu forums<\/i>).<\/p>\n<p>L\u016bdzu, esiet dro\u0161i, ka mums nav nek\u0101 svar\u012bg\u0101ka k\u0101 m\u016bsu apmekl\u0113t\u0101ju priv\u0101tums. <b>Kad apmekl\u0113jat m\u016bsu t\u012bmek\u013ca vietni, m\u0113s neieg\u016bstam nek\u0101du inform\u0101ciju, p\u0113c kuras j\u016bs var identific\u0113t, ja vien neizv\u0113laties sniegt mums \u0161\u0101du inform\u0101ciju br\u012bvpr\u0101t\u012bgi.<\/b>\u00a0Sniedzot m\u016bsu t\u012bmek\u013ca vietn\u0113 inform\u0101ciju, p\u0113c kuras j\u016bs var identific\u0113t, j\u016bs piekr\u012btat m\u016bsu priv\u0101tuma politikas noteikumiem.<\/p>\n<h3><b>Konfidencialit\u0101te<\/b><\/h3>\n<p>M\u0113s esam vien\u012bgais m\u016bsu t\u012bmek\u013ca vietn\u0113 ieg\u016bt\u0101s inform\u0101cijas \u012bpa\u0161nieks. M\u0113s sniegsim j\u016bsu person\u012bgo inform\u0101ciju tre\u0161\u0101m person\u0101m, ja tas visp\u0101r b\u016bs nepiecie\u0161ams, tikai \u0161aj\u0101 priv\u0101tuma politik\u0101 aprakst\u012btajos veidos vai tikai tad, ja to noteiks likums, vai, balstoties uz labtic\u012bgu uzskatu, ka \u0161\u0101da inform\u0101cijas snieg\u0161ana ir nepiecie\u0161ama, lai izpild\u012btu sp\u0113k\u0101 eso\u0161\u0101s likumdo\u0161anas pras\u012bbas.<\/p>\n<h3><b>Inform\u0101cijas ieguve un lieto\u0161ana<\/b><\/h3>\n<p><b><i>Autom\u0101tiska ieguve<\/i><\/b><b><i>.<\/i>\u00a0<\/b>K\u0101 vairum\u0101 t\u012bmek\u013ca viet\u0146u, apmekl\u0113jot m\u016bsu t\u012bmek\u013ca vietni, m\u0113s autom\u0101tiski ieg\u016bstam un saglab\u0101jam t\u0101l\u0101k min\u0113to inform\u0101ciju, p\u0113c kuras nevar identific\u0113t personas:<\/p>\n<ul>\n<li>apmekl\u0113juma datums un laiks;<\/li>\n<li>s\u0101kotn\u0113j\u0101 IP adrese;<\/li>\n<li>izmantot\u0101 p\u0101rl\u016bkprogramma un oper\u0113t\u0101jsist\u0113ma (ja \u0161\u0101du inform\u0101ciju sniedz p\u0101rl\u016bkprogramma);<\/li>\n<li>atsauces lapas URL (ja \u0161\u0101du inform\u0101ciju sniedz p\u0101rl\u016bkprogramma);<\/li>\n<li>piepras\u012btais objekts;<\/li>\n<li>piepras\u012bjuma pabeig\u0161anas statuss;<\/li>\n<li>lapas, kas apmekl\u0113tas.<\/li>\n<\/ul>\n<p>M\u0113s izmantojam \u0161o autom\u0101tiski ieg\u016bto inform\u0101ciju, lai noteiktu da\u017e\u0101du t\u012bmek\u013ca vietnes sada\u013cu apmekl\u0113t\u0101ju skaitu, k\u0101 ar\u012b t\u0101 pal\u012bdz mums padar\u012bt m\u016bsu t\u012bmek\u013ca vietni noder\u012bg\u0101ku apmekl\u0113t\u0101jiem. Tas ietver regul\u0101ru \u017eurn\u0101lu anal\u012bzi, lai noteiktu trafiku m\u016bsu serveros, apkalpoto lapu skaitu un piepras\u012bjumu p\u0113c konkr\u0113t\u0101m m\u016bsu t\u012bmek\u013ca vietnes sada\u013c\u0101m un interes\u0113jo\u0161\u0101m t\u0113m\u0101m. M\u0113s varam saglab\u0101t \u0161os \u017eurn\u0101lus nenoteiktu laiku, izmantot tos jebkur\u0101 laik\u0101 un veid\u0101, k\u0101 uzskat\u0101m par nepiecie\u0161amu, k\u0101 ar\u012b padar\u012bt tos pieejamus tre\u0161\u0101m person\u0101m bez j\u016bsu zi\u0146as un piekri\u0161anas. M\u0113s neveidojam saites starp \u0161iem autom\u0101tiski ieg\u016btajiem datiem un inform\u0101ciju, p\u0113c kuras var identific\u0113t personas.<\/p>\n<p><b><i>Br\u012bvpr\u0101t\u012bga inform\u0101cijas snieg\u0161ana<\/i><\/b><b><i>.\u00a0<\/i><\/b>M\u016bsu ierast\u0101s uz\u0146\u0113m\u0113jdarb\u012bbas prakses ietvaros m\u0113s izmantojam savu t\u012bmek\u013ca vietni, lai sazin\u0101tos ar pla\u0161\u0101ku sabiedr\u012bbu, m\u016bsu izstr\u0101d\u0101jumu un pakalpojumu pirc\u0113jiem, ieinteres\u0113tajiem potenci\u0101lajiem un eso\u0161ajiem fran\u0161\u012bzes \u0146\u0113m\u0113jiem. \u0160\u012b procesa ietvaros bie\u017ei ir nepiecie\u0161ams ieg\u016bt person\u012bgu inform\u0101ciju. Piem\u0113ram, ja j\u016bs esat ieinteres\u0113ts potenci\u0101ls fran\u0161\u012bzes \u0146\u0113m\u0113js, m\u0113s varam l\u016bgt j\u016bs iesniegt izskat\u012b\u0161anas l\u016bguma veidlapu, nor\u0101dot j\u016bsu v\u0101rdu, adresi, t\u0101lru\u0146a numuru, e-pasta adresi, faksa numuru, vecumu, \u0123imenes st\u0101vokli, inform\u0101ciju par dz\u012bvesbiedru un apg\u0101d\u0101jamiem, nodarbin\u0101t\u012bbas v\u0113sturi, profesion\u0101lo pieder\u012bbu, pieredzi, paredzamos j\u016bsu fran\u0161\u012bzes darb\u012bbas pl\u0101nus, inform\u0101ciju par jebk\u0101diem partneriem, uz\u0146\u0113m\u0113jdarb\u012bbas un person\u012bgajiem m\u0113r\u0137iem, finan\u0161u inform\u0101ciju un\/vai citu person\u012bgu inform\u0101ciju, lai m\u0113s var\u0113tu \u0101tri un prec\u012bzi atbild\u0113t uz j\u016bsu piepras\u012bjumu. Ja j\u016bs esat vec\u0101ks vai likum\u012bgais aizbildnis, kur\u0161 pieprasa inform\u0101ciju par <i>FasTracKids<\/i> pakalpojumiem vai konkr\u0113tu fran\u0161\u012bzes atra\u0161an\u0101s vietu, j\u016bs varat iesniegt \u0161o piepras\u012bjumu, nor\u0101dot j\u016bsu v\u0101rdu, adresi, e-pasta adresi, t\u0101lru\u0146a numuru un jebk\u0101du citu inform\u0101ciju, kas var b\u016bt mums nepiecie\u0161ama. Ja j\u016bs esat vec\u0101ks vai likum\u012bgais aizbildnis skolniekam, kur\u0161 \u0161obr\u012bd ir re\u0123istr\u0113ts m\u016bsu kursiem, un v\u0113laties piek\u013c\u016bt vec\u0101kiem paredz\u0113taj\u0101m sada\u013c\u0101m m\u016bsu t\u012bmek\u013ca vietn\u0113, m\u0113s varam l\u016bgt jums nor\u0101d\u012bt j\u016bsu v\u0101rdu, j\u016bsu b\u0113rna v\u0101rdu un citu inform\u0101ciju par jums un j\u016bsu b\u0113rnu, k\u0101 ar\u012b inform\u0101ciju par j\u016bsu b\u0113rna iesaist\u012b\u0161anos kursos, lai apstiprin\u0101tu j\u016bsu b\u0113rna re\u0123istr\u0101ciju vai cit\u0101 nol\u016bk\u0101. Ja j\u016bs esat m\u016bsu fran\u0161\u012bzes \u0146\u0113m\u0113js, m\u0113s varam l\u016bgt sniegt konkr\u0113tu inform\u0101ciju par jums un j\u016bsu uz\u0146\u0113m\u0113jdarb\u012bbu, lai apstiprin\u0101tu j\u016bsu ties\u012bbas piek\u013c\u016bt fran\u0161\u012b\u017eu forumam vai cit\u0101 nol\u016bk\u0101. <b>J\u016bs sniedzat jebk\u0101du person\u012bgu inform\u0101ciju par sevi piln\u012bgi br\u012bvpr\u0101t\u012bgi.\u00a0<\/b>Ja j\u016bs izv\u0113laties sniegt k\u0101du person\u012bgu inform\u0101ciju m\u016bsu t\u012bmek\u013ca vietn\u0113, aizpildot veidlapas, kur\u0101s j\u0101nor\u0101da person\u012bga inform\u0101cija, un nospie\u017eot pogu <i>Iesniegt<\/i> vai citas l\u012bdz\u012bgas pogas, m\u0113s dr\u012bkstam koplietot \u0161o inform\u0101ciju m\u016bsu organiz\u0101cijas iek\u0161ien\u0113, tostarp ar \u012bpa\u0161niekiem, amatperson\u0101m, direktoriem un konkr\u0113tiem darbiniekiem p\u0113c nepiecie\u0161am\u012bbas, p\u0101rst\u0101vjiem un a\u0123entiem. M\u0113s dr\u012bkstam izmantot \u0161o br\u012bvpr\u0101t\u012bgi sniegto inform\u0101ciju, lai atbild\u0113tu uz j\u016bsu t\u016bl\u012bt\u0113jo piepras\u012bjumu, lai apstiprin\u0101tu j\u016bsu ties\u012bbas piek\u013c\u016bt atsevi\u0161\u0137\u0101m m\u016bsu t\u012bmek\u013ca vietnes sada\u013c\u0101m un lai n\u0101kotn\u0113 sazin\u0101tos un turpin\u0101tu komunik\u0101ciju ar jums, tostarp s\u016bt\u012btu jums rekl\u0101mmateri\u0101lus un citu inform\u0101ciju. M\u0113s varam uzglab\u0101t dro\u0161\u0101 viet\u0101 jebk\u0101du person\u012bgo inform\u0101ciju, ko j\u016bs sniedzat tikai m\u016bsu t\u012bmek\u013ca vietn\u0113, l\u012bdz br\u012bdim, kad piepras\u0101t, lai m\u0113s dz\u0113stu j\u016bsu person\u012bgo inform\u0101ciju, k\u0101 izkl\u0101st\u012bts t\u0101l\u0101k sada\u013c\u0101 <i>Piek\u013cuve person\u012bgai inform\u0101cijai<\/i>, vai l\u012bdz br\u012bdim, kad uzskat\u0101m \u0161o inform\u0101ciju par nevajadz\u012bgu m\u016bsu ierast\u0101s uz\u0146\u0113m\u0113jdarb\u012bbas \u012bsteno\u0161anai. J\u016bsu person\u012bg\u0101 inform\u0101cija tiks dz\u0113sta vai iz\u0146emta t\u0101d\u0101 veid\u0101, kas nodro\u0161ina vislab\u0101ko j\u016bsu person\u012bg\u0101s inform\u0101cijas aizsardz\u012bbu.<\/p>\n<p><b><i>Inform\u0101cijas koplieto\u0161ana ar tre\u0161\u0101m person\u0101m<\/i><\/b><b><i>.<\/i><\/b>\u00a0M\u0113s dr\u012bkstam koplietot inform\u0101ciju, p\u0113c kuras nevar identific\u0113t personas, piem\u0113ram, autom\u0101tiski ieg\u016bto inform\u0101ciju j\u016bsu t\u012bmek\u013ca vietnes apmekl\u0113juma laik\u0101, ar jebk\u0101d\u0101m tre\u0161\u0101m person\u0101m bez j\u016bsu zi\u0146as vai piekri\u0161anas. Parasti m\u0113s nekoplietojam nek\u0101du j\u016bsu sniegto inform\u0101ciju, p\u0113c kuras j\u016bs var identific\u0113t, ne ar vienu personu \u0101rpus m\u016bsu organiz\u0101cijas un fran\u0161\u012b\u017eu sist\u0113mas, ar jebk\u0101du citu juridisku personu vai organiz\u0101ciju, vai valsts a\u0123ent\u016bru, iz\u0146emot gad\u012bjumus, kad esam sa\u0146\u0113mu\u0161i j\u016bsu iepriek\u0161\u0113ju rakstisku piekri\u0161anu vai kad inform\u0101cija j\u0101sniedz saska\u0146\u0101 ar sp\u0113k\u0101 eso\u0161o likumdo\u0161anu. M\u0113s skaidri paturam ties\u012bbas atkl\u0101t j\u016bsu person\u012bgo inform\u0101ciju saska\u0146\u0101 ar likumdo\u0161anas pras\u012bb\u0101m un gad\u012bjumos, kad uzskat\u0101m t\u0101s atkl\u0101\u0161anu par nepiecie\u0161amu, lai aizsarg\u0101tu m\u016bsu ties\u012bbas un\/vai iev\u0113rotu tiesas s\u0113des, tiesas izpildraksta vai tiesas procesa pras\u012bbas. M\u0113s dr\u012bkstam atkl\u0101t j\u016bsu person\u012bgo inform\u0101ciju fran\u0161\u012bzes \u0146\u0113m\u0113jiem un \u012bpa\u0161niekiem, amatperson\u0101m, direktoriem un konkr\u0113tiem darbiniekiem p\u0113c nepiecie\u0161am\u012bbas, k\u0101 ar\u012b p\u0101rst\u0101vjiem un a\u0123entiem. Jo \u012bpa\u0161i, ja esat vec\u0101ks vai likum\u012bgais aizbildnis, kur\u0161 pieprasa inform\u0101ciju par <i>FasTracKids<\/i> pakalpojumiem vai konkr\u0113tas fran\u0161\u012bzes atra\u0161an\u0101s vietu, m\u0113s atkl\u0101sim jebk\u0101du j\u016bsu sniegto person\u012bgo inform\u0101ciju fran\u0161\u012bzes \u0146\u0113m\u0113jam, kur\u0161 p\u0101rvalda attiec\u012bgo fran\u0161\u012bzi. M\u0113s dr\u012bkstam ar\u012b atkl\u0101t j\u016bsu person\u012bgo inform\u0101ciju tre\u0161\u0101m person\u0101m, ar kur\u0101m mums ir nosl\u0113gti l\u012bgumi m\u016bsu uz\u0146\u0113m\u0113jdarb\u012bbas atbalstam. M\u0113s skaidri paturam ties\u012bbas atkl\u0101t j\u016bsu person\u012bgo inform\u0101ciju, lai nodro\u0161in\u0101tu m\u016bsu t\u012bmek\u013ca vietnes lieto\u0161anas noteikumu iev\u0113ro\u0161anu vai lai garant\u0113tu citu lietot\u0101ju aizsardz\u012bbu un dro\u0161\u012bbu.<\/p>\n<p>M\u0113s varam p\u0101rs\u016bt\u012bt j\u016bsu person\u012bgo inform\u0101ciju organiz\u0101cijai vai personai, kas p\u0101r\u0146em ties\u012bbas apvieno\u0161an\u0101s, konsolid\u0101cijas vai cita veida reorganiz\u0101cijas gad\u012bjum\u0101 vai t\u0101d\u0101 gad\u012bjum\u0101, ja tiek p\u0101rdoti b\u016bt\u012bb\u0101 visi t\u0101da uz\u0146\u0113muma akt\u012bvi, kur\u0101 m\u0113s esam iesaist\u012bti.<\/p>\n<p><b><i>E-pasts.\u00a0<\/i><\/b>Nos\u016btot mums elektronisk\u0101 pasta v\u0113stuli, piem\u0113ram, nos\u016btot e-pasta v\u0113stuli, kur\u0101 j\u016bs piepras\u0101t inform\u0101ciju par to, k\u0101 k\u013c\u016bt par m\u016bsu fran\u0161\u012bzes \u0146\u0113m\u0113ju, j\u016bs, iesp\u0113jams, nos\u016bt\u0101t mums inform\u0101ciju, p\u0113c kuras j\u016bs var identific\u0113t. \u0160\u0101dos gad\u012bjumos m\u0113s dr\u012bkstam uzglab\u0101t inform\u0101ciju tik ilgi, cik nepiecie\u0161ams, lai prec\u012bzi atbild\u0113tu uz j\u016bsu piepras\u012bjumu. L\u016bdzu, \u0146emiet v\u0113r\u0101, ka e-pasts var b\u016bt neaizsarg\u0101ts pret p\u0101rtver\u0161anu vai nos\u016bt\u012b\u0161anu nepareizam adres\u0101tam. J\u016bsu dro\u0161\u012bbai m\u0113s iesak\u0101m nos\u016bt\u012bt mums jut\u012bgu inform\u0101ciju, izmantojot k\u0101du citu metodi, nevis e-pastu.<\/p>\n<h3><b>Saites uz cit\u0101m t\u012bmek\u013ca vietn\u0113m<\/b><\/h3>\n<p>M\u016bsu t\u012bmek\u013ca vietne var satur\u0113t saites uz cit\u0101m t\u012bmek\u013ca vietn\u0113m, kuras m\u0113s nekontrol\u0113jam un nep\u0101rvald\u0101m, piem\u0113ram, priv\u0101tu juridisko personu un organiz\u0101ciju t\u012bmek\u013ca vietn\u0113m. L\u016bdzu, \u0146emiet v\u0113r\u0101, ka, atverot saiti un dodoties uz citu t\u012bmek\u013ca vietni, jums j\u0101iev\u0113ro attiec\u012bg\u0101s t\u012bmek\u013ca vietnes priv\u0101tuma politika. M\u0113s neuz\u0146emamies atbild\u012bbu, k\u0101 ar\u012b neizvirz\u0101m nek\u0101das pras\u012bbas vai neuz\u0146emamies p\u0101rst\u0101vniec\u012bbu attiec\u012bb\u0101 uz jebk\u0101das citas t\u012bmek\u013ca vietnes priv\u0101tuma politiku. Pirms iesniegt person\u012bgu inform\u0101ciju k\u0101das citas t\u012bmek\u013ca vietnes kontrollerim vai operatoram, m\u0113s iesak\u0101m iepaz\u012bties ar attiec\u012bg\u0101s t\u012bmek\u013ca vietnes priv\u0101tuma politiku.<\/p>\n<h3><b>S\u012bkfailu izmanto\u0161ana<\/b><\/h3>\n<p>S\u012bkfails ir mazs teksta fails, kas tiek saglab\u0101ts lietot\u0101ja dator\u0101 ierakstu glab\u0101\u0161anas vajadz\u012bb\u0101m. Tos nevar programm\u0113t, tie nevar p\u0101rn\u0113s\u0101t v\u012brusus un instal\u0113t \u013caunprogrammat\u016bru resursdator\u0101. M\u0113s izmantojam s\u012bkfailus sav\u0101 t\u012bmek\u013ca vietn\u0113, lai noteiktu apmekl\u0113t\u0101ju skaitu ar pakalpojuma <i>Google Analytics<\/i> starpniec\u012bbu.<\/p>\n<h3><b>Piek\u013cuve person\u012bgai inform\u0101cijai<\/b><\/h3>\n<p>Ja jebk\u0101da j\u016bsu sniegt\u0101 person\u012bg\u0101 inform\u0101cija main\u0101s vai ja vairs nev\u0113laties, lai m\u0113s uzglab\u0101tu j\u016bsu person\u012bgo inform\u0101ciju \u0161aj\u0101 priv\u0101tuma politik\u0101 min\u0113taj\u0101 nol\u016bk\u0101, j\u016bs varat piepras\u012bt \u0161\u012bs inform\u0101cijas labo\u0161anu, atjauno\u0161anu vai dz\u0113\u0161anu, sazinoties ar mums k\u0101d\u0101 no t\u0101l\u0101k min\u0113tajiem veidiem.<\/p>\n<h3><b>Dro\u0161\u012bba<\/b><\/h3>\n<p>Mums ir svar\u012bga jebk\u0101das j\u016bsu sniegt\u0101s person\u012bg\u0101s inform\u0101cijas dro\u0161\u012bba. M\u0113s iev\u0113rojam visp\u0101rpie\u0146emtus nozares standartus, lai aizsarg\u0101tu jebk\u0101du j\u016bsu sniegto person\u012bgo inform\u0101ciju, tom\u0113r neviena inform\u0101cijas p\u0101rraides internet\u0101 vai elektronisk\u0101s uzglab\u0101\u0161anas metode nav 100\u00a0% dro\u0161a. T\u0101d\u0113\u013c, kaut ar\u012b m\u0113s cen\u0161amies izmantot komerci\u0101laj\u0101 vid\u0113 pie\u0146emamus l\u012bdzek\u013cus j\u016bsu person\u012bg\u0101s inform\u0101cijas aizsardz\u012bbai, m\u0113s nevaram garant\u0113t t\u0101s absol\u016btu dro\u0161\u012bbu.<\/p>\n<h3><b>Lieto\u0161anas noteikumi<\/b><\/h3>\n<p>Izmantojot m\u016bsu t\u012bmek\u013ca vietni, jums j\u0101iev\u0113ro m\u016bsu t\u012bmek\u013ca vietnes lieto\u0161anas noteikumi. J\u016bs varat piek\u013c\u016bt \u0161iem noteikumiem m\u016bsu t\u012bmek\u013ca vietn\u0113.<\/p>\n<h3><b>Priv\u0101tuma politikas izmai\u0146as\u00a0<\/b><\/h3>\n<p>M\u0113s skaidri paturam ties\u012bbas main\u012bt \u0161o priv\u0101tuma politiku jebkur\u0101 laik\u0101, t\u0101p\u0113c bie\u017ei izskatiet to. Ja veiksim priv\u0101tuma politik\u0101 b\u016btiskas izmai\u0146as, t\u0101s tiks public\u0113tas \u0161aj\u0101 lap\u0101.<\/p>\n<h3><b>Lieto\u0161ana starptautisk\u0101 m\u0113rog\u0101<\/b><\/h3>\n<p>M\u0113s nevaram apgalvot, ka \u0161\u012b priv\u0101tuma politika ir atbilsto\u0161a cit\u0101s viet\u0101s \u0101rpus Amerikas Savienotaj\u0101m Valst\u012bm vai ka \u0161\u0101d\u0101s viet\u0101s ir at\u013cauta piek\u013cuve m\u016bsu t\u012bmek\u013ca vietnei un taj\u0101 eso\u0161ajai inform\u0101cijai. Personas, kuras izv\u0113l\u0101s izmantot m\u016bsu t\u012bmek\u013ca vietni un sniegt mums inform\u0101ciju viet\u0101s \u0101rpus Amerikas Savienotaj\u0101m Valst\u012bm, dara to p\u0113c savas iniciat\u012bvas un uz\u0146emas atbild\u012bbu par sp\u0113k\u0101 eso\u0161\u0101s viet\u0113j\u0101s likumdo\u0161anas iev\u0113ro\u0161anu.<\/p>\n<h3><b>Kontaktinform\u0101cija<\/b><\/h3>\n<p>Ja jums ir radu\u0161ies k\u0101di jaut\u0101jum vai ieteikumi par m\u016bsu priv\u0101tuma politiku, l\u016bdzu, sazinieties ar mums k\u0101d\u0101 no t\u0101l\u0101k min\u0113tajiem veidiem.<\/p>\n<p>Pa e-pastu: <a href=\"mailto:info@fastrackids.com\">info@fastrackids.com<\/a><\/p>\n<p>Pa t\u0101lruni: +1-888-576-6888 (bezmaksas t\u0101lrunis ASV)<\/p>\n<p>+1-303-224-0200<\/p>\n<p>Pa pastu:\u00a0FasTracKids International, Ltd.<\/p>\n<p>6950 East Belleview Avenue, Suite\u00a0320<\/p>\n<p>Greenwood Village, Colorado\u00a080111<\/p>\n<p>Adres\u0101ts: Web Master (t\u012bmek\u013ca p\u0101rzinis)<\/p>\n","protected":false},"excerpt":{"rendered":"<p>Uz\u0146\u0113muma FasTracKids\u00a0International, LTD. t\u012bmek\u013ca vietnes priv\u0101tuma politika Paldies, ka apmekl\u0113j\u0101t uz\u0146\u0113muma FasTracKids International, Ltd. (turpm\u0101k\u00a0\u2014 FasTracKids) t\u012bmek\u013ca vietni (turpm\u0101k\u00a0\u2014 m\u016bsu t\u012bmek\u013ca vietne). \u0160\u012b priv\u0101tuma politika nosaka, k\u0101 uz\u0146\u0113mums FasTracKids r\u012bkosies ar inform\u0101ciju, ko uzzina par jums, kad apmekl\u0113jat m\u016bsu t\u012bmek\u013ca vietni. Iz\u0146emot, kur skaidri nor\u0101d\u012bts cit\u0101di, v\u0101rds m\u0113s \u0161aj\u0101 priv\u0101tuma politik\u0101 attiecas uz uz\u0146\u0113mumu FasTracKids. &hellip; <a href=\"http:\/\/fastrackids.lv\/ru\/privatuma-politika\/\">Continue reading <span class=\"meta-nav\">&rarr;<\/span><\/a><\/p>\n","protected":false},"author":9,"featured_media":0,"parent":0,"menu_order":0,"comment_status":"closed","ping_status":"closed","template":"page-wide-nolocat.php","meta":[],"yoast_head":"<!-- This site is optimized with the Yoast SEO plugin v17.4 - https:\/\/yoast.com\/wordpress\/plugins\/seo\/ -->\n<meta name=\"robots\" content=\"index, follow, max-snippet:-1, max-image-preview:large, max-video-preview:-1\" \/>\n<link rel=\"canonical\" href=\"http:\/\/fastrackids.lv\/ru\/privatuma-politika\/\" \/>\n<meta property=\"og:locale\" content=\"en_US\" \/>\n<meta property=\"og:type\" content=\"article\" \/>\n<meta property=\"og:title\" content=\"Priv\u0101tuma Politika - FasTrackids Latvia (Russian)\" \/>\n<meta property=\"og:description\" content=\"Uz\u0146\u0113muma FasTracKids\u00a0International, LTD. t\u012bmek\u013ca vietnes priv\u0101tuma politika Paldies, ka apmekl\u0113j\u0101t uz\u0146\u0113muma FasTracKids International, Ltd. (turpm\u0101k\u00a0\u2014 FasTracKids) t\u012bmek\u013ca vietni (turpm\u0101k\u00a0\u2014 m\u016bsu t\u012bmek\u013ca vietne). \u0160\u012b priv\u0101tuma politika nosaka, k\u0101 uz\u0146\u0113mums FasTracKids r\u012bkosies ar inform\u0101ciju, ko uzzina par jums, kad apmekl\u0113jat m\u016bsu t\u012bmek\u013ca vietni. Iz\u0146emot, kur skaidri nor\u0101d\u012bts cit\u0101di, v\u0101rds m\u0113s \u0161aj\u0101 priv\u0101tuma politik\u0101 attiecas uz uz\u0146\u0113mumu FasTracKids. &hellip; Continue reading &rarr;\" \/>\n<meta property=\"og:url\" content=\"http:\/\/fastrackids.lv\/ru\/privatuma-politika\/\" \/>\n<meta property=\"og:site_name\" content=\"FasTrackids Latvia (Russian)\" \/>\n<meta property=\"article:modified_time\" content=\"2015-06-30T17:55:34+00:00\" \/>\n<meta name=\"twitter:label1\" content=\"Est. reading time\" \/>\n\t<meta name=\"twitter:data1\" content=\"12 minutes\" \/>\n<script type=\"application\/ld+json\" class=\"yoast-schema-graph\">{\"@context\":\"https:\/\/schema.org\",\"@graph\":[{\"@type\":\"WebSite\",\"@id\":\"https:\/\/fastrackids.lv\/ru\/#website\",\"url\":\"https:\/\/fastrackids.lv\/ru\/\",\"name\":\"FasTrackids Latvia (Russian)\",\"description\":\"FasTracKids Latvia\",\"potentialAction\":[{\"@type\":\"SearchAction\",\"target\":{\"@type\":\"EntryPoint\",\"urlTemplate\":\"https:\/\/fastrackids.lv\/ru\/?s={search_term_string}\"},\"query-input\":\"required name=search_term_string\"}],\"inLanguage\":\"en-US\"},{\"@type\":\"WebPage\",\"@id\":\"http:\/\/fastrackids.lv\/ru\/privatuma-politika\/#webpage\",\"url\":\"http:\/\/fastrackids.lv\/ru\/privatuma-politika\/\",\"name\":\"Priv\\u0101tuma Politika - FasTrackids Latvia (Russian)\",\"isPartOf\":{\"@id\":\"https:\/\/fastrackids.lv\/ru\/#website\"},\"datePublished\":\"2014-12-17T22:51:10+00:00\",\"dateModified\":\"2015-06-30T17:55:34+00:00\",\"breadcrumb\":{\"@id\":\"http:\/\/fastrackids.lv\/ru\/privatuma-politika\/#breadcrumb\"},\"inLanguage\":\"en-US\",\"potentialAction\":[{\"@type\":\"ReadAction\",\"target\":[\"http:\/\/fastrackids.lv\/ru\/privatuma-politika\/\"]}]},{\"@type\":\"BreadcrumbList\",\"@id\":\"http:\/\/fastrackids.lv\/ru\/privatuma-politika\/#breadcrumb\",\"itemListElement\":[{\"@type\":\"ListItem\",\"position\":1,\"name\":\"Home\",\"item\":\"https:\/\/fastrackids.lv\/ru\/\"},{\"@type\":\"ListItem\",\"position\":2,\"name\":\"Priv\\u0101tuma Politika\"}]}]}<\/script>\n<!-- \/ Yoast SEO plugin. -->","yoast_head_json":{"robots":{"index":"index","follow":"follow","max-snippet":"max-snippet:-1","max-image-preview":"max-image-preview:large","max-video-preview":"max-video-preview:-1"},"canonical":"http:\/\/fastrackids.lv\/ru\/privatuma-politika\/","og_locale":"en_US","og_type":"article","og_title":"Priv\u0101tuma Politika - FasTrackids Latvia (Russian)","og_description":"Uz\u0146\u0113muma FasTracKids\u00a0International, LTD. t\u012bmek\u013ca vietnes priv\u0101tuma politika Paldies, ka apmekl\u0113j\u0101t uz\u0146\u0113muma FasTracKids International, Ltd. (turpm\u0101k\u00a0\u2014 FasTracKids) t\u012bmek\u013ca vietni (turpm\u0101k\u00a0\u2014 m\u016bsu t\u012bmek\u013ca vietne). \u0160\u012b priv\u0101tuma politika nosaka, k\u0101 uz\u0146\u0113mums FasTracKids r\u012bkosies ar inform\u0101ciju, ko uzzina par jums, kad apmekl\u0113jat m\u016bsu t\u012bmek\u013ca vietni. Iz\u0146emot, kur skaidri nor\u0101d\u012bts cit\u0101di, v\u0101rds m\u0113s \u0161aj\u0101 priv\u0101tuma politik\u0101 attiecas uz uz\u0146\u0113mumu FasTracKids. &hellip; Continue reading &rarr;","og_url":"http:\/\/fastrackids.lv\/ru\/privatuma-politika\/","og_site_name":"FasTrackids Latvia (Russian)","article_modified_time":"2015-06-30T17:55:34+00:00","twitter_misc":{"Est. reading time":"12 minutes"},"schema":{"@context":"https:\/\/schema.org","@graph":[{"@type":"WebSite","@id":"https:\/\/fastrackids.lv\/ru\/#website","url":"https:\/\/fastrackids.lv\/ru\/","name":"FasTrackids Latvia (Russian)","description":"FasTracKids Latvia","potentialAction":[{"@type":"SearchAction","target":{"@type":"EntryPoint","urlTemplate":"https:\/\/fastrackids.lv\/ru\/?s={search_term_string}"},"query-input":"required name=search_term_string"}],"inLanguage":"en-US"},{"@type":"WebPage","@id":"http:\/\/fastrackids.lv\/ru\/privatuma-politika\/#webpage","url":"http:\/\/fastrackids.lv\/ru\/privatuma-politika\/","name":"Priv\u0101tuma Politika - FasTrackids Latvia (Russian)","isPartOf":{"@id":"https:\/\/fastrackids.lv\/ru\/#website"},"datePublished":"2014-12-17T22:51:10+00:00","dateModified":"2015-06-30T17:55:34+00:00","breadcrumb":{"@id":"http:\/\/fastrackids.lv\/ru\/privatuma-politika\/#breadcrumb"},"inLanguage":"en-US","potentialAction":[{"@type":"ReadAction","target":["http:\/\/fastrackids.lv\/ru\/privatuma-politika\/"]}]},{"@type":"BreadcrumbList","@id":"http:\/\/fastrackids.lv\/ru\/privatuma-politika\/#breadcrumb","itemListElement":[{"@type":"ListItem","position":1,"name":"Home","item":"https:\/\/fastrackids.lv\/ru\/"},{"@type":"ListItem","position":2,"name":"Priv\u0101tuma Politika"}]}]}},"_links":{"self":[{"href":"http:\/\/fastrackids.lv\/ru\/wp-json\/wp\/v2\/pages\/463"}],"collection":[{"href":"http:\/\/fastrackids.lv\/ru\/wp-json\/wp\/v2\/pages"}],"about":[{"href":"http:\/\/fastrackids.lv\/ru\/wp-json\/wp\/v2\/types\/page"}],"author":[{"embeddable":true,"href":"http:\/\/fastrackids.lv\/ru\/wp-json\/wp\/v2\/users\/9"}],"replies":[{"embeddable":true,"href":"http:\/\/fastrackids.lv\/ru\/wp-json\/wp\/v2\/comments?post=463"}],"version-history":[{"count":7,"href":"http:\/\/fastrackids.lv\/ru\/wp-json\/wp\/v2\/pages\/463\/revisions"}],"predecessor-version":[{"id":809,"href":"http:\/\/fastrackids.lv\/ru\/wp-json\/wp\/v2\/pages\/463\/revisions\/809"}],"wp:attachment":[{"href":"http:\/\/fastrackids.lv\/ru\/wp-json\/wp\/v2\/media?parent=463"}],"curies":[{"name":"wp","href":"https:\/\/api.w.org\/{rel}","templated":true}]}}