{"id":454,"date":"2014-12-17T19:46:51","date_gmt":"2014-12-17T19:46:51","guid":{"rendered":"http:\/\/goftk.com\/?page_id=454"},"modified":"2017-01-09T13:46:43","modified_gmt":"2017-01-09T11:46:43","slug":"pasakumi","status":"publish","type":"page","link":"http:\/\/fastrackids.lv\/ru\/pasakumi\/","title":{"rendered":"FasTracKids Pas\u0101kumi"},"content":{"rendered":"<h2 style=\"text-align: center\"><strong>Nodarb\u012bbas vec\u0101kiem \u2013 da\u013ca no FasTracKids audz\u0113k\u0146u pan\u0101kumiem<\/strong><\/h2>\n<p><a href=\"http:\/\/fastrackids.lv\/wp-content\/uploads\/sites\/3\/2014\/12\/Kids-for-web.png\"><img loading=\"lazy\" class=\"aligncenter wp-image-1006 size-full\" src=\"http:\/\/fastrackids.lv\/wp-content\/uploads\/sites\/3\/2014\/12\/Kids-for-web.png\" alt=\"kids-for-web\" width=\"594\" height=\"295\" srcset=\"http:\/\/fastrackids.lv\/ru\/wp-content\/uploads\/sites\/3\/2014\/12\/Kids-for-web.png 594w, http:\/\/fastrackids.lv\/ru\/wp-content\/uploads\/sites\/3\/2014\/12\/Kids-for-web-300x149.png 300w\" sizes=\"(max-width: 594px) 100vw, 594px\" \/><\/a><\/p>\n<p><strong>Vec\u0101ku agr\u012bna iesaist\u012b\u0161an\u0101s pirmsskolas izgl\u012bt\u012bb\u0101 ir lab\u0101kais priek\u0161v\u0113stnesis pan\u0101kumiem skol\u0101 un dz\u012bv\u0113. T\u0101d\u0113\u013c laik\u0101, kad b\u0113rnu smadze\u0146u att\u012bst\u012bba noris visstrauj\u0101k vis\u0101 m\u0101c\u012bbu proces\u0101 FasTracKids pasniedz\u0113ji iesaista vec\u0101kus.<\/strong><\/p>\n<p>\u0160.g. 14.janv\u0101r\u012b FasTracKids \u0136\u012bpsala audz\u0113k\u0146u vec\u0101ki pulc\u0113sies kop\u0101, lai iepaz\u012btos ar b\u0113rnu sasniegto \u2018\u2019Biolo\u0123ijas\u2019\u2019 un \u2018\u2019Dabas Zin\u0101tnes\u2019\u2019 integr\u0113taj\u0101s rota\u013cu nodarb\u012bb\u0101s, k\u0101 ar\u012b iepaz\u012bsies ar \u2018\u2019Ekonomikas\u2019\u2019 nodarb\u012bb\u0101s ieg\u016bstam\u0101m prasm\u0113m un zin\u0101\u0161an\u0101m.<\/p>\n<p>FasTracKids vec\u0101ki seko l\u012bdzi ikvienai nodarb\u012bbai tie\u0161saist\u0113 un g\u016bst papildus inform\u0101ciju par nodarb\u012bb\u0101m, k\u0101 ar\u012b materi\u0101lus prasmju un zin\u0101\u0161anu padzi\u013cin\u0101\u0161anai <a href=\"http:\/\/fastrackparents.com\/\">vec\u0101kiem paredz\u0113t\u0101 vietn\u0113 internet\u0101<\/a>.<\/p>\n<p>M\u0101c\u012bbu proces\u0101 iek\u013cauti gan progresa zi\u0146ojumi, gan vec\u0101ku nodarb\u012bbas.\u00a0 J\u0101atz\u012bm\u0113, ka vec\u0101kiem ir iesp\u0113ja apliecin\u0101t b\u0113rna prasmes un iema\u0146as piedaloties starptautiskos FasTracKids pas\u0101kumos, piem\u0113ram, <a href=\"http:\/\/fastrackids.lv\/ru\/pasakumi\/konkurss-voices-of-fastrackids\/\">&#8221;FasTracKids balsis&#8221;<\/a> vai <a href=\"http:\/\/fastrackids.lv\/ru\/pasakumi\/konkurss-voices-of-fastrack-english\/\">&#8221;FasTracKids balsis ang\u013cu valod\u0101&#8221;<\/a>. B\u0113rni g\u016bst starptautisku nov\u0113rt\u0113jumu un atzin\u012bbu, kas motiv\u0113 pilnveidoties un sasniegt arvien vair\u0101k.<\/p>\n<p>B\u0113rni kop\u0101 ar vec\u0101kiem FasTracKids programm\u0101s ieg\u016bt starptautiski nov\u0113rt\u0113tu izgl\u012bt\u012bbu un m\u012blest\u012bbu m\u0101c\u012bties visa m\u016b\u017ea garum\u0101. Priec\u0101jamies kop\u012bgi piedz\u012bvot un atkl\u0101t pasauli ar J\u016bsu b\u0113rniem. Esam partneri J\u016bsu b\u0113rnu att\u012bst\u012bb\u0101!<\/p>\n<p>Rakstiet mums: birojs@fastrackids.lv\/ru!<\/p>\n<h2 style=\"text-align: center\"><\/h2>\n<h2 style=\"text-align: center\">Starptautisk\u0101s iniciat\u012bvas<\/h2>\n<p>M\u0113s dedz\u012bgi v\u0113lamies nodro\u0161in\u0101t iesp\u0113jas audz\u0113k\u0146u sadarb\u012bbai FasTracKids<sup>\u00ae<\/sup> centros un skol\u0101s vis\u0101 pasaul\u0113. M\u016bsu pas\u0101kumu ietvaros audz\u0113k\u0146i ar\u012b veicina pozit\u012bvu ietekmi uz viet\u0113jo sabiedr\u012bbu t\u0101d\u0101s jom\u0101s k\u0101 rakstprat\u012bba un vides ilgtsp\u0113j\u012bba.<\/p>\n<p>\u0160ie starptautiskie pas\u0101kumi ir paredz\u0113ti, lai nostiprin\u0101tu j\u016bsu b\u0113rnu v\u0113lmi un prieku m\u0101c\u012bties, vienlaikus m\u0113\u0123inot pozit\u012bvi ietekm\u0113t b\u0113rnu apk\u0101rt\u0113jo sabiedr\u012bbu. FasTracKids nodro\u0161ina jaunajiem skolniekiem platformu un sniedz iesp\u0113ju izmantot vi\u0146u balsis un pr\u0101tus, lai main\u012btu pasauli. J\u016bsu b\u0113rni var izmantot savu rado\u0161umu, lai pal\u012bdz\u0113tu sasniegt t\u0101dus glob\u0101lus m\u0113r\u0137us k\u0101 vides ilgtsp\u0113j\u012bba un ietekme uz rakstprat\u012bbu agr\u0101 b\u0113rn\u012bb\u0101.<\/p>\n<p>Lasiet vair\u0101k par m\u016bsu starptautiskajiem pas\u0101kumiem un konkursiem, kas turpina demonstr\u0113t, cik b\u016btiski ir FasTracKids audz\u0113k\u0146i gai\u0161\u0101kas n\u0101kotnes veido\u0161an\u0101 mums visiem!<\/p>\n<p>&nbsp;<\/p>\n<p><img loading=\"lazy\" class=\"alignnone wp-image-8396 size-full\" src=\"http:\/\/fastrackids.lv\/wp-content\/uploads\/sites\/3\/2014\/12\/read_for_the_record.jpg\" alt=\"Read for the Record\" width=\"637\" height=\"194\" \/><\/p>\n<h2>Kampa\u0146a Read for the Record<\/h2>\n<p>21. oktobr\u012b FasTracKids centri jau 8. gadu p\u0113c k\u0101rtas piedal\u012bj\u0101s pas\u0101kum\u0101 Read for the Record (Lasi rekorda v\u0101rd\u0101), proti, starptautisk\u0101 kampa\u0146\u0101, kas ir v\u0113rsta uz agr\u012bnas rakstprat\u012bbas noz\u012bm\u012bgumu. Pas\u0101kums Read for the Record<sup>\u00ae<\/sup> apliecina las\u012b\u0161anas noz\u012bmi, apvienojot pirmsskolas vecuma b\u0113rnus un atsauc\u012bgus pieaugu\u0161os, lai vien\u0101 dien\u0101 las\u012btu vienu un to pa\u0161u gr\u0101matu. <a title=\"Read for the Record\" href=\"http:\/\/www.fastrackids.lv\/ru\/pasakumi\/konkurss-read-for-the-record\/\">Las\u012bt vair\u0101k&#8230;<\/a><\/p>\n<h2><img loading=\"lazy\" class=\"size-full wp-image-8812 alignleft\" src=\"http:\/\/fastrackids.lv\/wp-content\/uploads\/sites\/3\/2014\/12\/voices_of_fastrackids.jpg\" alt=\"Voices of FasTracKids\" width=\"637\" height=\"213\" \/><\/h2>\n<h2>Konkurss Voices of FasTracKids<\/h2>\n<p>Uz\u0146\u0113mums FasTracKids ik gadu r\u012bko starptautisku runas konkursu Voices of FasTracKids (FasTracKids balsis). \u0160aj\u0101 konkurs\u0101 programm\u0101 FasTrack<sup>\u00ae<\/sup>\u00a0Fundamentals iesaist\u012btie b\u0113rni demonstr\u0113 savu gr\u016bto darbu un progresu, sacerot, sarakstot un prezent\u0113jot runu sav\u0101 dzimtaj\u0101 valod\u0101. <a title=\"Konkurss Voices of FasTracKids\" href=\"http:\/\/www.fastrackids.lv\/ru\/pasakumi\/konkurss-voices-of-fastrackids\/\">Las\u012bt vair\u0101k&#8230;<\/a><\/p>\n<p><img loading=\"lazy\" class=\"alignnone size-full wp-image-8467\" src=\"http:\/\/fastrackids.lv\/wp-content\/uploads\/sites\/3\/2014\/12\/voices_of_fastrack_english.jpg\" alt=\"Voices of FasTrack English\" width=\"637\" height=\"215\" \/><\/p>\n<h2>Konkurss Voices of FasTrack English<\/h2>\n<p>Programma FasTrack<sup>\u00ae<\/sup>\u00a0English ir pirm\u0101 m\u016bsu ang\u013cu valodas k\u0101 sve\u0161valodas (English as a foreign language \u2014 EFL) programma, kuras ietvaros ikviens audz\u0113knis run\u0101 ang\u013cu valod\u0101. M\u0113s izl\u0113m\u0101m, ka \u0161o b\u0113rnu balsis j\u0101dzird visai pasaulei. Otraj\u0101 ikgad\u0113j\u0101 runas konkurs\u0101 Voices of FasTrack English (FasTrack balsis ang\u013cu valod\u0101) vair\u0101k nek\u0101 350 dal\u012bbnieki iesniedza savus video, kuros vi\u0146i demonstr\u0113ja savas ang\u013cu valodas zin\u0101\u0161anas.<br \/>\n<a title=\"Konkurss Voices of FasTrack English\" href=\"http:\/\/www.fastrackids.lv\/ru\/pasakumi\/konkurss-voices-of-fastrack-english\/\">Las\u012bt vair\u0101k&#8230;<\/a><\/p>\n<p><img loading=\"lazy\" class=\"alignnone size-full wp-image-8456\" src=\"http:\/\/fastrackids.lv\/wp-content\/uploads\/sites\/3\/2014\/12\/global_initiative.jpg\" alt=\"FasTracKids Global Initiative\" width=\"637\" height=\"219\" \/><\/p>\n<h2>FasTracKids glob\u0101l\u0101 iniciat\u012bva<\/h2>\n<p>M\u016bsu glob\u0101l\u0101s iniciat\u012bvas programma Water Wise (Sarg\u0101sim \u016bdeni) FasTracKids programmu audz\u0113k\u0146iem iniciat\u012bv\u0101 iesaist\u012btajos centros nodro\u0161in\u0101ja iesp\u0113ju uzzin\u0101t vair\u0101k par \u016bdens aizsardz\u012bbu, sadarboties klases aktivit\u0101\u0161u ietvaros un uzs\u0101kt projektus attiec\u012bgaj\u0101s kopien\u0101s. <a title=\"FasTracKids Glob\u0101l\u0101 Iniciat\u012bva\" href=\"http:\/\/fastrackids.lv\/ru\/pasakumi\/globala-iniciativa\/\">Las\u012bt vair\u0101k&#8230;<\/a><\/p>\n","protected":false},"excerpt":{"rendered":"<p>Nodarb\u012bbas vec\u0101kiem \u2013 da\u013ca no FasTracKids audz\u0113k\u0146u pan\u0101kumiem Vec\u0101ku agr\u012bna iesaist\u012b\u0161an\u0101s pirmsskolas izgl\u012bt\u012bb\u0101 ir lab\u0101kais priek\u0161v\u0113stnesis pan\u0101kumiem skol\u0101 un dz\u012bv\u0113. T\u0101d\u0113\u013c laik\u0101, kad b\u0113rnu smadze\u0146u att\u012bst\u012bba noris visstrauj\u0101k vis\u0101 m\u0101c\u012bbu proces\u0101 FasTracKids pasniedz\u0113ji iesaista vec\u0101kus. \u0160.g. 14.janv\u0101r\u012b FasTracKids \u0136\u012bpsala audz\u0113k\u0146u vec\u0101ki pulc\u0113sies kop\u0101, lai iepaz\u012btos ar b\u0113rnu sasniegto \u2018\u2019Biolo\u0123ijas\u2019\u2019 un \u2018\u2019Dabas Zin\u0101tnes\u2019\u2019 integr\u0113taj\u0101s rota\u013cu nodarb\u012bb\u0101s, &hellip; <a href=\"http:\/\/fastrackids.lv\/ru\/pasakumi\/\">Continue reading <span class=\"meta-nav\">&rarr;<\/span><\/a><\/p>\n","protected":false},"author":9,"featured_media":256,"parent":0,"menu_order":0,"comment_status":"closed","ping_status":"closed","template":"","meta":[],"yoast_head":"<!-- This site is optimized with the Yoast SEO plugin v17.4 - https:\/\/yoast.com\/wordpress\/plugins\/seo\/ -->\n<meta name=\"robots\" content=\"index, follow, max-snippet:-1, max-image-preview:large, max-video-preview:-1\" \/>\n<link rel=\"canonical\" href=\"https:\/\/fastrackids.lv\/ru\/pasakumi\/\" \/>\n<meta property=\"og:locale\" content=\"en_US\" \/>\n<meta property=\"og:type\" content=\"article\" \/>\n<meta property=\"og:title\" content=\"FasTracKids Pas\u0101kumi - FasTrackids Latvia (Russian)\" \/>\n<meta property=\"og:description\" content=\"Nodarb\u012bbas vec\u0101kiem \u2013 da\u013ca no FasTracKids audz\u0113k\u0146u pan\u0101kumiem Vec\u0101ku agr\u012bna iesaist\u012b\u0161an\u0101s pirmsskolas izgl\u012bt\u012bb\u0101 ir lab\u0101kais priek\u0161v\u0113stnesis pan\u0101kumiem skol\u0101 un dz\u012bv\u0113. T\u0101d\u0113\u013c laik\u0101, kad b\u0113rnu smadze\u0146u att\u012bst\u012bba noris visstrauj\u0101k vis\u0101 m\u0101c\u012bbu proces\u0101 FasTracKids pasniedz\u0113ji iesaista vec\u0101kus. \u0160.g. 14.janv\u0101r\u012b FasTracKids \u0136\u012bpsala audz\u0113k\u0146u vec\u0101ki pulc\u0113sies kop\u0101, lai iepaz\u012btos ar b\u0113rnu sasniegto \u2018\u2019Biolo\u0123ijas\u2019\u2019 un \u2018\u2019Dabas Zin\u0101tnes\u2019\u2019 integr\u0113taj\u0101s rota\u013cu nodarb\u012bb\u0101s, &hellip; Continue reading &rarr;\" \/>\n<meta property=\"og:url\" content=\"https:\/\/fastrackids.lv\/ru\/pasakumi\/\" \/>\n<meta property=\"og:site_name\" content=\"FasTrackids Latvia (Russian)\" \/>\n<meta property=\"article:modified_time\" content=\"2017-01-09T11:46:43+00:00\" \/>\n<meta property=\"og:image\" content=\"https:\/\/fastrackids.lv\/ru\/wp-content\/uploads\/sites\/3\/2014\/12\/header_image_fastrackids_story.jpg\" \/>\n\t<meta property=\"og:image:width\" content=\"2100\" \/>\n\t<meta property=\"og:image:height\" content=\"1102\" \/>\n<meta name=\"twitter:label1\" content=\"Est. reading time\" \/>\n\t<meta name=\"twitter:data1\" content=\"4 minutes\" \/>\n<script type=\"application\/ld+json\" class=\"yoast-schema-graph\">{\"@context\":\"https:\/\/schema.org\",\"@graph\":[{\"@type\":\"WebSite\",\"@id\":\"https:\/\/fastrackids.lv\/ru\/#website\",\"url\":\"https:\/\/fastrackids.lv\/ru\/\",\"name\":\"FasTrackids Latvia (Russian)\",\"description\":\"FasTracKids Latvia\",\"potentialAction\":[{\"@type\":\"SearchAction\",\"target\":{\"@type\":\"EntryPoint\",\"urlTemplate\":\"https:\/\/fastrackids.lv\/ru\/?s={search_term_string}\"},\"query-input\":\"required name=search_term_string\"}],\"inLanguage\":\"en-US\"},{\"@type\":\"ImageObject\",\"@id\":\"https:\/\/fastrackids.lv\/ru\/pasakumi\/#primaryimage\",\"inLanguage\":\"en-US\",\"url\":\"http:\/\/fastrackids.lv\/ru\/wp-content\/uploads\/sites\/3\/2014\/12\/header_image_fastrackids_story.jpg\",\"contentUrl\":\"http:\/\/fastrackids.lv\/ru\/wp-content\/uploads\/sites\/3\/2014\/12\/header_image_fastrackids_story.jpg\",\"width\":2100,\"height\":1102},{\"@type\":\"WebPage\",\"@id\":\"https:\/\/fastrackids.lv\/ru\/pasakumi\/#webpage\",\"url\":\"https:\/\/fastrackids.lv\/ru\/pasakumi\/\",\"name\":\"FasTracKids Pas\\u0101kumi - FasTrackids Latvia (Russian)\",\"isPartOf\":{\"@id\":\"https:\/\/fastrackids.lv\/ru\/#website\"},\"primaryImageOfPage\":{\"@id\":\"https:\/\/fastrackids.lv\/ru\/pasakumi\/#primaryimage\"},\"datePublished\":\"2014-12-17T19:46:51+00:00\",\"dateModified\":\"2017-01-09T11:46:43+00:00\",\"breadcrumb\":{\"@id\":\"https:\/\/fastrackids.lv\/ru\/pasakumi\/#breadcrumb\"},\"inLanguage\":\"en-US\",\"potentialAction\":[{\"@type\":\"ReadAction\",\"target\":[\"https:\/\/fastrackids.lv\/ru\/pasakumi\/\"]}]},{\"@type\":\"BreadcrumbList\",\"@id\":\"https:\/\/fastrackids.lv\/ru\/pasakumi\/#breadcrumb\",\"itemListElement\":[{\"@type\":\"ListItem\",\"position\":1,\"name\":\"Home\",\"item\":\"https:\/\/fastrackids.lv\/ru\/\"},{\"@type\":\"ListItem\",\"position\":2,\"name\":\"FasTracKids Pas\\u0101kumi\"}]}]}<\/script>\n<!-- \/ Yoast SEO plugin. -->","yoast_head_json":{"robots":{"index":"index","follow":"follow","max-snippet":"max-snippet:-1","max-image-preview":"max-image-preview:large","max-video-preview":"max-video-preview:-1"},"canonical":"https:\/\/fastrackids.lv\/ru\/pasakumi\/","og_locale":"en_US","og_type":"article","og_title":"FasTracKids Pas\u0101kumi - FasTrackids Latvia (Russian)","og_description":"Nodarb\u012bbas vec\u0101kiem \u2013 da\u013ca no FasTracKids audz\u0113k\u0146u pan\u0101kumiem Vec\u0101ku agr\u012bna iesaist\u012b\u0161an\u0101s pirmsskolas izgl\u012bt\u012bb\u0101 ir lab\u0101kais priek\u0161v\u0113stnesis pan\u0101kumiem skol\u0101 un dz\u012bv\u0113. T\u0101d\u0113\u013c laik\u0101, kad b\u0113rnu smadze\u0146u att\u012bst\u012bba noris visstrauj\u0101k vis\u0101 m\u0101c\u012bbu proces\u0101 FasTracKids pasniedz\u0113ji iesaista vec\u0101kus. \u0160.g. 14.janv\u0101r\u012b FasTracKids \u0136\u012bpsala audz\u0113k\u0146u vec\u0101ki pulc\u0113sies kop\u0101, lai iepaz\u012btos ar b\u0113rnu sasniegto \u2018\u2019Biolo\u0123ijas\u2019\u2019 un \u2018\u2019Dabas Zin\u0101tnes\u2019\u2019 integr\u0113taj\u0101s rota\u013cu nodarb\u012bb\u0101s, &hellip; Continue reading &rarr;","og_url":"https:\/\/fastrackids.lv\/ru\/pasakumi\/","og_site_name":"FasTrackids Latvia (Russian)","article_modified_time":"2017-01-09T11:46:43+00:00","og_image":[{"width":2100,"height":1102,"url":"https:\/\/fastrackids.lv\/ru\/wp-content\/uploads\/sites\/3\/2014\/12\/header_image_fastrackids_story.jpg","type":"image\/jpeg"}],"twitter_misc":{"Est. reading time":"4 minutes"},"schema":{"@context":"https:\/\/schema.org","@graph":[{"@type":"WebSite","@id":"https:\/\/fastrackids.lv\/ru\/#website","url":"https:\/\/fastrackids.lv\/ru\/","name":"FasTrackids Latvia (Russian)","description":"FasTracKids Latvia","potentialAction":[{"@type":"SearchAction","target":{"@type":"EntryPoint","urlTemplate":"https:\/\/fastrackids.lv\/ru\/?s={search_term_string}"},"query-input":"required name=search_term_string"}],"inLanguage":"en-US"},{"@type":"ImageObject","@id":"https:\/\/fastrackids.lv\/ru\/pasakumi\/#primaryimage","inLanguage":"en-US","url":"http:\/\/fastrackids.lv\/ru\/wp-content\/uploads\/sites\/3\/2014\/12\/header_image_fastrackids_story.jpg","contentUrl":"http:\/\/fastrackids.lv\/ru\/wp-content\/uploads\/sites\/3\/2014\/12\/header_image_fastrackids_story.jpg","width":2100,"height":1102},{"@type":"WebPage","@id":"https:\/\/fastrackids.lv\/ru\/pasakumi\/#webpage","url":"https:\/\/fastrackids.lv\/ru\/pasakumi\/","name":"FasTracKids Pas\u0101kumi - FasTrackids Latvia (Russian)","isPartOf":{"@id":"https:\/\/fastrackids.lv\/ru\/#website"},"primaryImageOfPage":{"@id":"https:\/\/fastrackids.lv\/ru\/pasakumi\/#primaryimage"},"datePublished":"2014-12-17T19:46:51+00:00","dateModified":"2017-01-09T11:46:43+00:00","breadcrumb":{"@id":"https:\/\/fastrackids.lv\/ru\/pasakumi\/#breadcrumb"},"inLanguage":"en-US","potentialAction":[{"@type":"ReadAction","target":["https:\/\/fastrackids.lv\/ru\/pasakumi\/"]}]},{"@type":"BreadcrumbList","@id":"https:\/\/fastrackids.lv\/ru\/pasakumi\/#breadcrumb","itemListElement":[{"@type":"ListItem","position":1,"name":"Home","item":"https:\/\/fastrackids.lv\/ru\/"},{"@type":"ListItem","position":2,"name":"FasTracKids Pas\u0101kumi"}]}]}},"_links":{"self":[{"href":"http:\/\/fastrackids.lv\/ru\/wp-json\/wp\/v2\/pages\/454"}],"collection":[{"href":"http:\/\/fastrackids.lv\/ru\/wp-json\/wp\/v2\/pages"}],"about":[{"href":"http:\/\/fastrackids.lv\/ru\/wp-json\/wp\/v2\/types\/page"}],"author":[{"embeddable":true,"href":"http:\/\/fastrackids.lv\/ru\/wp-json\/wp\/v2\/users\/9"}],"replies":[{"embeddable":true,"href":"http:\/\/fastrackids.lv\/ru\/wp-json\/wp\/v2\/comments?post=454"}],"version-history":[{"count":47,"href":"http:\/\/fastrackids.lv\/ru\/wp-json\/wp\/v2\/pages\/454\/revisions"}],"predecessor-version":[{"id":1008,"href":"http:\/\/fastrackids.lv\/ru\/wp-json\/wp\/v2\/pages\/454\/revisions\/1008"}],"wp:featuredmedia":[{"embeddable":true,"href":"http:\/\/fastrackids.lv\/ru\/wp-json\/wp\/v2\/media\/256"}],"wp:attachment":[{"href":"http:\/\/fastrackids.lv\/ru\/wp-json\/wp\/v2\/media?parent=454"}],"curies":[{"name":"wp","href":"https:\/\/api.w.org\/{rel}","templated":true}]}}