{"id":251,"date":"2014-12-15T22:25:23","date_gmt":"2014-12-15T22:25:23","guid":{"rendered":"http:\/\/goftk.com\/?page_id=251"},"modified":"2016-10-17T10:44:22","modified_gmt":"2016-10-17T08:44:22","slug":"find-locations","status":"publish","type":"page","link":"http:\/\/fastrackids.lv\/ru\/find-locations\/","title":{"rendered":"M\u0101c\u012bbu vietas"},"content":{"rendered":"<ul>\n<li>\n<h5>\u201cRTU \u0136\u012bpsalas peldbaseins\u201d, \u0136\u012bpsalas iel\u0101 5, R\u012bg\u0101 (no 2016.gada augusta)<\/h5>\n<\/li>\n<\/ul>\n<p style=\"padding-left: 60px\">Pied\u0101v\u0101jam &#8220;Fastrack\u00ae Fundamentals&#8221; un &#8220;Fastrack\u00ae English&#8221; programmu nodarb\u012bbas, katru dienu, iz\u0146emot sv\u0113tku un atz\u012bm\u0113jam\u0101s dien\u0101s.<\/p>\n<p style=\"padding-left: 60px\">Uzziniet vair\u0101k par sev piem\u0113roto nodarb\u012bbu laiku un piesakieties uz demonstr\u0101cijas nodarb\u012bb\u0101m\u00a0<a href=\"http:\/\/mlgn.to\/or8\" target=\"_blank\">elektroniski<\/a> vai zvanot pa t\u0101lruni 20879999!<\/p>\n<p style=\"padding-left: 60px\"><a href=\"http:\/\/fastrackids.lv\/wp-content\/uploads\/sites\/3\/2014\/12\/RTU-peldbesains.jpg\"><img loading=\"lazy\" class=\"aligncenter wp-image-934 size-large\" src=\"http:\/\/fastrackids.lv\/wp-content\/uploads\/sites\/3\/2014\/12\/RTU-peldbesains-1024x514.jpg\" alt=\"RTU peldbesains\" width=\"1024\" height=\"514\" srcset=\"http:\/\/fastrackids.lv\/ru\/wp-content\/uploads\/sites\/3\/2014\/12\/RTU-peldbesains-1024x514.jpg 1024w, http:\/\/fastrackids.lv\/ru\/wp-content\/uploads\/sites\/3\/2014\/12\/RTU-peldbesains-300x151.jpg 300w, http:\/\/fastrackids.lv\/ru\/wp-content\/uploads\/sites\/3\/2014\/12\/RTU-peldbesains.jpg 1827w\" sizes=\"(max-width: 1024px) 100vw, 1024px\" \/><\/a><\/p>\n<ul>\n<li><span style=\"font-family: Arial\"><b>Liep\u0101jas B\u0113rnu un jaunatnes centrs<\/b><\/span>: Br\u012bv\u012bbas iel\u0101 39.<\/li>\n<\/ul>\n<p><a href=\"http:\/\/www.liepajasbjc.lv\/index.php?id=9\" target=\"_blank\"><img loading=\"lazy\" class=\"aligncenter wp-image-846\" src=\"http:\/\/fastrackids.lv\/wp-content\/uploads\/sites\/3\/2014\/12\/FasTracKids-2015.jpg\" alt=\"FasTracKids 2015\" width=\"500\" height=\"354\" srcset=\"http:\/\/fastrackids.lv\/ru\/wp-content\/uploads\/sites\/3\/2014\/12\/FasTracKids-2015.jpg 700w, http:\/\/fastrackids.lv\/ru\/wp-content\/uploads\/sites\/3\/2014\/12\/FasTracKids-2015-300x212.jpg 300w\" sizes=\"(max-width: 500px) 100vw, 500px\" \/><\/a><\/p>\n<p>&nbsp;<\/p>\n<ul>\n<li><strong>B\u0113rnu un jaunie\u0161u att\u012bst\u012bbas centr\u0101 &#8220;Saules Stari\u0146i&#8221;:<\/strong>\u00a0Daugavpil\u012b, \u0122imn\u0101zijas iel\u0101 27.<\/li>\n<\/ul>\n<p><a href=\"http:\/\/www.saulesstarini.lv\/\"><img loading=\"lazy\" class=\"aligncenter wp-image-850\" src=\"http:\/\/fastrackids.lv\/wp-content\/uploads\/sites\/3\/2014\/12\/fastra_1.jpg\" alt=\"fastra_1\" width=\"500\" height=\"704\" srcset=\"http:\/\/fastrackids.lv\/ru\/wp-content\/uploads\/sites\/3\/2014\/12\/fastra_1.jpg 567w, http:\/\/fastrackids.lv\/ru\/wp-content\/uploads\/sites\/3\/2014\/12\/fastra_1-213x300.jpg 213w\" sizes=\"(max-width: 500px) 100vw, 500px\" \/><\/a><\/p>\n<ul>\n<li><strong>Zemgales re\u0123iona kompeten\u010du att\u012bst\u012bbas centr\u0101:<\/strong>\u00a0Jelgav\u0101, Sv\u0113tes\u00a0iel\u0101 33<\/li>\n<\/ul>\n<p><a href=\"http:\/\/fastrackids.lv\/wp-content\/uploads\/sites\/3\/2014\/12\/ftk.jpg\"><img loading=\"lazy\" class=\"aligncenter wp-image-908 size-large\" src=\"http:\/\/fastrackids.lv\/wp-content\/uploads\/sites\/3\/2014\/12\/ftk-724x1024.jpg\" alt=\"ftk\" width=\"724\" height=\"1024\" srcset=\"http:\/\/fastrackids.lv\/ru\/wp-content\/uploads\/sites\/3\/2014\/12\/ftk-724x1024.jpg 724w, http:\/\/fastrackids.lv\/ru\/wp-content\/uploads\/sites\/3\/2014\/12\/ftk-212x300.jpg 212w, http:\/\/fastrackids.lv\/ru\/wp-content\/uploads\/sites\/3\/2014\/12\/ftk.jpg 1024w\" sizes=\"(max-width: 724px) 100vw, 724px\" \/><\/a><\/p>\n<p>&nbsp;<\/p>\n","protected":false},"excerpt":{"rendered":"<p>\u201cRTU \u0136\u012bpsalas peldbaseins\u201d, \u0136\u012bpsalas iel\u0101 5, R\u012bg\u0101 (no 2016.gada augusta) Pied\u0101v\u0101jam &#8220;Fastrack\u00ae Fundamentals&#8221; un &#8220;Fastrack\u00ae English&#8221; programmu nodarb\u012bbas, katru dienu, iz\u0146emot sv\u0113tku un atz\u012bm\u0113jam\u0101s dien\u0101s. Uzziniet vair\u0101k par sev piem\u0113roto nodarb\u012bbu laiku un piesakieties uz demonstr\u0101cijas nodarb\u012bb\u0101m\u00a0elektroniski vai zvanot pa t\u0101lruni 20879999! Liep\u0101jas B\u0113rnu un jaunatnes centrs: Br\u012bv\u012bbas iel\u0101 39. &nbsp; B\u0113rnu un jaunie\u0161u att\u012bst\u012bbas &hellip; <a href=\"http:\/\/fastrackids.lv\/ru\/find-locations\/\">Continue reading <span class=\"meta-nav\">&rarr;<\/span><\/a><\/p>\n","protected":false},"author":9,"featured_media":0,"parent":0,"menu_order":0,"comment_status":"closed","ping_status":"closed","template":"page-wide-nolocat.php","meta":[],"yoast_head":"<!-- This site is optimized with the Yoast SEO plugin v17.4 - https:\/\/yoast.com\/wordpress\/plugins\/seo\/ -->\n<meta name=\"robots\" content=\"index, follow, max-snippet:-1, max-image-preview:large, max-video-preview:-1\" \/>\n<link rel=\"canonical\" href=\"http:\/\/fastrackids.lv\/ru\/find-locations\/\" \/>\n<meta property=\"og:locale\" content=\"en_US\" \/>\n<meta property=\"og:type\" content=\"article\" \/>\n<meta property=\"og:title\" content=\"M\u0101c\u012bbu vietas - FasTrackids Latvia (Russian)\" \/>\n<meta property=\"og:description\" content=\"\u201cRTU \u0136\u012bpsalas peldbaseins\u201d, \u0136\u012bpsalas iel\u0101 5, R\u012bg\u0101 (no 2016.gada augusta) Pied\u0101v\u0101jam &#8220;Fastrack\u00ae Fundamentals&#8221; un &#8220;Fastrack\u00ae English&#8221; programmu nodarb\u012bbas, katru dienu, iz\u0146emot sv\u0113tku un atz\u012bm\u0113jam\u0101s dien\u0101s. Uzziniet vair\u0101k par sev piem\u0113roto nodarb\u012bbu laiku un piesakieties uz demonstr\u0101cijas nodarb\u012bb\u0101m\u00a0elektroniski vai zvanot pa t\u0101lruni 20879999! Liep\u0101jas B\u0113rnu un jaunatnes centrs: Br\u012bv\u012bbas iel\u0101 39. &nbsp; B\u0113rnu un jaunie\u0161u att\u012bst\u012bbas &hellip; Continue reading &rarr;\" \/>\n<meta property=\"og:url\" content=\"http:\/\/fastrackids.lv\/ru\/find-locations\/\" \/>\n<meta property=\"og:site_name\" content=\"FasTrackids Latvia (Russian)\" \/>\n<meta property=\"article:modified_time\" content=\"2016-10-17T08:44:22+00:00\" \/>\n<meta property=\"og:image\" content=\"http:\/\/fastrackids.lv\/wp-content\/uploads\/sites\/3\/2014\/12\/RTU-peldbesains-1024x514.jpg\" \/>\n<meta name=\"twitter:label1\" content=\"Est. reading time\" \/>\n\t<meta name=\"twitter:data1\" content=\"1 minute\" \/>\n<script type=\"application\/ld+json\" class=\"yoast-schema-graph\">{\"@context\":\"https:\/\/schema.org\",\"@graph\":[{\"@type\":\"WebSite\",\"@id\":\"https:\/\/fastrackids.lv\/ru\/#website\",\"url\":\"https:\/\/fastrackids.lv\/ru\/\",\"name\":\"FasTrackids Latvia (Russian)\",\"description\":\"FasTracKids Latvia\",\"potentialAction\":[{\"@type\":\"SearchAction\",\"target\":{\"@type\":\"EntryPoint\",\"urlTemplate\":\"https:\/\/fastrackids.lv\/ru\/?s={search_term_string}\"},\"query-input\":\"required name=search_term_string\"}],\"inLanguage\":\"en-US\"},{\"@type\":\"ImageObject\",\"@id\":\"http:\/\/fastrackids.lv\/ru\/find-locations\/#primaryimage\",\"inLanguage\":\"en-US\",\"url\":\"http:\/\/fastrackids.lv\/wp-content\/uploads\/sites\/3\/2014\/12\/RTU-peldbesains-1024x514.jpg\",\"contentUrl\":\"http:\/\/fastrackids.lv\/wp-content\/uploads\/sites\/3\/2014\/12\/RTU-peldbesains-1024x514.jpg\"},{\"@type\":\"WebPage\",\"@id\":\"http:\/\/fastrackids.lv\/ru\/find-locations\/#webpage\",\"url\":\"http:\/\/fastrackids.lv\/ru\/find-locations\/\",\"name\":\"M\\u0101c\\u012bbu vietas - FasTrackids Latvia (Russian)\",\"isPartOf\":{\"@id\":\"https:\/\/fastrackids.lv\/ru\/#website\"},\"primaryImageOfPage\":{\"@id\":\"http:\/\/fastrackids.lv\/ru\/find-locations\/#primaryimage\"},\"datePublished\":\"2014-12-15T22:25:23+00:00\",\"dateModified\":\"2016-10-17T08:44:22+00:00\",\"breadcrumb\":{\"@id\":\"http:\/\/fastrackids.lv\/ru\/find-locations\/#breadcrumb\"},\"inLanguage\":\"en-US\",\"potentialAction\":[{\"@type\":\"ReadAction\",\"target\":[\"http:\/\/fastrackids.lv\/ru\/find-locations\/\"]}]},{\"@type\":\"BreadcrumbList\",\"@id\":\"http:\/\/fastrackids.lv\/ru\/find-locations\/#breadcrumb\",\"itemListElement\":[{\"@type\":\"ListItem\",\"position\":1,\"name\":\"Home\",\"item\":\"https:\/\/fastrackids.lv\/ru\/\"},{\"@type\":\"ListItem\",\"position\":2,\"name\":\"M\\u0101c\\u012bbu vietas\"}]}]}<\/script>\n<!-- \/ Yoast SEO plugin. -->","yoast_head_json":{"robots":{"index":"index","follow":"follow","max-snippet":"max-snippet:-1","max-image-preview":"max-image-preview:large","max-video-preview":"max-video-preview:-1"},"canonical":"http:\/\/fastrackids.lv\/ru\/find-locations\/","og_locale":"en_US","og_type":"article","og_title":"M\u0101c\u012bbu vietas - FasTrackids Latvia (Russian)","og_description":"\u201cRTU \u0136\u012bpsalas peldbaseins\u201d, \u0136\u012bpsalas iel\u0101 5, R\u012bg\u0101 (no 2016.gada augusta) Pied\u0101v\u0101jam &#8220;Fastrack\u00ae Fundamentals&#8221; un &#8220;Fastrack\u00ae English&#8221; programmu nodarb\u012bbas, katru dienu, iz\u0146emot sv\u0113tku un atz\u012bm\u0113jam\u0101s dien\u0101s. Uzziniet vair\u0101k par sev piem\u0113roto nodarb\u012bbu laiku un piesakieties uz demonstr\u0101cijas nodarb\u012bb\u0101m\u00a0elektroniski vai zvanot pa t\u0101lruni 20879999! Liep\u0101jas B\u0113rnu un jaunatnes centrs: Br\u012bv\u012bbas iel\u0101 39. &nbsp; B\u0113rnu un jaunie\u0161u att\u012bst\u012bbas &hellip; Continue reading &rarr;","og_url":"http:\/\/fastrackids.lv\/ru\/find-locations\/","og_site_name":"FasTrackids Latvia (Russian)","article_modified_time":"2016-10-17T08:44:22+00:00","og_image":[{"url":"http:\/\/fastrackids.lv\/wp-content\/uploads\/sites\/3\/2014\/12\/RTU-peldbesains-1024x514.jpg"}],"twitter_misc":{"Est. reading time":"1 minute"},"schema":{"@context":"https:\/\/schema.org","@graph":[{"@type":"WebSite","@id":"https:\/\/fastrackids.lv\/ru\/#website","url":"https:\/\/fastrackids.lv\/ru\/","name":"FasTrackids Latvia (Russian)","description":"FasTracKids Latvia","potentialAction":[{"@type":"SearchAction","target":{"@type":"EntryPoint","urlTemplate":"https:\/\/fastrackids.lv\/ru\/?s={search_term_string}"},"query-input":"required name=search_term_string"}],"inLanguage":"en-US"},{"@type":"ImageObject","@id":"http:\/\/fastrackids.lv\/ru\/find-locations\/#primaryimage","inLanguage":"en-US","url":"http:\/\/fastrackids.lv\/wp-content\/uploads\/sites\/3\/2014\/12\/RTU-peldbesains-1024x514.jpg","contentUrl":"http:\/\/fastrackids.lv\/wp-content\/uploads\/sites\/3\/2014\/12\/RTU-peldbesains-1024x514.jpg"},{"@type":"WebPage","@id":"http:\/\/fastrackids.lv\/ru\/find-locations\/#webpage","url":"http:\/\/fastrackids.lv\/ru\/find-locations\/","name":"M\u0101c\u012bbu vietas - FasTrackids Latvia (Russian)","isPartOf":{"@id":"https:\/\/fastrackids.lv\/ru\/#website"},"primaryImageOfPage":{"@id":"http:\/\/fastrackids.lv\/ru\/find-locations\/#primaryimage"},"datePublished":"2014-12-15T22:25:23+00:00","dateModified":"2016-10-17T08:44:22+00:00","breadcrumb":{"@id":"http:\/\/fastrackids.lv\/ru\/find-locations\/#breadcrumb"},"inLanguage":"en-US","potentialAction":[{"@type":"ReadAction","target":["http:\/\/fastrackids.lv\/ru\/find-locations\/"]}]},{"@type":"BreadcrumbList","@id":"http:\/\/fastrackids.lv\/ru\/find-locations\/#breadcrumb","itemListElement":[{"@type":"ListItem","position":1,"name":"Home","item":"https:\/\/fastrackids.lv\/ru\/"},{"@type":"ListItem","position":2,"name":"M\u0101c\u012bbu vietas"}]}]}},"_links":{"self":[{"href":"http:\/\/fastrackids.lv\/ru\/wp-json\/wp\/v2\/pages\/251"}],"collection":[{"href":"http:\/\/fastrackids.lv\/ru\/wp-json\/wp\/v2\/pages"}],"about":[{"href":"http:\/\/fastrackids.lv\/ru\/wp-json\/wp\/v2\/types\/page"}],"author":[{"embeddable":true,"href":"http:\/\/fastrackids.lv\/ru\/wp-json\/wp\/v2\/users\/9"}],"replies":[{"embeddable":true,"href":"http:\/\/fastrackids.lv\/ru\/wp-json\/wp\/v2\/comments?post=251"}],"version-history":[{"count":21,"href":"http:\/\/fastrackids.lv\/ru\/wp-json\/wp\/v2\/pages\/251\/revisions"}],"predecessor-version":[{"id":977,"href":"http:\/\/fastrackids.lv\/ru\/wp-json\/wp\/v2\/pages\/251\/revisions\/977"}],"wp:attachment":[{"href":"http:\/\/fastrackids.lv\/ru\/wp-json\/wp\/v2\/media?parent=251"}],"curies":[{"name":"wp","href":"https:\/\/api.w.org\/{rel}","templated":true}]}}