{"id":206,"date":"2014-11-25T17:01:17","date_gmt":"2014-11-25T17:01:17","guid":{"rendered":"http:\/\/goftk.com\/?page_id=206"},"modified":"2015-06-10T13:49:44","modified_gmt":"2015-06-10T11:49:44","slug":"atsauksmes","status":"publish","type":"page","link":"http:\/\/fastrackids.lv\/ru\/uznemuma-fastrackids-stasts\/atsauksmes\/","title":{"rendered":"Atsauksmes"},"content":{"rendered":"<p>M\u0113s priec\u0101jamies, ka m\u016bsu \u0123imenes ar lepnumu v\u0113las dal\u012bties ar\u00a0b\u0113rnu g\u016bto \u00a0FasTracKids<sup>\u00ae<\/sup> pieredzi. M\u016bsu p\u0113d\u0113j\u0101 vispasaules vec\u0101ku aptauj\u0101, kur\u0101 piedal\u012bj\u0101s pa\u0161reiz\u0113jo FasTracKids programm\u0101s iesaist\u012bto b\u0113rnu vec\u0101ki, m\u0113s vaic\u0101j\u0101m \u201eVai J\u016bs ieteiktu uz\u0146\u0113mumu FasTracKids saviem draugiem un \u0123imenes locek\u013ciem?\u201d. <strong>Vair\u0101k nek\u0101 97%<\/strong> no aptauj\u0101tajiem vec\u0101kiem atbild\u0113ja apstiprino\u0161i.<\/p>\n<p>Esam pagodin\u0101ti apzin\u0101ties, ka uz\u0146\u0113mumam FasTracKids ir m\u016b\u017e\u012bgi palieko\u0161a ietekme uz m\u016bsu audz\u0113k\u0146u br\u012bni\u0161\u0137\u012bgajiem pr\u0101tiem. Iepaz\u012bstieties, ko saka\u00a0m\u016bsu audz\u0113k\u0146i un skolas par agr\u012bn\u0101 vecuma izgl\u012bt\u012bbas\u00a0programm\u0101m:<\/p>\n<h2>\n<div class=\"testimonials-widget-testimonials listing\">\n<div class=\"paging prepend\">\n<div class=\"alignleft\"><\/div>\n<div class=\"alignright\"><\/div>\n<\/div>\n<div class=\"testimonials-widget-testimonial list odd post-324 testimonials-widget type-testimonials-widget status-publish has-post-thumbnail\" style=\"\">\n<!-- testimonials-widget-testimonials:324: --><br \/>\n<span class=\"image\"><a href=\"http:\/\/fastrackids.lv\/ru\/testimonial\/rui-curica-school-principal\/\" title=\"Complete testimonial by Skolas direktors Ruijs Kurika\"  class=\"more-link\"><img width=\"150\" height=\"150\" src=\"\/\/fastrackids.lv\/ru\/wp-content\/uploads\/sites\/3\/2014\/11\/Rui-Curica-150x150.jpg\" class=\"attachment-thumbnail size-thumbnail wp-post-image\" alt=\"\" loading=\"lazy\" \/><\/a><\/span>\t\t<\/p>\n<blockquote>\n<p><span class=\"open-quote\"><\/span>M\u0113s integr\u0113j\u0101m FasTracKids programmu m\u016bsu b\u0113rnud\u0101rza m\u0101c\u012bbu programm\u0101, lai bag\u0101tin\u0101tu b\u0113rnu zin\u0101\u0161anas. \u0160\u012b programma ne tikai stimul\u0113 rado\u0161umu un uzlabo b\u0113rna dom\u0101\u0161anas un argument\u0101cijas sp\u0113jas, bet ar\u012b veicina vi\u0146u probl\u0113mu risin\u0101\u0161anas sp\u0113jas un uzlabo pa\u0161v\u0113rt\u0113jumu. T\u0101 izr\u0101d\u012bj\u0101s pareiz\u0101 izv\u0113le, lai pal\u012bdz\u0113tu m\u016bsu b\u0113rniem s\u0101kt kaldin\u0101t savus pan\u0101kumus. Pirmoreiz m\u0113s \u0161o programmu ievies\u0101m 2000.\/2001. m\u0101c\u012bbu gad\u0101. Kad pirmie programm\u0101 iesaist\u012btie b\u0113rni s\u0101ka m\u0101c\u012bties dev\u012btaj\u0101 klas\u0113, m\u016bsu skola pirmoreiz iek\u013cuva starp desmit lab\u0101kaj\u0101m skol\u0101m valst\u012b, un kop\u0161 t\u0101 laika m\u0113s esam saglab\u0101ju\u0161i vietu \u0161aj\u0101 sarakst\u0101.<span class=\"close-quote\"><\/span><\/p>\n<\/blockquote>\n<div class=\"credit\"><span class=\"author\">Skolas direktors Ruijs Kurika<\/span><span class=\"join-location\"><\/span><span class=\"location\">Riudimouru, Portug\u0101le<\/span><\/div>\n<\/p><\/div>\n<div class=\"testimonials-widget-testimonial list even post-320 testimonials-widget type-testimonials-widget status-publish has-post-thumbnail\" style=\"\">\n<!-- testimonials-widget-testimonials:320: --><br \/>\n<span class=\"image\"><a href=\"http:\/\/fastrackids.lv\/ru\/testimonial\/preetha-and-subramanyan-parents-of-fastrackid-smaran-age-5\/\" title=\"Complete testimonial by \uf0a7\tPr\u012bta un Subramanjans, Smarana (5 gadi) vec\u0101ki\"  class=\"more-link\"><img width=\"150\" height=\"150\" src=\"\/\/fastrackids.lv\/ru\/wp-content\/uploads\/sites\/3\/2014\/12\/220_1827151824046817971161000008275688503609574299635n_1297964174-150x150.jpg\" class=\"attachment-thumbnail size-thumbnail wp-post-image\" alt=\"\" loading=\"lazy\" \/><\/a><\/span>\t\t<\/p>\n<blockquote>\n<p><span class=\"open-quote\"><\/span>Smarans FasTracKids programm\u0101 ir ieguvis br\u012bni\u0161\u0137\u012bgu pieredzi. Vi\u0146\u0161 uzs\u0101ka m\u0101c\u012bbas tr\u012bs gadu vecum\u0101 un pabeigs febru\u0101ra beig\u0101s. Pa\u0161\u0101 s\u0101kum\u0101 vi\u0146\u0161 bija \u013coti kautr\u012bgs un daudz nekomunic\u0113ja ar citiem. Ta\u010du tagad vi\u0146\u0161 ir tik \u013coti progres\u0113jis, ka k\u013cuvis gudr\u0101kais skol\u0101. FasTracKids centr\u0101 vi\u0146\u0161 ir apguvis \u013coti daudz, it \u012bpa\u0161i soci\u0101l\u0101s prasmes, komandas darbu un komunik\u0101cijas prasmes. M\u0113s esam \u013coti priec\u012bgi par vi\u0146a progresu. Paties\u012bb\u0101, m\u0113s ar\u012b dom\u0101jam pieteikt m\u016bsu meitu \u0161aj\u0101 programm\u0101.<span class=\"close-quote\"><\/span><\/p>\n<\/blockquote>\n<div class=\"credit\"><span class=\"author\">\uf0a7\tPr\u012bta un Subramanjans, Smarana (5 gadi) vec\u0101ki<\/span><span class=\"join-location\"><\/span><span class=\"location\">D\u017eord\u017eija, ASV<\/span><\/div>\n<\/p><\/div>\n<div class=\"testimonials-widget-testimonial list odd post-318 testimonials-widget type-testimonials-widget status-publish\" style=\"\">\n<!-- testimonials-widget-testimonials:318: --><\/p>\n<blockquote>\n<p><span class=\"open-quote\"><\/span>Es vienm\u0113r b\u016b\u0161u pateic\u012bga par visu, kas tika dots manam d\u0113lam Ren\u0113 Danielam. Vi\u0146\u0161 ir guvis tik daudz no dal\u012bbas programm\u0101, kas pied\u0101v\u0101 apg\u016bt tik daudz lietu, un kopum\u0101 esmu pateic\u012bga par m\u012blest\u012bbu, ko vi\u0146\u0161 sa\u0146\u0113ma. Mans b\u0113rns j\u016bsu nodarb\u012bb\u0101s ir laim\u012bgs!<span class=\"close-quote\"><\/span><\/p>\n<\/blockquote>\n<div class=\"credit\"><span class=\"author\">Karla Lopesa, Ren\u0113 Daniela Lopesa (3 gadi) m\u0101te<\/span><span class=\"join-location\"><\/span><span class=\"location\">Obregona, Meksika<\/span><\/div>\n<\/p><\/div>\n<div class=\"testimonials-widget-testimonial list even post-316 testimonials-widget type-testimonials-widget status-publish has-post-thumbnail\" style=\"\">\n<!-- testimonials-widget-testimonials:316: --><br \/>\n<span class=\"image\"><a href=\"http:\/\/fastrackids.lv\/ru\/testimonial\/sharon-parent-of-connor-age-4\/\" title=\"Complete testimonial by \u0160\u0101rona, Konora (4 gadi) mamma\"  class=\"more-link\"><img width=\"150\" height=\"150\" src=\"\/\/fastrackids.lv\/ru\/wp-content\/uploads\/sites\/3\/2014\/12\/220_18039618965420521501199570941323522234866291n_1297964174-150x150.jpg\" class=\"attachment-thumbnail size-thumbnail wp-post-image\" alt=\"\" loading=\"lazy\" \/><\/a><\/span>\t\t<\/p>\n<blockquote>\n<p><span class=\"open-quote\"><\/span>V\u0113lamies jums pateikties par lielisko Konora pieredzi <em>FasTrack<\/em> nometn\u0113! Vi\u0146am \u013coti patika viss ar dinozauru ned\u0113\u013cu saist\u012btais, k\u0101 ar\u012b vi\u0146\u0161 un vi\u0146a br\u0101lis v\u0113l aizvien sp\u0113l\u0113jas ar (c\u012bn\u0101s par iesp\u0113ju sp\u0113l\u0113ties ar) fig\u016br\u0101m, karogu un cit\u0101m liet\u0101m. Vi\u0146\u0161 par to run\u0101ja katru dienu, un ar tik lielu entuziasmu st\u0101st\u012bja br\u0101lim, kur\u0161 tikko pabeidza m\u0101c\u012bbas b\u0113rnud\u0101rz\u0101, ko vi\u0146\u0161 taj\u0101 dien\u0101 \u201em\u0101c\u012bj\u0101s\u201d. Piektdien vi\u0146\u0161 bija \u013coti saj\u016bsmin\u0101ts, st\u0101stot \u201eatkal \u0161odien m\u0101c\u012bjos par <em>T-Rex<\/em>!\u201d. Vi\u0146\u0161 ar\u012b teica, ka vi\u0146am \u013coti pat\u012bk vi\u0146a skolot\u0101ji. Paldies!<span class=\"close-quote\"><\/span><\/p>\n<\/blockquote>\n<div class=\"credit\"><span class=\"author\">\u0160\u0101rona, Konora (4 gadi) mamma<\/span><span class=\"join-location\"><\/span><span class=\"location\">\u0145ujorka, ASV<\/span><\/div>\n<\/p><\/div>\n<div class=\"testimonials-widget-testimonial list odd post-311 testimonials-widget type-testimonials-widget status-publish\" style=\"\">\n<!-- testimonials-widget-testimonials:311: --><\/p>\n<blockquote>\n<p><span class=\"open-quote\"><\/span>Tikai v\u0113l\u0113jos jums past\u0101st\u012bt, cik laim\u012bga esmu, ka Eriss un Vaija apmekl\u0113 FasTracKids centru. Esmu saj\u016bsm\u0101 par programmu un Eriss pirmo reizi, kop\u0161 vi\u0146\u0161 s\u0101ka apmekl\u0113t dienas centru\/b\u0113rnud\u0101rzu, patie\u0161\u0101m grib to apmekl\u0113t. Vi\u0146\u0161 tie\u0161\u0101m v\u0113l\u0113j\u0101s \u0161odien n\u0101kt uz skolu (sestdien\u0101)! Vi\u0146\u0161 neko t\u0101du man iepriek\u0161 nebija teicis! Zinu, ka tas liel\u0101 m\u0113r\u0101 ir vi\u0146a jauno draugu d\u0113\u013c, ta\u010du tas ir ar\u012b kas vair\u0101k (pirmo reizi)! Vi\u0146a m\u012b\u013c\u0101k\u0101 da\u013ca ir m\u0101c\u012bbu t\u0101fele, vi\u0146\u0161 par to daudz run\u0101, k\u0101 ar\u012b patie\u0161\u0101m j\u016bt, ka daudz ko apg\u016bst un k\u013c\u016bst gudr\u0101ks. T\u0101d\u0113\u013c es saku jums lielu PALDIES par to! Ar prieku raugos uz n\u0101kamo gadu kop\u0101 ar jums.<span class=\"close-quote\"><\/span><\/p>\n<\/blockquote>\n<div class=\"credit\"><span class=\"author\">Kristiana, Erisa un Vaijas (4 gadi) m\u0101te<\/span><span class=\"join-location\"><\/span><span class=\"location\">Kalifornija, ASV<\/span><\/div>\n<\/p><\/div>\n<div class=\"testimonials-widget-testimonial list even post-296 testimonials-widget type-testimonials-widget status-publish has-post-thumbnail\" style=\"\">\n<!-- testimonials-widget-testimonials:296: --><br \/>\n<span class=\"image\"><a href=\"http:\/\/fastrackids.lv\/ru\/testimonial\/super-awesome\/\" title=\"Complete testimonial by Anita, \u0160\u0101na (5 gadi) mamma\"  class=\"more-link\"><img width=\"150\" height=\"150\" src=\"\/\/fastrackids.lv\/ru\/wp-content\/uploads\/sites\/3\/2014\/12\/DSC00196-150x150.jpg\" class=\"attachment-thumbnail size-thumbnail wp-post-image\" alt=\"\" loading=\"lazy\" \/><\/a><\/span>\t\t<\/p>\n<blockquote>\n<p><span class=\"open-quote\"><\/span>\u0160\u0101ns apmekl\u0113ja FasTracKids centru pusotru gadu pirms iest\u0101\u0161an\u0101s b\u0113rnud\u0101rz\u0101 \u0161ogad. Pirmaj\u0101 vec\u0101ku un skolot\u0101ju tik\u0161an\u0101s reiz\u0113 es un mans v\u012brs bij\u0101m p\u0101rsteigti un \u013coti priec\u012bgi dzird\u0113t, ka \u0160\u0101nam ne tikai labi veic\u0101s, bet vi\u0146\u0161 ar\u012b jau bija gatavs uzs\u0101kt m\u0101c\u012bbas 1. klas\u0113. Manupr\u0101t, par \u0160\u0101na agrajiem sasniegumiem atzin\u012bbu ir peln\u012bjusi tie\u0161i FasTracKids programma un vi\u0146a skolot\u0101jas, Kipijas un M\u0101rlas jaunkundzes.<span class=\"close-quote\"><\/span><\/p>\n<\/blockquote>\n<div class=\"credit\"><span class=\"author\">Anita, \u0160\u0101na (5 gadi) mamma<\/span><span class=\"join-location\"><\/span><span class=\"location\">D\u017eord\u017eija, ASV<\/span><\/div>\n<\/p><\/div>\n<div class=\"paging append\">\n<div class=\"alignleft\"><\/div>\n<div class=\"alignright\"><\/div>\n<\/div>\n<\/div>\n<\/h2>\n","protected":false},"excerpt":{"rendered":"<p>M\u0113s priec\u0101jamies, ka m\u016bsu \u0123imenes ar lepnumu v\u0113las dal\u012bties ar\u00a0b\u0113rnu g\u016bto \u00a0FasTracKids\u00ae pieredzi. M\u016bsu p\u0113d\u0113j\u0101 vispasaules vec\u0101ku aptauj\u0101, kur\u0101 piedal\u012bj\u0101s pa\u0161reiz\u0113jo FasTracKids programm\u0101s iesaist\u012bto b\u0113rnu vec\u0101ki, m\u0113s vaic\u0101j\u0101m \u201eVai J\u016bs ieteiktu uz\u0146\u0113mumu FasTracKids saviem draugiem un \u0123imenes locek\u013ciem?\u201d. Vair\u0101k nek\u0101 97% no aptauj\u0101tajiem vec\u0101kiem atbild\u0113ja apstiprino\u0161i. Esam pagodin\u0101ti apzin\u0101ties, ka uz\u0146\u0113mumam FasTracKids ir m\u016b\u017e\u012bgi palieko\u0161a &hellip; <a href=\"http:\/\/fastrackids.lv\/ru\/uznemuma-fastrackids-stasts\/atsauksmes\/\">Continue reading <span class=\"meta-nav\">&rarr;<\/span><\/a><\/p>\n","protected":false},"author":9,"featured_media":289,"parent":2,"menu_order":0,"comment_status":"closed","ping_status":"closed","template":"page-wide.php","meta":[],"yoast_head":"<!-- This site is optimized with the Yoast SEO plugin v17.4 - https:\/\/yoast.com\/wordpress\/plugins\/seo\/ -->\n<meta name=\"robots\" content=\"index, follow, max-snippet:-1, max-image-preview:large, max-video-preview:-1\" \/>\n<link rel=\"canonical\" href=\"http:\/\/fastrackids.lv\/ru\/uznemuma-fastrackids-stasts\/atsauksmes\/\" \/>\n<meta property=\"og:locale\" content=\"en_US\" \/>\n<meta property=\"og:type\" content=\"article\" \/>\n<meta property=\"og:title\" content=\"Atsauksmes - FasTrackids Latvia (Russian)\" \/>\n<meta property=\"og:description\" content=\"M\u0113s priec\u0101jamies, ka m\u016bsu \u0123imenes ar lepnumu v\u0113las dal\u012bties ar\u00a0b\u0113rnu g\u016bto \u00a0FasTracKids\u00ae pieredzi. M\u016bsu p\u0113d\u0113j\u0101 vispasaules vec\u0101ku aptauj\u0101, kur\u0101 piedal\u012bj\u0101s pa\u0161reiz\u0113jo FasTracKids programm\u0101s iesaist\u012bto b\u0113rnu vec\u0101ki, m\u0113s vaic\u0101j\u0101m \u201eVai J\u016bs ieteiktu uz\u0146\u0113mumu FasTracKids saviem draugiem un \u0123imenes locek\u013ciem?\u201d. Vair\u0101k nek\u0101 97% no aptauj\u0101tajiem vec\u0101kiem atbild\u0113ja apstiprino\u0161i. Esam pagodin\u0101ti apzin\u0101ties, ka uz\u0146\u0113mumam FasTracKids ir m\u016b\u017e\u012bgi palieko\u0161a &hellip; Continue reading &rarr;\" \/>\n<meta property=\"og:url\" content=\"http:\/\/fastrackids.lv\/ru\/uznemuma-fastrackids-stasts\/atsauksmes\/\" \/>\n<meta property=\"og:site_name\" content=\"FasTrackids Latvia (Russian)\" \/>\n<meta property=\"article:modified_time\" content=\"2015-06-10T11:49:44+00:00\" \/>\n<meta property=\"og:image\" content=\"http:\/\/fastrackids.lv\/ru\/wp-content\/uploads\/sites\/3\/2014\/11\/header_image_testimonials.jpg\" \/>\n\t<meta property=\"og:image:width\" content=\"2100\" \/>\n\t<meta property=\"og:image:height\" content=\"1183\" \/>\n<meta name=\"twitter:label1\" content=\"Est. reading time\" \/>\n\t<meta name=\"twitter:data1\" content=\"1 minute\" \/>\n<script type=\"application\/ld+json\" class=\"yoast-schema-graph\">{\"@context\":\"https:\/\/schema.org\",\"@graph\":[{\"@type\":\"WebSite\",\"@id\":\"https:\/\/fastrackids.lv\/ru\/#website\",\"url\":\"https:\/\/fastrackids.lv\/ru\/\",\"name\":\"FasTrackids Latvia (Russian)\",\"description\":\"FasTracKids Latvia\",\"potentialAction\":[{\"@type\":\"SearchAction\",\"target\":{\"@type\":\"EntryPoint\",\"urlTemplate\":\"https:\/\/fastrackids.lv\/ru\/?s={search_term_string}\"},\"query-input\":\"required name=search_term_string\"}],\"inLanguage\":\"en-US\"},{\"@type\":\"ImageObject\",\"@id\":\"http:\/\/fastrackids.lv\/ru\/uznemuma-fastrackids-stasts\/atsauksmes\/#primaryimage\",\"inLanguage\":\"en-US\",\"url\":\"http:\/\/fastrackids.lv\/ru\/wp-content\/uploads\/sites\/3\/2014\/11\/header_image_testimonials.jpg\",\"contentUrl\":\"http:\/\/fastrackids.lv\/ru\/wp-content\/uploads\/sites\/3\/2014\/11\/header_image_testimonials.jpg\",\"width\":2100,\"height\":1183},{\"@type\":\"WebPage\",\"@id\":\"http:\/\/fastrackids.lv\/ru\/uznemuma-fastrackids-stasts\/atsauksmes\/#webpage\",\"url\":\"http:\/\/fastrackids.lv\/ru\/uznemuma-fastrackids-stasts\/atsauksmes\/\",\"name\":\"Atsauksmes - FasTrackids Latvia (Russian)\",\"isPartOf\":{\"@id\":\"https:\/\/fastrackids.lv\/ru\/#website\"},\"primaryImageOfPage\":{\"@id\":\"http:\/\/fastrackids.lv\/ru\/uznemuma-fastrackids-stasts\/atsauksmes\/#primaryimage\"},\"datePublished\":\"2014-11-25T17:01:17+00:00\",\"dateModified\":\"2015-06-10T11:49:44+00:00\",\"breadcrumb\":{\"@id\":\"http:\/\/fastrackids.lv\/ru\/uznemuma-fastrackids-stasts\/atsauksmes\/#breadcrumb\"},\"inLanguage\":\"en-US\",\"potentialAction\":[{\"@type\":\"ReadAction\",\"target\":[\"http:\/\/fastrackids.lv\/ru\/uznemuma-fastrackids-stasts\/atsauksmes\/\"]}]},{\"@type\":\"BreadcrumbList\",\"@id\":\"http:\/\/fastrackids.lv\/ru\/uznemuma-fastrackids-stasts\/atsauksmes\/#breadcrumb\",\"itemListElement\":[{\"@type\":\"ListItem\",\"position\":1,\"name\":\"Home\",\"item\":\"https:\/\/fastrackids.lv\/ru\/\"},{\"@type\":\"ListItem\",\"position\":2,\"name\":\"FasTracKids st\\u0101sts\",\"item\":\"http:\/\/fastrackids.lv\/ru\/uznemuma-fastrackids-stasts\/\"},{\"@type\":\"ListItem\",\"position\":3,\"name\":\"Atsauksmes\"}]}]}<\/script>\n<!-- \/ Yoast SEO plugin. -->","yoast_head_json":{"robots":{"index":"index","follow":"follow","max-snippet":"max-snippet:-1","max-image-preview":"max-image-preview:large","max-video-preview":"max-video-preview:-1"},"canonical":"http:\/\/fastrackids.lv\/ru\/uznemuma-fastrackids-stasts\/atsauksmes\/","og_locale":"en_US","og_type":"article","og_title":"Atsauksmes - FasTrackids Latvia (Russian)","og_description":"M\u0113s priec\u0101jamies, ka m\u016bsu \u0123imenes ar lepnumu v\u0113las dal\u012bties ar\u00a0b\u0113rnu g\u016bto \u00a0FasTracKids\u00ae pieredzi. M\u016bsu p\u0113d\u0113j\u0101 vispasaules vec\u0101ku aptauj\u0101, kur\u0101 piedal\u012bj\u0101s pa\u0161reiz\u0113jo FasTracKids programm\u0101s iesaist\u012bto b\u0113rnu vec\u0101ki, m\u0113s vaic\u0101j\u0101m \u201eVai J\u016bs ieteiktu uz\u0146\u0113mumu FasTracKids saviem draugiem un \u0123imenes locek\u013ciem?\u201d. Vair\u0101k nek\u0101 97% no aptauj\u0101tajiem vec\u0101kiem atbild\u0113ja apstiprino\u0161i. Esam pagodin\u0101ti apzin\u0101ties, ka uz\u0146\u0113mumam FasTracKids ir m\u016b\u017e\u012bgi palieko\u0161a &hellip; Continue reading &rarr;","og_url":"http:\/\/fastrackids.lv\/ru\/uznemuma-fastrackids-stasts\/atsauksmes\/","og_site_name":"FasTrackids Latvia (Russian)","article_modified_time":"2015-06-10T11:49:44+00:00","og_image":[{"width":2100,"height":1183,"url":"http:\/\/fastrackids.lv\/ru\/wp-content\/uploads\/sites\/3\/2014\/11\/header_image_testimonials.jpg","type":"image\/jpeg"}],"twitter_misc":{"Est. reading time":"1 minute"},"schema":{"@context":"https:\/\/schema.org","@graph":[{"@type":"WebSite","@id":"https:\/\/fastrackids.lv\/ru\/#website","url":"https:\/\/fastrackids.lv\/ru\/","name":"FasTrackids Latvia (Russian)","description":"FasTracKids Latvia","potentialAction":[{"@type":"SearchAction","target":{"@type":"EntryPoint","urlTemplate":"https:\/\/fastrackids.lv\/ru\/?s={search_term_string}"},"query-input":"required name=search_term_string"}],"inLanguage":"en-US"},{"@type":"ImageObject","@id":"http:\/\/fastrackids.lv\/ru\/uznemuma-fastrackids-stasts\/atsauksmes\/#primaryimage","inLanguage":"en-US","url":"http:\/\/fastrackids.lv\/ru\/wp-content\/uploads\/sites\/3\/2014\/11\/header_image_testimonials.jpg","contentUrl":"http:\/\/fastrackids.lv\/ru\/wp-content\/uploads\/sites\/3\/2014\/11\/header_image_testimonials.jpg","width":2100,"height":1183},{"@type":"WebPage","@id":"http:\/\/fastrackids.lv\/ru\/uznemuma-fastrackids-stasts\/atsauksmes\/#webpage","url":"http:\/\/fastrackids.lv\/ru\/uznemuma-fastrackids-stasts\/atsauksmes\/","name":"Atsauksmes - FasTrackids Latvia (Russian)","isPartOf":{"@id":"https:\/\/fastrackids.lv\/ru\/#website"},"primaryImageOfPage":{"@id":"http:\/\/fastrackids.lv\/ru\/uznemuma-fastrackids-stasts\/atsauksmes\/#primaryimage"},"datePublished":"2014-11-25T17:01:17+00:00","dateModified":"2015-06-10T11:49:44+00:00","breadcrumb":{"@id":"http:\/\/fastrackids.lv\/ru\/uznemuma-fastrackids-stasts\/atsauksmes\/#breadcrumb"},"inLanguage":"en-US","potentialAction":[{"@type":"ReadAction","target":["http:\/\/fastrackids.lv\/ru\/uznemuma-fastrackids-stasts\/atsauksmes\/"]}]},{"@type":"BreadcrumbList","@id":"http:\/\/fastrackids.lv\/ru\/uznemuma-fastrackids-stasts\/atsauksmes\/#breadcrumb","itemListElement":[{"@type":"ListItem","position":1,"name":"Home","item":"https:\/\/fastrackids.lv\/ru\/"},{"@type":"ListItem","position":2,"name":"FasTracKids st\u0101sts","item":"http:\/\/fastrackids.lv\/ru\/uznemuma-fastrackids-stasts\/"},{"@type":"ListItem","position":3,"name":"Atsauksmes"}]}]}},"_links":{"self":[{"href":"http:\/\/fastrackids.lv\/ru\/wp-json\/wp\/v2\/pages\/206"}],"collection":[{"href":"http:\/\/fastrackids.lv\/ru\/wp-json\/wp\/v2\/pages"}],"about":[{"href":"http:\/\/fastrackids.lv\/ru\/wp-json\/wp\/v2\/types\/page"}],"author":[{"embeddable":true,"href":"http:\/\/fastrackids.lv\/ru\/wp-json\/wp\/v2\/users\/9"}],"replies":[{"embeddable":true,"href":"http:\/\/fastrackids.lv\/ru\/wp-json\/wp\/v2\/comments?post=206"}],"version-history":[{"count":14,"href":"http:\/\/fastrackids.lv\/ru\/wp-json\/wp\/v2\/pages\/206\/revisions"}],"predecessor-version":[{"id":733,"href":"http:\/\/fastrackids.lv\/ru\/wp-json\/wp\/v2\/pages\/206\/revisions\/733"}],"up":[{"embeddable":true,"href":"http:\/\/fastrackids.lv\/ru\/wp-json\/wp\/v2\/pages\/2"}],"wp:featuredmedia":[{"embeddable":true,"href":"http:\/\/fastrackids.lv\/ru\/wp-json\/wp\/v2\/media\/289"}],"wp:attachment":[{"href":"http:\/\/fastrackids.lv\/ru\/wp-json\/wp\/v2\/media?parent=206"}],"curies":[{"name":"wp","href":"https:\/\/api.w.org\/{rel}","templated":true}]}}