{"id":203,"date":"2014-11-25T16:57:46","date_gmt":"2014-11-25T16:57:46","guid":{"rendered":"http:\/\/goftk.com\/?page_id=203"},"modified":"2015-07-20T17:57:48","modified_gmt":"2015-07-20T15:57:48","slug":"fastrack-macisanas-potenciala-novertejums","status":"publish","type":"page","link":"http:\/\/fastrackids.lv\/ru\/fastrack-macisanas-potenciala-novertejums\/","title":{"rendered":"FasTrack M\u0101c\u012b\u0161an\u0101s Potenci\u0101la Nov\u0113rt\u0113jums"},"content":{"rendered":"<h4>K\u0101 j\u016bs varat pal\u012bdz\u0113t b\u0113rniem k\u013c\u016bt par sp\u0113j\u012bgiem\u00a0skolniekiem 21.\u00a0gadsimt\u0101?<\/h4>\n<p>Uz\u0146\u0113muma FasTracKids<sup>\u00ae<\/sup>\u00a0p\u0101rst\u0101vji uzskata, ka b\u0113rna att\u012bst\u012bbai j\u0101b\u016bt daudzpus\u012bgai. <strong>Nav jaut\u0101jums par to, VAI b\u0113rns ir gudrs, bet gan, CIK\u00a0gudrs!<\/strong><\/p>\n<p>Ikvienam b\u0113rnam ir savas individu\u0101l\u0101s m\u0101c\u012b\u0161an\u0101s paradumi, kas nosaka veidu, k\u0101d\u0101 b\u0113rns var \u00a0m\u0101c\u012bties vislab\u0101k. Piem\u0113ram, ja j\u016bsu b\u0113rnam visvair\u0101k piem\u012bt \u0137erme\u0146a \u2013 kust\u012bbu intelekts, vi\u0146\u0161 var\u0113s vislab\u0101k iem\u0101c\u012bties skait\u012bt, m\u0113t\u0101jot bumbu vai k\u0101pjot pa trep\u0113m. Savuk\u0101rt, ja b\u0113rnam visvair\u0101k piem\u012bt muzik\u0101li ritmiskais intelekts, vi\u0146\u0161 vislab\u0101k iem\u0101c\u012bsies skait\u012bt, izmantojot dzejoli vai dziesmu.<\/p>\n<p><strong>Lai sniegtu vislab\u0101ko atbalstu b\u0113rna att\u012bst\u012bbai, jums j\u0101zin, k\u0101d\u0101 veid\u0101 b\u0113rns m\u0101cas vislab\u0101k.<\/strong>\u00a0FasTracKids ir izveidojis\u00a0m\u0101c\u012b\u0161an\u0101s potenci\u0101la nov\u0113rt\u0113jumu <em>(FasTrack<sup>\u00ae<\/sup> Learning Potential Assessment<\/em>). \u0160\u012b<a title=\"FasTrack M\u0101c\u012b\u0161an\u0101s Potenci\u0101la Nov\u0113rt\u0113jums\" href=\"http:\/\/fastrackids.lv\/wp-content\/uploads\/sites\/3\/2015\/06\/MIWheel.jpg\" target=\"_blank\"><img loading=\"lazy\" class=\"alignright wp-image-8527 size-medium\" src=\"http:\/\/www.fastrackids.lv\/ru\/wp-content\/uploads\/sites\/3\/2014\/11\/MIWheelWnew8-300x225.png\" alt=\"FasTrack M\u0101c\u012b\u0161an\u0101s Potenci\u0101la Nov\u0113rt\u0113jums\" width=\"300\" height=\"225\" \/><\/a>\u00a0r\u012bka pamat\u0101 ir izmantota Hovarda G\u0101rdnera <strong><a title=\"Howard Gardner's Theory of Multiple Intelligence\" href=\"http:\/\/en.wikipedia.org\/wiki\/Theory_of_multiple_intelligences\" target=\"_blank\">daudzpus\u012bga\u00a0intelekta teorija<\/a>\u00a0<\/strong><em>(multiple intelligences)<\/em>, kas nosaka, ka past\u0101v vair\u0101ki atsevi\u0161\u0137i intelekta veidi. Ne tikai akad\u0113miski tradicion\u0101lie \u2013 verb\u0101lais un lo\u0123iski matem\u0101tiskais intelekts, bet ar\u012b citi ne maz\u0101k svar\u012bgie \u2013 telpiskais, \u0137erme\u0146a \u2013 kust\u012bbu, muzik\u0101lais, dabaszin\u0101tniskais, saskarsmes un pa\u0161izpratnes intelekts.\u00a0Intelekts G\u0101rdnera izpratn\u0113 ir indiv\u012bda intelektu\u0101l\u0101s sp\u0113jas, kas nodro\u0161ina probl\u0113mu risin\u0101\u0161anas prasmi un rado\u0161u darb\u012bbu.<\/p>\n<p>Ikviens b\u0113rns m\u0101c\u0101s, izmantojot unik\u0101lu asto\u0146u m\u0101c\u012b\u0161an\u0101s intelektu\u00a0kombin\u0101ciju. Lai lab\u0101k izprastu b\u0113rna sp\u0113jas, vispirms j\u0101izprot vi\u0146a individu\u0101l\u0101s m\u0101c\u012b\u0161an\u0101s\u00a0paradumi.<\/p>\n<p>Uz\u0146\u0113mums FasTracKids pal\u012bdz noteikt b\u0113rna domin\u0113jo\u0161os m\u0101c\u012b\u0161an\u0101s paradumus\u00a0ar vienk\u0101r\u0161a 30 min\u016b\u0161u nov\u0113rt\u0113juma pal\u012bdz\u012bbu. M\u016bsu apm\u0101c\u012bbu viet\u0101s\u00a0sertific\u0113ts FasTracKids koordinators str\u0101d\u0101s ar jums un b\u0113rnu, lai veiktu izklaid\u0113jo\u0161u, uz att\u0113liem balst\u012btu nov\u0113rt\u0113jumu. P\u0113c t\u0101\u00a0pabeig\u0161anas j\u016bs sa\u0146emsiet detaliz\u0113tu zi\u0146ojumu, kur\u0101 ir noteikti b\u0113rna m\u0101c\u012b\u0161an\u0101s paradumi\u00a0un sniegti ieteikumi, k\u0101 atbalst\u012bt un turpm\u0101k nodro\u0161in\u0101t b\u0113rnu att\u012bst\u012bbu.<\/p>\n<p>Ja izv\u0113l\u0113sieties pieteikt savus b\u0113rnus FasTracKids programm\u0101s, \u0161\u012b inform\u0101cija pal\u012bdz\u0113s ar\u012b pasniedz\u0113jiem\u00a0saprast, k\u0101 vislab\u0101k atrais\u012bt\u00a0b\u0113rna\u00a0m\u0101c\u012b\u0161an\u0101s potenci\u0101lu.<\/p>\n<p>Agr\u012bn\u0101\u00a0b\u0113rn\u012bba ir tas mazais<strong>\u00a0<a title=\"Zero to Three Website\" href=\"http:\/\/main.zerotothree.org\/site\/PageServer?pagename=ter_key_brainFAQ\" target=\"_blank\">iesp\u0113ju logs<\/a><\/strong>, kas nosaka visu b\u0113rna att\u012bst\u012bbu. \u013baujiet mums pal\u012bdz\u0113t sagatavot b\u0113rnu skolai un dz\u012bvei!<\/p>\n<h3 style=\"text-align: center\"><a title=\"Atrast Tuv\u0101ko Vietu\" href=\"http:\/\/www.fastrackids.lv\/ru\/find-locations\/\">Sazinieties ar tuv\u0101ko\u00a0FasTracKids apm\u0101c\u012bbu vietu, lai pieteiktos\u00a0nov\u0113rt\u0113jumam!<\/a><\/h3>\n","protected":false},"excerpt":{"rendered":"<p>K\u0101 j\u016bs varat pal\u012bdz\u0113t b\u0113rniem k\u013c\u016bt par sp\u0113j\u012bgiem\u00a0skolniekiem 21.\u00a0gadsimt\u0101? Uz\u0146\u0113muma FasTracKids\u00ae\u00a0p\u0101rst\u0101vji uzskata, ka b\u0113rna att\u012bst\u012bbai j\u0101b\u016bt daudzpus\u012bgai. Nav jaut\u0101jums par to, VAI b\u0113rns ir gudrs, bet gan, CIK\u00a0gudrs! Ikvienam b\u0113rnam ir savas individu\u0101l\u0101s m\u0101c\u012b\u0161an\u0101s paradumi, kas nosaka veidu, k\u0101d\u0101 b\u0113rns var \u00a0m\u0101c\u012bties vislab\u0101k. Piem\u0113ram, ja j\u016bsu b\u0113rnam visvair\u0101k piem\u012bt \u0137erme\u0146a \u2013 kust\u012bbu intelekts, vi\u0146\u0161 var\u0113s &hellip; <a href=\"http:\/\/fastrackids.lv\/ru\/fastrack-macisanas-potenciala-novertejums\/\">Continue reading <span class=\"meta-nav\">&rarr;<\/span><\/a><\/p>\n","protected":false},"author":9,"featured_media":204,"parent":0,"menu_order":0,"comment_status":"closed","ping_status":"closed","template":"page-wide.php","meta":[],"yoast_head":"<!-- This site is optimized with the Yoast SEO plugin v17.4 - https:\/\/yoast.com\/wordpress\/plugins\/seo\/ -->\n<meta name=\"robots\" content=\"index, follow, max-snippet:-1, max-image-preview:large, max-video-preview:-1\" \/>\n<link rel=\"canonical\" href=\"http:\/\/fastrackids.lv\/ru\/fastrack-macisanas-potenciala-novertejums\/\" \/>\n<meta property=\"og:locale\" content=\"en_US\" \/>\n<meta property=\"og:type\" content=\"article\" \/>\n<meta property=\"og:title\" content=\"FasTrack M\u0101c\u012b\u0161an\u0101s Potenci\u0101la Nov\u0113rt\u0113jums - FasTrackids Latvia (Russian)\" \/>\n<meta property=\"og:description\" content=\"K\u0101 j\u016bs varat pal\u012bdz\u0113t b\u0113rniem k\u013c\u016bt par sp\u0113j\u012bgiem\u00a0skolniekiem 21.\u00a0gadsimt\u0101? Uz\u0146\u0113muma FasTracKids\u00ae\u00a0p\u0101rst\u0101vji uzskata, ka b\u0113rna att\u012bst\u012bbai j\u0101b\u016bt daudzpus\u012bgai. Nav jaut\u0101jums par to, VAI b\u0113rns ir gudrs, bet gan, CIK\u00a0gudrs! Ikvienam b\u0113rnam ir savas individu\u0101l\u0101s m\u0101c\u012b\u0161an\u0101s paradumi, kas nosaka veidu, k\u0101d\u0101 b\u0113rns var \u00a0m\u0101c\u012bties vislab\u0101k. Piem\u0113ram, ja j\u016bsu b\u0113rnam visvair\u0101k piem\u012bt \u0137erme\u0146a \u2013 kust\u012bbu intelekts, vi\u0146\u0161 var\u0113s &hellip; Continue reading &rarr;\" \/>\n<meta property=\"og:url\" content=\"http:\/\/fastrackids.lv\/ru\/fastrack-macisanas-potenciala-novertejums\/\" \/>\n<meta property=\"og:site_name\" content=\"FasTrackids Latvia (Russian)\" \/>\n<meta property=\"article:modified_time\" content=\"2015-07-20T15:57:48+00:00\" \/>\n<meta property=\"og:image\" content=\"http:\/\/fastrackids.lv\/ru\/wp-content\/uploads\/sites\/3\/2014\/11\/Fotolia_66609789_Subscription_Monthly_M.jpg\" \/>\n\t<meta property=\"og:image:width\" content=\"1687\" \/>\n\t<meta property=\"og:image:height\" content=\"1127\" \/>\n<meta name=\"twitter:label1\" content=\"Est. reading time\" \/>\n\t<meta name=\"twitter:data1\" content=\"2 minutes\" \/>\n<script type=\"application\/ld+json\" class=\"yoast-schema-graph\">{\"@context\":\"https:\/\/schema.org\",\"@graph\":[{\"@type\":\"WebSite\",\"@id\":\"https:\/\/fastrackids.lv\/ru\/#website\",\"url\":\"https:\/\/fastrackids.lv\/ru\/\",\"name\":\"FasTrackids Latvia (Russian)\",\"description\":\"FasTracKids Latvia\",\"potentialAction\":[{\"@type\":\"SearchAction\",\"target\":{\"@type\":\"EntryPoint\",\"urlTemplate\":\"https:\/\/fastrackids.lv\/ru\/?s={search_term_string}\"},\"query-input\":\"required name=search_term_string\"}],\"inLanguage\":\"en-US\"},{\"@type\":\"ImageObject\",\"@id\":\"http:\/\/fastrackids.lv\/ru\/fastrack-macisanas-potenciala-novertejums\/#primaryimage\",\"inLanguage\":\"en-US\",\"url\":\"http:\/\/fastrackids.lv\/ru\/wp-content\/uploads\/sites\/3\/2014\/11\/Fotolia_66609789_Subscription_Monthly_M.jpg\",\"contentUrl\":\"http:\/\/fastrackids.lv\/ru\/wp-content\/uploads\/sites\/3\/2014\/11\/Fotolia_66609789_Subscription_Monthly_M.jpg\",\"width\":1687,\"height\":1127},{\"@type\":\"WebPage\",\"@id\":\"http:\/\/fastrackids.lv\/ru\/fastrack-macisanas-potenciala-novertejums\/#webpage\",\"url\":\"http:\/\/fastrackids.lv\/ru\/fastrack-macisanas-potenciala-novertejums\/\",\"name\":\"FasTrack M\\u0101c\\u012b\\u0161an\\u0101s Potenci\\u0101la Nov\\u0113rt\\u0113jums - FasTrackids Latvia (Russian)\",\"isPartOf\":{\"@id\":\"https:\/\/fastrackids.lv\/ru\/#website\"},\"primaryImageOfPage\":{\"@id\":\"http:\/\/fastrackids.lv\/ru\/fastrack-macisanas-potenciala-novertejums\/#primaryimage\"},\"datePublished\":\"2014-11-25T16:57:46+00:00\",\"dateModified\":\"2015-07-20T15:57:48+00:00\",\"breadcrumb\":{\"@id\":\"http:\/\/fastrackids.lv\/ru\/fastrack-macisanas-potenciala-novertejums\/#breadcrumb\"},\"inLanguage\":\"en-US\",\"potentialAction\":[{\"@type\":\"ReadAction\",\"target\":[\"http:\/\/fastrackids.lv\/ru\/fastrack-macisanas-potenciala-novertejums\/\"]}]},{\"@type\":\"BreadcrumbList\",\"@id\":\"http:\/\/fastrackids.lv\/ru\/fastrack-macisanas-potenciala-novertejums\/#breadcrumb\",\"itemListElement\":[{\"@type\":\"ListItem\",\"position\":1,\"name\":\"Home\",\"item\":\"https:\/\/fastrackids.lv\/ru\/\"},{\"@type\":\"ListItem\",\"position\":2,\"name\":\"FasTrack M\\u0101c\\u012b\\u0161an\\u0101s Potenci\\u0101la Nov\\u0113rt\\u0113jums\"}]}]}<\/script>\n<!-- \/ Yoast SEO plugin. -->","yoast_head_json":{"robots":{"index":"index","follow":"follow","max-snippet":"max-snippet:-1","max-image-preview":"max-image-preview:large","max-video-preview":"max-video-preview:-1"},"canonical":"http:\/\/fastrackids.lv\/ru\/fastrack-macisanas-potenciala-novertejums\/","og_locale":"en_US","og_type":"article","og_title":"FasTrack M\u0101c\u012b\u0161an\u0101s Potenci\u0101la Nov\u0113rt\u0113jums - FasTrackids Latvia (Russian)","og_description":"K\u0101 j\u016bs varat pal\u012bdz\u0113t b\u0113rniem k\u013c\u016bt par sp\u0113j\u012bgiem\u00a0skolniekiem 21.\u00a0gadsimt\u0101? Uz\u0146\u0113muma FasTracKids\u00ae\u00a0p\u0101rst\u0101vji uzskata, ka b\u0113rna att\u012bst\u012bbai j\u0101b\u016bt daudzpus\u012bgai. Nav jaut\u0101jums par to, VAI b\u0113rns ir gudrs, bet gan, CIK\u00a0gudrs! Ikvienam b\u0113rnam ir savas individu\u0101l\u0101s m\u0101c\u012b\u0161an\u0101s paradumi, kas nosaka veidu, k\u0101d\u0101 b\u0113rns var \u00a0m\u0101c\u012bties vislab\u0101k. Piem\u0113ram, ja j\u016bsu b\u0113rnam visvair\u0101k piem\u012bt \u0137erme\u0146a \u2013 kust\u012bbu intelekts, vi\u0146\u0161 var\u0113s &hellip; Continue reading &rarr;","og_url":"http:\/\/fastrackids.lv\/ru\/fastrack-macisanas-potenciala-novertejums\/","og_site_name":"FasTrackids Latvia (Russian)","article_modified_time":"2015-07-20T15:57:48+00:00","og_image":[{"width":1687,"height":1127,"url":"http:\/\/fastrackids.lv\/ru\/wp-content\/uploads\/sites\/3\/2014\/11\/Fotolia_66609789_Subscription_Monthly_M.jpg","type":"image\/jpeg"}],"twitter_misc":{"Est. reading time":"2 minutes"},"schema":{"@context":"https:\/\/schema.org","@graph":[{"@type":"WebSite","@id":"https:\/\/fastrackids.lv\/ru\/#website","url":"https:\/\/fastrackids.lv\/ru\/","name":"FasTrackids Latvia (Russian)","description":"FasTracKids Latvia","potentialAction":[{"@type":"SearchAction","target":{"@type":"EntryPoint","urlTemplate":"https:\/\/fastrackids.lv\/ru\/?s={search_term_string}"},"query-input":"required name=search_term_string"}],"inLanguage":"en-US"},{"@type":"ImageObject","@id":"http:\/\/fastrackids.lv\/ru\/fastrack-macisanas-potenciala-novertejums\/#primaryimage","inLanguage":"en-US","url":"http:\/\/fastrackids.lv\/ru\/wp-content\/uploads\/sites\/3\/2014\/11\/Fotolia_66609789_Subscription_Monthly_M.jpg","contentUrl":"http:\/\/fastrackids.lv\/ru\/wp-content\/uploads\/sites\/3\/2014\/11\/Fotolia_66609789_Subscription_Monthly_M.jpg","width":1687,"height":1127},{"@type":"WebPage","@id":"http:\/\/fastrackids.lv\/ru\/fastrack-macisanas-potenciala-novertejums\/#webpage","url":"http:\/\/fastrackids.lv\/ru\/fastrack-macisanas-potenciala-novertejums\/","name":"FasTrack M\u0101c\u012b\u0161an\u0101s Potenci\u0101la Nov\u0113rt\u0113jums - FasTrackids Latvia (Russian)","isPartOf":{"@id":"https:\/\/fastrackids.lv\/ru\/#website"},"primaryImageOfPage":{"@id":"http:\/\/fastrackids.lv\/ru\/fastrack-macisanas-potenciala-novertejums\/#primaryimage"},"datePublished":"2014-11-25T16:57:46+00:00","dateModified":"2015-07-20T15:57:48+00:00","breadcrumb":{"@id":"http:\/\/fastrackids.lv\/ru\/fastrack-macisanas-potenciala-novertejums\/#breadcrumb"},"inLanguage":"en-US","potentialAction":[{"@type":"ReadAction","target":["http:\/\/fastrackids.lv\/ru\/fastrack-macisanas-potenciala-novertejums\/"]}]},{"@type":"BreadcrumbList","@id":"http:\/\/fastrackids.lv\/ru\/fastrack-macisanas-potenciala-novertejums\/#breadcrumb","itemListElement":[{"@type":"ListItem","position":1,"name":"Home","item":"https:\/\/fastrackids.lv\/ru\/"},{"@type":"ListItem","position":2,"name":"FasTrack M\u0101c\u012b\u0161an\u0101s Potenci\u0101la Nov\u0113rt\u0113jums"}]}]}},"_links":{"self":[{"href":"http:\/\/fastrackids.lv\/ru\/wp-json\/wp\/v2\/pages\/203"}],"collection":[{"href":"http:\/\/fastrackids.lv\/ru\/wp-json\/wp\/v2\/pages"}],"about":[{"href":"http:\/\/fastrackids.lv\/ru\/wp-json\/wp\/v2\/types\/page"}],"author":[{"embeddable":true,"href":"http:\/\/fastrackids.lv\/ru\/wp-json\/wp\/v2\/users\/9"}],"replies":[{"embeddable":true,"href":"http:\/\/fastrackids.lv\/ru\/wp-json\/wp\/v2\/comments?post=203"}],"version-history":[{"count":12,"href":"http:\/\/fastrackids.lv\/ru\/wp-json\/wp\/v2\/pages\/203\/revisions"}],"predecessor-version":[{"id":819,"href":"http:\/\/fastrackids.lv\/ru\/wp-json\/wp\/v2\/pages\/203\/revisions\/819"}],"wp:featuredmedia":[{"embeddable":true,"href":"http:\/\/fastrackids.lv\/ru\/wp-json\/wp\/v2\/media\/204"}],"wp:attachment":[{"href":"http:\/\/fastrackids.lv\/ru\/wp-json\/wp\/v2\/media?parent=203"}],"curies":[{"name":"wp","href":"https:\/\/api.w.org\/{rel}","templated":true}]}}