{"id":200,"date":"2014-11-21T21:53:58","date_gmt":"2014-11-21T21:53:58","guid":{"rendered":"http:\/\/goftk.com\/programs-2\/"},"modified":"2015-07-21T17:55:40","modified_gmt":"2015-07-21T15:55:40","slug":"fastrackids-programmas","status":"publish","type":"page","link":"http:\/\/fastrackids.lv\/ru\/fastrackids-programmas\/","title":{"rendered":"FasTracKids Programmas"},"content":{"rendered":"<h4 style=\"text-align: center;\">M\u0113s ticam, ka ikviens b\u0113rns piedzimst ar potenci\u0101lu g\u016bt pan\u0101kumus. FasTracKids<sup>\u00ae<\/sup> programmas veido b\u0113rna prasmi m\u0101c\u012bties\u00a0visa m\u016b\u017ea garum\u0101. Prasme m\u0101c\u012bties ir svar\u012bga b\u0113rna\u00a0n\u0101kotnei!<\/h4>\n<p>Eksperti\u00a0atz\u012bst, ka m\u0101c\u012b\u0161an\u0101s ir viena no svar\u012bg\u0101kaj\u0101m prasm\u0113m\u00a021. gadsimt\u0101. Uz\u0146\u0113muma FasTracKids metodes att\u012bsta t\u0101s\u00a0visaptvero\u0161\u0101 veid\u0101 iesaistot\u00a0audz\u0113k\u0146us m\u016bsu \u012bpa\u0161i uz b\u0113rniem orient\u0113taj\u0101 vid\u0113. M\u016bsu programmas aizrauj jaunos audz\u0113k\u0146us, nostiprinot\u00a0<strong><a title=\"FasTrack Sniegtie Ieguvumi\" href=\"http:\/\/www.fastrackids.lv\/ru\/metodika\/fastrack-sniegtie-ieguvumi\/\">FasTrack<sup>\u00ae<\/sup> sniegt\u0101s priek\u0161roc\u012bbas<\/a><\/strong>:\u00a0kritisko dom\u0101\u0161anu, rado\u0161umu, sadarb\u012bbas un komunik\u0101cijas prasmes un pa\u0161apzi\u0146u. M\u0113s koncentr\u0113jamies uz to, lai iem\u0101c\u012btu b\u0113rniem nevis, k\u0101 iegaum\u0113t, bet k\u0101 izprast, m\u0101cot vi\u0146iem nevis KO dom\u0101t, bet K\u0100 dom\u0101t.<\/p>\n<p>Katrs b\u0113rns m\u0101c\u0101s at\u0161\u0137ir\u012bg\u0101 veid\u0101, un<strong> <a title=\"FasTrack M\u0101c\u012b\u0161an\u0101s Potenci\u0101la Nov\u0113rt\u0113jums\" href=\"http:\/\/www.fastrackids.lv\/ru\/fastrack-macisanas-potenciala-novertejums\/\">ar\u012b j\u016bsu b\u0113rnam ir unik\u0101ls veids, k\u0101d\u0101 vi\u0146\u0161 uztver pasauli sev apk\u0101rt<\/a><\/strong>. M\u016bsu\u00a0<strong><a title=\"FasTracKids Metodika\" href=\"http:\/\/www.fastrackids.lv\/ru\/metodika\/\">metodika<\/a><\/strong>\u00a0\u013cauj b\u0113rnam non\u0101kt dinamisk\u0101 un akt\u012bv\u0101 m\u0101c\u012bbu vid\u0113, kur b\u0113rns\u00a0var pilnveidoties. M\u0113s apvienojam\u00a0<strong><a title=\"FasTracKids Izgl\u012bt\u012bbas Pamati\" href=\"http:\/\/www.fastrackids.lv\/ru\/metodika\/izglitibas-pamati\/\">lab\u0101k\u0101s izgl\u012bt\u012bbas metodes<\/a><\/strong>, piem\u0113ram, Sokrates un\u00a0Montessori. M\u016bsu unik\u0101l\u0101 metodolo\u0123ija ir\u00a0<strong><a title=\"FasTrack M\u0101c\u012bbu Pal\u012bgl\u012bdzeklis\" href=\"http:\/\/www.fastrackids.lv\/ru\/metodika\/fastrack-macibu-paliglidzeklis\/\">Educational Zig-Zagging<\/a><sup>TM\u00a0<\/sup><\/strong>(izgl\u012btojo\u0161ais Zig- Zagings).\u00a0M\u016bsu pasniedz\u0113ji ievirza\u00a0b\u0113rnus multim\u0113diju vid\u0113, izmantojot m\u0101c\u012bbu pl\u0101nu, kas ietver praktiskus projektus un akt\u012bvas diskusijas klas\u0113.<\/p>\n<p>M\u0113s pied\u0101v\u0101jam \u0161\u012bs programmas\u00a0<a title=\"Zero To Three Website\" href=\"http:\/\/main.zerotothree.org\/site\/PageServer?pagename=ter_key_brainFAQ\" target=\"_blank\">b\u0113rna att\u012bst\u012bbai svar\u012bg\u0101kaj\u0101\u00a0laika posm\u0101<\/a>.\u00a0Vecum\u0101 no 6 m\u0113ne\u0161iem\u00a0l\u012bdz 8 gadiem b\u0113rns att\u012bst\u0101s kognit\u012bv\u0101, soci\u0101l\u0101 un emocion\u0101l\u0101 zi\u0146\u0101. M\u016bsu programmas agr\u012bn\u0101 b\u0113rn\u012bb\u0101 nostiprina\u00a0b\u0113rna dab\u012bgo\u00a0att\u012bst\u012bbu\u00a0un papla\u0161ina vi\u0146u potenci\u0101lu\u00a0m\u0101c\u012bties. Vissvar\u012bg\u0101k\u0101 FasTracKids programmu sast\u0101vda\u013ca ir t\u0101, ka vi\u0146i rota\u013c\u0101jas\u00a0ar m\u0113r\u0137i, kas veido aizraut\u012bgu b\u0113rnu un veiksm\u012bgu audz\u0113kni.<\/p>\n<p>V\u0113rt\u012bg\u0101kais\u00a0ieguld\u012bjums ir ieguld\u012bjums\u00a0b\u0113rna izgl\u012bt\u012bb\u0101. M\u0113s priec\u0101simies Jums pal\u012bdz\u0113t atkl\u0101t b\u0113rna m\u012blest\u012bbu m\u0101c\u012bties visa m\u016b\u017ea garum\u0101\u00a0un ieg\u016bt neaizmirstamu pieredzi!<\/p>\n","protected":false},"excerpt":{"rendered":"<p>M\u0113s ticam, ka ikviens b\u0113rns piedzimst ar potenci\u0101lu g\u016bt pan\u0101kumus. FasTracKids\u00ae programmas veido b\u0113rna prasmi m\u0101c\u012bties\u00a0visa m\u016b\u017ea garum\u0101. Prasme m\u0101c\u012bties ir svar\u012bga b\u0113rna\u00a0n\u0101kotnei! Eksperti\u00a0atz\u012bst, ka m\u0101c\u012b\u0161an\u0101s ir viena no svar\u012bg\u0101kaj\u0101m prasm\u0113m\u00a021. gadsimt\u0101. Uz\u0146\u0113muma FasTracKids metodes att\u012bsta t\u0101s\u00a0visaptvero\u0161\u0101 veid\u0101 iesaistot\u00a0audz\u0113k\u0146us m\u016bsu \u012bpa\u0161i uz b\u0113rniem orient\u0113taj\u0101 vid\u0113. M\u016bsu programmas aizrauj jaunos audz\u0113k\u0146us, nostiprinot\u00a0FasTrack\u00ae sniegt\u0101s priek\u0161roc\u012bbas:\u00a0kritisko dom\u0101\u0161anu, rado\u0161umu, &hellip; <a href=\"http:\/\/fastrackids.lv\/ru\/fastrackids-programmas\/\">Continue reading <span class=\"meta-nav\">&rarr;<\/span><\/a><\/p>\n","protected":false},"author":9,"featured_media":345,"parent":0,"menu_order":0,"comment_status":"closed","ping_status":"closed","template":"page-programs.php","meta":[],"yoast_head":"<!-- This site is optimized with the Yoast SEO plugin v17.4 - https:\/\/yoast.com\/wordpress\/plugins\/seo\/ -->\n<meta name=\"robots\" content=\"index, follow, max-snippet:-1, max-image-preview:large, max-video-preview:-1\" \/>\n<link rel=\"canonical\" href=\"http:\/\/fastrackids.lv\/ru\/fastrackids-programmas\/\" \/>\n<meta property=\"og:locale\" content=\"en_US\" \/>\n<meta property=\"og:type\" content=\"article\" \/>\n<meta property=\"og:title\" content=\"FasTracKids Programmas - FasTrackids Latvia (Russian)\" \/>\n<meta property=\"og:description\" content=\"M\u0113s ticam, ka ikviens b\u0113rns piedzimst ar potenci\u0101lu g\u016bt pan\u0101kumus. FasTracKids\u00ae programmas veido b\u0113rna prasmi m\u0101c\u012bties\u00a0visa m\u016b\u017ea garum\u0101. Prasme m\u0101c\u012bties ir svar\u012bga b\u0113rna\u00a0n\u0101kotnei! Eksperti\u00a0atz\u012bst, ka m\u0101c\u012b\u0161an\u0101s ir viena no svar\u012bg\u0101kaj\u0101m prasm\u0113m\u00a021. gadsimt\u0101. Uz\u0146\u0113muma FasTracKids metodes att\u012bsta t\u0101s\u00a0visaptvero\u0161\u0101 veid\u0101 iesaistot\u00a0audz\u0113k\u0146us m\u016bsu \u012bpa\u0161i uz b\u0113rniem orient\u0113taj\u0101 vid\u0113. M\u016bsu programmas aizrauj jaunos audz\u0113k\u0146us, nostiprinot\u00a0FasTrack\u00ae sniegt\u0101s priek\u0161roc\u012bbas:\u00a0kritisko dom\u0101\u0161anu, rado\u0161umu, &hellip; Continue reading &rarr;\" \/>\n<meta property=\"og:url\" content=\"http:\/\/fastrackids.lv\/ru\/fastrackids-programmas\/\" \/>\n<meta property=\"og:site_name\" content=\"FasTrackids Latvia (Russian)\" \/>\n<meta property=\"article:modified_time\" content=\"2015-07-21T15:55:40+00:00\" \/>\n<meta property=\"og:image\" content=\"http:\/\/fastrackids.lv\/ru\/wp-content\/uploads\/sites\/3\/2014\/11\/header_image_programs_homepage.jpg\" \/>\n\t<meta property=\"og:image:width\" content=\"2100\" \/>\n\t<meta property=\"og:image:height\" content=\"1183\" \/>\n<meta name=\"twitter:label1\" content=\"Est. reading time\" \/>\n\t<meta name=\"twitter:data1\" content=\"2 minutes\" \/>\n<script type=\"application\/ld+json\" class=\"yoast-schema-graph\">{\"@context\":\"https:\/\/schema.org\",\"@graph\":[{\"@type\":\"WebSite\",\"@id\":\"https:\/\/fastrackids.lv\/ru\/#website\",\"url\":\"https:\/\/fastrackids.lv\/ru\/\",\"name\":\"FasTrackids Latvia (Russian)\",\"description\":\"FasTracKids Latvia\",\"potentialAction\":[{\"@type\":\"SearchAction\",\"target\":{\"@type\":\"EntryPoint\",\"urlTemplate\":\"https:\/\/fastrackids.lv\/ru\/?s={search_term_string}\"},\"query-input\":\"required name=search_term_string\"}],\"inLanguage\":\"en-US\"},{\"@type\":\"ImageObject\",\"@id\":\"http:\/\/fastrackids.lv\/ru\/fastrackids-programmas\/#primaryimage\",\"inLanguage\":\"en-US\",\"url\":\"http:\/\/fastrackids.lv\/ru\/wp-content\/uploads\/sites\/3\/2014\/11\/header_image_programs_homepage.jpg\",\"contentUrl\":\"http:\/\/fastrackids.lv\/ru\/wp-content\/uploads\/sites\/3\/2014\/11\/header_image_programs_homepage.jpg\",\"width\":2100,\"height\":1183},{\"@type\":\"WebPage\",\"@id\":\"http:\/\/fastrackids.lv\/ru\/fastrackids-programmas\/#webpage\",\"url\":\"http:\/\/fastrackids.lv\/ru\/fastrackids-programmas\/\",\"name\":\"FasTracKids Programmas - FasTrackids Latvia (Russian)\",\"isPartOf\":{\"@id\":\"https:\/\/fastrackids.lv\/ru\/#website\"},\"primaryImageOfPage\":{\"@id\":\"http:\/\/fastrackids.lv\/ru\/fastrackids-programmas\/#primaryimage\"},\"datePublished\":\"2014-11-21T21:53:58+00:00\",\"dateModified\":\"2015-07-21T15:55:40+00:00\",\"breadcrumb\":{\"@id\":\"http:\/\/fastrackids.lv\/ru\/fastrackids-programmas\/#breadcrumb\"},\"inLanguage\":\"en-US\",\"potentialAction\":[{\"@type\":\"ReadAction\",\"target\":[\"http:\/\/fastrackids.lv\/ru\/fastrackids-programmas\/\"]}]},{\"@type\":\"BreadcrumbList\",\"@id\":\"http:\/\/fastrackids.lv\/ru\/fastrackids-programmas\/#breadcrumb\",\"itemListElement\":[{\"@type\":\"ListItem\",\"position\":1,\"name\":\"Home\",\"item\":\"https:\/\/fastrackids.lv\/ru\/\"},{\"@type\":\"ListItem\",\"position\":2,\"name\":\"FasTracKids Programmas\"}]}]}<\/script>\n<!-- \/ Yoast SEO plugin. -->","yoast_head_json":{"robots":{"index":"index","follow":"follow","max-snippet":"max-snippet:-1","max-image-preview":"max-image-preview:large","max-video-preview":"max-video-preview:-1"},"canonical":"http:\/\/fastrackids.lv\/ru\/fastrackids-programmas\/","og_locale":"en_US","og_type":"article","og_title":"FasTracKids Programmas - FasTrackids Latvia (Russian)","og_description":"M\u0113s ticam, ka ikviens b\u0113rns piedzimst ar potenci\u0101lu g\u016bt pan\u0101kumus. FasTracKids\u00ae programmas veido b\u0113rna prasmi m\u0101c\u012bties\u00a0visa m\u016b\u017ea garum\u0101. Prasme m\u0101c\u012bties ir svar\u012bga b\u0113rna\u00a0n\u0101kotnei! Eksperti\u00a0atz\u012bst, ka m\u0101c\u012b\u0161an\u0101s ir viena no svar\u012bg\u0101kaj\u0101m prasm\u0113m\u00a021. gadsimt\u0101. Uz\u0146\u0113muma FasTracKids metodes att\u012bsta t\u0101s\u00a0visaptvero\u0161\u0101 veid\u0101 iesaistot\u00a0audz\u0113k\u0146us m\u016bsu \u012bpa\u0161i uz b\u0113rniem orient\u0113taj\u0101 vid\u0113. M\u016bsu programmas aizrauj jaunos audz\u0113k\u0146us, nostiprinot\u00a0FasTrack\u00ae sniegt\u0101s priek\u0161roc\u012bbas:\u00a0kritisko dom\u0101\u0161anu, rado\u0161umu, &hellip; Continue reading &rarr;","og_url":"http:\/\/fastrackids.lv\/ru\/fastrackids-programmas\/","og_site_name":"FasTrackids Latvia (Russian)","article_modified_time":"2015-07-21T15:55:40+00:00","og_image":[{"width":2100,"height":1183,"url":"http:\/\/fastrackids.lv\/ru\/wp-content\/uploads\/sites\/3\/2014\/11\/header_image_programs_homepage.jpg","type":"image\/jpeg"}],"twitter_misc":{"Est. reading time":"2 minutes"},"schema":{"@context":"https:\/\/schema.org","@graph":[{"@type":"WebSite","@id":"https:\/\/fastrackids.lv\/ru\/#website","url":"https:\/\/fastrackids.lv\/ru\/","name":"FasTrackids Latvia (Russian)","description":"FasTracKids Latvia","potentialAction":[{"@type":"SearchAction","target":{"@type":"EntryPoint","urlTemplate":"https:\/\/fastrackids.lv\/ru\/?s={search_term_string}"},"query-input":"required name=search_term_string"}],"inLanguage":"en-US"},{"@type":"ImageObject","@id":"http:\/\/fastrackids.lv\/ru\/fastrackids-programmas\/#primaryimage","inLanguage":"en-US","url":"http:\/\/fastrackids.lv\/ru\/wp-content\/uploads\/sites\/3\/2014\/11\/header_image_programs_homepage.jpg","contentUrl":"http:\/\/fastrackids.lv\/ru\/wp-content\/uploads\/sites\/3\/2014\/11\/header_image_programs_homepage.jpg","width":2100,"height":1183},{"@type":"WebPage","@id":"http:\/\/fastrackids.lv\/ru\/fastrackids-programmas\/#webpage","url":"http:\/\/fastrackids.lv\/ru\/fastrackids-programmas\/","name":"FasTracKids Programmas - FasTrackids Latvia (Russian)","isPartOf":{"@id":"https:\/\/fastrackids.lv\/ru\/#website"},"primaryImageOfPage":{"@id":"http:\/\/fastrackids.lv\/ru\/fastrackids-programmas\/#primaryimage"},"datePublished":"2014-11-21T21:53:58+00:00","dateModified":"2015-07-21T15:55:40+00:00","breadcrumb":{"@id":"http:\/\/fastrackids.lv\/ru\/fastrackids-programmas\/#breadcrumb"},"inLanguage":"en-US","potentialAction":[{"@type":"ReadAction","target":["http:\/\/fastrackids.lv\/ru\/fastrackids-programmas\/"]}]},{"@type":"BreadcrumbList","@id":"http:\/\/fastrackids.lv\/ru\/fastrackids-programmas\/#breadcrumb","itemListElement":[{"@type":"ListItem","position":1,"name":"Home","item":"https:\/\/fastrackids.lv\/ru\/"},{"@type":"ListItem","position":2,"name":"FasTracKids Programmas"}]}]}},"_links":{"self":[{"href":"http:\/\/fastrackids.lv\/ru\/wp-json\/wp\/v2\/pages\/200"}],"collection":[{"href":"http:\/\/fastrackids.lv\/ru\/wp-json\/wp\/v2\/pages"}],"about":[{"href":"http:\/\/fastrackids.lv\/ru\/wp-json\/wp\/v2\/types\/page"}],"author":[{"embeddable":true,"href":"http:\/\/fastrackids.lv\/ru\/wp-json\/wp\/v2\/users\/9"}],"replies":[{"embeddable":true,"href":"http:\/\/fastrackids.lv\/ru\/wp-json\/wp\/v2\/comments?post=200"}],"version-history":[{"count":37,"href":"http:\/\/fastrackids.lv\/ru\/wp-json\/wp\/v2\/pages\/200\/revisions"}],"predecessor-version":[{"id":837,"href":"http:\/\/fastrackids.lv\/ru\/wp-json\/wp\/v2\/pages\/200\/revisions\/837"}],"wp:featuredmedia":[{"embeddable":true,"href":"http:\/\/fastrackids.lv\/ru\/wp-json\/wp\/v2\/media\/345"}],"wp:attachment":[{"href":"http:\/\/fastrackids.lv\/ru\/wp-json\/wp\/v2\/media?parent=200"}],"curies":[{"name":"wp","href":"https:\/\/api.w.org\/{rel}","templated":true}]}}