{"id":2,"date":"2014-11-21T20:41:42","date_gmt":"2014-11-21T20:41:42","guid":{"rendered":"http:\/\/goftk.com\/?page_id=2"},"modified":"2015-07-15T21:44:48","modified_gmt":"2015-07-15T19:44:48","slug":"uznemuma-fastrackids-stasts","status":"publish","type":"page","link":"http:\/\/fastrackids.lv\/ru\/uznemuma-fastrackids-stasts\/","title":{"rendered":"FasTracKids st\u0101sts"},"content":{"rendered":"<h3 style=\"text-align: left\">Ikviens b\u0113rns piedzimst ar unik\u0101lu sp\u0113ju un talantu kopumu.<\/h3>\n<p>Kop\u0161 1998. gada m\u016bsu FasTracKids<sup>\u00ae<\/sup> programmas, kas tiek \u012bstenotas centros un skol\u0101s vis\u0101 pasaul\u0113, sniedz b\u0113rniem unik\u0101lu m\u0101c\u012b\u0161an\u0101s\u00a0pieredzi, kas \u013caus vi\u0146iem g\u016bt pan\u0101kumus 21. gadsimt\u0101. M\u0113s izstr\u0101d\u0101j\u0101m FasTracKids programmas, jo ticam, ka past\u0101v <em>at\u0161\u0137ir\u012bgas<\/em>\u00a0pieejas\u00a0b\u0113rnu izgl\u012bto\u0161an\u0101\u00a0\u2014 padarot m\u0101c\u012bbas aizraujo\u0161as, lai t\u0101d\u0101 veid\u0101 b\u0113rni m\u0101c\u012btos <em>dabiski un\u00a0nepiespiesti<\/em>. M\u0113s koncentr\u0113jamies uz jaun\u0101kiem audz\u0113k\u0146iem, jo agr\u012b b\u0113rn\u012bba ir noz\u012bm\u012bgs\u00a0laika posms b\u0113rna dz\u012bv\u0113, kad nepiecie\u0161ams pilnveidot vi\u0146u m\u0101c\u012b\u0161an\u0101s un dom\u0101\u0161anas prasmes, k\u0101 ar\u012b veidot vi\u0146u emocion\u0101lo un soci\u0101lo inteli\u0123enci. Ikviens b\u0113rns ir peln\u012bjis iesp\u0113ju att\u012bst\u012bt <em>savu<\/em> potenci\u0101lu, lai g\u016btu pan\u0101kumus n\u0101kotn\u0113.<\/p>\n<p>M\u016bsu programmas stimul\u0113 b\u0113rna dabisko zin\u0101tk\u0101ri, balstoties uz\u00a0m\u0101c\u012bbu sist\u0113mas\u00a0<a title=\"FasTrack Sniegtie Ieguvumi\" href=\"http:\/\/fastrackids.lv\/ru\/metodika\/fastrack-sniegtie-Ieguvumi\/\">FasTrack<sup>\u00ae<\/sup>\u00a0priek\u0161roc\u012bb\u0101m<\/a>, lai\u00a0veicin\u0101tu kritisko dom\u0101\u0161anu, rado\u0161umu, komunik\u0101cijas un sadarb\u012bbas prasmes, un pa\u0161apzi\u0146u. M\u016bsu programmas apvieno\u00a0aizraujo\u0161us m\u0101c\u012bbu pl\u0101nus\u00a0ar sadarb\u012bbu veicino\u0161u un uz izklaidi orient\u0113tu vidi, lai\u00a0rad\u012btu\u00a0dinamiskus 21.gadsimta skolniekus. M\u016bsu m\u0113r\u0137is ir iem\u0101c\u012bt j\u016bsu b\u0113rniem <strong>K\u0100<\/strong> dom\u0101t, nevis <strong>KO<\/strong> dom\u0101t, vienlaikus,\u00a0rad\u012bt m\u012blest\u012bbu uz m\u0101c\u012b\u0161anos\u00a0visa m\u016b\u017ea garum\u0101.<\/p>\n<p>M\u0101c\u012b\u0161an\u0101s\u00a0visa m\u016b\u017ea garum\u0101 ir noz\u012bm\u012bga, jo vairs nepietiek tikai ar to, ka esi \u201egudr\u0101kais\u201d klas\u0113. Pasaule main\u0101s arvien strauj\u0101k. Slavenais autors un H\u0101rvardas Universit\u0101tes profesors Tonijs V\u0101gners (Tony Wagner) sav\u0101 gr\u0101mat\u0101\u00a0\u201c<em><a title=\"Tony Wagner - Global Achievement Gap\" href=\"http:\/\/www.tonywagner.com\/resources\/the-global-achievement-gap\" target=\"_blank\">The Global Achievement Gap<\/a>\u201d\u00a0<\/em>(Glob\u0101lais pan\u0101kumu tr\u016bkums) apgalvo:<\/p>\n<h3>\u201eSepti\u0146as prasmes, kas nepiecie\u0161amas, lai izdz\u012bvotu 21. gadsimt\u0101, ir kritisk\u0101 dom\u0101\u0161ana un probl\u0113mu risin\u0101\u0161ana, sadarb\u012bbas veido\u0161ana da\u017e\u0101dos t\u012bklos, elast\u012bba un sp\u0113ja piel\u0101goties, iniciat\u012bva un uz uz\u0146\u0113m\u0113jdarb\u012bbu v\u0113rsta dom\u0101\u0161ana, efekt\u012bva mutisk\u0101 un rakstisk\u0101 komunik\u0101cija, piek\u013c\u016b\u0161ana inform\u0101cijai un t\u0101s analiz\u0113\u0161ana, k\u0101 ar\u012b zin\u0101tk\u0101res un izt\u0113les pilnveido\u0161ana.\u201d<\/h3>\n<p>&nbsp;<\/p>\n<p>M\u0113s b\u016bsim\u00a0pagodin\u0101ti, ja izv\u0113l\u0113sieties\u00a0m\u016bs par saviem partneriem, lai veidotu j\u016bsu b\u0113rnu izgl\u012bt\u012bbas pamatus un padar\u012btu vi\u0146us par sp\u0113c\u012bgiem un neatkar\u012bgiem dom\u0101t\u0101jiem, kuri sp\u0113j veiksm\u012bgi konkur\u0113t glob\u0101l\u0101 vid\u0113.<\/p>\n<div class=\"omsc-responsive-box omsc-responsive-box-video\"><iframe loading=\"lazy\" frameborder=\"0\" height=\"315\" src=\"\/\/www.youtube.com\/embed\/i5XV7GdQsVI\" width=\"420\"><\/iframe><\/div>\n","protected":false},"excerpt":{"rendered":"<p>Ikviens b\u0113rns piedzimst ar unik\u0101lu sp\u0113ju un talantu kopumu. Kop\u0161 1998. gada m\u016bsu FasTracKids\u00ae programmas, kas tiek \u012bstenotas centros un skol\u0101s vis\u0101 pasaul\u0113, sniedz b\u0113rniem unik\u0101lu m\u0101c\u012b\u0161an\u0101s\u00a0pieredzi, kas \u013caus vi\u0146iem g\u016bt pan\u0101kumus 21. gadsimt\u0101. M\u0113s izstr\u0101d\u0101j\u0101m FasTracKids programmas, jo ticam, ka past\u0101v at\u0161\u0137ir\u012bgas\u00a0pieejas\u00a0b\u0113rnu izgl\u012bto\u0161an\u0101\u00a0\u2014 padarot m\u0101c\u012bbas aizraujo\u0161as, lai t\u0101d\u0101 veid\u0101 b\u0113rni m\u0101c\u012btos dabiski un\u00a0nepiespiesti. M\u0113s &hellip; <a href=\"http:\/\/fastrackids.lv\/ru\/uznemuma-fastrackids-stasts\/\">Continue reading <span class=\"meta-nav\">&rarr;<\/span><\/a><\/p>\n","protected":false},"author":9,"featured_media":256,"parent":0,"menu_order":0,"comment_status":"closed","ping_status":"closed","template":"","meta":[],"yoast_head":"<!-- This site is optimized with the Yoast SEO plugin v17.4 - https:\/\/yoast.com\/wordpress\/plugins\/seo\/ -->\n<meta name=\"robots\" content=\"index, follow, max-snippet:-1, max-image-preview:large, max-video-preview:-1\" \/>\n<link rel=\"canonical\" href=\"http:\/\/fastrackids.lv\/ru\/uznemuma-fastrackids-stasts\/\" \/>\n<meta property=\"og:locale\" content=\"en_US\" \/>\n<meta property=\"og:type\" content=\"article\" \/>\n<meta property=\"og:title\" content=\"FasTracKids st\u0101sts - FasTrackids Latvia (Russian)\" \/>\n<meta property=\"og:description\" content=\"Ikviens b\u0113rns piedzimst ar unik\u0101lu sp\u0113ju un talantu kopumu. Kop\u0161 1998. gada m\u016bsu FasTracKids\u00ae programmas, kas tiek \u012bstenotas centros un skol\u0101s vis\u0101 pasaul\u0113, sniedz b\u0113rniem unik\u0101lu m\u0101c\u012b\u0161an\u0101s\u00a0pieredzi, kas \u013caus vi\u0146iem g\u016bt pan\u0101kumus 21. gadsimt\u0101. M\u0113s izstr\u0101d\u0101j\u0101m FasTracKids programmas, jo ticam, ka past\u0101v at\u0161\u0137ir\u012bgas\u00a0pieejas\u00a0b\u0113rnu izgl\u012bto\u0161an\u0101\u00a0\u2014 padarot m\u0101c\u012bbas aizraujo\u0161as, lai t\u0101d\u0101 veid\u0101 b\u0113rni m\u0101c\u012btos dabiski un\u00a0nepiespiesti. M\u0113s &hellip; Continue reading &rarr;\" \/>\n<meta property=\"og:url\" content=\"http:\/\/fastrackids.lv\/ru\/uznemuma-fastrackids-stasts\/\" \/>\n<meta property=\"og:site_name\" content=\"FasTrackids Latvia (Russian)\" \/>\n<meta property=\"article:modified_time\" content=\"2015-07-15T19:44:48+00:00\" \/>\n<meta property=\"og:image\" content=\"http:\/\/fastrackids.lv\/ru\/wp-content\/uploads\/sites\/3\/2014\/12\/header_image_fastrackids_story.jpg\" \/>\n\t<meta property=\"og:image:width\" content=\"2100\" \/>\n\t<meta property=\"og:image:height\" content=\"1102\" \/>\n<meta name=\"twitter:label1\" content=\"Est. reading time\" \/>\n\t<meta name=\"twitter:data1\" content=\"2 minutes\" \/>\n<script type=\"application\/ld+json\" class=\"yoast-schema-graph\">{\"@context\":\"https:\/\/schema.org\",\"@graph\":[{\"@type\":\"WebSite\",\"@id\":\"https:\/\/fastrackids.lv\/ru\/#website\",\"url\":\"https:\/\/fastrackids.lv\/ru\/\",\"name\":\"FasTrackids Latvia (Russian)\",\"description\":\"FasTracKids Latvia\",\"potentialAction\":[{\"@type\":\"SearchAction\",\"target\":{\"@type\":\"EntryPoint\",\"urlTemplate\":\"https:\/\/fastrackids.lv\/ru\/?s={search_term_string}\"},\"query-input\":\"required name=search_term_string\"}],\"inLanguage\":\"en-US\"},{\"@type\":\"ImageObject\",\"@id\":\"http:\/\/fastrackids.lv\/ru\/uznemuma-fastrackids-stasts\/#primaryimage\",\"inLanguage\":\"en-US\",\"url\":\"http:\/\/fastrackids.lv\/ru\/wp-content\/uploads\/sites\/3\/2014\/12\/header_image_fastrackids_story.jpg\",\"contentUrl\":\"http:\/\/fastrackids.lv\/ru\/wp-content\/uploads\/sites\/3\/2014\/12\/header_image_fastrackids_story.jpg\",\"width\":2100,\"height\":1102},{\"@type\":\"WebPage\",\"@id\":\"http:\/\/fastrackids.lv\/ru\/uznemuma-fastrackids-stasts\/#webpage\",\"url\":\"http:\/\/fastrackids.lv\/ru\/uznemuma-fastrackids-stasts\/\",\"name\":\"FasTracKids st\\u0101sts - FasTrackids Latvia (Russian)\",\"isPartOf\":{\"@id\":\"https:\/\/fastrackids.lv\/ru\/#website\"},\"primaryImageOfPage\":{\"@id\":\"http:\/\/fastrackids.lv\/ru\/uznemuma-fastrackids-stasts\/#primaryimage\"},\"datePublished\":\"2014-11-21T20:41:42+00:00\",\"dateModified\":\"2015-07-15T19:44:48+00:00\",\"breadcrumb\":{\"@id\":\"http:\/\/fastrackids.lv\/ru\/uznemuma-fastrackids-stasts\/#breadcrumb\"},\"inLanguage\":\"en-US\",\"potentialAction\":[{\"@type\":\"ReadAction\",\"target\":[\"http:\/\/fastrackids.lv\/ru\/uznemuma-fastrackids-stasts\/\"]}]},{\"@type\":\"BreadcrumbList\",\"@id\":\"http:\/\/fastrackids.lv\/ru\/uznemuma-fastrackids-stasts\/#breadcrumb\",\"itemListElement\":[{\"@type\":\"ListItem\",\"position\":1,\"name\":\"Home\",\"item\":\"https:\/\/fastrackids.lv\/ru\/\"},{\"@type\":\"ListItem\",\"position\":2,\"name\":\"FasTracKids st\\u0101sts\"}]}]}<\/script>\n<!-- \/ Yoast SEO plugin. -->","yoast_head_json":{"robots":{"index":"index","follow":"follow","max-snippet":"max-snippet:-1","max-image-preview":"max-image-preview:large","max-video-preview":"max-video-preview:-1"},"canonical":"http:\/\/fastrackids.lv\/ru\/uznemuma-fastrackids-stasts\/","og_locale":"en_US","og_type":"article","og_title":"FasTracKids st\u0101sts - FasTrackids Latvia (Russian)","og_description":"Ikviens b\u0113rns piedzimst ar unik\u0101lu sp\u0113ju un talantu kopumu. Kop\u0161 1998. gada m\u016bsu FasTracKids\u00ae programmas, kas tiek \u012bstenotas centros un skol\u0101s vis\u0101 pasaul\u0113, sniedz b\u0113rniem unik\u0101lu m\u0101c\u012b\u0161an\u0101s\u00a0pieredzi, kas \u013caus vi\u0146iem g\u016bt pan\u0101kumus 21. gadsimt\u0101. M\u0113s izstr\u0101d\u0101j\u0101m FasTracKids programmas, jo ticam, ka past\u0101v at\u0161\u0137ir\u012bgas\u00a0pieejas\u00a0b\u0113rnu izgl\u012bto\u0161an\u0101\u00a0\u2014 padarot m\u0101c\u012bbas aizraujo\u0161as, lai t\u0101d\u0101 veid\u0101 b\u0113rni m\u0101c\u012btos dabiski un\u00a0nepiespiesti. M\u0113s &hellip; Continue reading &rarr;","og_url":"http:\/\/fastrackids.lv\/ru\/uznemuma-fastrackids-stasts\/","og_site_name":"FasTrackids Latvia (Russian)","article_modified_time":"2015-07-15T19:44:48+00:00","og_image":[{"width":2100,"height":1102,"url":"http:\/\/fastrackids.lv\/ru\/wp-content\/uploads\/sites\/3\/2014\/12\/header_image_fastrackids_story.jpg","type":"image\/jpeg"}],"twitter_misc":{"Est. reading time":"2 minutes"},"schema":{"@context":"https:\/\/schema.org","@graph":[{"@type":"WebSite","@id":"https:\/\/fastrackids.lv\/ru\/#website","url":"https:\/\/fastrackids.lv\/ru\/","name":"FasTrackids Latvia (Russian)","description":"FasTracKids Latvia","potentialAction":[{"@type":"SearchAction","target":{"@type":"EntryPoint","urlTemplate":"https:\/\/fastrackids.lv\/ru\/?s={search_term_string}"},"query-input":"required name=search_term_string"}],"inLanguage":"en-US"},{"@type":"ImageObject","@id":"http:\/\/fastrackids.lv\/ru\/uznemuma-fastrackids-stasts\/#primaryimage","inLanguage":"en-US","url":"http:\/\/fastrackids.lv\/ru\/wp-content\/uploads\/sites\/3\/2014\/12\/header_image_fastrackids_story.jpg","contentUrl":"http:\/\/fastrackids.lv\/ru\/wp-content\/uploads\/sites\/3\/2014\/12\/header_image_fastrackids_story.jpg","width":2100,"height":1102},{"@type":"WebPage","@id":"http:\/\/fastrackids.lv\/ru\/uznemuma-fastrackids-stasts\/#webpage","url":"http:\/\/fastrackids.lv\/ru\/uznemuma-fastrackids-stasts\/","name":"FasTracKids st\u0101sts - FasTrackids Latvia (Russian)","isPartOf":{"@id":"https:\/\/fastrackids.lv\/ru\/#website"},"primaryImageOfPage":{"@id":"http:\/\/fastrackids.lv\/ru\/uznemuma-fastrackids-stasts\/#primaryimage"},"datePublished":"2014-11-21T20:41:42+00:00","dateModified":"2015-07-15T19:44:48+00:00","breadcrumb":{"@id":"http:\/\/fastrackids.lv\/ru\/uznemuma-fastrackids-stasts\/#breadcrumb"},"inLanguage":"en-US","potentialAction":[{"@type":"ReadAction","target":["http:\/\/fastrackids.lv\/ru\/uznemuma-fastrackids-stasts\/"]}]},{"@type":"BreadcrumbList","@id":"http:\/\/fastrackids.lv\/ru\/uznemuma-fastrackids-stasts\/#breadcrumb","itemListElement":[{"@type":"ListItem","position":1,"name":"Home","item":"https:\/\/fastrackids.lv\/ru\/"},{"@type":"ListItem","position":2,"name":"FasTracKids st\u0101sts"}]}]}},"_links":{"self":[{"href":"http:\/\/fastrackids.lv\/ru\/wp-json\/wp\/v2\/pages\/2"}],"collection":[{"href":"http:\/\/fastrackids.lv\/ru\/wp-json\/wp\/v2\/pages"}],"about":[{"href":"http:\/\/fastrackids.lv\/ru\/wp-json\/wp\/v2\/types\/page"}],"author":[{"embeddable":true,"href":"http:\/\/fastrackids.lv\/ru\/wp-json\/wp\/v2\/users\/9"}],"replies":[{"embeddable":true,"href":"http:\/\/fastrackids.lv\/ru\/wp-json\/wp\/v2\/comments?post=2"}],"version-history":[{"count":15,"href":"http:\/\/fastrackids.lv\/ru\/wp-json\/wp\/v2\/pages\/2\/revisions"}],"predecessor-version":[{"id":818,"href":"http:\/\/fastrackids.lv\/ru\/wp-json\/wp\/v2\/pages\/2\/revisions\/818"}],"wp:featuredmedia":[{"embeddable":true,"href":"http:\/\/fastrackids.lv\/ru\/wp-json\/wp\/v2\/media\/256"}],"wp:attachment":[{"href":"http:\/\/fastrackids.lv\/ru\/wp-json\/wp\/v2\/media?parent=2"}],"curies":[{"name":"wp","href":"https:\/\/api.w.org\/{rel}","templated":true}]}}