{"id":181,"date":"2014-11-24T19:21:34","date_gmt":"2014-11-24T19:21:34","guid":{"rendered":"http:\/\/goftk.com\/?page_id=181"},"modified":"2015-06-01T23:13:41","modified_gmt":"2015-06-01T21:13:41","slug":"globala-iniciativa","status":"publish","type":"page","link":"http:\/\/fastrackids.lv\/ru\/pasakumi\/globala-iniciativa\/","title":{"rendered":"GLOB\u0100L\u0100 INICIAT\u012aVA"},"content":{"rendered":"<h2 style=\"text-align: center;\"><strong>Programma Water Wise<\/strong><\/h2>\n<p><img loading=\"lazy\" class=\"alignright wp-image-641\" src=\"http:\/\/fastrackids.lv\/wp-content\/uploads\/sites\/3\/2014\/12\/global_initiative_logo.png\" alt=\"global_initiative_logo\" width=\"95\" height=\"160\" \/><\/p>\n<p>Uz\u0146\u0113mums FasTracKids<sup>\u00ae<\/sup> ir paz\u012bstams vis\u0101 pasaul\u0113, un tas pal\u012bdz audz\u0113k\u0146iem inform\u0113t sabiedr\u012bbu par m\u016bsu pasauli un t\u0101s dabas resursiem. Uz\u0146\u0113muma FasTracKids p\u0101rst\u0101vji uzskata, ka b\u0113rniem ir jaunas, rado\u0161as idejas, kas var pal\u012bdz\u0113t aizsarg\u0101t dabas resursus un veidot lab\u0101ku n\u0101kotni.<\/p>\n<p>M\u016bsu glob\u0101l\u0101s iniciat\u012bvas programma Water Wise (Sarg\u0101sim \u016bdeni) sniedza iesp\u0113ju programm\u0101 <a title=\"FasTrack Fundamentals\" href=\"http:\/\/fastrackids.lv\/ru\/fastrackids-programmas\/fastrack-fundamentals\/\">FasTrack<sup>\u00ae<\/sup> Fundamentals<\/a> iesaist\u012btajiem audz\u0113k\u0146iem uzzin\u0101t vair\u0101k par faktiem saist\u012bb\u0101 ar \u016bdeni, sadarboties klases aktivit\u0101\u0161u ietvaros un uzs\u0101kt projektus attiec\u012bgaj\u0101s kopien\u0101s. B\u0113rni m\u0101c\u012bj\u0101s par \u016bdens noz\u012bmi un veidiem, k\u0101 vi\u0146i var aizsarg\u0101t \u016bdeni pret pies\u0101r\u0146ojumu un atkritumiem.<\/p>\n<p>M\u0113s ar\u012b sadarboj\u0101mies ar <a title=\"Apvienoto N\u0101ciju Organiz\u0101ciju\" href=\"http:\/\/www.unwater.org\/water-cooperation-2013\" target=\"_blank\">Apvienoto N\u0101ciju Organiz\u0101ciju<\/a>, lai atz\u012bm\u0113tu <a title=\"Pasaules \u016bdens dienu un iesaist\u012btos naudas\" href=\"https:\/\/www.flickr.com\/groups\/wwd2013events\/pool\/page4\/?rb=1\" target=\"_blank\">Pasaules \u016bdens dienu un iesaist\u012btos naudas<\/a> l\u012bdzek\u013cu v\u0101k\u0161anas kampa\u0146\u0101 Race Across a Cleaner Earth (Skr\u0113jiens pa t\u012br\u0101ku zemi), lai pal\u012bdz\u0113tu nodro\u0161in\u0101t t\u012bru \u016bdeni skolai Zimbabv\u0113.<\/p>\n<p>Uz\u0146\u0113mums FasTracKids uzsver \u0161o sadarb\u012bbu k\u0101 vienu no sist\u0113mas <a title=\"FasTrack sniegtie ieguvumi\" href=\"http:\/\/fastrackids.lv\/ru\/metodika\/fastrack-sniegtie-ieguvumi\/\">FasTrack<sup>\u00ae<\/sup> sniegtie ieguvumi<\/a> priek\u0161roc\u012bb\u0101m. Ar \u0161\u0101du iniciat\u012bvu starpniec\u012bbu audz\u0113k\u0146i m\u0101c\u0101s izmantot sadarb\u012bbu, lai dal\u012btos ar idej\u0101m un lab\u0101ko praksi ar citiem FasTracKids audz\u0113k\u0146iem, vec\u0101kiem un centriem vis\u0101 pasaul\u0113.<\/p>\n<p>Lai apmekl\u0113tu m\u016bsu Facebook kopienas lapu, noklik\u0161\u0137iniet uz t\u0101l\u0101k redzamo att\u0113lu:<\/p>\n<p><a title=\"FasTracKids Global Initiative Facebook Page\" href=\"https:\/\/www.facebook.com\/FasTracKids.Global.Initiative\" target=\"_blank\"><img loading=\"lazy\" class=\"aligncenter size-medium wp-image-8409\" src=\"http:\/\/fastrackids.lv\/wp-content\/uploads\/sites\/3\/2014\/12\/Global-Initiative-Facebook-Screen-Shot.png\" alt=\"Global Initiative Facebook Screen Shot\" width=\"300\" height=\"228\" \/><\/a><\/p>\n","protected":false},"excerpt":{"rendered":"<p>Programma Water Wise Uz\u0146\u0113mums FasTracKids\u00ae ir paz\u012bstams vis\u0101 pasaul\u0113, un tas pal\u012bdz audz\u0113k\u0146iem inform\u0113t sabiedr\u012bbu par m\u016bsu pasauli un t\u0101s dabas resursiem. Uz\u0146\u0113muma FasTracKids p\u0101rst\u0101vji uzskata, ka b\u0113rniem ir jaunas, rado\u0161as idejas, kas var pal\u012bdz\u0113t aizsarg\u0101t dabas resursus un veidot lab\u0101ku n\u0101kotni. M\u016bsu glob\u0101l\u0101s iniciat\u012bvas programma Water Wise (Sarg\u0101sim \u016bdeni) sniedza iesp\u0113ju programm\u0101 FasTrack\u00ae Fundamentals &hellip; <a href=\"http:\/\/fastrackids.lv\/ru\/pasakumi\/globala-iniciativa\/\">Continue reading <span class=\"meta-nav\">&rarr;<\/span><\/a><\/p>\n","protected":false},"author":9,"featured_media":401,"parent":454,"menu_order":40,"comment_status":"closed","ping_status":"closed","template":"","meta":[],"yoast_head":"<!-- This site is optimized with the Yoast SEO plugin v17.4 - https:\/\/yoast.com\/wordpress\/plugins\/seo\/ -->\n<meta name=\"robots\" content=\"index, follow, max-snippet:-1, max-image-preview:large, max-video-preview:-1\" \/>\n<link rel=\"canonical\" href=\"https:\/\/fastrackids.lv\/ru\/pasakumi\/globala-iniciativa\/\" \/>\n<meta property=\"og:locale\" content=\"en_US\" \/>\n<meta property=\"og:type\" content=\"article\" \/>\n<meta property=\"og:title\" content=\"GLOB\u0100L\u0100 INICIAT\u012aVA - FasTrackids Latvia (Russian)\" \/>\n<meta property=\"og:description\" content=\"Programma Water Wise Uz\u0146\u0113mums FasTracKids\u00ae ir paz\u012bstams vis\u0101 pasaul\u0113, un tas pal\u012bdz audz\u0113k\u0146iem inform\u0113t sabiedr\u012bbu par m\u016bsu pasauli un t\u0101s dabas resursiem. Uz\u0146\u0113muma FasTracKids p\u0101rst\u0101vji uzskata, ka b\u0113rniem ir jaunas, rado\u0161as idejas, kas var pal\u012bdz\u0113t aizsarg\u0101t dabas resursus un veidot lab\u0101ku n\u0101kotni. M\u016bsu glob\u0101l\u0101s iniciat\u012bvas programma Water Wise (Sarg\u0101sim \u016bdeni) sniedza iesp\u0113ju programm\u0101 FasTrack\u00ae Fundamentals &hellip; Continue reading &rarr;\" \/>\n<meta property=\"og:url\" content=\"https:\/\/fastrackids.lv\/ru\/pasakumi\/globala-iniciativa\/\" \/>\n<meta property=\"og:site_name\" content=\"FasTrackids Latvia (Russian)\" \/>\n<meta property=\"article:modified_time\" content=\"2015-06-01T21:13:41+00:00\" \/>\n<meta property=\"og:image\" content=\"https:\/\/fastrackids.lv\/ru\/wp-content\/uploads\/sites\/3\/2014\/11\/header_image_global_initiative.jpg\" \/>\n\t<meta property=\"og:image:width\" content=\"2000\" \/>\n\t<meta property=\"og:image:height\" content=\"800\" \/>\n<meta name=\"twitter:label1\" content=\"Est. reading time\" \/>\n\t<meta name=\"twitter:data1\" content=\"1 minute\" \/>\n<script type=\"application\/ld+json\" class=\"yoast-schema-graph\">{\"@context\":\"https:\/\/schema.org\",\"@graph\":[{\"@type\":\"WebSite\",\"@id\":\"https:\/\/fastrackids.lv\/ru\/#website\",\"url\":\"https:\/\/fastrackids.lv\/ru\/\",\"name\":\"FasTrackids Latvia (Russian)\",\"description\":\"FasTracKids Latvia\",\"potentialAction\":[{\"@type\":\"SearchAction\",\"target\":{\"@type\":\"EntryPoint\",\"urlTemplate\":\"https:\/\/fastrackids.lv\/ru\/?s={search_term_string}\"},\"query-input\":\"required name=search_term_string\"}],\"inLanguage\":\"en-US\"},{\"@type\":\"ImageObject\",\"@id\":\"https:\/\/fastrackids.lv\/ru\/pasakumi\/globala-iniciativa\/#primaryimage\",\"inLanguage\":\"en-US\",\"url\":\"http:\/\/fastrackids.lv\/ru\/wp-content\/uploads\/sites\/3\/2014\/11\/header_image_global_initiative.jpg\",\"contentUrl\":\"http:\/\/fastrackids.lv\/ru\/wp-content\/uploads\/sites\/3\/2014\/11\/header_image_global_initiative.jpg\",\"width\":2000,\"height\":800},{\"@type\":\"WebPage\",\"@id\":\"https:\/\/fastrackids.lv\/ru\/pasakumi\/globala-iniciativa\/#webpage\",\"url\":\"https:\/\/fastrackids.lv\/ru\/pasakumi\/globala-iniciativa\/\",\"name\":\"GLOB\\u0100L\\u0100 INICIAT\\u012aVA - FasTrackids Latvia (Russian)\",\"isPartOf\":{\"@id\":\"https:\/\/fastrackids.lv\/ru\/#website\"},\"primaryImageOfPage\":{\"@id\":\"https:\/\/fastrackids.lv\/ru\/pasakumi\/globala-iniciativa\/#primaryimage\"},\"datePublished\":\"2014-11-24T19:21:34+00:00\",\"dateModified\":\"2015-06-01T21:13:41+00:00\",\"breadcrumb\":{\"@id\":\"https:\/\/fastrackids.lv\/ru\/pasakumi\/globala-iniciativa\/#breadcrumb\"},\"inLanguage\":\"en-US\",\"potentialAction\":[{\"@type\":\"ReadAction\",\"target\":[\"https:\/\/fastrackids.lv\/ru\/pasakumi\/globala-iniciativa\/\"]}]},{\"@type\":\"BreadcrumbList\",\"@id\":\"https:\/\/fastrackids.lv\/ru\/pasakumi\/globala-iniciativa\/#breadcrumb\",\"itemListElement\":[{\"@type\":\"ListItem\",\"position\":1,\"name\":\"Home\",\"item\":\"https:\/\/fastrackids.lv\/ru\/\"},{\"@type\":\"ListItem\",\"position\":2,\"name\":\"FasTracKids Pas\\u0101kumi\",\"item\":\"https:\/\/fastrackids.lv\/ru\/pasakumi\/\"},{\"@type\":\"ListItem\",\"position\":3,\"name\":\"GLOB\\u0100L\\u0100 INICIAT\\u012aVA\"}]}]}<\/script>\n<!-- \/ Yoast SEO plugin. -->","yoast_head_json":{"robots":{"index":"index","follow":"follow","max-snippet":"max-snippet:-1","max-image-preview":"max-image-preview:large","max-video-preview":"max-video-preview:-1"},"canonical":"https:\/\/fastrackids.lv\/ru\/pasakumi\/globala-iniciativa\/","og_locale":"en_US","og_type":"article","og_title":"GLOB\u0100L\u0100 INICIAT\u012aVA - FasTrackids Latvia (Russian)","og_description":"Programma Water Wise Uz\u0146\u0113mums FasTracKids\u00ae ir paz\u012bstams vis\u0101 pasaul\u0113, un tas pal\u012bdz audz\u0113k\u0146iem inform\u0113t sabiedr\u012bbu par m\u016bsu pasauli un t\u0101s dabas resursiem. Uz\u0146\u0113muma FasTracKids p\u0101rst\u0101vji uzskata, ka b\u0113rniem ir jaunas, rado\u0161as idejas, kas var pal\u012bdz\u0113t aizsarg\u0101t dabas resursus un veidot lab\u0101ku n\u0101kotni. M\u016bsu glob\u0101l\u0101s iniciat\u012bvas programma Water Wise (Sarg\u0101sim \u016bdeni) sniedza iesp\u0113ju programm\u0101 FasTrack\u00ae Fundamentals &hellip; Continue reading &rarr;","og_url":"https:\/\/fastrackids.lv\/ru\/pasakumi\/globala-iniciativa\/","og_site_name":"FasTrackids Latvia (Russian)","article_modified_time":"2015-06-01T21:13:41+00:00","og_image":[{"width":2000,"height":800,"url":"https:\/\/fastrackids.lv\/ru\/wp-content\/uploads\/sites\/3\/2014\/11\/header_image_global_initiative.jpg","type":"image\/jpeg"}],"twitter_misc":{"Est. reading time":"1 minute"},"schema":{"@context":"https:\/\/schema.org","@graph":[{"@type":"WebSite","@id":"https:\/\/fastrackids.lv\/ru\/#website","url":"https:\/\/fastrackids.lv\/ru\/","name":"FasTrackids Latvia (Russian)","description":"FasTracKids Latvia","potentialAction":[{"@type":"SearchAction","target":{"@type":"EntryPoint","urlTemplate":"https:\/\/fastrackids.lv\/ru\/?s={search_term_string}"},"query-input":"required name=search_term_string"}],"inLanguage":"en-US"},{"@type":"ImageObject","@id":"https:\/\/fastrackids.lv\/ru\/pasakumi\/globala-iniciativa\/#primaryimage","inLanguage":"en-US","url":"http:\/\/fastrackids.lv\/ru\/wp-content\/uploads\/sites\/3\/2014\/11\/header_image_global_initiative.jpg","contentUrl":"http:\/\/fastrackids.lv\/ru\/wp-content\/uploads\/sites\/3\/2014\/11\/header_image_global_initiative.jpg","width":2000,"height":800},{"@type":"WebPage","@id":"https:\/\/fastrackids.lv\/ru\/pasakumi\/globala-iniciativa\/#webpage","url":"https:\/\/fastrackids.lv\/ru\/pasakumi\/globala-iniciativa\/","name":"GLOB\u0100L\u0100 INICIAT\u012aVA - FasTrackids Latvia (Russian)","isPartOf":{"@id":"https:\/\/fastrackids.lv\/ru\/#website"},"primaryImageOfPage":{"@id":"https:\/\/fastrackids.lv\/ru\/pasakumi\/globala-iniciativa\/#primaryimage"},"datePublished":"2014-11-24T19:21:34+00:00","dateModified":"2015-06-01T21:13:41+00:00","breadcrumb":{"@id":"https:\/\/fastrackids.lv\/ru\/pasakumi\/globala-iniciativa\/#breadcrumb"},"inLanguage":"en-US","potentialAction":[{"@type":"ReadAction","target":["https:\/\/fastrackids.lv\/ru\/pasakumi\/globala-iniciativa\/"]}]},{"@type":"BreadcrumbList","@id":"https:\/\/fastrackids.lv\/ru\/pasakumi\/globala-iniciativa\/#breadcrumb","itemListElement":[{"@type":"ListItem","position":1,"name":"Home","item":"https:\/\/fastrackids.lv\/ru\/"},{"@type":"ListItem","position":2,"name":"FasTracKids Pas\u0101kumi","item":"https:\/\/fastrackids.lv\/ru\/pasakumi\/"},{"@type":"ListItem","position":3,"name":"GLOB\u0100L\u0100 INICIAT\u012aVA"}]}]}},"_links":{"self":[{"href":"http:\/\/fastrackids.lv\/ru\/wp-json\/wp\/v2\/pages\/181"}],"collection":[{"href":"http:\/\/fastrackids.lv\/ru\/wp-json\/wp\/v2\/pages"}],"about":[{"href":"http:\/\/fastrackids.lv\/ru\/wp-json\/wp\/v2\/types\/page"}],"author":[{"embeddable":true,"href":"http:\/\/fastrackids.lv\/ru\/wp-json\/wp\/v2\/users\/9"}],"replies":[{"embeddable":true,"href":"http:\/\/fastrackids.lv\/ru\/wp-json\/wp\/v2\/comments?post=181"}],"version-history":[{"count":12,"href":"http:\/\/fastrackids.lv\/ru\/wp-json\/wp\/v2\/pages\/181\/revisions"}],"predecessor-version":[{"id":697,"href":"http:\/\/fastrackids.lv\/ru\/wp-json\/wp\/v2\/pages\/181\/revisions\/697"}],"up":[{"embeddable":true,"href":"http:\/\/fastrackids.lv\/ru\/wp-json\/wp\/v2\/pages\/454"}],"wp:featuredmedia":[{"embeddable":true,"href":"http:\/\/fastrackids.lv\/ru\/wp-json\/wp\/v2\/media\/401"}],"wp:attachment":[{"href":"http:\/\/fastrackids.lv\/ru\/wp-json\/wp\/v2\/media?parent=181"}],"curies":[{"name":"wp","href":"https:\/\/api.w.org\/{rel}","templated":true}]}}