{"id":179,"date":"2014-11-24T19:20:53","date_gmt":"2014-11-24T19:20:53","guid":{"rendered":"http:\/\/goftk.com\/?page_id=179"},"modified":"2015-06-01T22:16:42","modified_gmt":"2015-06-01T20:16:42","slug":"konkurss-voices-of-fastrack-english","status":"publish","type":"page","link":"http:\/\/fastrackids.lv\/ru\/pasakumi\/konkurss-voices-of-fastrack-english\/","title":{"rendered":"Konkurss Voices of FasTrack English"},"content":{"rendered":"<p>Uz\u0146\u0113mums FasTracKids<sup>\u00ae\u00a0<\/sup>sniedz j\u016bsu b\u0113rniem daudz iesp\u0113ju g\u016bt pan\u0101kumus 21.\u00a0gadsimt\u0101. Viena iesp\u0113ja, k\u0101 nodro\u0161in\u0101t pan\u0101kumus, ir ielikt j\u016bsu b\u0113rnos sp\u0113c\u012bgus ang\u013cu valodas pamatus. Uz\u0146\u0113mum\u0101 FasTracKids m\u0113s veicin\u0101m j\u016bsu b\u0113rnu ang\u013cu valodas prasmes, ik gadu organiz\u0113jot konkursu Voices of FasTrack<em><sup>\u00ae<\/sup> <\/em>English (FasTrack balsis ang\u013cu valod\u0101), kas \u013cauj b\u0113rniem demonstr\u0113t vi\u0146u rado\u0161\u0101s ang\u013cu valodas prasmes.<\/p>\n<p>Programm\u0101 FasTrack<sup>\u00ae<\/sup> English iesaist\u012btie b\u0113rni demonstr\u0113 savu progresu, izveidojot un m\u0101coties runu ang\u013cu valod\u0101, k\u0101 ar\u012b uzst\u0101joties ar to. Ikviens dal\u012bbnieks uzst\u0101jas ar savu runu, un FasTrack English\u00a0valodas skolot\u0101js to film\u0113.<\/p>\n<p>\u0160\u012b konkursa t\u0113mas tiek izv\u0113l\u0113tas, balstoties uz aktu\u0101lajiem jaut\u0101jumiem pasaul\u0113. B\u0113rni no visas pasaules demonstr\u0113 sp\u0113ju izkl\u0101st\u012bt savu izpratni par konkr\u0113tu tematu ang\u013cu valod\u0101, ar\u012b past\u0101stot, k\u0101 \u0161is attiec\u012bgais jaut\u0101jums var ietekm\u0113t vi\u0146u \u0123imenes, apkaimes un viet\u0113j\u0101s sabiedr\u012bbas dz\u012bvi. Turkl\u0101t audz\u0113k\u0146i tiek rosin\u0101ti izveidot runu atbilsto\u0161i savam unik\u0101lajam m\u0101c\u012b\u0161an\u0101s stilam, \u013caujot b\u0113rniem rado\u0161i dom\u0101t un izpausties. Dal\u012bbnieki demonstr\u0113 lielu p\u0101rliec\u012bbu otras valodas izmanto\u0161an\u0101, augsta l\u012bme\u0146a v\u0101rdu kr\u0101jumu un visp\u0101r\u0113ju izpratni par ang\u013cu valodu.<\/p>\n<p>\u0160eit var apl\u016bkot video materi\u0101lus ar prezent\u0101cij\u0101m, kur\u0101m katr\u0101 kategorij\u0101 tika pie\u0161\u0137irta pirm\u0101 vieta. Apsveicam m\u016bsu dal\u012bbniekus vis\u0101 pasaul\u0113!<\/p>\n<p><strong>Pirm\u0101s kategorijas uzvar\u0113t\u0101ja \u2014 M\u0113rija no FasTracKids centra \u2014 centrs CitySmart, Vjetnama: <\/strong> 15\u201330 sekun\u017eu runa pirm\u0101 gada audz\u0113k\u0146iem. M\u0113rija izv\u0113l\u0113j\u0101s run\u0101t par \u0161\u0101diem tematiem \u2014 izst\u0101st\u012bt, k\u0101da ir vi\u0146as m\u012b\u013c\u0101k\u0101 rota\u013clieta un k\u0101p\u0113c, k\u0101ds ir vi\u0146as m\u012b\u013c\u0101kais \u0113diens un k\u0101p\u0113c, un k\u0101da izskat\u0101s vi\u0146as gu\u013camistaba.<\/p>\n<div class=\"omsc-responsive-box omsc-responsive-box-video\"><iframe loading=\"lazy\" frameborder=\"0\" height=\"315\" src=\"https:\/\/www.youtube.com\/embed\/LahMCXIBrUM\" width=\"560\"><\/iframe><\/div>\n<p><strong> Otr\u0101 kategorija \u2014 Stef\u0101nija no FasTracKids centra \u2014 Novorosijska, Krievija: <\/strong> 30\u201360 sekun\u017eu runa otr\u0101 gada audz\u0113k\u0146iem. Stef\u0101nija st\u0101sta par savu slepeno talantu jeb hobiju.<\/p>\n<div class=\"omsc-responsive-box omsc-responsive-box-video\"><iframe loading=\"lazy\" frameborder=\"0\" height=\"315\" src=\"https:\/\/www.youtube.com\/embed\/99ADjdWHXB8\" width=\"560\"><\/iframe><\/div>\n<p><strong>Otr\u0101 kategorija \u2014 Diass no FasTracKids centra \u2014 Aktau, Kazahst\u0101na: <\/strong> 30\u201360 sekun\u017eu runa otr\u0101 gada audz\u0113k\u0146iem. Diass st\u0101sta par savu m\u012b\u013c\u0101ko ap\u0123\u0113rbu un par apst\u0101k\u013ciem, k\u0101dos vi\u0146am pat\u012bk to n\u0113s\u0101t.<\/p>\n<div class=\"omsc-responsive-box omsc-responsive-box-video\"><iframe loading=\"lazy\" frameborder=\"0\" height=\"315\" src=\"https:\/\/www.youtube.com\/embed\/0xaGuU1rsxo\" width=\"560\"><\/iframe><\/div>\n<p><strong>Tre\u0161\u0101 kategorija \u2014 Sojuna no FasTracKids centra \u2014 Dienvidkoreja: <\/strong>30\u201360 sekun\u017eu runa tre\u0161\u0101 gada audz\u0113k\u0146iem. Sojuna st\u0101sta, k\u0101das gar\u0161as sald\u0113jums vi\u0146a grib\u0113tu b\u016bt un k\u0101p\u0113c.<\/p>\n<div class=\"omsc-responsive-box omsc-responsive-box-video\"><iframe loading=\"lazy\" frameborder=\"0\" height=\"315\" src=\"https:\/\/www.youtube.com\/embed\/8UNtiTqHWaQ\" width=\"560\"><\/iframe><\/div>\n<p><strong>Tre\u0161\u0101 kategorija \u2014 Laila no FasTracKids centra \u2014 Dienvidkoreja: <\/strong> 30\u201360 sekun\u017eu runa tre\u0161\u0101 gada audz\u0113k\u0146iem. Laila st\u0101sta par savu m\u0101jdz\u012bvnieku.<\/p>\n<div class=\"omsc-responsive-box omsc-responsive-box-video\"><iframe loading=\"lazy\" frameborder=\"0\" height=\"315\" src=\"https:\/\/www.youtube.com\/embed\/QNCADqwr9sM\" width=\"560\"><\/iframe><\/div>\n<p><strong>Ceturt\u0101 kategorija \u2014 programm\u0101 FasTrack English\u00a0iesaist\u012btie audz\u0113k\u0146i no FasTracKids centra \u2014 Moldova: <\/strong> audz\u0113k\u0146i dzied dziesmu vai deklam\u0113 dzejoli, ko vi\u0146i iem\u0101c\u012bj\u0101s nodarb\u012bb\u0101 FasTrack English\u00a0valoda. To var dar\u012bt grup\u0101 vai atsevi\u0161\u0137i.<\/p>\n<div class=\"omsc-responsive-box omsc-responsive-box-video\"><iframe loading=\"lazy\" frameborder=\"0\" height=\"315\" src=\"https:\/\/www.youtube.com\/embed\/4jeh-cj5V9k\" width=\"560\"><\/iframe><\/div>\n","protected":false},"excerpt":{"rendered":"<p>Uz\u0146\u0113mums FasTracKids\u00ae\u00a0sniedz j\u016bsu b\u0113rniem daudz iesp\u0113ju g\u016bt pan\u0101kumus 21.\u00a0gadsimt\u0101. Viena iesp\u0113ja, k\u0101 nodro\u0161in\u0101t pan\u0101kumus, ir ielikt j\u016bsu b\u0113rnos sp\u0113c\u012bgus ang\u013cu valodas pamatus. Uz\u0146\u0113mum\u0101 FasTracKids m\u0113s veicin\u0101m j\u016bsu b\u0113rnu ang\u013cu valodas prasmes, ik gadu organiz\u0113jot konkursu Voices of FasTrack\u00ae English (FasTrack balsis ang\u013cu valod\u0101), kas \u013cauj b\u0113rniem demonstr\u0113t vi\u0146u rado\u0161\u0101s ang\u013cu valodas prasmes. Programm\u0101 FasTrack\u00ae English &hellip; <a href=\"http:\/\/fastrackids.lv\/ru\/pasakumi\/konkurss-voices-of-fastrack-english\/\">Continue reading <span class=\"meta-nav\">&rarr;<\/span><\/a><\/p>\n","protected":false},"author":9,"featured_media":397,"parent":454,"menu_order":30,"comment_status":"closed","ping_status":"closed","template":"","meta":[],"yoast_head":"<!-- This site is optimized with the Yoast SEO plugin v17.4 - https:\/\/yoast.com\/wordpress\/plugins\/seo\/ -->\n<meta name=\"robots\" content=\"index, follow, max-snippet:-1, max-image-preview:large, max-video-preview:-1\" \/>\n<link rel=\"canonical\" href=\"https:\/\/fastrackids.lv\/ru\/pasakumi\/konkurss-voices-of-fastrack-english\/\" \/>\n<meta property=\"og:locale\" content=\"en_US\" \/>\n<meta property=\"og:type\" content=\"article\" \/>\n<meta property=\"og:title\" content=\"Konkurss Voices of FasTrack English - FasTrackids Latvia (Russian)\" \/>\n<meta property=\"og:description\" content=\"Uz\u0146\u0113mums FasTracKids\u00ae\u00a0sniedz j\u016bsu b\u0113rniem daudz iesp\u0113ju g\u016bt pan\u0101kumus 21.\u00a0gadsimt\u0101. Viena iesp\u0113ja, k\u0101 nodro\u0161in\u0101t pan\u0101kumus, ir ielikt j\u016bsu b\u0113rnos sp\u0113c\u012bgus ang\u013cu valodas pamatus. Uz\u0146\u0113mum\u0101 FasTracKids m\u0113s veicin\u0101m j\u016bsu b\u0113rnu ang\u013cu valodas prasmes, ik gadu organiz\u0113jot konkursu Voices of FasTrack\u00ae English (FasTrack balsis ang\u013cu valod\u0101), kas \u013cauj b\u0113rniem demonstr\u0113t vi\u0146u rado\u0161\u0101s ang\u013cu valodas prasmes. Programm\u0101 FasTrack\u00ae English &hellip; Continue reading &rarr;\" \/>\n<meta property=\"og:url\" content=\"https:\/\/fastrackids.lv\/ru\/pasakumi\/konkurss-voices-of-fastrack-english\/\" \/>\n<meta property=\"og:site_name\" content=\"FasTrackids Latvia (Russian)\" \/>\n<meta property=\"article:modified_time\" content=\"2015-06-01T20:16:42+00:00\" \/>\n<meta property=\"og:image\" content=\"https:\/\/fastrackids.lv\/ru\/wp-content\/uploads\/sites\/3\/2014\/11\/header_image_voices_of_fastrack_english.jpg\" \/>\n\t<meta property=\"og:image:width\" content=\"2000\" \/>\n\t<meta property=\"og:image:height\" content=\"800\" \/>\n<meta name=\"twitter:label1\" content=\"Est. reading time\" \/>\n\t<meta name=\"twitter:data1\" content=\"3 minutes\" \/>\n<script type=\"application\/ld+json\" class=\"yoast-schema-graph\">{\"@context\":\"https:\/\/schema.org\",\"@graph\":[{\"@type\":\"WebSite\",\"@id\":\"https:\/\/fastrackids.lv\/ru\/#website\",\"url\":\"https:\/\/fastrackids.lv\/ru\/\",\"name\":\"FasTrackids Latvia (Russian)\",\"description\":\"FasTracKids Latvia\",\"potentialAction\":[{\"@type\":\"SearchAction\",\"target\":{\"@type\":\"EntryPoint\",\"urlTemplate\":\"https:\/\/fastrackids.lv\/ru\/?s={search_term_string}\"},\"query-input\":\"required name=search_term_string\"}],\"inLanguage\":\"en-US\"},{\"@type\":\"ImageObject\",\"@id\":\"https:\/\/fastrackids.lv\/ru\/pasakumi\/konkurss-voices-of-fastrack-english\/#primaryimage\",\"inLanguage\":\"en-US\",\"url\":\"http:\/\/fastrackids.lv\/ru\/wp-content\/uploads\/sites\/3\/2014\/11\/header_image_voices_of_fastrack_english.jpg\",\"contentUrl\":\"http:\/\/fastrackids.lv\/ru\/wp-content\/uploads\/sites\/3\/2014\/11\/header_image_voices_of_fastrack_english.jpg\",\"width\":2000,\"height\":800},{\"@type\":\"WebPage\",\"@id\":\"https:\/\/fastrackids.lv\/ru\/pasakumi\/konkurss-voices-of-fastrack-english\/#webpage\",\"url\":\"https:\/\/fastrackids.lv\/ru\/pasakumi\/konkurss-voices-of-fastrack-english\/\",\"name\":\"Konkurss Voices of FasTrack English - FasTrackids Latvia (Russian)\",\"isPartOf\":{\"@id\":\"https:\/\/fastrackids.lv\/ru\/#website\"},\"primaryImageOfPage\":{\"@id\":\"https:\/\/fastrackids.lv\/ru\/pasakumi\/konkurss-voices-of-fastrack-english\/#primaryimage\"},\"datePublished\":\"2014-11-24T19:20:53+00:00\",\"dateModified\":\"2015-06-01T20:16:42+00:00\",\"breadcrumb\":{\"@id\":\"https:\/\/fastrackids.lv\/ru\/pasakumi\/konkurss-voices-of-fastrack-english\/#breadcrumb\"},\"inLanguage\":\"en-US\",\"potentialAction\":[{\"@type\":\"ReadAction\",\"target\":[\"https:\/\/fastrackids.lv\/ru\/pasakumi\/konkurss-voices-of-fastrack-english\/\"]}]},{\"@type\":\"BreadcrumbList\",\"@id\":\"https:\/\/fastrackids.lv\/ru\/pasakumi\/konkurss-voices-of-fastrack-english\/#breadcrumb\",\"itemListElement\":[{\"@type\":\"ListItem\",\"position\":1,\"name\":\"Home\",\"item\":\"https:\/\/fastrackids.lv\/ru\/\"},{\"@type\":\"ListItem\",\"position\":2,\"name\":\"FasTracKids Pas\\u0101kumi\",\"item\":\"https:\/\/fastrackids.lv\/ru\/pasakumi\/\"},{\"@type\":\"ListItem\",\"position\":3,\"name\":\"Konkurss Voices of FasTrack English\"}]}]}<\/script>\n<!-- \/ Yoast SEO plugin. -->","yoast_head_json":{"robots":{"index":"index","follow":"follow","max-snippet":"max-snippet:-1","max-image-preview":"max-image-preview:large","max-video-preview":"max-video-preview:-1"},"canonical":"https:\/\/fastrackids.lv\/ru\/pasakumi\/konkurss-voices-of-fastrack-english\/","og_locale":"en_US","og_type":"article","og_title":"Konkurss Voices of FasTrack English - FasTrackids Latvia (Russian)","og_description":"Uz\u0146\u0113mums FasTracKids\u00ae\u00a0sniedz j\u016bsu b\u0113rniem daudz iesp\u0113ju g\u016bt pan\u0101kumus 21.\u00a0gadsimt\u0101. Viena iesp\u0113ja, k\u0101 nodro\u0161in\u0101t pan\u0101kumus, ir ielikt j\u016bsu b\u0113rnos sp\u0113c\u012bgus ang\u013cu valodas pamatus. Uz\u0146\u0113mum\u0101 FasTracKids m\u0113s veicin\u0101m j\u016bsu b\u0113rnu ang\u013cu valodas prasmes, ik gadu organiz\u0113jot konkursu Voices of FasTrack\u00ae English (FasTrack balsis ang\u013cu valod\u0101), kas \u013cauj b\u0113rniem demonstr\u0113t vi\u0146u rado\u0161\u0101s ang\u013cu valodas prasmes. Programm\u0101 FasTrack\u00ae English &hellip; Continue reading &rarr;","og_url":"https:\/\/fastrackids.lv\/ru\/pasakumi\/konkurss-voices-of-fastrack-english\/","og_site_name":"FasTrackids Latvia (Russian)","article_modified_time":"2015-06-01T20:16:42+00:00","og_image":[{"width":2000,"height":800,"url":"https:\/\/fastrackids.lv\/ru\/wp-content\/uploads\/sites\/3\/2014\/11\/header_image_voices_of_fastrack_english.jpg","type":"image\/jpeg"}],"twitter_misc":{"Est. reading time":"3 minutes"},"schema":{"@context":"https:\/\/schema.org","@graph":[{"@type":"WebSite","@id":"https:\/\/fastrackids.lv\/ru\/#website","url":"https:\/\/fastrackids.lv\/ru\/","name":"FasTrackids Latvia (Russian)","description":"FasTracKids Latvia","potentialAction":[{"@type":"SearchAction","target":{"@type":"EntryPoint","urlTemplate":"https:\/\/fastrackids.lv\/ru\/?s={search_term_string}"},"query-input":"required name=search_term_string"}],"inLanguage":"en-US"},{"@type":"ImageObject","@id":"https:\/\/fastrackids.lv\/ru\/pasakumi\/konkurss-voices-of-fastrack-english\/#primaryimage","inLanguage":"en-US","url":"http:\/\/fastrackids.lv\/ru\/wp-content\/uploads\/sites\/3\/2014\/11\/header_image_voices_of_fastrack_english.jpg","contentUrl":"http:\/\/fastrackids.lv\/ru\/wp-content\/uploads\/sites\/3\/2014\/11\/header_image_voices_of_fastrack_english.jpg","width":2000,"height":800},{"@type":"WebPage","@id":"https:\/\/fastrackids.lv\/ru\/pasakumi\/konkurss-voices-of-fastrack-english\/#webpage","url":"https:\/\/fastrackids.lv\/ru\/pasakumi\/konkurss-voices-of-fastrack-english\/","name":"Konkurss Voices of FasTrack English - FasTrackids Latvia (Russian)","isPartOf":{"@id":"https:\/\/fastrackids.lv\/ru\/#website"},"primaryImageOfPage":{"@id":"https:\/\/fastrackids.lv\/ru\/pasakumi\/konkurss-voices-of-fastrack-english\/#primaryimage"},"datePublished":"2014-11-24T19:20:53+00:00","dateModified":"2015-06-01T20:16:42+00:00","breadcrumb":{"@id":"https:\/\/fastrackids.lv\/ru\/pasakumi\/konkurss-voices-of-fastrack-english\/#breadcrumb"},"inLanguage":"en-US","potentialAction":[{"@type":"ReadAction","target":["https:\/\/fastrackids.lv\/ru\/pasakumi\/konkurss-voices-of-fastrack-english\/"]}]},{"@type":"BreadcrumbList","@id":"https:\/\/fastrackids.lv\/ru\/pasakumi\/konkurss-voices-of-fastrack-english\/#breadcrumb","itemListElement":[{"@type":"ListItem","position":1,"name":"Home","item":"https:\/\/fastrackids.lv\/ru\/"},{"@type":"ListItem","position":2,"name":"FasTracKids Pas\u0101kumi","item":"https:\/\/fastrackids.lv\/ru\/pasakumi\/"},{"@type":"ListItem","position":3,"name":"Konkurss Voices of FasTrack English"}]}]}},"_links":{"self":[{"href":"http:\/\/fastrackids.lv\/ru\/wp-json\/wp\/v2\/pages\/179"}],"collection":[{"href":"http:\/\/fastrackids.lv\/ru\/wp-json\/wp\/v2\/pages"}],"about":[{"href":"http:\/\/fastrackids.lv\/ru\/wp-json\/wp\/v2\/types\/page"}],"author":[{"embeddable":true,"href":"http:\/\/fastrackids.lv\/ru\/wp-json\/wp\/v2\/users\/9"}],"replies":[{"embeddable":true,"href":"http:\/\/fastrackids.lv\/ru\/wp-json\/wp\/v2\/comments?post=179"}],"version-history":[{"count":12,"href":"http:\/\/fastrackids.lv\/ru\/wp-json\/wp\/v2\/pages\/179\/revisions"}],"predecessor-version":[{"id":694,"href":"http:\/\/fastrackids.lv\/ru\/wp-json\/wp\/v2\/pages\/179\/revisions\/694"}],"up":[{"embeddable":true,"href":"http:\/\/fastrackids.lv\/ru\/wp-json\/wp\/v2\/pages\/454"}],"wp:featuredmedia":[{"embeddable":true,"href":"http:\/\/fastrackids.lv\/ru\/wp-json\/wp\/v2\/media\/397"}],"wp:attachment":[{"href":"http:\/\/fastrackids.lv\/ru\/wp-json\/wp\/v2\/media?parent=179"}],"curies":[{"name":"wp","href":"https:\/\/api.w.org\/{rel}","templated":true}]}}