{"id":177,"date":"2014-11-24T19:19:56","date_gmt":"2014-11-24T19:19:56","guid":{"rendered":"http:\/\/goftk.com\/?page_id=177"},"modified":"2015-06-01T22:01:23","modified_gmt":"2015-06-01T20:01:23","slug":"konkurss-voices-of-fastrackids","status":"publish","type":"page","link":"http:\/\/fastrackids.lv\/ru\/pasakumi\/konkurss-voices-of-fastrackids\/","title":{"rendered":"KONKURSS VOICES OF FASTRACKIDS"},"content":{"rendered":"<p>Uz\u0146\u0113mums FasTracKids<sup>\u00ae<\/sup> nodro\u0161ina j\u016bsu b\u0113rniem visu r\u012bkus, kas nepiecie\u0161ami pan\u0101kumu g\u016b\u0161anai 21. gadsimt\u0101. Viena no visb\u016btisk\u0101kaj\u0101m prasm\u0113m ir <a title=\"FasTrack Sniegtie Ieguvumi\" href=\"http:\/\/fastrackids.lv\/ru\/metodika\/fastrack-sniegtie-ieguvumi\/\">efekt\u012bva komunik\u0101cija<\/a>. Viens no veidiem, k\u0101 uz\u0146\u0113mums FasTracKids veicina b\u0113rna komunik\u0101cijas prasmes, ir, katras nodarb\u012bbas beig\u0101s uzdodot izveidot \u012bsu prezent\u0101ciju par nodarb\u012bb\u0101 apg\u016bto.<\/p>\n<p>Lai izv\u0113rstu \u0161\u0101du m\u0101c\u012b\u0161anos starptautisk\u0101 m\u0113rog\u0101, uz\u0146\u0113mums FasTracKids ik gadu r\u012bko starptautisku runas konkursu Voices of FasTracKids (FasTracKids balsis). \u0160aj\u0101 konkurs\u0101 programm\u0101 FasTrack<sup>\u00ae<\/sup> Fundamentals iesaist\u012btie b\u0113rni demonstr\u0113 savu gr\u016bto darbu un progresu, sacerot, sarakstot un prezent\u0113jot runu sav\u0101 dzimtaj\u0101 valod\u0101. Ikviens dal\u012bbnieks uzst\u0101jas ar savu runu klasesbiedru priek\u0161\u0101, un FasTracKids skolot\u0101js to film\u0113.<\/p>\n<p>Kategorijas tiek izv\u0113l\u0113tas, balstoties uz pa\u0161reiz\u0113j\u0101m klas\u0113 p\u0101rrun\u0101taj\u0101m t\u0113m\u0101m. B\u0113rni no visas pasaules dal\u0101s ar savu unik\u0101lo izpratni par t\u0113mu, k\u0101 ar\u012b demonstr\u0113, k\u0101 vi\u0146u kult\u016bra at\u0161\u0137iras no cit\u0101m. Turkl\u0101t audz\u0113k\u0146i tiek rosin\u0101ti dal\u012bties ar apg\u016btaj\u0101m m\u0101c\u012bb\u0101m t\u0101d\u0101 veid\u0101, k\u0101ds vislab\u0101k atspogu\u013co vi\u0146u person\u012bgo m\u0101c\u012b\u0161an\u0101s stilu. Sp\u0113ja paskaidrot citiem, ko esi apguvis, ir prasme, kas ne tikai nostiprina apg\u016bto, bet ar\u012b uzlabo komunik\u0101cijas prasmes. \u0160aj\u0101 konkurs\u0101 iesaist\u012btie b\u0113rni demonstr\u0113 augsta l\u012bme\u0146a prezent\u0113\u0161anas prasmes, \u0101rdu kr\u0101jumu un izpratni par izv\u0113l\u0113to t\u0113mu.<\/p>\n<p>\u0160eit var apl\u016bkot video materi\u0101lus ar prezent\u0101cij\u0101m, kur\u0101m katr\u0101 kategorij\u0101 tika pie\u0161\u0137irta pirm\u0101 vieta. Apsveicam m\u016bsu dal\u012bbniekus vis\u0101 pasaul\u0113!<\/p>\n<p><strong>Esteban (Age 5) &#8211; Estebans (5 gadi) \u2014 FasTracKids Colegio Carmel Mexico City, Meksika \u2013 <\/strong>runa par dz\u012bvniekiem, kas dz\u012bvo b\u0113rna dz\u012bvesvietas klimatiskajos apst\u0101k\u013cos.<\/p>\n<div class=\"omsc-responsive-box omsc-responsive-box-video\"><iframe loading=\"lazy\" frameborder=\"0\" height=\"315\" src=\"https:\/\/www.youtube.com\/embed\/FAwjxZI6ago\" width=\"420\"><\/iframe><\/div>\n<p><strong>Pre\u0161a (6 gadi) \u2014 FasTracKids Santacruz Mumbai, Indija &#8211; <\/strong>runa par b\u0113rna m\u012b\u013c\u0101ko d\u0101rgakmeni, aprakstot to un paskaidrojot, k\u0101p\u0113c tas ir m\u012b\u013c\u0101kais.<\/p>\n<div class=\"omsc-responsive-box omsc-responsive-box-video\"><iframe loading=\"lazy\" frameborder=\"0\" height=\"315\" src=\"https:\/\/www.youtube.com\/embed\/fJqYBPUAWoU\" width=\"420\"><\/iframe><\/div>\n<p><strong>Olga (Age 7) &#8211; Olga (7 gadi) \u2014 FasTracKids Novorossiysk, Krievija <\/strong> &#8211; runa par gadalaikiem dzimtaj\u0101 pils\u0113t\u0101 un b\u0113rna m\u012b\u013c\u0101ko gadalaiku.<\/p>\n<div class=\"omsc-responsive-box omsc-responsive-box-video\"><iframe loading=\"lazy\" frameborder=\"0\" height=\"315\" src=\"https:\/\/www.youtube.com\/embed\/64QT8PhfI7c\" width=\"420\"><\/iframe><\/div>\n","protected":false},"excerpt":{"rendered":"<p>Uz\u0146\u0113mums FasTracKids\u00ae nodro\u0161ina j\u016bsu b\u0113rniem visu r\u012bkus, kas nepiecie\u0161ami pan\u0101kumu g\u016b\u0161anai 21. gadsimt\u0101. Viena no visb\u016btisk\u0101kaj\u0101m prasm\u0113m ir efekt\u012bva komunik\u0101cija. Viens no veidiem, k\u0101 uz\u0146\u0113mums FasTracKids veicina b\u0113rna komunik\u0101cijas prasmes, ir, katras nodarb\u012bbas beig\u0101s uzdodot izveidot \u012bsu prezent\u0101ciju par nodarb\u012bb\u0101 apg\u016bto. Lai izv\u0113rstu \u0161\u0101du m\u0101c\u012b\u0161anos starptautisk\u0101 m\u0113rog\u0101, uz\u0146\u0113mums FasTracKids ik gadu r\u012bko starptautisku runas konkursu &hellip; <a href=\"http:\/\/fastrackids.lv\/ru\/pasakumi\/konkurss-voices-of-fastrackids\/\">Continue reading <span class=\"meta-nav\">&rarr;<\/span><\/a><\/p>\n","protected":false},"author":9,"featured_media":394,"parent":454,"menu_order":20,"comment_status":"closed","ping_status":"closed","template":"","meta":[],"yoast_head":"<!-- This site is optimized with the Yoast SEO plugin v17.4 - https:\/\/yoast.com\/wordpress\/plugins\/seo\/ -->\n<meta name=\"robots\" content=\"index, follow, max-snippet:-1, max-image-preview:large, max-video-preview:-1\" \/>\n<link rel=\"canonical\" href=\"https:\/\/fastrackids.lv\/ru\/pasakumi\/konkurss-voices-of-fastrackids\/\" \/>\n<meta property=\"og:locale\" content=\"en_US\" \/>\n<meta property=\"og:type\" content=\"article\" \/>\n<meta property=\"og:title\" content=\"KONKURSS VOICES OF FASTRACKIDS - FasTrackids Latvia (Russian)\" \/>\n<meta property=\"og:description\" content=\"Uz\u0146\u0113mums FasTracKids\u00ae nodro\u0161ina j\u016bsu b\u0113rniem visu r\u012bkus, kas nepiecie\u0161ami pan\u0101kumu g\u016b\u0161anai 21. gadsimt\u0101. Viena no visb\u016btisk\u0101kaj\u0101m prasm\u0113m ir efekt\u012bva komunik\u0101cija. Viens no veidiem, k\u0101 uz\u0146\u0113mums FasTracKids veicina b\u0113rna komunik\u0101cijas prasmes, ir, katras nodarb\u012bbas beig\u0101s uzdodot izveidot \u012bsu prezent\u0101ciju par nodarb\u012bb\u0101 apg\u016bto. Lai izv\u0113rstu \u0161\u0101du m\u0101c\u012b\u0161anos starptautisk\u0101 m\u0113rog\u0101, uz\u0146\u0113mums FasTracKids ik gadu r\u012bko starptautisku runas konkursu &hellip; Continue reading &rarr;\" \/>\n<meta property=\"og:url\" content=\"https:\/\/fastrackids.lv\/ru\/pasakumi\/konkurss-voices-of-fastrackids\/\" \/>\n<meta property=\"og:site_name\" content=\"FasTrackids Latvia (Russian)\" \/>\n<meta property=\"article:modified_time\" content=\"2015-06-01T20:01:23+00:00\" \/>\n<meta property=\"og:image\" content=\"https:\/\/fastrackids.lv\/ru\/wp-content\/uploads\/sites\/3\/2014\/11\/header_image_voices.jpg\" \/>\n\t<meta property=\"og:image:width\" content=\"2000\" \/>\n\t<meta property=\"og:image:height\" content=\"800\" \/>\n<meta name=\"twitter:label1\" content=\"Est. reading time\" \/>\n\t<meta name=\"twitter:data1\" content=\"2 minutes\" \/>\n<script type=\"application\/ld+json\" class=\"yoast-schema-graph\">{\"@context\":\"https:\/\/schema.org\",\"@graph\":[{\"@type\":\"WebSite\",\"@id\":\"https:\/\/fastrackids.lv\/ru\/#website\",\"url\":\"https:\/\/fastrackids.lv\/ru\/\",\"name\":\"FasTrackids Latvia (Russian)\",\"description\":\"FasTracKids Latvia\",\"potentialAction\":[{\"@type\":\"SearchAction\",\"target\":{\"@type\":\"EntryPoint\",\"urlTemplate\":\"https:\/\/fastrackids.lv\/ru\/?s={search_term_string}\"},\"query-input\":\"required name=search_term_string\"}],\"inLanguage\":\"en-US\"},{\"@type\":\"ImageObject\",\"@id\":\"https:\/\/fastrackids.lv\/ru\/pasakumi\/konkurss-voices-of-fastrackids\/#primaryimage\",\"inLanguage\":\"en-US\",\"url\":\"http:\/\/fastrackids.lv\/ru\/wp-content\/uploads\/sites\/3\/2014\/11\/header_image_voices.jpg\",\"contentUrl\":\"http:\/\/fastrackids.lv\/ru\/wp-content\/uploads\/sites\/3\/2014\/11\/header_image_voices.jpg\",\"width\":2000,\"height\":800},{\"@type\":\"WebPage\",\"@id\":\"https:\/\/fastrackids.lv\/ru\/pasakumi\/konkurss-voices-of-fastrackids\/#webpage\",\"url\":\"https:\/\/fastrackids.lv\/ru\/pasakumi\/konkurss-voices-of-fastrackids\/\",\"name\":\"KONKURSS VOICES OF FASTRACKIDS - FasTrackids Latvia (Russian)\",\"isPartOf\":{\"@id\":\"https:\/\/fastrackids.lv\/ru\/#website\"},\"primaryImageOfPage\":{\"@id\":\"https:\/\/fastrackids.lv\/ru\/pasakumi\/konkurss-voices-of-fastrackids\/#primaryimage\"},\"datePublished\":\"2014-11-24T19:19:56+00:00\",\"dateModified\":\"2015-06-01T20:01:23+00:00\",\"breadcrumb\":{\"@id\":\"https:\/\/fastrackids.lv\/ru\/pasakumi\/konkurss-voices-of-fastrackids\/#breadcrumb\"},\"inLanguage\":\"en-US\",\"potentialAction\":[{\"@type\":\"ReadAction\",\"target\":[\"https:\/\/fastrackids.lv\/ru\/pasakumi\/konkurss-voices-of-fastrackids\/\"]}]},{\"@type\":\"BreadcrumbList\",\"@id\":\"https:\/\/fastrackids.lv\/ru\/pasakumi\/konkurss-voices-of-fastrackids\/#breadcrumb\",\"itemListElement\":[{\"@type\":\"ListItem\",\"position\":1,\"name\":\"Home\",\"item\":\"https:\/\/fastrackids.lv\/ru\/\"},{\"@type\":\"ListItem\",\"position\":2,\"name\":\"FasTracKids Pas\\u0101kumi\",\"item\":\"https:\/\/fastrackids.lv\/ru\/pasakumi\/\"},{\"@type\":\"ListItem\",\"position\":3,\"name\":\"KONKURSS VOICES OF FASTRACKIDS\"}]}]}<\/script>\n<!-- \/ Yoast SEO plugin. -->","yoast_head_json":{"robots":{"index":"index","follow":"follow","max-snippet":"max-snippet:-1","max-image-preview":"max-image-preview:large","max-video-preview":"max-video-preview:-1"},"canonical":"https:\/\/fastrackids.lv\/ru\/pasakumi\/konkurss-voices-of-fastrackids\/","og_locale":"en_US","og_type":"article","og_title":"KONKURSS VOICES OF FASTRACKIDS - FasTrackids Latvia (Russian)","og_description":"Uz\u0146\u0113mums FasTracKids\u00ae nodro\u0161ina j\u016bsu b\u0113rniem visu r\u012bkus, kas nepiecie\u0161ami pan\u0101kumu g\u016b\u0161anai 21. gadsimt\u0101. Viena no visb\u016btisk\u0101kaj\u0101m prasm\u0113m ir efekt\u012bva komunik\u0101cija. Viens no veidiem, k\u0101 uz\u0146\u0113mums FasTracKids veicina b\u0113rna komunik\u0101cijas prasmes, ir, katras nodarb\u012bbas beig\u0101s uzdodot izveidot \u012bsu prezent\u0101ciju par nodarb\u012bb\u0101 apg\u016bto. Lai izv\u0113rstu \u0161\u0101du m\u0101c\u012b\u0161anos starptautisk\u0101 m\u0113rog\u0101, uz\u0146\u0113mums FasTracKids ik gadu r\u012bko starptautisku runas konkursu &hellip; Continue reading &rarr;","og_url":"https:\/\/fastrackids.lv\/ru\/pasakumi\/konkurss-voices-of-fastrackids\/","og_site_name":"FasTrackids Latvia (Russian)","article_modified_time":"2015-06-01T20:01:23+00:00","og_image":[{"width":2000,"height":800,"url":"https:\/\/fastrackids.lv\/ru\/wp-content\/uploads\/sites\/3\/2014\/11\/header_image_voices.jpg","type":"image\/jpeg"}],"twitter_misc":{"Est. reading time":"2 minutes"},"schema":{"@context":"https:\/\/schema.org","@graph":[{"@type":"WebSite","@id":"https:\/\/fastrackids.lv\/ru\/#website","url":"https:\/\/fastrackids.lv\/ru\/","name":"FasTrackids Latvia (Russian)","description":"FasTracKids Latvia","potentialAction":[{"@type":"SearchAction","target":{"@type":"EntryPoint","urlTemplate":"https:\/\/fastrackids.lv\/ru\/?s={search_term_string}"},"query-input":"required name=search_term_string"}],"inLanguage":"en-US"},{"@type":"ImageObject","@id":"https:\/\/fastrackids.lv\/ru\/pasakumi\/konkurss-voices-of-fastrackids\/#primaryimage","inLanguage":"en-US","url":"http:\/\/fastrackids.lv\/ru\/wp-content\/uploads\/sites\/3\/2014\/11\/header_image_voices.jpg","contentUrl":"http:\/\/fastrackids.lv\/ru\/wp-content\/uploads\/sites\/3\/2014\/11\/header_image_voices.jpg","width":2000,"height":800},{"@type":"WebPage","@id":"https:\/\/fastrackids.lv\/ru\/pasakumi\/konkurss-voices-of-fastrackids\/#webpage","url":"https:\/\/fastrackids.lv\/ru\/pasakumi\/konkurss-voices-of-fastrackids\/","name":"KONKURSS VOICES OF FASTRACKIDS - FasTrackids Latvia (Russian)","isPartOf":{"@id":"https:\/\/fastrackids.lv\/ru\/#website"},"primaryImageOfPage":{"@id":"https:\/\/fastrackids.lv\/ru\/pasakumi\/konkurss-voices-of-fastrackids\/#primaryimage"},"datePublished":"2014-11-24T19:19:56+00:00","dateModified":"2015-06-01T20:01:23+00:00","breadcrumb":{"@id":"https:\/\/fastrackids.lv\/ru\/pasakumi\/konkurss-voices-of-fastrackids\/#breadcrumb"},"inLanguage":"en-US","potentialAction":[{"@type":"ReadAction","target":["https:\/\/fastrackids.lv\/ru\/pasakumi\/konkurss-voices-of-fastrackids\/"]}]},{"@type":"BreadcrumbList","@id":"https:\/\/fastrackids.lv\/ru\/pasakumi\/konkurss-voices-of-fastrackids\/#breadcrumb","itemListElement":[{"@type":"ListItem","position":1,"name":"Home","item":"https:\/\/fastrackids.lv\/ru\/"},{"@type":"ListItem","position":2,"name":"FasTracKids Pas\u0101kumi","item":"https:\/\/fastrackids.lv\/ru\/pasakumi\/"},{"@type":"ListItem","position":3,"name":"KONKURSS VOICES OF FASTRACKIDS"}]}]}},"_links":{"self":[{"href":"http:\/\/fastrackids.lv\/ru\/wp-json\/wp\/v2\/pages\/177"}],"collection":[{"href":"http:\/\/fastrackids.lv\/ru\/wp-json\/wp\/v2\/pages"}],"about":[{"href":"http:\/\/fastrackids.lv\/ru\/wp-json\/wp\/v2\/types\/page"}],"author":[{"embeddable":true,"href":"http:\/\/fastrackids.lv\/ru\/wp-json\/wp\/v2\/users\/9"}],"replies":[{"embeddable":true,"href":"http:\/\/fastrackids.lv\/ru\/wp-json\/wp\/v2\/comments?post=177"}],"version-history":[{"count":11,"href":"http:\/\/fastrackids.lv\/ru\/wp-json\/wp\/v2\/pages\/177\/revisions"}],"predecessor-version":[{"id":690,"href":"http:\/\/fastrackids.lv\/ru\/wp-json\/wp\/v2\/pages\/177\/revisions\/690"}],"up":[{"embeddable":true,"href":"http:\/\/fastrackids.lv\/ru\/wp-json\/wp\/v2\/pages\/454"}],"wp:featuredmedia":[{"embeddable":true,"href":"http:\/\/fastrackids.lv\/ru\/wp-json\/wp\/v2\/media\/394"}],"wp:attachment":[{"href":"http:\/\/fastrackids.lv\/ru\/wp-json\/wp\/v2\/media?parent=177"}],"curies":[{"name":"wp","href":"https:\/\/api.w.org\/{rel}","templated":true}]}}