{"id":174,"date":"2014-11-24T19:18:59","date_gmt":"2014-11-24T19:18:59","guid":{"rendered":"http:\/\/goftk.com\/?page_id=174"},"modified":"2016-10-24T09:17:06","modified_gmt":"2016-10-24T07:17:06","slug":"konkurss-read-for-the-record","status":"publish","type":"page","link":"http:\/\/fastrackids.lv\/ru\/pasakumi\/konkurss-read-for-the-record\/","title":{"rendered":"KONKURSS READ FOR THE RECORD"},"content":{"rendered":"<h2 style=\"text-align: center\"><strong>M\u0113s aicin\u0101m\u00a0J\u016bs pievienotos liel\u0101kajam vienas dienas koplas\u012b\u0161anas pas\u0101kumam pasaul\u0113!<\/strong><\/h2>\n<p>FasTracKids ar\u012b \u0161ogad piedal\u012bsies k\u0101 partneris organiz\u0101cijas Jumpstart\u2019s\u00a0iniciat\u012bvai Read for the Record<sup>\u00ae<\/sup>\u00a0(Lasi rekorda v\u0101rd\u0101).\u00a0Lasi rekorda v\u0101rd\u0101 noz\u012bm\u0113, ka vienu dienu gad\u0101 cilv\u0113ki vis\u0101 pasaul\u0113 san\u0101k kop\u0101, lai las\u012btu vienu gr\u0101matu.<\/p>\n<p><strong>2016.gada 27.oktobr\u012b, ceturtdien\u0101<\/strong>\u00a0FasTracKids m\u0101c\u012bbu viet\u0101s pulc\u0113sies \u0123imenes, lai las\u012btu J\u016blijas Sarkones-Ro\u010das b\u0113rnu gr\u0101matu \u2018\u2019L\u0101cis ap\u0113da tavu sviestmaizi\u2019\u2019 (The Bear Ate Your Sandwich, Julia Sarcone-Roach).<\/p>\n<p style=\"text-align: left\"><a href=\"http:\/\/fastrackids.lv\/wp-content\/uploads\/sites\/3\/2014\/11\/Lasi-rekorda-v\u0101rd\u0101-LV-Partneriem.jpg\"><img loading=\"lazy\" class=\"alignnone size-large wp-image-982\" src=\"http:\/\/fastrackids.lv\/wp-content\/uploads\/sites\/3\/2014\/11\/Lasi-rekorda-v\u0101rd\u0101-LV-Partneriem-662x1024.jpg\" alt=\"lasi-rekorda-varda-lv-partneriem\" width=\"662\" height=\"1024\" srcset=\"http:\/\/fastrackids.lv\/ru\/wp-content\/uploads\/sites\/3\/2014\/11\/Lasi-rekorda-v\u0101rd\u0101-LV-Partneriem-662x1024.jpg 662w, http:\/\/fastrackids.lv\/ru\/wp-content\/uploads\/sites\/3\/2014\/11\/Lasi-rekorda-v\u0101rd\u0101-LV-Partneriem-194x300.jpg 194w, http:\/\/fastrackids.lv\/ru\/wp-content\/uploads\/sites\/3\/2014\/11\/Lasi-rekorda-v\u0101rd\u0101-LV-Partneriem.jpg 720w\" sizes=\"(max-width: 662px) 100vw, 662px\" \/><\/a><\/p>\n<p style=\"text-align: left\">Pag\u0101ju\u0161aj\u0101 gad\u0101 FasTracKids, Jumpstart un citi agr\u012bn\u0101s izgl\u012bt\u012bbas atbalst\u012bt\u0101ji apvienoja vair\u0101k k\u0101 2.2 miljonus dal\u012bbnieku, kuri las\u012bja Nota Normana gr\u0101matu \u2018\u2019Zelta zivti\u0146as st\u0101sts\u2019\u2019 (Not Norman: A Goldfish Story), radot liel\u0101ko koplas\u012b\u0161anas pieredzi.<br \/>\n<strong>Sazinieties ar Jums tuv\u0101ko FasTracKids m\u0101c\u012bbu vietu, lai uzzin\u0101tu vair\u0101k, k\u0101 J\u016bs varat mums pal\u012bdz\u0113t p\u0101rsp\u0113t pasaules rekordu!<\/strong><\/p>\n<p>Uz\u0146\u0113mums FasTracKids sadarbojas ar organiz\u0101ciju <a title=\"Jumpstart Read for the Record\" href=\"http:\/\/www.jstart.org\/campaigns\/read-for-the-record\" target=\"_blank\">Jumpstart<\/a>, r\u012bkojot ikgad\u0113ju vienas dienas pas\u0101kumu, kur\u0101 apvienojas miljoniem cilv\u0113ku, lai godin\u0101tu rakstprat\u012bbu un atbalst\u012btu centienus veicin\u0101t izgl\u012bt\u012bbu agr\u0101 b\u0113rn\u012bb\u0101.\u00a0Pas\u0101kums Read for the Record<sup>\u00ae<\/sup> (Lasi rekorda v\u0101rd\u0101) apliecina las\u012b\u0161anas noz\u012bmi, apvienojot pirmsskolas vecuma b\u0113rnus un atsauc\u012bgus pieaugu\u0161os, lai vien\u0101 dien\u0101 las\u012btu vienu un to pa\u0161u gr\u0101matu.<\/p>\n<p>&nbsp;<\/p>\n","protected":false},"excerpt":{"rendered":"<p>M\u0113s aicin\u0101m\u00a0J\u016bs pievienotos liel\u0101kajam vienas dienas koplas\u012b\u0161anas pas\u0101kumam pasaul\u0113! FasTracKids ar\u012b \u0161ogad piedal\u012bsies k\u0101 partneris organiz\u0101cijas Jumpstart\u2019s\u00a0iniciat\u012bvai Read for the Record\u00ae\u00a0(Lasi rekorda v\u0101rd\u0101).\u00a0Lasi rekorda v\u0101rd\u0101 noz\u012bm\u0113, ka vienu dienu gad\u0101 cilv\u0113ki vis\u0101 pasaul\u0113 san\u0101k kop\u0101, lai las\u012btu vienu gr\u0101matu. 2016.gada 27.oktobr\u012b, ceturtdien\u0101\u00a0FasTracKids m\u0101c\u012bbu viet\u0101s pulc\u0113sies \u0123imenes, lai las\u012btu J\u016blijas Sarkones-Ro\u010das b\u0113rnu gr\u0101matu \u2018\u2019L\u0101cis ap\u0113da tavu &hellip; <a href=\"http:\/\/fastrackids.lv\/ru\/pasakumi\/konkurss-read-for-the-record\/\">Continue reading <span class=\"meta-nav\">&rarr;<\/span><\/a><\/p>\n","protected":false},"author":9,"featured_media":388,"parent":454,"menu_order":0,"comment_status":"closed","ping_status":"closed","template":"","meta":[],"yoast_head":"<!-- This site is optimized with the Yoast SEO plugin v17.4 - https:\/\/yoast.com\/wordpress\/plugins\/seo\/ -->\n<meta name=\"robots\" content=\"index, follow, max-snippet:-1, max-image-preview:large, max-video-preview:-1\" \/>\n<link rel=\"canonical\" href=\"https:\/\/fastrackids.lv\/ru\/pasakumi\/konkurss-read-for-the-record\/\" \/>\n<meta property=\"og:locale\" content=\"en_US\" \/>\n<meta property=\"og:type\" content=\"article\" \/>\n<meta property=\"og:title\" content=\"KONKURSS READ FOR THE RECORD - FasTrackids Latvia (Russian)\" \/>\n<meta property=\"og:description\" content=\"M\u0113s aicin\u0101m\u00a0J\u016bs pievienotos liel\u0101kajam vienas dienas koplas\u012b\u0161anas pas\u0101kumam pasaul\u0113! FasTracKids ar\u012b \u0161ogad piedal\u012bsies k\u0101 partneris organiz\u0101cijas Jumpstart\u2019s\u00a0iniciat\u012bvai Read for the Record\u00ae\u00a0(Lasi rekorda v\u0101rd\u0101).\u00a0Lasi rekorda v\u0101rd\u0101 noz\u012bm\u0113, ka vienu dienu gad\u0101 cilv\u0113ki vis\u0101 pasaul\u0113 san\u0101k kop\u0101, lai las\u012btu vienu gr\u0101matu. 2016.gada 27.oktobr\u012b, ceturtdien\u0101\u00a0FasTracKids m\u0101c\u012bbu viet\u0101s pulc\u0113sies \u0123imenes, lai las\u012btu J\u016blijas Sarkones-Ro\u010das b\u0113rnu gr\u0101matu \u2018\u2019L\u0101cis ap\u0113da tavu &hellip; Continue reading &rarr;\" \/>\n<meta property=\"og:url\" content=\"https:\/\/fastrackids.lv\/ru\/pasakumi\/konkurss-read-for-the-record\/\" \/>\n<meta property=\"og:site_name\" content=\"FasTrackids Latvia (Russian)\" \/>\n<meta property=\"article:modified_time\" content=\"2016-10-24T07:17:06+00:00\" \/>\n<meta property=\"og:image\" content=\"https:\/\/fastrackids.lv\/ru\/wp-content\/uploads\/sites\/3\/2014\/11\/header_image_readfortherecord.jpg\" \/>\n\t<meta property=\"og:image:width\" content=\"2000\" \/>\n\t<meta property=\"og:image:height\" content=\"800\" \/>\n<meta name=\"twitter:label1\" content=\"Est. reading time\" \/>\n\t<meta name=\"twitter:data1\" content=\"1 minute\" \/>\n<script type=\"application\/ld+json\" class=\"yoast-schema-graph\">{\"@context\":\"https:\/\/schema.org\",\"@graph\":[{\"@type\":\"WebSite\",\"@id\":\"https:\/\/fastrackids.lv\/ru\/#website\",\"url\":\"https:\/\/fastrackids.lv\/ru\/\",\"name\":\"FasTrackids Latvia (Russian)\",\"description\":\"FasTracKids Latvia\",\"potentialAction\":[{\"@type\":\"SearchAction\",\"target\":{\"@type\":\"EntryPoint\",\"urlTemplate\":\"https:\/\/fastrackids.lv\/ru\/?s={search_term_string}\"},\"query-input\":\"required name=search_term_string\"}],\"inLanguage\":\"en-US\"},{\"@type\":\"ImageObject\",\"@id\":\"https:\/\/fastrackids.lv\/ru\/pasakumi\/konkurss-read-for-the-record\/#primaryimage\",\"inLanguage\":\"en-US\",\"url\":\"http:\/\/fastrackids.lv\/ru\/wp-content\/uploads\/sites\/3\/2014\/11\/header_image_readfortherecord.jpg\",\"contentUrl\":\"http:\/\/fastrackids.lv\/ru\/wp-content\/uploads\/sites\/3\/2014\/11\/header_image_readfortherecord.jpg\",\"width\":2000,\"height\":800},{\"@type\":\"WebPage\",\"@id\":\"https:\/\/fastrackids.lv\/ru\/pasakumi\/konkurss-read-for-the-record\/#webpage\",\"url\":\"https:\/\/fastrackids.lv\/ru\/pasakumi\/konkurss-read-for-the-record\/\",\"name\":\"KONKURSS READ FOR THE RECORD - FasTrackids Latvia (Russian)\",\"isPartOf\":{\"@id\":\"https:\/\/fastrackids.lv\/ru\/#website\"},\"primaryImageOfPage\":{\"@id\":\"https:\/\/fastrackids.lv\/ru\/pasakumi\/konkurss-read-for-the-record\/#primaryimage\"},\"datePublished\":\"2014-11-24T19:18:59+00:00\",\"dateModified\":\"2016-10-24T07:17:06+00:00\",\"breadcrumb\":{\"@id\":\"https:\/\/fastrackids.lv\/ru\/pasakumi\/konkurss-read-for-the-record\/#breadcrumb\"},\"inLanguage\":\"en-US\",\"potentialAction\":[{\"@type\":\"ReadAction\",\"target\":[\"https:\/\/fastrackids.lv\/ru\/pasakumi\/konkurss-read-for-the-record\/\"]}]},{\"@type\":\"BreadcrumbList\",\"@id\":\"https:\/\/fastrackids.lv\/ru\/pasakumi\/konkurss-read-for-the-record\/#breadcrumb\",\"itemListElement\":[{\"@type\":\"ListItem\",\"position\":1,\"name\":\"Home\",\"item\":\"https:\/\/fastrackids.lv\/ru\/\"},{\"@type\":\"ListItem\",\"position\":2,\"name\":\"FasTracKids Pas\\u0101kumi\",\"item\":\"https:\/\/fastrackids.lv\/ru\/pasakumi\/\"},{\"@type\":\"ListItem\",\"position\":3,\"name\":\"KONKURSS READ FOR THE RECORD\"}]}]}<\/script>\n<!-- \/ Yoast SEO plugin. -->","yoast_head_json":{"robots":{"index":"index","follow":"follow","max-snippet":"max-snippet:-1","max-image-preview":"max-image-preview:large","max-video-preview":"max-video-preview:-1"},"canonical":"https:\/\/fastrackids.lv\/ru\/pasakumi\/konkurss-read-for-the-record\/","og_locale":"en_US","og_type":"article","og_title":"KONKURSS READ FOR THE RECORD - FasTrackids Latvia (Russian)","og_description":"M\u0113s aicin\u0101m\u00a0J\u016bs pievienotos liel\u0101kajam vienas dienas koplas\u012b\u0161anas pas\u0101kumam pasaul\u0113! FasTracKids ar\u012b \u0161ogad piedal\u012bsies k\u0101 partneris organiz\u0101cijas Jumpstart\u2019s\u00a0iniciat\u012bvai Read for the Record\u00ae\u00a0(Lasi rekorda v\u0101rd\u0101).\u00a0Lasi rekorda v\u0101rd\u0101 noz\u012bm\u0113, ka vienu dienu gad\u0101 cilv\u0113ki vis\u0101 pasaul\u0113 san\u0101k kop\u0101, lai las\u012btu vienu gr\u0101matu. 2016.gada 27.oktobr\u012b, ceturtdien\u0101\u00a0FasTracKids m\u0101c\u012bbu viet\u0101s pulc\u0113sies \u0123imenes, lai las\u012btu J\u016blijas Sarkones-Ro\u010das b\u0113rnu gr\u0101matu \u2018\u2019L\u0101cis ap\u0113da tavu &hellip; Continue reading &rarr;","og_url":"https:\/\/fastrackids.lv\/ru\/pasakumi\/konkurss-read-for-the-record\/","og_site_name":"FasTrackids Latvia (Russian)","article_modified_time":"2016-10-24T07:17:06+00:00","og_image":[{"width":2000,"height":800,"url":"https:\/\/fastrackids.lv\/ru\/wp-content\/uploads\/sites\/3\/2014\/11\/header_image_readfortherecord.jpg","type":"image\/jpeg"}],"twitter_misc":{"Est. reading time":"1 minute"},"schema":{"@context":"https:\/\/schema.org","@graph":[{"@type":"WebSite","@id":"https:\/\/fastrackids.lv\/ru\/#website","url":"https:\/\/fastrackids.lv\/ru\/","name":"FasTrackids Latvia (Russian)","description":"FasTracKids Latvia","potentialAction":[{"@type":"SearchAction","target":{"@type":"EntryPoint","urlTemplate":"https:\/\/fastrackids.lv\/ru\/?s={search_term_string}"},"query-input":"required name=search_term_string"}],"inLanguage":"en-US"},{"@type":"ImageObject","@id":"https:\/\/fastrackids.lv\/ru\/pasakumi\/konkurss-read-for-the-record\/#primaryimage","inLanguage":"en-US","url":"http:\/\/fastrackids.lv\/ru\/wp-content\/uploads\/sites\/3\/2014\/11\/header_image_readfortherecord.jpg","contentUrl":"http:\/\/fastrackids.lv\/ru\/wp-content\/uploads\/sites\/3\/2014\/11\/header_image_readfortherecord.jpg","width":2000,"height":800},{"@type":"WebPage","@id":"https:\/\/fastrackids.lv\/ru\/pasakumi\/konkurss-read-for-the-record\/#webpage","url":"https:\/\/fastrackids.lv\/ru\/pasakumi\/konkurss-read-for-the-record\/","name":"KONKURSS READ FOR THE RECORD - FasTrackids Latvia (Russian)","isPartOf":{"@id":"https:\/\/fastrackids.lv\/ru\/#website"},"primaryImageOfPage":{"@id":"https:\/\/fastrackids.lv\/ru\/pasakumi\/konkurss-read-for-the-record\/#primaryimage"},"datePublished":"2014-11-24T19:18:59+00:00","dateModified":"2016-10-24T07:17:06+00:00","breadcrumb":{"@id":"https:\/\/fastrackids.lv\/ru\/pasakumi\/konkurss-read-for-the-record\/#breadcrumb"},"inLanguage":"en-US","potentialAction":[{"@type":"ReadAction","target":["https:\/\/fastrackids.lv\/ru\/pasakumi\/konkurss-read-for-the-record\/"]}]},{"@type":"BreadcrumbList","@id":"https:\/\/fastrackids.lv\/ru\/pasakumi\/konkurss-read-for-the-record\/#breadcrumb","itemListElement":[{"@type":"ListItem","position":1,"name":"Home","item":"https:\/\/fastrackids.lv\/ru\/"},{"@type":"ListItem","position":2,"name":"FasTracKids Pas\u0101kumi","item":"https:\/\/fastrackids.lv\/ru\/pasakumi\/"},{"@type":"ListItem","position":3,"name":"KONKURSS READ FOR THE RECORD"}]}]}},"_links":{"self":[{"href":"http:\/\/fastrackids.lv\/ru\/wp-json\/wp\/v2\/pages\/174"}],"collection":[{"href":"http:\/\/fastrackids.lv\/ru\/wp-json\/wp\/v2\/pages"}],"about":[{"href":"http:\/\/fastrackids.lv\/ru\/wp-json\/wp\/v2\/types\/page"}],"author":[{"embeddable":true,"href":"http:\/\/fastrackids.lv\/ru\/wp-json\/wp\/v2\/users\/9"}],"replies":[{"embeddable":true,"href":"http:\/\/fastrackids.lv\/ru\/wp-json\/wp\/v2\/comments?post=174"}],"version-history":[{"count":18,"href":"http:\/\/fastrackids.lv\/ru\/wp-json\/wp\/v2\/pages\/174\/revisions"}],"predecessor-version":[{"id":984,"href":"http:\/\/fastrackids.lv\/ru\/wp-json\/wp\/v2\/pages\/174\/revisions\/984"}],"up":[{"embeddable":true,"href":"http:\/\/fastrackids.lv\/ru\/wp-json\/wp\/v2\/pages\/454"}],"wp:featuredmedia":[{"embeddable":true,"href":"http:\/\/fastrackids.lv\/ru\/wp-json\/wp\/v2\/media\/388"}],"wp:attachment":[{"href":"http:\/\/fastrackids.lv\/ru\/wp-json\/wp\/v2\/media?parent=174"}],"curies":[{"name":"wp","href":"https:\/\/api.w.org\/{rel}","templated":true}]}}