{"id":170,"date":"2014-11-24T19:17:39","date_gmt":"2014-11-24T19:17:39","guid":{"rendered":"http:\/\/goftk.com\/?page_id=170"},"modified":"2015-07-21T18:17:58","modified_gmt":"2015-07-21T16:17:58","slug":"zinatniskie-petijumi","status":"publish","type":"page","link":"http:\/\/fastrackids.lv\/ru\/metodika\/zinatniskie-petijumi\/","title":{"rendered":"ZIN\u0100TNISKIE P\u0112T\u012aJUMI"},"content":{"rendered":"<p>B\u0113rnu izaugsme un att\u012bst\u012bba ir ikvienas FasTracKids<sup>\u00ae<\/sup> m\u0101c\u012bbu sist\u0113m\u0101 iek\u013caut\u0101s programmas priorit\u0101te. Viens no veidiem, k\u0101 m\u0113s to nodro\u0161in\u0101m, ir b\u0113rnu sasniegto atskaites punktu r\u016bp\u012bga dokument\u0101cija.<\/p>\n<p><strong>\u0160o p\u0113t\u012bjumu m\u0113r\u0137is ir:<\/strong><\/p>\n<p style=\"padding-left: 30px\">\u2022 inform\u0113t vec\u0101kus par m\u016bsu audz\u0113k\u0146u nep\u0101rtraukto progresu;<br \/>\n\u2022 pal\u012bdz\u0113t izstr\u0101d\u0101t n\u0101kamo m\u0101c\u012bbu pl\u0101nu;<br \/>\n\u2022 nodro\u0161in\u0101t m\u016bsu pasniedz\u0113ju profesion\u0101lu att\u012bst\u012bbu.<\/p>\n<p>&nbsp;<\/p>\n<h3><img loading=\"lazy\" class=\"alignnone wp-image-7430\" src=\"http:\/\/www.fastrackids.lv\/ru\/wp-content\/uploads\/sites\/3\/2014\/11\/fastrack_signing_icon.png\" alt=\"sign\" width=\"53\" height=\"52\" \/> <a title=\"FasTrack Signing\" href=\"http:\/\/fastrackids.lv\/ru\/fastrackids-programmas\/fastrack-signing\/\">FasTrack<sup>\u00ae<\/sup> Signing<\/a><\/h3>\n<p>Dr. Mi\u0161elas Entonija un Dr. Reina Linderte kop\u0101 ar Kalifornijas Universit\u0101ti B\u0113rklij\u0101 veica\u00a0p\u0113t\u012bjumu, kur\u0101 p\u0101rbaud\u012bja\u00a0valodas att\u012bst\u012bbas un apguves teorija attiec\u012bb\u0101 uz mazu\u013ciem vecum\u0101 no 6 m\u0113ne\u0161iem l\u012bdz 2 gadiem. P\u0113t\u012bjums liecin\u0101ja, ka b\u0113rniem, kuri s\u0101ka m\u0101c\u012bties izmantot z\u012bmju valodu agr\u012bn\u0101 vecum\u0101, br\u012bd\u012b, kad vi\u0146i bija gatavi s\u0101kt run\u0101t, v\u0101rdu kr\u0101jums bija liel\u0101ks nek\u0101 audz\u0113k\u0146iem, kuri nem\u0101c\u012bj\u0101s z\u012bmju valodu. B\u0113rni, kuri izmantoja z\u012bmju valodu, var\u0113ja izrun\u0101t divreiz vair\u0101k v\u0101rdu nek\u0101 vienaud\u017ei, kuri to neizmantoja.<\/p>\n<p><a href=\"http:\/\/fastrackids.lv\/wp-content\/uploads\/sites\/3\/2015\/05\/signingresearch.jpg\" target=\"_blank\"><img loading=\"lazy\" class=\"aligncenter wp-image-7796\" style=\"padding: 5px;background: none;border: gray 1px solid\" title=\"FasTrack Signing P\u0113tniec\u012bba\" src=\"http:\/\/fastrackids.lv\/wp-content\/uploads\/sites\/3\/2015\/05\/signingresearch.jpg\" alt=\"FasTrack Signing research\" width=\"529\" height=\"292\" \/><\/a><\/p>\n<p>Programma FasTrack Signing\u00a0ir b\u0113rna pirmais solis, lai veidotu skaidru komunik\u0101ciju ar\u00a0vec\u0101kiem.<\/p>\n<p><strong>M\u016bsu programma ir radusies no s\u0101kotn\u0113j\u0101s programmas Signing Smart\u2122 (Atjaut\u012bg\u0101 z\u012bmju valoda). Iepaz\u012bstieties ar\u00a0p\u0113t\u012bjumu, uz kuru ir balst\u012bta programma (izv\u0113lieties att\u0113lu zem\u0101k)<\/strong><br \/>\n<a href=\"http:\/\/www.signingsmart.com\/research.html\" target=\"_blank\"><img loading=\"lazy\" class=\"aligncenter wp-image-8333 size-medium\" style=\"padding: 5px;background: none;border: gray 1px solid\" src=\"http:\/\/fastrackids.lv\/wp-content\/uploads\/sites\/3\/2014\/12\/Signing-Smart-Website-Screen-Shot.png\" alt=\"FasTrack Signing, Signing Smart research\" width=\"286\" height=\"300\" \/><\/a><\/p>\n<p>&nbsp;<\/p>\n<h3><a title=\"FasTrack Music\" href=\"http:\/\/fastrackids.lv\/ru\/fastrackids-programmas\/fastrack-music\/\"><img loading=\"lazy\" class=\"alignnone wp-image-7431\" src=\"http:\/\/fastrackids.lv\/wp-content\/uploads\/sites\/3\/2014\/11\/fastrack_music_icon.png\" alt=\"music-note\" width=\"27\" height=\"41\" \/>FasTrack<sup>\u00ae<\/sup> Music<\/a><\/h3>\n<p><a href=\"http:\/\/fastrackids.lv\/wp-content\/uploads\/sites\/3\/2015\/05\/ABC_Research-Graph.jpg\" target=\"_blank\"><img loading=\"lazy\" class=\"alignright wp-image-8256 size-medium\" style=\"padding: 5px;background: none;border: gray 1px solid\" title=\"FasTrack Music P\u0113tniec\u012bba\" src=\"http:\/\/fastrackids.lv\/wp-content\/uploads\/sites\/3\/2015\/05\/ABC_Research-Graph.jpg\" alt=\"FasTracKids - FasTrack Music P\u0113tniec\u012bba \" width=\"300\" height=\"239\" \/><\/a>Neatkar\u012bgs p\u0113t\u012bjums liecina, ka nodarb\u012bba FasTrack Music\u00a0var par 32\u00a0% palielin\u0101t audz\u0113k\u0146a v\u0101rdu kr\u0101jumu. P\u0113t\u012bjum\u0101 vair\u0101k\u0101s viet\u0101s tika konstat\u0113ts, ka audz\u0113k\u0146iem, kuri piedal\u012bj\u0101s programmas FasTrack Music\u00a0nodarb\u012bb\u0101 vienu stundu reizi\u00a0ned\u0113\u013c\u0101, bija iev\u0113rojami uzlaboju\u0161\u0101s las\u012b\u0161anai nepiecie\u0161am\u0101s pamatprasmes, sal\u012bdzinot ar programm\u0101 neiesaist\u012btajiem vienaud\u017eiem. \u0160is p\u0113t\u012bjums skaidri par\u0101da, ka programm\u0101 FasTrack\u00a0Music iesaist\u012btajiem audz\u0113k\u0146iem ir sp\u0113c\u012bg\u0101kas valodas prasmes un rakstprat\u012bba, sal\u012bdzinot ar programm\u0101 neiesaist\u012btajiem audz\u0113k\u0146iem.<\/p>\n<p><strong>Skatiet p\u0113t\u012bjuma kopsavilkumu\u00a0(izv\u0113lieties att\u0113lu zem\u0101k):<\/strong><\/p>\n<p><a title=\"FasTrack Music P\u0113tniec\u012bba\" href=\"http:\/\/media.kindermusik.com\/docs\/PDF\/ABCMusicMeEffectivenessSummary-FINAL.pdf\" target=\"_blank\"><img loading=\"lazy\" class=\"aligncenter wp-image-8257 size-medium\" style=\"padding: 5px;background: none;border: gray 1px solid\" src=\"http:\/\/fastrackids.lv\/wp-content\/uploads\/sites\/3\/2014\/12\/ABC-Music-and-Me-PDF-Screenshot.png\" alt=\"FasTrack Music, ABC Music and Me Research\" width=\"239\" height=\"300\" \/><\/a><\/p>\n<h3><a title=\"FasTrack Fundamentals\" href=\"http:\/\/www.fastrackids.lv\/ru\/fastrackids-programmas\/fastrack-fundamentals\/\"><img loading=\"lazy\" class=\"alignnone wp-image-7481\" src=\"http:\/\/fastrackids.lv\/wp-content\/uploads\/sites\/3\/2014\/11\/fastrack_fundamentals_icon.png\" alt=\"fastrack fundamentals\" width=\"50\" height=\"59\" \/>FasTrack<sup>\u00ae<\/sup> Fundamentals<\/a><\/h3>\n<p>Jau vair\u0101k nek\u0101 15 gadus FasTracKids sist\u0113ma ir ietekm\u0113jusi audz\u0113k\u0146u m\u0101c\u012bbu rezult\u0101tus vis\u0101 pasaul\u0113. Neatkar\u012bg\u0101 p\u0113t\u012bjum\u0101 bija atspogu\u013cota programmas izm\u0113r\u0101m\u0101 efektivit\u0101te. Rezult\u0101ti liecin\u0101ja, ka programm\u0101 FasTrack\u00a0Fundamentals\u00a0iesaist\u012btie b\u0113rni bija iev\u0113rojami lab\u0101k sagatavoti skolai.<\/p>\n<p><a href=\"http:\/\/fastrackids.lv\/wp-content\/uploads\/sites\/3\/2015\/05\/research_graph.jpg\" target=\"_blank\"><img loading=\"lazy\" class=\"aligncenter wp-image-630 size-medium\" title=\"FasTrack Fundamentals P\u0113tniec\u012bba\" src=\"http:\/\/fastrackids.lv\/wp-content\/uploads\/sites\/3\/2015\/05\/research_graph.jpg\" alt=\"FasTrack Fundamentals P\u0113tniec\u012bba\" width=\"300\" height=\"184\" \/><\/a><\/p>\n<p>P\u0113tnieki apkopoja datus no piec\u0101m da\u017e\u0101d\u0101m valst\u012bm par audz\u0113k\u0146iem, kuri run\u0101 da\u017e\u0101d\u0101s valod\u0101s. \u00a0Neskatoties uz valodu, k\u0101d\u0101 b\u0113rni run\u0101 m\u0101j\u0101s, programma FasTrack\u00a0Fundamentals\u00a0sniedz audz\u0113k\u0146iem akad\u0113misku pan\u0101kumu g\u016b\u0161anai nepiecie\u0161am\u0101s prasmes un uzr\u0101da visaptvero\u0161us pozit\u012bvus rezult\u0101tus.<\/p>\n<p><strong>Skatiet p\u0113t\u012bjumu, izv\u0113lotiess\u00a0attiec\u012bgo att\u0113lu.\u00a0FasTrack Fundamentals (FasTracKids) rezult\u0101ti:<\/strong><\/p>\n<p><a title=\"FasTrack Fundamentals P\u0113tniec\u012bba\" href=\"http:\/\/fastrackids.lv\/wp-content\/uploads\/sites\/3\/2014\/12\/fastrackids_study_results.pdf\" target=\"_blank\"><img loading=\"lazy\" class=\"aligncenter wp-image-8367 size-medium\" src=\"http:\/\/fastrackids.lv\/wp-content\/uploads\/sites\/3\/2014\/12\/study-results-screen-shot.png\" alt=\"FasTracKids Research Study\" width=\"250\" height=\"300\" \/><\/a><\/p>\n","protected":false},"excerpt":{"rendered":"<p>B\u0113rnu izaugsme un att\u012bst\u012bba ir ikvienas FasTracKids\u00ae m\u0101c\u012bbu sist\u0113m\u0101 iek\u013caut\u0101s programmas priorit\u0101te. Viens no veidiem, k\u0101 m\u0113s to nodro\u0161in\u0101m, ir b\u0113rnu sasniegto atskaites punktu r\u016bp\u012bga dokument\u0101cija. \u0160o p\u0113t\u012bjumu m\u0113r\u0137is ir: \u2022 inform\u0113t vec\u0101kus par m\u016bsu audz\u0113k\u0146u nep\u0101rtraukto progresu; \u2022 pal\u012bdz\u0113t izstr\u0101d\u0101t n\u0101kamo m\u0101c\u012bbu pl\u0101nu; \u2022 nodro\u0161in\u0101t m\u016bsu pasniedz\u0113ju profesion\u0101lu att\u012bst\u012bbu. &nbsp; FasTrack\u00ae Signing Dr. Mi\u0161elas &hellip; <a href=\"http:\/\/fastrackids.lv\/ru\/metodika\/zinatniskie-petijumi\/\">Continue reading <span class=\"meta-nav\">&rarr;<\/span><\/a><\/p>\n","protected":false},"author":9,"featured_media":374,"parent":159,"menu_order":100,"comment_status":"closed","ping_status":"closed","template":"","meta":[],"yoast_head":"<!-- This site is optimized with the Yoast SEO plugin v17.4 - https:\/\/yoast.com\/wordpress\/plugins\/seo\/ -->\n<meta name=\"robots\" content=\"index, follow, max-snippet:-1, max-image-preview:large, max-video-preview:-1\" \/>\n<link rel=\"canonical\" href=\"http:\/\/fastrackids.lv\/ru\/metodika\/zinatniskie-petijumi\/\" \/>\n<meta property=\"og:locale\" content=\"en_US\" \/>\n<meta property=\"og:type\" content=\"article\" \/>\n<meta property=\"og:title\" content=\"ZIN\u0100TNISKIE P\u0112T\u012aJUMI - FasTrackids Latvia (Russian)\" \/>\n<meta property=\"og:description\" content=\"B\u0113rnu izaugsme un att\u012bst\u012bba ir ikvienas FasTracKids\u00ae m\u0101c\u012bbu sist\u0113m\u0101 iek\u013caut\u0101s programmas priorit\u0101te. Viens no veidiem, k\u0101 m\u0113s to nodro\u0161in\u0101m, ir b\u0113rnu sasniegto atskaites punktu r\u016bp\u012bga dokument\u0101cija. \u0160o p\u0113t\u012bjumu m\u0113r\u0137is ir: \u2022 inform\u0113t vec\u0101kus par m\u016bsu audz\u0113k\u0146u nep\u0101rtraukto progresu; \u2022 pal\u012bdz\u0113t izstr\u0101d\u0101t n\u0101kamo m\u0101c\u012bbu pl\u0101nu; \u2022 nodro\u0161in\u0101t m\u016bsu pasniedz\u0113ju profesion\u0101lu att\u012bst\u012bbu. &nbsp; FasTrack\u00ae Signing Dr. Mi\u0161elas &hellip; Continue reading &rarr;\" \/>\n<meta property=\"og:url\" content=\"http:\/\/fastrackids.lv\/ru\/metodika\/zinatniskie-petijumi\/\" \/>\n<meta property=\"og:site_name\" content=\"FasTrackids Latvia (Russian)\" \/>\n<meta property=\"article:modified_time\" content=\"2015-07-21T16:17:58+00:00\" \/>\n<meta property=\"og:image\" content=\"http:\/\/fastrackids.lv\/ru\/wp-content\/uploads\/sites\/3\/2014\/11\/header_image_fastrackids_story.jpg\" \/>\n\t<meta property=\"og:image:width\" content=\"2100\" \/>\n\t<meta property=\"og:image:height\" content=\"900\" \/>\n<meta name=\"twitter:label1\" content=\"Est. reading time\" \/>\n\t<meta name=\"twitter:data1\" content=\"3 minutes\" \/>\n<script type=\"application\/ld+json\" class=\"yoast-schema-graph\">{\"@context\":\"https:\/\/schema.org\",\"@graph\":[{\"@type\":\"WebSite\",\"@id\":\"https:\/\/fastrackids.lv\/ru\/#website\",\"url\":\"https:\/\/fastrackids.lv\/ru\/\",\"name\":\"FasTrackids Latvia (Russian)\",\"description\":\"FasTracKids Latvia\",\"potentialAction\":[{\"@type\":\"SearchAction\",\"target\":{\"@type\":\"EntryPoint\",\"urlTemplate\":\"https:\/\/fastrackids.lv\/ru\/?s={search_term_string}\"},\"query-input\":\"required name=search_term_string\"}],\"inLanguage\":\"en-US\"},{\"@type\":\"ImageObject\",\"@id\":\"http:\/\/fastrackids.lv\/ru\/metodika\/zinatniskie-petijumi\/#primaryimage\",\"inLanguage\":\"en-US\",\"url\":\"http:\/\/fastrackids.lv\/ru\/wp-content\/uploads\/sites\/3\/2014\/11\/header_image_fastrackids_story.jpg\",\"contentUrl\":\"http:\/\/fastrackids.lv\/ru\/wp-content\/uploads\/sites\/3\/2014\/11\/header_image_fastrackids_story.jpg\",\"width\":2100,\"height\":900},{\"@type\":\"WebPage\",\"@id\":\"http:\/\/fastrackids.lv\/ru\/metodika\/zinatniskie-petijumi\/#webpage\",\"url\":\"http:\/\/fastrackids.lv\/ru\/metodika\/zinatniskie-petijumi\/\",\"name\":\"ZIN\\u0100TNISKIE P\\u0112T\\u012aJUMI - FasTrackids Latvia (Russian)\",\"isPartOf\":{\"@id\":\"https:\/\/fastrackids.lv\/ru\/#website\"},\"primaryImageOfPage\":{\"@id\":\"http:\/\/fastrackids.lv\/ru\/metodika\/zinatniskie-petijumi\/#primaryimage\"},\"datePublished\":\"2014-11-24T19:17:39+00:00\",\"dateModified\":\"2015-07-21T16:17:58+00:00\",\"breadcrumb\":{\"@id\":\"http:\/\/fastrackids.lv\/ru\/metodika\/zinatniskie-petijumi\/#breadcrumb\"},\"inLanguage\":\"en-US\",\"potentialAction\":[{\"@type\":\"ReadAction\",\"target\":[\"http:\/\/fastrackids.lv\/ru\/metodika\/zinatniskie-petijumi\/\"]}]},{\"@type\":\"BreadcrumbList\",\"@id\":\"http:\/\/fastrackids.lv\/ru\/metodika\/zinatniskie-petijumi\/#breadcrumb\",\"itemListElement\":[{\"@type\":\"ListItem\",\"position\":1,\"name\":\"Home\",\"item\":\"https:\/\/fastrackids.lv\/ru\/\"},{\"@type\":\"ListItem\",\"position\":2,\"name\":\"FasTracKids Metodika\",\"item\":\"http:\/\/fastrackids.lv\/ru\/metodika\/\"},{\"@type\":\"ListItem\",\"position\":3,\"name\":\"ZIN\\u0100TNISKIE P\\u0112T\\u012aJUMI\"}]}]}<\/script>\n<!-- \/ Yoast SEO plugin. -->","yoast_head_json":{"robots":{"index":"index","follow":"follow","max-snippet":"max-snippet:-1","max-image-preview":"max-image-preview:large","max-video-preview":"max-video-preview:-1"},"canonical":"http:\/\/fastrackids.lv\/ru\/metodika\/zinatniskie-petijumi\/","og_locale":"en_US","og_type":"article","og_title":"ZIN\u0100TNISKIE P\u0112T\u012aJUMI - FasTrackids Latvia (Russian)","og_description":"B\u0113rnu izaugsme un att\u012bst\u012bba ir ikvienas FasTracKids\u00ae m\u0101c\u012bbu sist\u0113m\u0101 iek\u013caut\u0101s programmas priorit\u0101te. Viens no veidiem, k\u0101 m\u0113s to nodro\u0161in\u0101m, ir b\u0113rnu sasniegto atskaites punktu r\u016bp\u012bga dokument\u0101cija. \u0160o p\u0113t\u012bjumu m\u0113r\u0137is ir: \u2022 inform\u0113t vec\u0101kus par m\u016bsu audz\u0113k\u0146u nep\u0101rtraukto progresu; \u2022 pal\u012bdz\u0113t izstr\u0101d\u0101t n\u0101kamo m\u0101c\u012bbu pl\u0101nu; \u2022 nodro\u0161in\u0101t m\u016bsu pasniedz\u0113ju profesion\u0101lu att\u012bst\u012bbu. &nbsp; FasTrack\u00ae Signing Dr. Mi\u0161elas &hellip; Continue reading &rarr;","og_url":"http:\/\/fastrackids.lv\/ru\/metodika\/zinatniskie-petijumi\/","og_site_name":"FasTrackids Latvia (Russian)","article_modified_time":"2015-07-21T16:17:58+00:00","og_image":[{"width":2100,"height":900,"url":"http:\/\/fastrackids.lv\/ru\/wp-content\/uploads\/sites\/3\/2014\/11\/header_image_fastrackids_story.jpg","type":"image\/jpeg"}],"twitter_misc":{"Est. reading time":"3 minutes"},"schema":{"@context":"https:\/\/schema.org","@graph":[{"@type":"WebSite","@id":"https:\/\/fastrackids.lv\/ru\/#website","url":"https:\/\/fastrackids.lv\/ru\/","name":"FasTrackids Latvia (Russian)","description":"FasTracKids Latvia","potentialAction":[{"@type":"SearchAction","target":{"@type":"EntryPoint","urlTemplate":"https:\/\/fastrackids.lv\/ru\/?s={search_term_string}"},"query-input":"required name=search_term_string"}],"inLanguage":"en-US"},{"@type":"ImageObject","@id":"http:\/\/fastrackids.lv\/ru\/metodika\/zinatniskie-petijumi\/#primaryimage","inLanguage":"en-US","url":"http:\/\/fastrackids.lv\/ru\/wp-content\/uploads\/sites\/3\/2014\/11\/header_image_fastrackids_story.jpg","contentUrl":"http:\/\/fastrackids.lv\/ru\/wp-content\/uploads\/sites\/3\/2014\/11\/header_image_fastrackids_story.jpg","width":2100,"height":900},{"@type":"WebPage","@id":"http:\/\/fastrackids.lv\/ru\/metodika\/zinatniskie-petijumi\/#webpage","url":"http:\/\/fastrackids.lv\/ru\/metodika\/zinatniskie-petijumi\/","name":"ZIN\u0100TNISKIE P\u0112T\u012aJUMI - FasTrackids Latvia (Russian)","isPartOf":{"@id":"https:\/\/fastrackids.lv\/ru\/#website"},"primaryImageOfPage":{"@id":"http:\/\/fastrackids.lv\/ru\/metodika\/zinatniskie-petijumi\/#primaryimage"},"datePublished":"2014-11-24T19:17:39+00:00","dateModified":"2015-07-21T16:17:58+00:00","breadcrumb":{"@id":"http:\/\/fastrackids.lv\/ru\/metodika\/zinatniskie-petijumi\/#breadcrumb"},"inLanguage":"en-US","potentialAction":[{"@type":"ReadAction","target":["http:\/\/fastrackids.lv\/ru\/metodika\/zinatniskie-petijumi\/"]}]},{"@type":"BreadcrumbList","@id":"http:\/\/fastrackids.lv\/ru\/metodika\/zinatniskie-petijumi\/#breadcrumb","itemListElement":[{"@type":"ListItem","position":1,"name":"Home","item":"https:\/\/fastrackids.lv\/ru\/"},{"@type":"ListItem","position":2,"name":"FasTracKids Metodika","item":"http:\/\/fastrackids.lv\/ru\/metodika\/"},{"@type":"ListItem","position":3,"name":"ZIN\u0100TNISKIE P\u0112T\u012aJUMI"}]}]}},"_links":{"self":[{"href":"http:\/\/fastrackids.lv\/ru\/wp-json\/wp\/v2\/pages\/170"}],"collection":[{"href":"http:\/\/fastrackids.lv\/ru\/wp-json\/wp\/v2\/pages"}],"about":[{"href":"http:\/\/fastrackids.lv\/ru\/wp-json\/wp\/v2\/types\/page"}],"author":[{"embeddable":true,"href":"http:\/\/fastrackids.lv\/ru\/wp-json\/wp\/v2\/users\/9"}],"replies":[{"embeddable":true,"href":"http:\/\/fastrackids.lv\/ru\/wp-json\/wp\/v2\/comments?post=170"}],"version-history":[{"count":42,"href":"http:\/\/fastrackids.lv\/ru\/wp-json\/wp\/v2\/pages\/170\/revisions"}],"predecessor-version":[{"id":841,"href":"http:\/\/fastrackids.lv\/ru\/wp-json\/wp\/v2\/pages\/170\/revisions\/841"}],"up":[{"embeddable":true,"href":"http:\/\/fastrackids.lv\/ru\/wp-json\/wp\/v2\/pages\/159"}],"wp:featuredmedia":[{"embeddable":true,"href":"http:\/\/fastrackids.lv\/ru\/wp-json\/wp\/v2\/media\/374"}],"wp:attachment":[{"href":"http:\/\/fastrackids.lv\/ru\/wp-json\/wp\/v2\/media?parent=170"}],"curies":[{"name":"wp","href":"https:\/\/api.w.org\/{rel}","templated":true}]}}