{"id":168,"date":"2014-11-24T19:16:30","date_gmt":"2014-11-24T19:16:30","guid":{"rendered":"http:\/\/goftk.com\/?page_id=168"},"modified":"2015-06-25T13:24:45","modified_gmt":"2015-06-25T11:24:45","slug":"fastrack-macibu-paliglidzeklis","status":"publish","type":"page","link":"http:\/\/fastrackids.lv\/ru\/metodika\/fastrack-macibu-paliglidzeklis\/","title":{"rendered":"FASTRACK M\u0100C\u012aBU STACIJA"},"content":{"rendered":"<p>M\u016bsu jaun\u0101s t\u016bksto\u0161gades digit\u0101laj\u0101 laikmet\u0101 ir nepiecie\u0161ami jauna veida audz\u0113k\u0146i. M\u016bsu b\u0113rni jau tagad tiek d\u0113v\u0113ti par digit\u0101lo paaudzi. <a title=\"Slavenais neirologs Br\u016bss Perijs apgalvo\" href=\"http:\/\/sites.tenafly.k12.nj.us\/technology\/docs\/documentation\/Technology%20Presentation.pdf\" target=\"_blank\">Slavenais neirologs Br\u016bss Perijs apgalvo<\/a>, ka digit\u0101l\u0101 laikmeta audz\u0113k\u0146iem\u00a0smadzenes darbojas\u00a0cit\u0101di nek\u0101 iepriek\u0161\u0113jo desmitga\u017eu audz\u0113k\u0146iem. Audz\u0113k\u0146i\u00a0ir lietprat\u0113ji da\u017e\u0101du m\u0101c\u012bbu meto\u017eu, tostarp multivides form\u0101tu, izmanto\u0161an\u0101.<\/p>\n<p><a href=\"http:\/\/fastrackids.lv\/wp-content\/uploads\/sites\/3\/2014\/12\/fastrack_learning_station_content_image_1.jpg\" target=\"_blank\"><img loading=\"lazy\" class=\"alignleft wp-image-7699 size-medium\" style=\"padding: 5px;background: none;border: gray 1px solid\" title=\"FasTrack M\u0101c\u012bbu Pal\u012bgl\u012bdzeklis\" src=\"http:\/\/fastrackids.lv\/wp-content\/uploads\/sites\/3\/2014\/12\/fastrack_learning_station_content_image_1.jpg\" alt=\"FasTrack Learning Station\" width=\"300\" height=\"225\" \/><\/a>FasTracKids<sup>\u00ae<\/sup>\u00a0uzskata, ka klas\u0113 tehnolo\u0123ijas j\u0101izmanto b\u0113rnu vecumam atbilsto\u0161\u0101 veid\u0101. FasTracKids m\u0101c\u012bbu sist\u0113ma atbilst m\u016bsu digit\u0101l\u0101 laikmeta skolnieku vajadz\u012bb\u0101m, pateicoties tam, ka m\u0101c\u012bbu pl\u0101ns ir \u012bpa\u0161i paredz\u0113ts interakt\u012bvajai t\u0101felei jeb FasTrack<sup>\u00ae<\/sup> m\u0101c\u012bbu stacijai. Apl\u016bkojot att\u0113lus un video, klausoties ska\u0146\u0101s un sarun\u0101s, sadarbojoties ar m\u0101c\u012bbu sp\u0113\u013cu un aktivit\u0101\u0161u starpniec\u012bbu, audz\u0113k\u0146i akt\u012bvi iesaist\u0101s. M\u0101c\u012bbas uzlabo tehnolo\u0123iju izmanto\u0161ana, veidojot uz vair\u0101k\u0101m ma\u0146\u0101m v\u0113rstu m\u0101c\u012bbu vidi.<\/p>\n<p>Izmantojot m\u016bsu patent\u0113to metodi Educational Zig-Zagging<sup>TM<\/sup>\u00a0(Izgl\u012bt\u012bbas Zig-Zaggings), jaunie skolnieki tiek piesaist\u012bti gan ar digit\u0101lo mediju izmanto\u0161anu, gan\u00a0tiek nodro\u0161in\u0101ta ar\u012b soci\u0101l\u0101 sadarb\u012bba un saskarsme, kas ir oblig\u0101ti nepiecie\u0161ama pilnv\u0113rt\u012bg\u0101m m\u0101c\u012bb\u0101m. M\u016bsu m\u0101c\u012bbu metode \u013cauj audz\u0113k\u0146iem atk\u0101rtot apg\u016bto inform\u0101ciju zin\u0101\u0161anu nostiprin\u0101\u0161anai, nodro\u0161inot dinamisku saskarsmi, kas rada prieku m\u0101c\u012bties. FasTracKids pasniedz\u0113ji\u00a0veicina aktivit\u0101tes, kas atbalsta un padzi\u013cina audz\u0113k\u0146a m\u0101c\u012b\u0161an\u0101s procesu.<\/p>\n<p><a href=\"http:\/\/fastrackids.lv\/wp-content\/uploads\/sites\/3\/2014\/12\/fastrack_learning_station_content_image_2.jpg\" target=\"_blank\"><img loading=\"lazy\" class=\"alignright wp-image-7709 size-medium\" style=\"padding: 5px;background: none;border: gray 1px solid\" title=\"FasTrack M\u0101c\u012bbu Pal\u012bgl\u012bdzeklis\" src=\"http:\/\/fastrackids.lv\/wp-content\/uploads\/sites\/3\/2014\/12\/fastrack_learning_station_content_image_2.jpg\" alt=\"FasTrack Learning Station\" width=\"300\" height=\"225\" \/><\/a>FasTracKids ir vien\u012bg\u0101 jauniem skolniekiem paredz\u0113t\u0101 m\u0101c\u012bbu sist\u0113ma, kas ir \u012bpa\u0161i izstr\u0101d\u0101ta, lai p\u0113c iesp\u0113jas vair\u0101k izmantotu interakt\u012bvo t\u0101feli, kas atspogu\u013co digitaliz\u0113to m\u0101c\u012bbu stilu, vienlaikus nodro\u0161inot atbilst\u012bbu attiec\u012bgiem jauno audz\u0113k\u0146u\u00a0att\u012bst\u012bbas standartiem.<\/p>\n<p>&nbsp;<\/p>\n","protected":false},"excerpt":{"rendered":"<p>M\u016bsu jaun\u0101s t\u016bksto\u0161gades digit\u0101laj\u0101 laikmet\u0101 ir nepiecie\u0161ami jauna veida audz\u0113k\u0146i. M\u016bsu b\u0113rni jau tagad tiek d\u0113v\u0113ti par digit\u0101lo paaudzi. Slavenais neirologs Br\u016bss Perijs apgalvo, ka digit\u0101l\u0101 laikmeta audz\u0113k\u0146iem\u00a0smadzenes darbojas\u00a0cit\u0101di nek\u0101 iepriek\u0161\u0113jo desmitga\u017eu audz\u0113k\u0146iem. Audz\u0113k\u0146i\u00a0ir lietprat\u0113ji da\u017e\u0101du m\u0101c\u012bbu meto\u017eu, tostarp multivides form\u0101tu, izmanto\u0161an\u0101. FasTracKids\u00ae\u00a0uzskata, ka klas\u0113 tehnolo\u0123ijas j\u0101izmanto b\u0113rnu vecumam atbilsto\u0161\u0101 veid\u0101. FasTracKids m\u0101c\u012bbu sist\u0113ma atbilst &hellip; <a href=\"http:\/\/fastrackids.lv\/ru\/metodika\/fastrack-macibu-paliglidzeklis\/\">Continue reading <span class=\"meta-nav\">&rarr;<\/span><\/a><\/p>\n","protected":false},"author":9,"featured_media":343,"parent":159,"menu_order":40,"comment_status":"closed","ping_status":"closed","template":"","meta":[],"yoast_head":"<!-- This site is optimized with the Yoast SEO plugin v17.4 - https:\/\/yoast.com\/wordpress\/plugins\/seo\/ -->\n<meta name=\"robots\" content=\"index, follow, max-snippet:-1, max-image-preview:large, max-video-preview:-1\" \/>\n<link rel=\"canonical\" href=\"http:\/\/fastrackids.lv\/ru\/metodika\/fastrack-macibu-paliglidzeklis\/\" \/>\n<meta property=\"og:locale\" content=\"en_US\" \/>\n<meta property=\"og:type\" content=\"article\" \/>\n<meta property=\"og:title\" content=\"FASTRACK M\u0100C\u012aBU STACIJA - FasTrackids Latvia (Russian)\" \/>\n<meta property=\"og:description\" content=\"M\u016bsu jaun\u0101s t\u016bksto\u0161gades digit\u0101laj\u0101 laikmet\u0101 ir nepiecie\u0161ami jauna veida audz\u0113k\u0146i. M\u016bsu b\u0113rni jau tagad tiek d\u0113v\u0113ti par digit\u0101lo paaudzi. Slavenais neirologs Br\u016bss Perijs apgalvo, ka digit\u0101l\u0101 laikmeta audz\u0113k\u0146iem\u00a0smadzenes darbojas\u00a0cit\u0101di nek\u0101 iepriek\u0161\u0113jo desmitga\u017eu audz\u0113k\u0146iem. Audz\u0113k\u0146i\u00a0ir lietprat\u0113ji da\u017e\u0101du m\u0101c\u012bbu meto\u017eu, tostarp multivides form\u0101tu, izmanto\u0161an\u0101. FasTracKids\u00ae\u00a0uzskata, ka klas\u0113 tehnolo\u0123ijas j\u0101izmanto b\u0113rnu vecumam atbilsto\u0161\u0101 veid\u0101. FasTracKids m\u0101c\u012bbu sist\u0113ma atbilst &hellip; Continue reading &rarr;\" \/>\n<meta property=\"og:url\" content=\"http:\/\/fastrackids.lv\/ru\/metodika\/fastrack-macibu-paliglidzeklis\/\" \/>\n<meta property=\"og:site_name\" content=\"FasTrackids Latvia (Russian)\" \/>\n<meta property=\"article:modified_time\" content=\"2015-06-25T11:24:45+00:00\" \/>\n<meta property=\"og:image\" content=\"http:\/\/fastrackids.lv\/ru\/wp-content\/uploads\/sites\/3\/2014\/11\/header_image_fastrack_learning_station.jpg\" \/>\n\t<meta property=\"og:image:width\" content=\"1800\" \/>\n\t<meta property=\"og:image:height\" content=\"820\" \/>\n<meta name=\"twitter:label1\" content=\"Est. reading time\" \/>\n\t<meta name=\"twitter:data1\" content=\"2 minutes\" \/>\n<script type=\"application\/ld+json\" class=\"yoast-schema-graph\">{\"@context\":\"https:\/\/schema.org\",\"@graph\":[{\"@type\":\"WebSite\",\"@id\":\"https:\/\/fastrackids.lv\/ru\/#website\",\"url\":\"https:\/\/fastrackids.lv\/ru\/\",\"name\":\"FasTrackids Latvia (Russian)\",\"description\":\"FasTracKids Latvia\",\"potentialAction\":[{\"@type\":\"SearchAction\",\"target\":{\"@type\":\"EntryPoint\",\"urlTemplate\":\"https:\/\/fastrackids.lv\/ru\/?s={search_term_string}\"},\"query-input\":\"required name=search_term_string\"}],\"inLanguage\":\"en-US\"},{\"@type\":\"ImageObject\",\"@id\":\"http:\/\/fastrackids.lv\/ru\/metodika\/fastrack-macibu-paliglidzeklis\/#primaryimage\",\"inLanguage\":\"en-US\",\"url\":\"http:\/\/fastrackids.lv\/ru\/wp-content\/uploads\/sites\/3\/2014\/11\/header_image_fastrack_learning_station.jpg\",\"contentUrl\":\"http:\/\/fastrackids.lv\/ru\/wp-content\/uploads\/sites\/3\/2014\/11\/header_image_fastrack_learning_station.jpg\",\"width\":1800,\"height\":820},{\"@type\":\"WebPage\",\"@id\":\"http:\/\/fastrackids.lv\/ru\/metodika\/fastrack-macibu-paliglidzeklis\/#webpage\",\"url\":\"http:\/\/fastrackids.lv\/ru\/metodika\/fastrack-macibu-paliglidzeklis\/\",\"name\":\"FASTRACK M\\u0100C\\u012aBU STACIJA - FasTrackids Latvia (Russian)\",\"isPartOf\":{\"@id\":\"https:\/\/fastrackids.lv\/ru\/#website\"},\"primaryImageOfPage\":{\"@id\":\"http:\/\/fastrackids.lv\/ru\/metodika\/fastrack-macibu-paliglidzeklis\/#primaryimage\"},\"datePublished\":\"2014-11-24T19:16:30+00:00\",\"dateModified\":\"2015-06-25T11:24:45+00:00\",\"breadcrumb\":{\"@id\":\"http:\/\/fastrackids.lv\/ru\/metodika\/fastrack-macibu-paliglidzeklis\/#breadcrumb\"},\"inLanguage\":\"en-US\",\"potentialAction\":[{\"@type\":\"ReadAction\",\"target\":[\"http:\/\/fastrackids.lv\/ru\/metodika\/fastrack-macibu-paliglidzeklis\/\"]}]},{\"@type\":\"BreadcrumbList\",\"@id\":\"http:\/\/fastrackids.lv\/ru\/metodika\/fastrack-macibu-paliglidzeklis\/#breadcrumb\",\"itemListElement\":[{\"@type\":\"ListItem\",\"position\":1,\"name\":\"Home\",\"item\":\"https:\/\/fastrackids.lv\/ru\/\"},{\"@type\":\"ListItem\",\"position\":2,\"name\":\"FasTracKids Metodika\",\"item\":\"http:\/\/fastrackids.lv\/ru\/metodika\/\"},{\"@type\":\"ListItem\",\"position\":3,\"name\":\"FASTRACK M\\u0100C\\u012aBU STACIJA\"}]}]}<\/script>\n<!-- \/ Yoast SEO plugin. -->","yoast_head_json":{"robots":{"index":"index","follow":"follow","max-snippet":"max-snippet:-1","max-image-preview":"max-image-preview:large","max-video-preview":"max-video-preview:-1"},"canonical":"http:\/\/fastrackids.lv\/ru\/metodika\/fastrack-macibu-paliglidzeklis\/","og_locale":"en_US","og_type":"article","og_title":"FASTRACK M\u0100C\u012aBU STACIJA - FasTrackids Latvia (Russian)","og_description":"M\u016bsu jaun\u0101s t\u016bksto\u0161gades digit\u0101laj\u0101 laikmet\u0101 ir nepiecie\u0161ami jauna veida audz\u0113k\u0146i. M\u016bsu b\u0113rni jau tagad tiek d\u0113v\u0113ti par digit\u0101lo paaudzi. Slavenais neirologs Br\u016bss Perijs apgalvo, ka digit\u0101l\u0101 laikmeta audz\u0113k\u0146iem\u00a0smadzenes darbojas\u00a0cit\u0101di nek\u0101 iepriek\u0161\u0113jo desmitga\u017eu audz\u0113k\u0146iem. Audz\u0113k\u0146i\u00a0ir lietprat\u0113ji da\u017e\u0101du m\u0101c\u012bbu meto\u017eu, tostarp multivides form\u0101tu, izmanto\u0161an\u0101. FasTracKids\u00ae\u00a0uzskata, ka klas\u0113 tehnolo\u0123ijas j\u0101izmanto b\u0113rnu vecumam atbilsto\u0161\u0101 veid\u0101. FasTracKids m\u0101c\u012bbu sist\u0113ma atbilst &hellip; Continue reading &rarr;","og_url":"http:\/\/fastrackids.lv\/ru\/metodika\/fastrack-macibu-paliglidzeklis\/","og_site_name":"FasTrackids Latvia (Russian)","article_modified_time":"2015-06-25T11:24:45+00:00","og_image":[{"width":1800,"height":820,"url":"http:\/\/fastrackids.lv\/ru\/wp-content\/uploads\/sites\/3\/2014\/11\/header_image_fastrack_learning_station.jpg","type":"image\/jpeg"}],"twitter_misc":{"Est. reading time":"2 minutes"},"schema":{"@context":"https:\/\/schema.org","@graph":[{"@type":"WebSite","@id":"https:\/\/fastrackids.lv\/ru\/#website","url":"https:\/\/fastrackids.lv\/ru\/","name":"FasTrackids Latvia (Russian)","description":"FasTracKids Latvia","potentialAction":[{"@type":"SearchAction","target":{"@type":"EntryPoint","urlTemplate":"https:\/\/fastrackids.lv\/ru\/?s={search_term_string}"},"query-input":"required name=search_term_string"}],"inLanguage":"en-US"},{"@type":"ImageObject","@id":"http:\/\/fastrackids.lv\/ru\/metodika\/fastrack-macibu-paliglidzeklis\/#primaryimage","inLanguage":"en-US","url":"http:\/\/fastrackids.lv\/ru\/wp-content\/uploads\/sites\/3\/2014\/11\/header_image_fastrack_learning_station.jpg","contentUrl":"http:\/\/fastrackids.lv\/ru\/wp-content\/uploads\/sites\/3\/2014\/11\/header_image_fastrack_learning_station.jpg","width":1800,"height":820},{"@type":"WebPage","@id":"http:\/\/fastrackids.lv\/ru\/metodika\/fastrack-macibu-paliglidzeklis\/#webpage","url":"http:\/\/fastrackids.lv\/ru\/metodika\/fastrack-macibu-paliglidzeklis\/","name":"FASTRACK M\u0100C\u012aBU STACIJA - FasTrackids Latvia (Russian)","isPartOf":{"@id":"https:\/\/fastrackids.lv\/ru\/#website"},"primaryImageOfPage":{"@id":"http:\/\/fastrackids.lv\/ru\/metodika\/fastrack-macibu-paliglidzeklis\/#primaryimage"},"datePublished":"2014-11-24T19:16:30+00:00","dateModified":"2015-06-25T11:24:45+00:00","breadcrumb":{"@id":"http:\/\/fastrackids.lv\/ru\/metodika\/fastrack-macibu-paliglidzeklis\/#breadcrumb"},"inLanguage":"en-US","potentialAction":[{"@type":"ReadAction","target":["http:\/\/fastrackids.lv\/ru\/metodika\/fastrack-macibu-paliglidzeklis\/"]}]},{"@type":"BreadcrumbList","@id":"http:\/\/fastrackids.lv\/ru\/metodika\/fastrack-macibu-paliglidzeklis\/#breadcrumb","itemListElement":[{"@type":"ListItem","position":1,"name":"Home","item":"https:\/\/fastrackids.lv\/ru\/"},{"@type":"ListItem","position":2,"name":"FasTracKids Metodika","item":"http:\/\/fastrackids.lv\/ru\/metodika\/"},{"@type":"ListItem","position":3,"name":"FASTRACK M\u0100C\u012aBU STACIJA"}]}]}},"_links":{"self":[{"href":"http:\/\/fastrackids.lv\/ru\/wp-json\/wp\/v2\/pages\/168"}],"collection":[{"href":"http:\/\/fastrackids.lv\/ru\/wp-json\/wp\/v2\/pages"}],"about":[{"href":"http:\/\/fastrackids.lv\/ru\/wp-json\/wp\/v2\/types\/page"}],"author":[{"embeddable":true,"href":"http:\/\/fastrackids.lv\/ru\/wp-json\/wp\/v2\/users\/9"}],"replies":[{"embeddable":true,"href":"http:\/\/fastrackids.lv\/ru\/wp-json\/wp\/v2\/comments?post=168"}],"version-history":[{"count":14,"href":"http:\/\/fastrackids.lv\/ru\/wp-json\/wp\/v2\/pages\/168\/revisions"}],"predecessor-version":[{"id":789,"href":"http:\/\/fastrackids.lv\/ru\/wp-json\/wp\/v2\/pages\/168\/revisions\/789"}],"up":[{"embeddable":true,"href":"http:\/\/fastrackids.lv\/ru\/wp-json\/wp\/v2\/pages\/159"}],"wp:featuredmedia":[{"embeddable":true,"href":"http:\/\/fastrackids.lv\/ru\/wp-json\/wp\/v2\/media\/343"}],"wp:attachment":[{"href":"http:\/\/fastrackids.lv\/ru\/wp-json\/wp\/v2\/media?parent=168"}],"curies":[{"name":"wp","href":"https:\/\/api.w.org\/{rel}","templated":true}]}}