{"id":166,"date":"2014-11-24T19:15:43","date_gmt":"2014-11-24T19:15:43","guid":{"rendered":"http:\/\/goftk.com\/?page_id=166"},"modified":"2015-06-25T13:17:12","modified_gmt":"2015-06-25T11:17:12","slug":"izglitibas-pamati","status":"publish","type":"page","link":"http:\/\/fastrackids.lv\/ru\/metodika\/izglitibas-pamati\/","title":{"rendered":"FasTracKids Izgl\u012bt\u012bbas pamati"},"content":{"rendered":"<p>Ikviena FasTracKids<sup>\u00ae<\/sup> sniegt\u0101 m\u0101c\u012bbu pieredze ir v\u0113rsta uz b\u0113rnu m\u0101c\u012bbu potenci\u0101la piln\u012bgu izmanto\u0161anu. FasTracKids pasniedz\u0113jiem ir j\u0101b\u016bt apm\u0101c\u012btiem un sertific\u0113tiem darbam ar\u00a0<a title=\"FasTracKids Metodika\" href=\"http:\/\/fastrackids.lv\/ru\/metodika\/\">FasTracKids Metodiku<\/a>. P\u0113c sertifik\u0101ta sa\u0146em\u0161anas pasniedz\u0113ji turpina profesion\u0101lo pilnveido\u0161anos, seko aktualitat\u0113m par lab\u0101ko praksi un dotu b\u0113rniem iesp\u0113ju piln\u012bb\u0101 izmantot vi\u0146u potenci\u0101lu. Zin\u0101\u0161anu pilnveido\u0161anai velt\u012bto apm\u0101c\u012bbu un semin\u0101ru m\u0113r\u0137is ir veidot m\u0101c\u012bbu\u00a0vidi, kur\u0101 uzsvars tiek likts uz darbu ar audz\u0113k\u0146iem m\u0101c\u012bbu proces\u0101, kas balst\u0101s uz zem\u0101k\u00a0min\u0113tajiem teor\u0113ti\u0137iem.<\/p>\n<h3><strong>\u017dans Pia\u017e\u0113:<\/strong><\/h3>\n<p>Pasniedz\u0113jiem j\u0101izprot vado\u0161\u0101 izgl\u012bt\u012bbas p\u0113tnieka \u017dana Pia\u017e\u0113 (<em>Jean Piaget<\/em>) noteiktie att\u012bst\u012bbas atskaites punkti. \u017dana Pia\u017e\u0113 <a title=\"\u017dans Pia\u017e\u0113\" href=\"http:\/\/en.wikipedia.org\/wiki\/Piaget%27s_theory_of_cognitive_development\" target=\"_blank\">teorija par kognit\u012bv\u0101s att\u012bst\u012bbas posmiem<\/a> ir ietverta ikvien\u0101 <em>FasTracKids<\/em> programm\u0101, lai pasniedz\u0113ji var\u0113tu p\u0113c iesp\u0113jas lab\u0101k veicin\u0101t audz\u0113k\u0146u m\u0101c\u012b\u0161anos un t\u0101d\u0113j\u0101di sasniegt vecumam atbilsto\u0161os atskaites punktus.<\/p>\n<h3><strong>\u0112riks D\u017eensens<\/strong>:<\/h3>\n<p>\u0112rika D\u017eensena (<em>Eric Jensen<\/em>) progres\u012bvais darbs uz smadze\u0146u darb\u012bbas principiem balst\u012btu m\u0101c\u012bbu jom\u0101 pal\u012bdz pasniedz\u0113jiem izprast mazu b\u0113rnu kognit\u012bvo att\u012bst\u012bbu. Vi\u0146a teorija ir v\u0113rsta uz to, k\u0101 b\u0113rni m\u0101c\u0101s, nodro\u0161inot vi\u0146iem optim\u0101lu vidi, lai var\u0113tu sasniegt m\u0101c\u012bbu maksim\u0101lo potenci\u0101lu. Vi\u0146a gr\u0101mat\u0101 &#8220;<em>Teaching with the Brain in Mind&#8221;<\/em> (<em>M\u0101c\u012b\u0161ana, p\u0101rzinot smadze\u0146u darb\u012bbu<\/em>) pasniedz\u0113ji\u00a0tiek iepaz\u012bstin\u0101ti ar\u00a0neirolo\u0123isko att\u012bst\u012bbu, kas notiek, ja audz\u0113k\u0146iem tiek nodro\u0161in\u0101ta pietiekama stimul\u0101cija <a title=\"\u0112riks D\u017eensens\" href=\"http:\/\/www.mtsu.edu\/cala\/jensen.pdf\" target=\"_blank\">smadze\u0146u att\u012bst\u012bbas veicin\u0101\u0161anai<\/a>. B\u0113rns tiks nep\u0101rtraukti iesaist\u012bts aktivit\u0101t\u0113s, kas veicina smadze\u0146u att\u012bst\u012bbu.<\/p>\n<h3>Bend\u017eamins Bl\u016bms:<\/h3>\n<p><em>FasTrack<\/em> sist\u0113ma tiek izmantota vid\u0113, kas ir v\u0113rsta uz audz\u0113k\u0146u m\u0101c\u012bb\u0101m un savstarp\u0113ju saskarsmi. Pasniedz\u0113ji tiek apm\u0101c\u012bti uzdot stimul\u0113jo\u0161us jaut\u0101jumus, lai rais\u012btu audz\u0113k\u0146u dom\u0101\u0161anu. Vadoties p\u0113c <a title=\"Bend\u017eamins Bl\u016bms\" href=\"http:\/\/en.wikipedia.org\/wiki\/Bloom%27s_taxonomy\" target=\"_blank\">Bend\u017eamina Bl\u016bma (<em>Benjamin Bloom<\/em>) taksonomijas<\/a>, lai izveidotu augsta l\u012bme\u0146a jaut\u0101jumus, pasniedz\u0113ji <em>FasTracKids<\/em> klas\u0113 sniedz b\u0113rniem iesp\u0113ju rado\u0161i un kritiski dom\u0101t. Izmantojot Bl\u016bma izzi\u0146as metodes, audz\u0113k\u0146i tiek rosin\u0101ti m\u0101c\u012bties un veidot pamatu pa\u0161m\u0101c\u012bbai un atkl\u0101jumiem.<\/p>\n<h3><strong>Hovards G\u0101rdners<\/strong>:<\/h3>\n<p>Piedaloties zin\u0101\u0161anu pilnveido\u0161anas semin\u0101ros un izmantojot <a title=\"FasTrack M\u0101c\u012b\u0161an\u0101s Potenci\u0101la Nov\u0113rt\u0113jumus\" href=\"http:\/\/fastrackids.lv\/ru\/fastrack-macisanas-potenciala-novertejums\/\">FasTrack M\u0101c\u012b\u0161an\u0101s Potenci\u0101la Nov\u0113rt\u0113jumus<\/a>, pasniedz\u0113ji k\u013c\u016bst par speci\u0101listiem m\u0101c\u012bbu piel\u0101go\u0161an\u0101 ikvienam audz\u0113knim. Balstoties uz Hovarda G\u0101rdnera <em>(Howard Gardner<\/em>) <a title=\"Hovards G\u0101rdners\" href=\"http:\/\/en.wikipedia.org\/wiki\/Theory_of_multiple_intelligences\" target=\"_blank\">darbu par m\u0101c\u012b\u0161an\u0101s priek\u0161roc\u012bb\u0101m<\/a>, <em>FasTracKids<\/em> pasniedz\u0113ji piel\u0101go ikvienu nodarb\u012bbu pl\u0101nu katra klases audz\u0113k\u0146a m\u0101c\u012bbu vajadz\u012bb\u0101m. Vadoties p\u0113c G\u0101rdnera asto\u0146\u0101m m\u0101c\u012b\u0161an\u0101s priek\u0161roc\u012bb\u0101m, skolot\u0101ji pavada pl\u0101no\u0161anai paredz\u0113to laiku, veidojot klases vidi, kas atbilst b\u0113rnu unik\u0101laj\u0101m vajadz\u012bb\u0101m.<\/p>\n<h3><strong>Red\u017eo Em\u012blijas pieeja<\/strong>:<\/h3>\n<p>Red\u017eo Em\u012blijas pieeja ir izgl\u012bt\u012bbas filozofija, kas radusies It\u0101lij\u0101 p\u0113c II pasaules kara. <a title=\"Reggio Emilia\" href=\"http:\/\/en.wikipedia.org\/wiki\/Reggio_Emilia_approach\" target=\"_blank\">\u0160\u012b filozofija<\/a> veicina liel\u0101ku cie\u0146u pret b\u0113rniem un m\u0101c\u012bbu procesu. Viens no veidiem, k\u0101 tiek izr\u0101d\u012bta cie\u0146a pret m\u0101c\u012bbu procesu, ir b\u0113rnu darba r\u016bp\u012bga dokument\u0101cija, ko apg\u016bst ar\u012b \u00a0<em>FasTracKids<\/em> pasniedz\u0113ji. T\u0101 pal\u012bdz pasniedz\u0113jiem\u00a0un vec\u0101kiem g\u016bt padzi\u013cin\u0101tu ieskatu audz\u0113k\u0146u m\u0101c\u012bb\u0101s. T\u0101pat ar\u012b \u0161\u012b pieeja \u013cauj sekot b\u0113rna progresam.<\/p>\n<p>FasTracKids sist\u0113m\u0101 ir apvienotas vair\u0101kas b\u016btisk\u0101k\u0101s\u00a0izgl\u012bt\u012bbas filozofijas no visas pasaules, lai nodro\u0161in\u0101tu, ka b\u0113rnu m\u0101c\u012bbas notiek vi\u0146u vecumam atbilsto\u0161\u0101 l\u012bmen\u012b, vienlaikus \u013caujot vi\u0146iem atrais\u012bt\u00a0savu potenci\u0101lu.<\/p>\n<p>&nbsp;<\/p>\n","protected":false},"excerpt":{"rendered":"<p>Ikviena FasTracKids\u00ae sniegt\u0101 m\u0101c\u012bbu pieredze ir v\u0113rsta uz b\u0113rnu m\u0101c\u012bbu potenci\u0101la piln\u012bgu izmanto\u0161anu. FasTracKids pasniedz\u0113jiem ir j\u0101b\u016bt apm\u0101c\u012btiem un sertific\u0113tiem darbam ar\u00a0FasTracKids Metodiku. P\u0113c sertifik\u0101ta sa\u0146em\u0161anas pasniedz\u0113ji turpina profesion\u0101lo pilnveido\u0161anos, seko aktualitat\u0113m par lab\u0101ko praksi un dotu b\u0113rniem iesp\u0113ju piln\u012bb\u0101 izmantot vi\u0146u potenci\u0101lu. Zin\u0101\u0161anu pilnveido\u0161anai velt\u012bto apm\u0101c\u012bbu un semin\u0101ru m\u0113r\u0137is ir veidot m\u0101c\u012bbu\u00a0vidi, kur\u0101 uzsvars &hellip; <a href=\"http:\/\/fastrackids.lv\/ru\/metodika\/izglitibas-pamati\/\">Continue reading <span class=\"meta-nav\">&rarr;<\/span><\/a><\/p>\n","protected":false},"author":9,"featured_media":330,"parent":159,"menu_order":30,"comment_status":"closed","ping_status":"closed","template":"","meta":[],"yoast_head":"<!-- This site is optimized with the Yoast SEO plugin v17.4 - https:\/\/yoast.com\/wordpress\/plugins\/seo\/ -->\n<meta name=\"robots\" content=\"index, follow, max-snippet:-1, max-image-preview:large, max-video-preview:-1\" \/>\n<link rel=\"canonical\" href=\"http:\/\/fastrackids.lv\/ru\/metodika\/izglitibas-pamati\/\" \/>\n<meta property=\"og:locale\" content=\"en_US\" \/>\n<meta property=\"og:type\" content=\"article\" \/>\n<meta property=\"og:title\" content=\"FasTracKids Izgl\u012bt\u012bbas pamati - FasTrackids Latvia (Russian)\" \/>\n<meta property=\"og:description\" content=\"Ikviena FasTracKids\u00ae sniegt\u0101 m\u0101c\u012bbu pieredze ir v\u0113rsta uz b\u0113rnu m\u0101c\u012bbu potenci\u0101la piln\u012bgu izmanto\u0161anu. FasTracKids pasniedz\u0113jiem ir j\u0101b\u016bt apm\u0101c\u012btiem un sertific\u0113tiem darbam ar\u00a0FasTracKids Metodiku. P\u0113c sertifik\u0101ta sa\u0146em\u0161anas pasniedz\u0113ji turpina profesion\u0101lo pilnveido\u0161anos, seko aktualitat\u0113m par lab\u0101ko praksi un dotu b\u0113rniem iesp\u0113ju piln\u012bb\u0101 izmantot vi\u0146u potenci\u0101lu. Zin\u0101\u0161anu pilnveido\u0161anai velt\u012bto apm\u0101c\u012bbu un semin\u0101ru m\u0113r\u0137is ir veidot m\u0101c\u012bbu\u00a0vidi, kur\u0101 uzsvars &hellip; Continue reading &rarr;\" \/>\n<meta property=\"og:url\" content=\"http:\/\/fastrackids.lv\/ru\/metodika\/izglitibas-pamati\/\" \/>\n<meta property=\"og:site_name\" content=\"FasTrackids Latvia (Russian)\" \/>\n<meta property=\"article:modified_time\" content=\"2015-06-25T11:17:12+00:00\" \/>\n<meta property=\"og:image\" content=\"http:\/\/fastrackids.lv\/ru\/wp-content\/uploads\/sites\/3\/2014\/11\/header_image_educational_foundations.jpg\" \/>\n\t<meta property=\"og:image:width\" content=\"1900\" \/>\n\t<meta property=\"og:image:height\" content=\"1002\" \/>\n<meta name=\"twitter:label1\" content=\"Est. reading time\" \/>\n\t<meta name=\"twitter:data1\" content=\"3 minutes\" \/>\n<script type=\"application\/ld+json\" class=\"yoast-schema-graph\">{\"@context\":\"https:\/\/schema.org\",\"@graph\":[{\"@type\":\"WebSite\",\"@id\":\"https:\/\/fastrackids.lv\/ru\/#website\",\"url\":\"https:\/\/fastrackids.lv\/ru\/\",\"name\":\"FasTrackids Latvia (Russian)\",\"description\":\"FasTracKids Latvia\",\"potentialAction\":[{\"@type\":\"SearchAction\",\"target\":{\"@type\":\"EntryPoint\",\"urlTemplate\":\"https:\/\/fastrackids.lv\/ru\/?s={search_term_string}\"},\"query-input\":\"required name=search_term_string\"}],\"inLanguage\":\"en-US\"},{\"@type\":\"ImageObject\",\"@id\":\"http:\/\/fastrackids.lv\/ru\/metodika\/izglitibas-pamati\/#primaryimage\",\"inLanguage\":\"en-US\",\"url\":\"http:\/\/fastrackids.lv\/ru\/wp-content\/uploads\/sites\/3\/2014\/11\/header_image_educational_foundations.jpg\",\"contentUrl\":\"http:\/\/fastrackids.lv\/ru\/wp-content\/uploads\/sites\/3\/2014\/11\/header_image_educational_foundations.jpg\",\"width\":1900,\"height\":1002},{\"@type\":\"WebPage\",\"@id\":\"http:\/\/fastrackids.lv\/ru\/metodika\/izglitibas-pamati\/#webpage\",\"url\":\"http:\/\/fastrackids.lv\/ru\/metodika\/izglitibas-pamati\/\",\"name\":\"FasTracKids Izgl\\u012bt\\u012bbas pamati - FasTrackids Latvia (Russian)\",\"isPartOf\":{\"@id\":\"https:\/\/fastrackids.lv\/ru\/#website\"},\"primaryImageOfPage\":{\"@id\":\"http:\/\/fastrackids.lv\/ru\/metodika\/izglitibas-pamati\/#primaryimage\"},\"datePublished\":\"2014-11-24T19:15:43+00:00\",\"dateModified\":\"2015-06-25T11:17:12+00:00\",\"breadcrumb\":{\"@id\":\"http:\/\/fastrackids.lv\/ru\/metodika\/izglitibas-pamati\/#breadcrumb\"},\"inLanguage\":\"en-US\",\"potentialAction\":[{\"@type\":\"ReadAction\",\"target\":[\"http:\/\/fastrackids.lv\/ru\/metodika\/izglitibas-pamati\/\"]}]},{\"@type\":\"BreadcrumbList\",\"@id\":\"http:\/\/fastrackids.lv\/ru\/metodika\/izglitibas-pamati\/#breadcrumb\",\"itemListElement\":[{\"@type\":\"ListItem\",\"position\":1,\"name\":\"Home\",\"item\":\"https:\/\/fastrackids.lv\/ru\/\"},{\"@type\":\"ListItem\",\"position\":2,\"name\":\"FasTracKids Metodika\",\"item\":\"http:\/\/fastrackids.lv\/ru\/metodika\/\"},{\"@type\":\"ListItem\",\"position\":3,\"name\":\"FasTracKids Izgl\\u012bt\\u012bbas pamati\"}]}]}<\/script>\n<!-- \/ Yoast SEO plugin. -->","yoast_head_json":{"robots":{"index":"index","follow":"follow","max-snippet":"max-snippet:-1","max-image-preview":"max-image-preview:large","max-video-preview":"max-video-preview:-1"},"canonical":"http:\/\/fastrackids.lv\/ru\/metodika\/izglitibas-pamati\/","og_locale":"en_US","og_type":"article","og_title":"FasTracKids Izgl\u012bt\u012bbas pamati - FasTrackids Latvia (Russian)","og_description":"Ikviena FasTracKids\u00ae sniegt\u0101 m\u0101c\u012bbu pieredze ir v\u0113rsta uz b\u0113rnu m\u0101c\u012bbu potenci\u0101la piln\u012bgu izmanto\u0161anu. FasTracKids pasniedz\u0113jiem ir j\u0101b\u016bt apm\u0101c\u012btiem un sertific\u0113tiem darbam ar\u00a0FasTracKids Metodiku. P\u0113c sertifik\u0101ta sa\u0146em\u0161anas pasniedz\u0113ji turpina profesion\u0101lo pilnveido\u0161anos, seko aktualitat\u0113m par lab\u0101ko praksi un dotu b\u0113rniem iesp\u0113ju piln\u012bb\u0101 izmantot vi\u0146u potenci\u0101lu. Zin\u0101\u0161anu pilnveido\u0161anai velt\u012bto apm\u0101c\u012bbu un semin\u0101ru m\u0113r\u0137is ir veidot m\u0101c\u012bbu\u00a0vidi, kur\u0101 uzsvars &hellip; Continue reading &rarr;","og_url":"http:\/\/fastrackids.lv\/ru\/metodika\/izglitibas-pamati\/","og_site_name":"FasTrackids Latvia (Russian)","article_modified_time":"2015-06-25T11:17:12+00:00","og_image":[{"width":1900,"height":1002,"url":"http:\/\/fastrackids.lv\/ru\/wp-content\/uploads\/sites\/3\/2014\/11\/header_image_educational_foundations.jpg","type":"image\/jpeg"}],"twitter_misc":{"Est. reading time":"3 minutes"},"schema":{"@context":"https:\/\/schema.org","@graph":[{"@type":"WebSite","@id":"https:\/\/fastrackids.lv\/ru\/#website","url":"https:\/\/fastrackids.lv\/ru\/","name":"FasTrackids Latvia (Russian)","description":"FasTracKids Latvia","potentialAction":[{"@type":"SearchAction","target":{"@type":"EntryPoint","urlTemplate":"https:\/\/fastrackids.lv\/ru\/?s={search_term_string}"},"query-input":"required name=search_term_string"}],"inLanguage":"en-US"},{"@type":"ImageObject","@id":"http:\/\/fastrackids.lv\/ru\/metodika\/izglitibas-pamati\/#primaryimage","inLanguage":"en-US","url":"http:\/\/fastrackids.lv\/ru\/wp-content\/uploads\/sites\/3\/2014\/11\/header_image_educational_foundations.jpg","contentUrl":"http:\/\/fastrackids.lv\/ru\/wp-content\/uploads\/sites\/3\/2014\/11\/header_image_educational_foundations.jpg","width":1900,"height":1002},{"@type":"WebPage","@id":"http:\/\/fastrackids.lv\/ru\/metodika\/izglitibas-pamati\/#webpage","url":"http:\/\/fastrackids.lv\/ru\/metodika\/izglitibas-pamati\/","name":"FasTracKids Izgl\u012bt\u012bbas pamati - FasTrackids Latvia (Russian)","isPartOf":{"@id":"https:\/\/fastrackids.lv\/ru\/#website"},"primaryImageOfPage":{"@id":"http:\/\/fastrackids.lv\/ru\/metodika\/izglitibas-pamati\/#primaryimage"},"datePublished":"2014-11-24T19:15:43+00:00","dateModified":"2015-06-25T11:17:12+00:00","breadcrumb":{"@id":"http:\/\/fastrackids.lv\/ru\/metodika\/izglitibas-pamati\/#breadcrumb"},"inLanguage":"en-US","potentialAction":[{"@type":"ReadAction","target":["http:\/\/fastrackids.lv\/ru\/metodika\/izglitibas-pamati\/"]}]},{"@type":"BreadcrumbList","@id":"http:\/\/fastrackids.lv\/ru\/metodika\/izglitibas-pamati\/#breadcrumb","itemListElement":[{"@type":"ListItem","position":1,"name":"Home","item":"https:\/\/fastrackids.lv\/ru\/"},{"@type":"ListItem","position":2,"name":"FasTracKids Metodika","item":"http:\/\/fastrackids.lv\/ru\/metodika\/"},{"@type":"ListItem","position":3,"name":"FasTracKids Izgl\u012bt\u012bbas pamati"}]}]}},"_links":{"self":[{"href":"http:\/\/fastrackids.lv\/ru\/wp-json\/wp\/v2\/pages\/166"}],"collection":[{"href":"http:\/\/fastrackids.lv\/ru\/wp-json\/wp\/v2\/pages"}],"about":[{"href":"http:\/\/fastrackids.lv\/ru\/wp-json\/wp\/v2\/types\/page"}],"author":[{"embeddable":true,"href":"http:\/\/fastrackids.lv\/ru\/wp-json\/wp\/v2\/users\/9"}],"replies":[{"embeddable":true,"href":"http:\/\/fastrackids.lv\/ru\/wp-json\/wp\/v2\/comments?post=166"}],"version-history":[{"count":21,"href":"http:\/\/fastrackids.lv\/ru\/wp-json\/wp\/v2\/pages\/166\/revisions"}],"predecessor-version":[{"id":787,"href":"http:\/\/fastrackids.lv\/ru\/wp-json\/wp\/v2\/pages\/166\/revisions\/787"}],"up":[{"embeddable":true,"href":"http:\/\/fastrackids.lv\/ru\/wp-json\/wp\/v2\/pages\/159"}],"wp:featuredmedia":[{"embeddable":true,"href":"http:\/\/fastrackids.lv\/ru\/wp-json\/wp\/v2\/media\/330"}],"wp:attachment":[{"href":"http:\/\/fastrackids.lv\/ru\/wp-json\/wp\/v2\/media?parent=166"}],"curies":[{"name":"wp","href":"https:\/\/api.w.org\/{rel}","templated":true}]}}