{"id":164,"date":"2014-11-24T19:15:06","date_gmt":"2014-11-24T19:15:06","guid":{"rendered":"http:\/\/goftk.com\/?page_id=164"},"modified":"2015-07-20T18:14:17","modified_gmt":"2015-07-20T16:14:17","slug":"fastrackids-izglitibas-merki","status":"publish","type":"page","link":"http:\/\/fastrackids.lv\/ru\/metodika\/fastrackids-izglitibas-merki\/","title":{"rendered":"FasTracKids izgl\u012bt\u012bbas m\u0113r\u0137i"},"content":{"rendered":"<h3><img loading=\"lazy\" class=\"alignnone size-full wp-image-8458\" src=\"http:\/\/fastrackids.lv\/wp-content\/uploads\/sites\/3\/2014\/12\/goal2.jpg\" alt=\"Edicational Goals\" width=\"637\" height=\"200\" \/><\/h3>\n<h3>1. Rosin\u0101t m\u012blest\u012bbu\u00a0m\u0101c\u012bties m\u016b\u017ea garum\u0101:<\/h3>\n<p>M\u012blest\u012bbu m\u0101c\u012bties\u00a0rada neremdin\u0101ma zin\u0101tk\u0101re un nep\u0101rtraukta pamudin\u0101jums. B\u0113rniem pat\u012bk FasTracKids<sup>\u00ae<\/sup>, jo m\u016bsu programmas aizrauj\u00a0un vairo vi\u0146u izt\u0113li. B\u0113rns izjut\u012bs prieku par pan\u0101kumiem un, pateicoties tam, tieksies sasniegt arvien augst\u0101kus m\u0113r\u0137us. Akt\u012bvi iesaistoties m\u0101c\u012bbu proces\u0101, b\u0113rniem rad\u012bsies neremdin\u0101ma v\u0113lme uzzin\u0101t vair\u0101k. \u0160\u012b v\u0113lme m\u0101c\u012bties, m\u0101c\u012bties visa m\u016b\u017ea garum\u0101 k\u013c\u016bst par aizrau\u0161anos, kas \u013cauj g\u016bt arvien jaunus pan\u0101kumus.<br \/>\n<img loading=\"lazy\" class=\"alignnone size-full wp-image-8451\" src=\"http:\/\/fastrackids.lv\/wp-content\/uploads\/sites\/3\/2014\/12\/goal1.jpg\" alt=\"Edicational Goals\" width=\"637\" height=\"200\" \/><\/p>\n<h3>2. Iem\u0101c\u012bt, k\u0101 piem\u0113rot un nodot t\u0101l\u0101k zin\u0101\u0161anas:<\/h3>\n<p>Lai g\u016btu pan\u0101kumus, b\u016btiska ir prasme vair\u0101kos veidos izmantot apg\u016bto inform\u0101ciju. FasTracKids atbalsta b\u0113rnu, sniedzot vi\u0146am iesp\u0113ju ne tikai iegaum\u0113t inform\u0101ciju, bet ar\u012b padzi\u013cin\u0101t izpratni par jauniem j\u0113dzieniem un, visbeidzot, par pasauli k\u0101 t\u0101du. B\u0113rns iem\u0101c\u012bsies klasific\u0113t un dal\u012bt kategorij\u0101s jaunus j\u0113dzienus un pieredzes. P\u0113c tam vi\u0146\u0161 var\u0113s piem\u0113rot \u0161\u012bs zin\u0101\u0161anas problem\u0101tisk\u0101s ikdienas situ\u0101cij\u0101s. Audz\u0113k\u0146a sp\u0113ja uz\u0146emt inform\u0101ciju un sasaist\u012bt to ar jaunu situ\u0101ciju liecina par augst\u0101ku dom\u0101\u0161anas l\u012bmeni, kas savuk\u0101rt kalpo par pamatu pan\u0101kumiem skol\u0101 un \u0101rpus t\u0101s.<\/p>\n<p><img loading=\"lazy\" class=\"alignnone size-full wp-image-8460\" src=\"http:\/\/www.fastrackids.lv\/ru\/wp-content\/uploads\/sites\/3\/2014\/12\/goal3.jpg\" alt=\"goal3\" width=\"637\" height=\"200\" \/><\/p>\n<h3>3. Veidot komunik\u0101cijas un run\u0101\u0161anas prasmes:<\/h3>\n<p>Parasti vieni no visveiksm\u012bg\u0101kajiem indiv\u012bdiem ir tie, kuriem piem\u012bt sp\u0113c\u012bgas komunik\u0101cijas prasmes, t\u0101p\u0113c FasTracKids m\u0101c\u012bbu pl\u0101na ietvaros b\u0113rniem tiek m\u0101c\u012bts, k\u0101 p\u0113c iesp\u0113jas lab\u0101k izmantot komunik\u0101cijas prasmes. Katra nodarb\u012bba ir \u012bpa\u0161i paredz\u0113ta, lai uzlabotu b\u0113rnu run\u0101\u0161anas un klaus\u012b\u0161an\u0101s prasmes. Piem\u0113ram, ikvien\u0101 nodarb\u012bb\u0101 b\u0113rni tiek rosin\u0101ti izmantot pilnus teikumus un jaunu v\u0101rdu kr\u0101jumu. Iesaistoties lomu sp\u0113l\u0113s un grupas aktivit\u0101t\u0113s, b\u0113rni m\u0101c\u0101s izmantot sarunu ve\u0161anas prasmes un apvienoties komand\u0101. Turkl\u0101t ikvien\u0101 nodarb\u012bb\u0101 b\u0113rniem tiek l\u016bgts sak\u0101rtot savas domas \u012bs\u0101s prezent\u0101cij\u0101s, kas j\u0101sniedz klasesbiedriem. \u0160\u012bs prezent\u0101cijas tiek film\u0113tas, t\u0101d\u0113j\u0101di nodro\u0161inot b\u0113rniem iesp\u0113ju izv\u0113rt\u0113t gan pa\u0161u, gan klasesbiedru darbu. Rezult\u0101t\u0101, pabeidzot \u00a0FasTracKids m\u0101c\u012bbas, b\u0113rni ir p\u0101rliecin\u0101ti par sevi\u00a0un sp\u0113j efekt\u012bvi komunic\u0113t.<\/p>\n<p><img loading=\"lazy\" class=\"alignnone size-full wp-image-8463\" src=\"http:\/\/www.fastrackids.lv\/ru\/wp-content\/uploads\/sites\/3\/2014\/12\/goal4.jpg\" alt=\"goal4\" width=\"637\" height=\"200\" \/><\/p>\n<h3>4. Pilnveidot rado\u0161\u0101s dom\u0101\u0161anas un probl\u0113mu risin\u0101\u0161anas prasmes:<\/h3>\n<p>Sp\u0113ja rado\u0161i dom\u0101t un risin\u0101t probl\u0113mas parasti ie\u0146em augstu vietu darba dev\u0113jiem nepiecie\u0161amo prasmju sarakst\u0101. FasTracKids m\u0101c\u012bbu pl\u0101ns veicina akt\u012bvu un reakt\u012bvu dom\u0101\u0161anu, t\u0101 ietvaros pasniedzot b\u0113rniem aizraujo\u0161us priek\u0161metus un iesaistot vi\u0146us interesant\u0101s aktivit\u0101t\u0113s. Eksperimenti un praktiskas aktivit\u0101tes \u013cauj b\u0113rnam p\u0113c iesp\u0113jas lab\u0101k izmantot rado\u0161\u0101s probl\u0113mu risin\u0101\u0161anas, kritisk\u0101s dom\u0101\u0161anas un izteiksm\u012bgas runas prasmes. Turkl\u0101t b\u0113rniem ir iesp\u0113ja apvienoties, lai apvienotu\u00a0darba sp\u0113jas kop\u012bga m\u0113r\u0137a sasnieg\u0161anai. \u0160\u012b pieredze apvelt\u012bs vi\u0146us\u00a0ar prasm\u0113m un p\u0101rliec\u012bbu, kas ir nepiecie\u0161amas, lai efekt\u012bvi darbotos jebk\u0101d\u0101 komand\u0101 un atrisin\u0101tu jebk\u0101das probl\u0113mas.<\/p>\n<p><img loading=\"lazy\" class=\"alignnone size-full wp-image-8471\" src=\"http:\/\/www.fastrackids.lv\/ru\/wp-content\/uploads\/sites\/3\/2014\/12\/goal5.jpg\" alt=\"goal5\" width=\"637\" height=\"200\" \/><\/p>\n<h3>5. Veicin\u0101t l\u012bder\u012bbu un person\u012bgo izaugsmi:<\/h3>\n<p>Vis\u0101 b\u0113rnu dz\u012bves laik\u0101 vi\u0146iem n\u0101ksies saskarties ar situ\u0101cij\u0101m, kur\u0101s b\u016bs j\u0101b\u016bt gan l\u012bderiem, gan ar\u012b j\u0101prot sekot citiem l\u012bderiem. FasTracKids sagatavo b\u0113rnus, \u013caujot vi\u0146iem uz\u0146emties pozit\u012bvas l\u012bderu lomas, iesaistoties lomu sp\u0113l\u0113s un sadarbojoties grup\u0101. Vi\u0146iem tiek ar\u012b dota iesp\u0113ja pak\u013cauties citu vad\u012bbai un k\u013c\u016bt par funkcion\u0101liem komandas dal\u012bbniekiem. Mazas grupas ir atbild\u012bgas par l\u0113mumu pie\u0146em\u0161anu un to \u012bsteno\u0161anu, lai sasniegtu k\u0101du kop\u012bgu m\u0113r\u0137i. \u0160\u012b saskarsmes un vad\u012bbas prasmju izmanto\u0161ana pal\u012bdz audz\u0113k\u0146iem b\u016bt motiv\u0113tiem attiec\u012bgajos apst\u0101k\u013cos un sasniegt person\u012bgus m\u0113r\u0137us gan skol\u0101, gan dz\u012bv\u0113.<\/p>\n<p><img loading=\"lazy\" class=\"alignnone size-full wp-image-8465\" src=\"http:\/\/www.fastrackids.lv\/ru\/wp-content\/uploads\/sites\/3\/2014\/12\/goal6.jpg\" alt=\"goal6\" width=\"637\" height=\"200\" \/><\/p>\n<h3>6. Sagatavot b\u0113rnu skolai un dz\u012bvei:<\/h3>\n<p>Kad b\u0113rni iek\u013causies darba tirg\u016b, iesp\u0113jams, ka vi\u0146i ie\u0146ems t\u0101dus amatus un str\u0101d\u0101s profesij\u0101s, kas \u0161obr\u012bd v\u0113l nav zin\u0101mas. B\u0113rniem b\u016bs nepiecie\u0161ama sp\u0113ja rado\u0161i dom\u0101t, lai g\u016btu pan\u0101kumus dinamiski\u00a0main\u012bgaj\u0101 pasaul\u0113. FasTracKids klase ir b\u0113rniem piel\u0101gota un pasniedz\u0113ju\u00a0p\u0101rvald\u012bta vide, kur\u0101 audz\u0113k\u0146i\u00a0tiek rosin\u0101ti b\u016bt par svar\u012bgiem m\u0101c\u012bbu procesa noteic\u0113jiem. Interakt\u012bv\u0101s t\u0101feles jeb\u00a0<a title=\"FasTrack M\u0101c\u012bbu Pal\u012bgl\u012bdzeklis\" href=\"http:\/\/www.fastrackids.lv\/ru\/metodika\/fastrack-macibu-paliglidzeklis\/\">FasTrack<sup>\u00ae<\/sup> M\u0101c\u012bbu stacijas<\/a>\u00a0izmanto\u0161ana iedro\u0161ina\u00a0b\u0113rnus\u00a0efekt\u012bvi pielietot tehnolo\u0123ijas. M\u016bsu m\u0101c\u012bbu pl\u0101ns ietver praktiskas aktivit\u0101tes, lomu sp\u0113les, eksperimentus un video materi\u0101lu veido\u0161anu, lai nodro\u0161in\u0101tu izklaid\u0113jo\u0161as un interakt\u012bvas nodarb\u012bbas. M\u0101c\u012bbu proces\u0101 pieaugs j\u016bsu b\u0113rna pa\u0161apzi\u0146a un pa\u0161v\u0113rt\u0113jums, kas kalpos par stabilu pamatu turpm\u0101kaj\u0101m m\u0101c\u012bb\u0101m.<\/p>\n","protected":false},"excerpt":{"rendered":"<p>1. Rosin\u0101t m\u012blest\u012bbu\u00a0m\u0101c\u012bties m\u016b\u017ea garum\u0101: M\u012blest\u012bbu m\u0101c\u012bties\u00a0rada neremdin\u0101ma zin\u0101tk\u0101re un nep\u0101rtraukta pamudin\u0101jums. B\u0113rniem pat\u012bk FasTracKids\u00ae, jo m\u016bsu programmas aizrauj\u00a0un vairo vi\u0146u izt\u0113li. B\u0113rns izjut\u012bs prieku par pan\u0101kumiem un, pateicoties tam, tieksies sasniegt arvien augst\u0101kus m\u0113r\u0137us. Akt\u012bvi iesaistoties m\u0101c\u012bbu proces\u0101, b\u0113rniem rad\u012bsies neremdin\u0101ma v\u0113lme uzzin\u0101t vair\u0101k. \u0160\u012b v\u0113lme m\u0101c\u012bties, m\u0101c\u012bties visa m\u016b\u017ea garum\u0101 k\u013c\u016bst par aizrau\u0161anos, &hellip; <a href=\"http:\/\/fastrackids.lv\/ru\/metodika\/fastrackids-izglitibas-merki\/\">Continue reading <span class=\"meta-nav\">&rarr;<\/span><\/a><\/p>\n","protected":false},"author":9,"featured_media":331,"parent":159,"menu_order":20,"comment_status":"closed","ping_status":"closed","template":"","meta":[],"yoast_head":"<!-- This site is optimized with the Yoast SEO plugin v17.4 - https:\/\/yoast.com\/wordpress\/plugins\/seo\/ -->\n<meta name=\"robots\" content=\"index, follow, max-snippet:-1, max-image-preview:large, max-video-preview:-1\" \/>\n<link rel=\"canonical\" href=\"http:\/\/fastrackids.lv\/ru\/metodika\/fastrackids-izglitibas-merki\/\" \/>\n<meta property=\"og:locale\" content=\"en_US\" \/>\n<meta property=\"og:type\" content=\"article\" \/>\n<meta property=\"og:title\" content=\"FasTracKids izgl\u012bt\u012bbas m\u0113r\u0137i - FasTrackids Latvia (Russian)\" \/>\n<meta property=\"og:description\" content=\"1. Rosin\u0101t m\u012blest\u012bbu\u00a0m\u0101c\u012bties m\u016b\u017ea garum\u0101: M\u012blest\u012bbu m\u0101c\u012bties\u00a0rada neremdin\u0101ma zin\u0101tk\u0101re un nep\u0101rtraukta pamudin\u0101jums. B\u0113rniem pat\u012bk FasTracKids\u00ae, jo m\u016bsu programmas aizrauj\u00a0un vairo vi\u0146u izt\u0113li. B\u0113rns izjut\u012bs prieku par pan\u0101kumiem un, pateicoties tam, tieksies sasniegt arvien augst\u0101kus m\u0113r\u0137us. Akt\u012bvi iesaistoties m\u0101c\u012bbu proces\u0101, b\u0113rniem rad\u012bsies neremdin\u0101ma v\u0113lme uzzin\u0101t vair\u0101k. \u0160\u012b v\u0113lme m\u0101c\u012bties, m\u0101c\u012bties visa m\u016b\u017ea garum\u0101 k\u013c\u016bst par aizrau\u0161anos, &hellip; Continue reading &rarr;\" \/>\n<meta property=\"og:url\" content=\"http:\/\/fastrackids.lv\/ru\/metodika\/fastrackids-izglitibas-merki\/\" \/>\n<meta property=\"og:site_name\" content=\"FasTrackids Latvia (Russian)\" \/>\n<meta property=\"article:modified_time\" content=\"2015-07-20T16:14:17+00:00\" \/>\n<meta property=\"og:image\" content=\"http:\/\/fastrackids.lv\/ru\/wp-content\/uploads\/sites\/3\/2014\/11\/header_image_educational_goals.jpg\" \/>\n\t<meta property=\"og:image:width\" content=\"2100\" \/>\n\t<meta property=\"og:image:height\" content=\"956\" \/>\n<meta name=\"twitter:label1\" content=\"Est. reading time\" \/>\n\t<meta name=\"twitter:data1\" content=\"4 minutes\" \/>\n<script type=\"application\/ld+json\" class=\"yoast-schema-graph\">{\"@context\":\"https:\/\/schema.org\",\"@graph\":[{\"@type\":\"WebSite\",\"@id\":\"https:\/\/fastrackids.lv\/ru\/#website\",\"url\":\"https:\/\/fastrackids.lv\/ru\/\",\"name\":\"FasTrackids Latvia (Russian)\",\"description\":\"FasTracKids Latvia\",\"potentialAction\":[{\"@type\":\"SearchAction\",\"target\":{\"@type\":\"EntryPoint\",\"urlTemplate\":\"https:\/\/fastrackids.lv\/ru\/?s={search_term_string}\"},\"query-input\":\"required name=search_term_string\"}],\"inLanguage\":\"en-US\"},{\"@type\":\"ImageObject\",\"@id\":\"http:\/\/fastrackids.lv\/ru\/metodika\/fastrackids-izglitibas-merki\/#primaryimage\",\"inLanguage\":\"en-US\",\"url\":\"http:\/\/fastrackids.lv\/ru\/wp-content\/uploads\/sites\/3\/2014\/11\/header_image_educational_goals.jpg\",\"contentUrl\":\"http:\/\/fastrackids.lv\/ru\/wp-content\/uploads\/sites\/3\/2014\/11\/header_image_educational_goals.jpg\",\"width\":2100,\"height\":956},{\"@type\":\"WebPage\",\"@id\":\"http:\/\/fastrackids.lv\/ru\/metodika\/fastrackids-izglitibas-merki\/#webpage\",\"url\":\"http:\/\/fastrackids.lv\/ru\/metodika\/fastrackids-izglitibas-merki\/\",\"name\":\"FasTracKids izgl\\u012bt\\u012bbas m\\u0113r\\u0137i - FasTrackids Latvia (Russian)\",\"isPartOf\":{\"@id\":\"https:\/\/fastrackids.lv\/ru\/#website\"},\"primaryImageOfPage\":{\"@id\":\"http:\/\/fastrackids.lv\/ru\/metodika\/fastrackids-izglitibas-merki\/#primaryimage\"},\"datePublished\":\"2014-11-24T19:15:06+00:00\",\"dateModified\":\"2015-07-20T16:14:17+00:00\",\"breadcrumb\":{\"@id\":\"http:\/\/fastrackids.lv\/ru\/metodika\/fastrackids-izglitibas-merki\/#breadcrumb\"},\"inLanguage\":\"en-US\",\"potentialAction\":[{\"@type\":\"ReadAction\",\"target\":[\"http:\/\/fastrackids.lv\/ru\/metodika\/fastrackids-izglitibas-merki\/\"]}]},{\"@type\":\"BreadcrumbList\",\"@id\":\"http:\/\/fastrackids.lv\/ru\/metodika\/fastrackids-izglitibas-merki\/#breadcrumb\",\"itemListElement\":[{\"@type\":\"ListItem\",\"position\":1,\"name\":\"Home\",\"item\":\"https:\/\/fastrackids.lv\/ru\/\"},{\"@type\":\"ListItem\",\"position\":2,\"name\":\"FasTracKids Metodika\",\"item\":\"http:\/\/fastrackids.lv\/ru\/metodika\/\"},{\"@type\":\"ListItem\",\"position\":3,\"name\":\"FasTracKids izgl\\u012bt\\u012bbas m\\u0113r\\u0137i\"}]}]}<\/script>\n<!-- \/ Yoast SEO plugin. -->","yoast_head_json":{"robots":{"index":"index","follow":"follow","max-snippet":"max-snippet:-1","max-image-preview":"max-image-preview:large","max-video-preview":"max-video-preview:-1"},"canonical":"http:\/\/fastrackids.lv\/ru\/metodika\/fastrackids-izglitibas-merki\/","og_locale":"en_US","og_type":"article","og_title":"FasTracKids izgl\u012bt\u012bbas m\u0113r\u0137i - FasTrackids Latvia (Russian)","og_description":"1. Rosin\u0101t m\u012blest\u012bbu\u00a0m\u0101c\u012bties m\u016b\u017ea garum\u0101: M\u012blest\u012bbu m\u0101c\u012bties\u00a0rada neremdin\u0101ma zin\u0101tk\u0101re un nep\u0101rtraukta pamudin\u0101jums. B\u0113rniem pat\u012bk FasTracKids\u00ae, jo m\u016bsu programmas aizrauj\u00a0un vairo vi\u0146u izt\u0113li. B\u0113rns izjut\u012bs prieku par pan\u0101kumiem un, pateicoties tam, tieksies sasniegt arvien augst\u0101kus m\u0113r\u0137us. Akt\u012bvi iesaistoties m\u0101c\u012bbu proces\u0101, b\u0113rniem rad\u012bsies neremdin\u0101ma v\u0113lme uzzin\u0101t vair\u0101k. \u0160\u012b v\u0113lme m\u0101c\u012bties, m\u0101c\u012bties visa m\u016b\u017ea garum\u0101 k\u013c\u016bst par aizrau\u0161anos, &hellip; Continue reading &rarr;","og_url":"http:\/\/fastrackids.lv\/ru\/metodika\/fastrackids-izglitibas-merki\/","og_site_name":"FasTrackids Latvia (Russian)","article_modified_time":"2015-07-20T16:14:17+00:00","og_image":[{"width":2100,"height":956,"url":"http:\/\/fastrackids.lv\/ru\/wp-content\/uploads\/sites\/3\/2014\/11\/header_image_educational_goals.jpg","type":"image\/jpeg"}],"twitter_misc":{"Est. reading time":"4 minutes"},"schema":{"@context":"https:\/\/schema.org","@graph":[{"@type":"WebSite","@id":"https:\/\/fastrackids.lv\/ru\/#website","url":"https:\/\/fastrackids.lv\/ru\/","name":"FasTrackids Latvia (Russian)","description":"FasTracKids Latvia","potentialAction":[{"@type":"SearchAction","target":{"@type":"EntryPoint","urlTemplate":"https:\/\/fastrackids.lv\/ru\/?s={search_term_string}"},"query-input":"required name=search_term_string"}],"inLanguage":"en-US"},{"@type":"ImageObject","@id":"http:\/\/fastrackids.lv\/ru\/metodika\/fastrackids-izglitibas-merki\/#primaryimage","inLanguage":"en-US","url":"http:\/\/fastrackids.lv\/ru\/wp-content\/uploads\/sites\/3\/2014\/11\/header_image_educational_goals.jpg","contentUrl":"http:\/\/fastrackids.lv\/ru\/wp-content\/uploads\/sites\/3\/2014\/11\/header_image_educational_goals.jpg","width":2100,"height":956},{"@type":"WebPage","@id":"http:\/\/fastrackids.lv\/ru\/metodika\/fastrackids-izglitibas-merki\/#webpage","url":"http:\/\/fastrackids.lv\/ru\/metodika\/fastrackids-izglitibas-merki\/","name":"FasTracKids izgl\u012bt\u012bbas m\u0113r\u0137i - FasTrackids Latvia (Russian)","isPartOf":{"@id":"https:\/\/fastrackids.lv\/ru\/#website"},"primaryImageOfPage":{"@id":"http:\/\/fastrackids.lv\/ru\/metodika\/fastrackids-izglitibas-merki\/#primaryimage"},"datePublished":"2014-11-24T19:15:06+00:00","dateModified":"2015-07-20T16:14:17+00:00","breadcrumb":{"@id":"http:\/\/fastrackids.lv\/ru\/metodika\/fastrackids-izglitibas-merki\/#breadcrumb"},"inLanguage":"en-US","potentialAction":[{"@type":"ReadAction","target":["http:\/\/fastrackids.lv\/ru\/metodika\/fastrackids-izglitibas-merki\/"]}]},{"@type":"BreadcrumbList","@id":"http:\/\/fastrackids.lv\/ru\/metodika\/fastrackids-izglitibas-merki\/#breadcrumb","itemListElement":[{"@type":"ListItem","position":1,"name":"Home","item":"https:\/\/fastrackids.lv\/ru\/"},{"@type":"ListItem","position":2,"name":"FasTracKids Metodika","item":"http:\/\/fastrackids.lv\/ru\/metodika\/"},{"@type":"ListItem","position":3,"name":"FasTracKids izgl\u012bt\u012bbas m\u0113r\u0137i"}]}]}},"_links":{"self":[{"href":"http:\/\/fastrackids.lv\/ru\/wp-json\/wp\/v2\/pages\/164"}],"collection":[{"href":"http:\/\/fastrackids.lv\/ru\/wp-json\/wp\/v2\/pages"}],"about":[{"href":"http:\/\/fastrackids.lv\/ru\/wp-json\/wp\/v2\/types\/page"}],"author":[{"embeddable":true,"href":"http:\/\/fastrackids.lv\/ru\/wp-json\/wp\/v2\/users\/9"}],"replies":[{"embeddable":true,"href":"http:\/\/fastrackids.lv\/ru\/wp-json\/wp\/v2\/comments?post=164"}],"version-history":[{"count":17,"href":"http:\/\/fastrackids.lv\/ru\/wp-json\/wp\/v2\/pages\/164\/revisions"}],"predecessor-version":[{"id":828,"href":"http:\/\/fastrackids.lv\/ru\/wp-json\/wp\/v2\/pages\/164\/revisions\/828"}],"up":[{"embeddable":true,"href":"http:\/\/fastrackids.lv\/ru\/wp-json\/wp\/v2\/pages\/159"}],"wp:featuredmedia":[{"embeddable":true,"href":"http:\/\/fastrackids.lv\/ru\/wp-json\/wp\/v2\/media\/331"}],"wp:attachment":[{"href":"http:\/\/fastrackids.lv\/ru\/wp-json\/wp\/v2\/media?parent=164"}],"curies":[{"name":"wp","href":"https:\/\/api.w.org\/{rel}","templated":true}]}}