{"id":161,"date":"2014-11-24T19:14:20","date_gmt":"2014-11-24T19:14:20","guid":{"rendered":"http:\/\/goftk.com\/?page_id=161"},"modified":"2015-07-20T18:12:20","modified_gmt":"2015-07-20T16:12:20","slug":"fastrack-sniegtie-ieguvumi","status":"publish","type":"page","link":"http:\/\/fastrackids.lv\/ru\/metodika\/fastrack-sniegtie-ieguvumi\/","title":{"rendered":"FasTrack priek\u0161roc\u012bbas"},"content":{"rendered":"<p><img loading=\"lazy\" class=\"alignleft wp-image-286 size-full\" src=\"http:\/\/fastrackids.lv\/wp-content\/uploads\/sites\/3\/2014\/11\/top1-300x300.jpg\" alt=\"top1-300x300\" width=\"172\" height=\"172\" srcset=\"http:\/\/fastrackids.lv\/ru\/wp-content\/uploads\/sites\/3\/2014\/11\/top1-300x300.jpg 300w, http:\/\/fastrackids.lv\/ru\/wp-content\/uploads\/sites\/3\/2014\/11\/top1-300x300-150x150.jpg 150w\" sizes=\"(max-width: 172px) 100vw, 172px\" \/>21. gadsimta skolnieks ir sp\u0113c\u012bgs un neatkar\u012bgs dom\u0101t\u0101js, kur\u0161 sp\u0113j efekt\u012bvi konkur\u0113t glob\u0101l\u0101 vid\u0113. M\u0113s nodro\u0161in\u0101m b\u0113rnam nepiecie\u0161am\u0101s, dz\u012bvi noteico\u0161as\u00a0m\u0101c\u012b\u0161an\u0101s\u00a0prasmes, lai atrais\u012btu visu b\u0113rna potenci\u0101lu un sagatavotu vi\u0146u skolai un dz\u012bvei.<\/p>\n<p>Ikviena FasTracKids<sup>\u00ae<\/sup> programma pied\u0101v\u0101 m\u0101c\u012b\u0161an\u0101s prasmju kopumu, kas veido FasTrack<sup>\u00ae<\/sup> priek\u0161roc\u012bbas. \u0160\u012bs priek\u0161roc\u012bbas ir v\u0113rstas uz m\u0101c\u012bbu procesu jeb uz to, K\u0100 dom\u0101t, NEM\u0112\u0122INOT vienk\u0101r\u0161i iem\u0101c\u012bties no galvas m\u0101c\u012bbu saturu un tikai koncentr\u0113ies uz to, KO dom\u0101t, vienlaikus, nodro\u0161inot izklaidi vis\u0101 nodarb\u012bbas laik\u0101.<\/p>\n<h3 style=\"text-align: center\">FasTrack\u00a0priek\u0161roc\u012bbas<\/h3>\n<h3>Kritisk\u0101 dom\u0101\u0161ana<\/h3>\n<p><img loading=\"lazy\" class=\"alignleft  wp-image-7908\" style=\"padding: 0px;background: none;border: gray 1px solid\" src=\"http:\/\/fastrackids.lv\/wp-content\/uploads\/sites\/3\/2014\/12\/Confidence.jpg\" alt=\"Fastrackids Kritisk\u0101 dom\u0101\u0161ana\" width=\"170\" height=\"147\" \/>Ikviena FasTracKids nodarb\u012bba sniedz j\u016bsu b\u0113rnam iesp\u0113ju p\u0101rdom\u0101t un atbild\u0113t, iesaistoties probl\u0113mu risin\u0101\u0161anas aktivit\u0101t\u0113s. \u0160is dom\u0101\u0161anas process m\u0101ca audz\u0113k\u0146iem analiz\u0113t pie\u0146\u0113mumus, izdom\u0101t alternat\u012bvus risin\u0101jumus un pie\u0146emt uz zin\u0101\u0161an\u0101m\u00a0balst\u012btus l\u0113mumus. Kritisk\u0101 dom\u0101\u0161ana k\u013c\u016bst par arvien noz\u012bm\u012bg\u0101ku\u00a0ikdienas sast\u0101vda\u013cu, kad audz\u0113k\u0146i dodas turpin\u0101t m\u0101c\u012bbas augstskol\u0101s un uzs\u0101k savas profesion\u0101l\u0101s gaitas.<\/p>\n<h3>Sadarb\u012bba<\/h3>\n<p>M\u0113s zin\u0101m, ka b\u0113rni \u0161aj\u0101 vecum\u0101 vislab\u0101k apg\u016bst soci\u0101l\u0101s iema\u0146as vienaud\u017eu vid\u016b. <img loading=\"lazy\" class=\"alignright wp-image-7927 size-full\" style=\"padding: 0px;background: none;border: gray 1px solid\" src=\"http:\/\/fastrackids.lv\/wp-content\/uploads\/sites\/3\/2014\/12\/colaboration.jpg\" alt=\"Fastackids Collaboration\" width=\"170\" height=\"147\" \/> M\u016bsu klases sadarb\u012bbu veicino\u0161\u0101 vide \u00a0sniedz b\u0113rnam iesp\u0113ju sadarboties ar citiem audz\u0113k\u0146iem un m\u0101c\u012bties no vi\u0146iem. \u0160\u012b unik\u0101l\u0101 iesp\u0113ja savuk\u0101rt \u013cauj pilnveidot prasmes, kas nepiecie\u0161amas, lai organiz\u0113tu un pl\u0101notu, sadarbotos ar citiem, nodro\u0161in\u0101tu atgriezenisko saiti un nov\u0113rt\u0113tu savu m\u0101c\u012bbu progresu pa\u0161i. FasTracKids sniegtie uzdevumi pal\u012bdz b\u0113rnam saprast, k\u0101 darboties komand\u0101, uzlabojot vi\u0146u vad\u012bbas sp\u0113jas, k\u0101 ar\u012b sadarb\u012bbas prasmes. Sadarb\u012bbu veicino\u0161\u0101 klases vide \u013cauj j\u016bsu b\u0113rnam k\u013c\u016bt par cilv\u0113ku, kur\u0161 iem\u012b\u013cos m\u0101c\u012bbas m\u016b\u017ea garum\u0101, pateicoties sadarb\u012bbai ar p\u0101r\u0113jiem.<\/p>\n<h3>Rado\u0161ums<\/h3>\n<p><img loading=\"lazy\" class=\"alignleft wp-image-7940 size-full\" style=\"padding: 0px;background: none;border: gray 1px solid\" src=\"http:\/\/fastrackids.lv\/wp-content\/uploads\/sites\/3\/2014\/12\/creativity.jpg\" alt=\"Fastrackids creativity\" width=\"170\" height=\"147\" \/>FasTracKids metodika \u013cauj papla\u0161in\u0101t un stimul\u0113t j\u016bsu b\u0113rna rado\u0161umu. B\u0113rnam klas\u0113 ir daudz iesp\u0113ju rast rado\u0161us risin\u0101jumus un dal\u012bties ar tiem. B\u0113rns tiek nep\u0101rtraukti rosin\u0101ts b\u016bt konstrukt\u012bvi zin\u0101tk\u0101rs, kas veicina kognit\u012bvo att\u012bst\u012bbu. Daudzu priek\u0161metu apguve sniedz b\u0113rniem iesp\u0113ju izp\u0113t\u012bt jaunas tieksmes un izmantot vi\u0146u rado\u0161umu sare\u017e\u0123\u012bt\u0101s situ\u0101cij\u0101s, kur\u0101s nepiecie\u0161ama dom\u0101\u0161ana. M\u016bsu programmas pal\u012bdz\u0113s b\u0113rnam, rado\u0161i dom\u0101t, izteikt savas domas un risin\u0101t probl\u0113mas.<\/p>\n<h3>Komunik\u0101cija<\/h3>\n<p><img loading=\"lazy\" class=\"alignright wp-image-7919\" style=\"padding: 0px;background: none;border: gray 1px solid\" src=\"http:\/\/fastrackids.lv\/wp-content\/uploads\/sites\/3\/2014\/12\/criticalthinkers.jpg\" alt=\"Fastrackids Communication\" width=\"170\" height=\"147\" \/>Visas FasTracKids klases nodro\u0161ina ar valodu pies\u0101tin\u0101tu vidi, kur\u0101 b\u0113rni klaus\u0101s un atbild, iesaistoties stimul\u0113jo\u0161\u0101s sarun\u0101s. \u0160is nep\u0101rtrauktais darbs ar augsta l\u012bme\u0146a j\u0113dzieniem nodro\u0161ina pamatu p\u0101rliecino\u0161as komunik\u0101cijas prasmju apguvei. B\u0113rni tiek rosin\u0101ti veidot piln\u012bgus teikumus, lai var\u0113tu izteikt kompleksas domas. Daudz\u0101s FasTracKids m\u0101c\u012bbu sist\u0113m\u0101 ietvertaj\u0101s programm\u0101s b\u0113rnam ir iesp\u0113jas sagatavot un sniegt prezent\u0101cijas, kuras tiek nofilm\u0113tas un t\u0101s\u00a0nov\u0113rt\u0113\u00a0m\u0101c\u012bbu biedri un vec\u0101ki.<\/p>\n<h3>P\u0101rliec\u012bba<\/h3>\n<p><img loading=\"lazy\" class=\"alignleft wp-image-7934 size-full\" style=\"padding: 0px;background: none;border: gray 1px solid\" src=\"http:\/\/fastrackids.lv\/wp-content\/uploads\/sites\/3\/2014\/12\/criticalthinkers1.jpg\" alt=\"Fastrackids Confidence\" width=\"170\" height=\"147\" \/>FasTracKids metodika nodro\u0161ina pozit\u012bvu atmosf\u0113ru, kur\u0101 m\u0113s koncentr\u0113jamies uz b\u0113rna prasmju uzlabojumiem, nevis uz\u00a0atbil\u017eu pareiz\u012bbu. \u0160\u012b konstrukt\u012bv\u0101 vide, kur\u0101 b\u0113rni \u012bsteno projektus gan individu\u0101li, gan ar\u012b grup\u0101, nostiprina\u00a0vi\u0146os p\u0101rliec\u012bbu. \u0160\u012b p\u0101rliec\u012bba \u013cauj tiektis\u00a0g\u016bt pan\u0101kumus ar\u012b turpm\u0101k, st\u0101joties pret\u012b izaicin\u0101jumiem bez bail\u0113m un p\u0101rliec\u012bb\u0101 par izdo\u0161anos. B\u0113rnam, s\u0101kot uz\u0146emties atbild\u012bbu par m\u0101c\u012bb\u0101m, FasTracKids programmas ar pozit\u012bvu motiv\u0101cijas stiprin\u0101\u0161anu att\u012bsta sp\u0113ju apzin\u0101ties un nov\u0113rt\u0113t savus pan\u0101kumus un izjust lepnumu.<\/p>\n","protected":false},"excerpt":{"rendered":"<p>21. gadsimta skolnieks ir sp\u0113c\u012bgs un neatkar\u012bgs dom\u0101t\u0101js, kur\u0161 sp\u0113j efekt\u012bvi konkur\u0113t glob\u0101l\u0101 vid\u0113. M\u0113s nodro\u0161in\u0101m b\u0113rnam nepiecie\u0161am\u0101s, dz\u012bvi noteico\u0161as\u00a0m\u0101c\u012b\u0161an\u0101s\u00a0prasmes, lai atrais\u012btu visu b\u0113rna potenci\u0101lu un sagatavotu vi\u0146u skolai un dz\u012bvei. Ikviena FasTracKids\u00ae programma pied\u0101v\u0101 m\u0101c\u012b\u0161an\u0101s prasmju kopumu, kas veido FasTrack\u00ae priek\u0161roc\u012bbas. \u0160\u012bs priek\u0161roc\u012bbas ir v\u0113rstas uz m\u0101c\u012bbu procesu jeb uz to, K\u0100 dom\u0101t, NEM\u0112\u0122INOT &hellip; <a href=\"http:\/\/fastrackids.lv\/ru\/metodika\/fastrack-sniegtie-ieguvumi\/\">Continue reading <span class=\"meta-nav\">&rarr;<\/span><\/a><\/p>\n","protected":false},"author":9,"featured_media":304,"parent":159,"menu_order":10,"comment_status":"closed","ping_status":"closed","template":"","meta":[],"yoast_head":"<!-- This site is optimized with the Yoast SEO plugin v17.4 - https:\/\/yoast.com\/wordpress\/plugins\/seo\/ -->\n<meta name=\"robots\" content=\"index, follow, max-snippet:-1, max-image-preview:large, max-video-preview:-1\" \/>\n<link rel=\"canonical\" href=\"http:\/\/fastrackids.lv\/ru\/metodika\/fastrack-sniegtie-ieguvumi\/\" \/>\n<meta property=\"og:locale\" content=\"en_US\" \/>\n<meta property=\"og:type\" content=\"article\" \/>\n<meta property=\"og:title\" content=\"FasTrack priek\u0161roc\u012bbas - FasTrackids Latvia (Russian)\" \/>\n<meta property=\"og:description\" content=\"21. gadsimta skolnieks ir sp\u0113c\u012bgs un neatkar\u012bgs dom\u0101t\u0101js, kur\u0161 sp\u0113j efekt\u012bvi konkur\u0113t glob\u0101l\u0101 vid\u0113. M\u0113s nodro\u0161in\u0101m b\u0113rnam nepiecie\u0161am\u0101s, dz\u012bvi noteico\u0161as\u00a0m\u0101c\u012b\u0161an\u0101s\u00a0prasmes, lai atrais\u012btu visu b\u0113rna potenci\u0101lu un sagatavotu vi\u0146u skolai un dz\u012bvei. Ikviena FasTracKids\u00ae programma pied\u0101v\u0101 m\u0101c\u012b\u0161an\u0101s prasmju kopumu, kas veido FasTrack\u00ae priek\u0161roc\u012bbas. \u0160\u012bs priek\u0161roc\u012bbas ir v\u0113rstas uz m\u0101c\u012bbu procesu jeb uz to, K\u0100 dom\u0101t, NEM\u0112\u0122INOT &hellip; Continue reading &rarr;\" \/>\n<meta property=\"og:url\" content=\"http:\/\/fastrackids.lv\/ru\/metodika\/fastrack-sniegtie-ieguvumi\/\" \/>\n<meta property=\"og:site_name\" content=\"FasTrackids Latvia (Russian)\" \/>\n<meta property=\"article:modified_time\" content=\"2015-07-20T16:12:20+00:00\" \/>\n<meta property=\"og:image\" content=\"http:\/\/fastrackids.lv\/ru\/wp-content\/uploads\/sites\/3\/2014\/11\/header_image_fastrack_advantages.jpg\" \/>\n\t<meta property=\"og:image:width\" content=\"5000\" \/>\n\t<meta property=\"og:image:height\" content=\"1504\" \/>\n<meta name=\"twitter:label1\" content=\"Est. reading time\" \/>\n\t<meta name=\"twitter:data1\" content=\"3 minutes\" \/>\n<script type=\"application\/ld+json\" class=\"yoast-schema-graph\">{\"@context\":\"https:\/\/schema.org\",\"@graph\":[{\"@type\":\"WebSite\",\"@id\":\"https:\/\/fastrackids.lv\/ru\/#website\",\"url\":\"https:\/\/fastrackids.lv\/ru\/\",\"name\":\"FasTrackids Latvia (Russian)\",\"description\":\"FasTracKids Latvia\",\"potentialAction\":[{\"@type\":\"SearchAction\",\"target\":{\"@type\":\"EntryPoint\",\"urlTemplate\":\"https:\/\/fastrackids.lv\/ru\/?s={search_term_string}\"},\"query-input\":\"required name=search_term_string\"}],\"inLanguage\":\"en-US\"},{\"@type\":\"ImageObject\",\"@id\":\"http:\/\/fastrackids.lv\/ru\/metodika\/fastrack-sniegtie-ieguvumi\/#primaryimage\",\"inLanguage\":\"en-US\",\"url\":\"http:\/\/fastrackids.lv\/ru\/wp-content\/uploads\/sites\/3\/2014\/11\/header_image_fastrack_advantages.jpg\",\"contentUrl\":\"http:\/\/fastrackids.lv\/ru\/wp-content\/uploads\/sites\/3\/2014\/11\/header_image_fastrack_advantages.jpg\",\"width\":5000,\"height\":1504},{\"@type\":\"WebPage\",\"@id\":\"http:\/\/fastrackids.lv\/ru\/metodika\/fastrack-sniegtie-ieguvumi\/#webpage\",\"url\":\"http:\/\/fastrackids.lv\/ru\/metodika\/fastrack-sniegtie-ieguvumi\/\",\"name\":\"FasTrack priek\\u0161roc\\u012bbas - FasTrackids Latvia (Russian)\",\"isPartOf\":{\"@id\":\"https:\/\/fastrackids.lv\/ru\/#website\"},\"primaryImageOfPage\":{\"@id\":\"http:\/\/fastrackids.lv\/ru\/metodika\/fastrack-sniegtie-ieguvumi\/#primaryimage\"},\"datePublished\":\"2014-11-24T19:14:20+00:00\",\"dateModified\":\"2015-07-20T16:12:20+00:00\",\"breadcrumb\":{\"@id\":\"http:\/\/fastrackids.lv\/ru\/metodika\/fastrack-sniegtie-ieguvumi\/#breadcrumb\"},\"inLanguage\":\"en-US\",\"potentialAction\":[{\"@type\":\"ReadAction\",\"target\":[\"http:\/\/fastrackids.lv\/ru\/metodika\/fastrack-sniegtie-ieguvumi\/\"]}]},{\"@type\":\"BreadcrumbList\",\"@id\":\"http:\/\/fastrackids.lv\/ru\/metodika\/fastrack-sniegtie-ieguvumi\/#breadcrumb\",\"itemListElement\":[{\"@type\":\"ListItem\",\"position\":1,\"name\":\"Home\",\"item\":\"https:\/\/fastrackids.lv\/ru\/\"},{\"@type\":\"ListItem\",\"position\":2,\"name\":\"FasTracKids Metodika\",\"item\":\"http:\/\/fastrackids.lv\/ru\/metodika\/\"},{\"@type\":\"ListItem\",\"position\":3,\"name\":\"FasTrack priek\\u0161roc\\u012bbas\"}]}]}<\/script>\n<!-- \/ Yoast SEO plugin. -->","yoast_head_json":{"robots":{"index":"index","follow":"follow","max-snippet":"max-snippet:-1","max-image-preview":"max-image-preview:large","max-video-preview":"max-video-preview:-1"},"canonical":"http:\/\/fastrackids.lv\/ru\/metodika\/fastrack-sniegtie-ieguvumi\/","og_locale":"en_US","og_type":"article","og_title":"FasTrack priek\u0161roc\u012bbas - FasTrackids Latvia (Russian)","og_description":"21. gadsimta skolnieks ir sp\u0113c\u012bgs un neatkar\u012bgs dom\u0101t\u0101js, kur\u0161 sp\u0113j efekt\u012bvi konkur\u0113t glob\u0101l\u0101 vid\u0113. M\u0113s nodro\u0161in\u0101m b\u0113rnam nepiecie\u0161am\u0101s, dz\u012bvi noteico\u0161as\u00a0m\u0101c\u012b\u0161an\u0101s\u00a0prasmes, lai atrais\u012btu visu b\u0113rna potenci\u0101lu un sagatavotu vi\u0146u skolai un dz\u012bvei. Ikviena FasTracKids\u00ae programma pied\u0101v\u0101 m\u0101c\u012b\u0161an\u0101s prasmju kopumu, kas veido FasTrack\u00ae priek\u0161roc\u012bbas. \u0160\u012bs priek\u0161roc\u012bbas ir v\u0113rstas uz m\u0101c\u012bbu procesu jeb uz to, K\u0100 dom\u0101t, NEM\u0112\u0122INOT &hellip; Continue reading &rarr;","og_url":"http:\/\/fastrackids.lv\/ru\/metodika\/fastrack-sniegtie-ieguvumi\/","og_site_name":"FasTrackids Latvia (Russian)","article_modified_time":"2015-07-20T16:12:20+00:00","og_image":[{"width":5000,"height":1504,"url":"http:\/\/fastrackids.lv\/ru\/wp-content\/uploads\/sites\/3\/2014\/11\/header_image_fastrack_advantages.jpg","type":"image\/jpeg"}],"twitter_misc":{"Est. reading time":"3 minutes"},"schema":{"@context":"https:\/\/schema.org","@graph":[{"@type":"WebSite","@id":"https:\/\/fastrackids.lv\/ru\/#website","url":"https:\/\/fastrackids.lv\/ru\/","name":"FasTrackids Latvia (Russian)","description":"FasTracKids Latvia","potentialAction":[{"@type":"SearchAction","target":{"@type":"EntryPoint","urlTemplate":"https:\/\/fastrackids.lv\/ru\/?s={search_term_string}"},"query-input":"required name=search_term_string"}],"inLanguage":"en-US"},{"@type":"ImageObject","@id":"http:\/\/fastrackids.lv\/ru\/metodika\/fastrack-sniegtie-ieguvumi\/#primaryimage","inLanguage":"en-US","url":"http:\/\/fastrackids.lv\/ru\/wp-content\/uploads\/sites\/3\/2014\/11\/header_image_fastrack_advantages.jpg","contentUrl":"http:\/\/fastrackids.lv\/ru\/wp-content\/uploads\/sites\/3\/2014\/11\/header_image_fastrack_advantages.jpg","width":5000,"height":1504},{"@type":"WebPage","@id":"http:\/\/fastrackids.lv\/ru\/metodika\/fastrack-sniegtie-ieguvumi\/#webpage","url":"http:\/\/fastrackids.lv\/ru\/metodika\/fastrack-sniegtie-ieguvumi\/","name":"FasTrack priek\u0161roc\u012bbas - FasTrackids Latvia (Russian)","isPartOf":{"@id":"https:\/\/fastrackids.lv\/ru\/#website"},"primaryImageOfPage":{"@id":"http:\/\/fastrackids.lv\/ru\/metodika\/fastrack-sniegtie-ieguvumi\/#primaryimage"},"datePublished":"2014-11-24T19:14:20+00:00","dateModified":"2015-07-20T16:12:20+00:00","breadcrumb":{"@id":"http:\/\/fastrackids.lv\/ru\/metodika\/fastrack-sniegtie-ieguvumi\/#breadcrumb"},"inLanguage":"en-US","potentialAction":[{"@type":"ReadAction","target":["http:\/\/fastrackids.lv\/ru\/metodika\/fastrack-sniegtie-ieguvumi\/"]}]},{"@type":"BreadcrumbList","@id":"http:\/\/fastrackids.lv\/ru\/metodika\/fastrack-sniegtie-ieguvumi\/#breadcrumb","itemListElement":[{"@type":"ListItem","position":1,"name":"Home","item":"https:\/\/fastrackids.lv\/ru\/"},{"@type":"ListItem","position":2,"name":"FasTracKids Metodika","item":"http:\/\/fastrackids.lv\/ru\/metodika\/"},{"@type":"ListItem","position":3,"name":"FasTrack priek\u0161roc\u012bbas"}]}]}},"_links":{"self":[{"href":"http:\/\/fastrackids.lv\/ru\/wp-json\/wp\/v2\/pages\/161"}],"collection":[{"href":"http:\/\/fastrackids.lv\/ru\/wp-json\/wp\/v2\/pages"}],"about":[{"href":"http:\/\/fastrackids.lv\/ru\/wp-json\/wp\/v2\/types\/page"}],"author":[{"embeddable":true,"href":"http:\/\/fastrackids.lv\/ru\/wp-json\/wp\/v2\/users\/9"}],"replies":[{"embeddable":true,"href":"http:\/\/fastrackids.lv\/ru\/wp-json\/wp\/v2\/comments?post=161"}],"version-history":[{"count":31,"href":"http:\/\/fastrackids.lv\/ru\/wp-json\/wp\/v2\/pages\/161\/revisions"}],"predecessor-version":[{"id":827,"href":"http:\/\/fastrackids.lv\/ru\/wp-json\/wp\/v2\/pages\/161\/revisions\/827"}],"up":[{"embeddable":true,"href":"http:\/\/fastrackids.lv\/ru\/wp-json\/wp\/v2\/pages\/159"}],"wp:featuredmedia":[{"embeddable":true,"href":"http:\/\/fastrackids.lv\/ru\/wp-json\/wp\/v2\/media\/304"}],"wp:attachment":[{"href":"http:\/\/fastrackids.lv\/ru\/wp-json\/wp\/v2\/media?parent=161"}],"curies":[{"name":"wp","href":"https:\/\/api.w.org\/{rel}","templated":true}]}}