{"id":159,"date":"2014-11-24T19:13:43","date_gmt":"2014-11-24T19:13:43","guid":{"rendered":"http:\/\/goftk.com\/?page_id=159"},"modified":"2015-08-31T09:19:14","modified_gmt":"2015-08-31T07:19:14","slug":"metodika","status":"publish","type":"page","link":"http:\/\/fastrackids.lv\/ru\/metodika\/","title":{"rendered":"FasTracKids Metodika"},"content":{"rendered":"<p><a href=\"http:\/\/www.fastrackids.lv\/ru\/wp-content\/uploads\/sites\/3\/2014\/12\/kids31.jpg\" target=\"_blank\"><img loading=\"lazy\" class=\"alignleft wp-image-7670 size-full\" style=\"padding: 5px;background: none;border: gray 1px solid\" title=\"FasTracKids Metodika\" src=\"http:\/\/www.fastrackids.lv\/ru\/wp-content\/uploads\/sites\/3\/2014\/12\/kids31.jpg\" alt=\"FasTracKids Metodika\" width=\"350\" height=\"260\" \/><\/a> FasTracKids<sup>\u00ae<\/sup> m\u0101c\u012bbu viet\u0101s m\u0113s j\u016bsu b\u0113rniem m\u0101c\u0101m, nevis <strong>KO<\/strong>\u00a0dom\u0101t, bet gan <strong>K\u0100<\/strong> dom\u0101t. M\u0113s pied\u0101v\u0101jam holistisku izgl\u012bt\u012bbas programmu, kas tiek akt\u012bvi piel\u0101gota j\u016bsu un j\u016bsu b\u0113rna individu\u0101laj\u0101m vajadz\u012bb\u0101m. M\u016bsu audz\u0113k\u0146i akt\u012bvi piedal\u0101s un darbojas nodarb\u012bb\u0101s, kur\u0101s vi\u0146i ener\u0123iski pilnveido savas domas un pr\u0101tu. T\u0101d\u0113j\u0101di tiek veidots stabils pamats turpm\u0101k\u0101m m\u0101c\u012bb\u0101m un stimul\u0113ta b\u0113rnu dabisk\u0101 zin\u0101tk\u0101re.<\/p>\n<p>Ikviena klases nodarb\u012bba ir piepild\u012bta ar da\u017e\u0101d\u0101m aktivit\u0101t\u0113m, kas ir ar nol\u016bku veidotas t\u0101, lai b\u016btu izklaid\u0113jo\u0161as. Katra no \u0161\u012bm aktivit\u0101t\u0113m sniedz visiem audz\u0113k\u0146iem iesp\u0113ju sadarboties un sniegt savu ieguld\u012bjumu. Nodarb\u012bbas s\u0101kum\u0101 skolot\u0101js ieliek pamatus attiec\u012bgaj\u0101 dien\u0101 paredz\u0113taj\u0101m m\u0101c\u012bb\u0101m, pilnv\u0113rt\u012bgi un padzi\u013cin\u0101ti aprun\u0101joties ar audz\u0113k\u0146iem. P\u0113c \u0161\u012bs sarunas audz\u0113k\u0146iem tiek sniegta jauna inform\u0101cija, izmantojot FasTrack<sup>\u00ae<\/sup> m\u0101c\u012bbu staciju. P\u0113c tam skolot\u0101js uzdod pietiekami sare\u017e\u0123\u012btus jaut\u0101jumus, lai nov\u0113rt\u0113tu un veidotu audz\u0113k\u0146u izpratni.<\/p>\n<p>Visbeidzot, audz\u0113k\u0146i sadarbojas da\u017e\u0101du projektu, uzdevumu un aktivit\u0101\u0161u ietvaros, lai papildin\u0101tu un padzi\u013cin\u0101tu savas zin\u0101\u0161anas. \u0160\u012b unik\u0101l\u0101 metode, ko m\u0113s d\u0113v\u0113jam par Educational Zigzagging<sup>TM <\/sup>(Izgl\u012btojo\u0161ais Zig-Zagings), nodro\u0161ina, ka audz\u0113k\u0146i sa\u0146em vienu un to pa\u0161u inform\u0101ciju da\u017e\u0101dos veidos, kas ir b\u016btisks faktors m\u0101c\u012b\u0161an\u0101s proces\u0101. Inform\u0101cija tiek pasniegta daudz aizraujo\u0161\u0101k\u0101 veid\u0101 nek\u0101 ar tradicion\u0101laj\u0101m m\u0101c\u012b\u0161anas metod\u0113m, p\u0101rm\u0113r\u012bgi atk\u0101rtojot vienu un to pa\u0161u. B\u0113rni var ne tikai p\u0101rrun\u0101t nodarb\u012bb\u0101 apg\u016bto, bet ar\u012b piem\u0113rot savas zin\u0101\u0161anas da\u017e\u0101d\u0101s\u00a0situ\u0101cij\u0101s, t\u0101s nostiprinot.<\/p>\n<p><strong>FasTracKids audz\u0113k\u0146u vec\u0101kiem ir pieejama t\u012bmek\u013ca vietne ar progresa zi\u0146ojumiem un citiem pal\u012bgmateri\u0101liem, kas pal\u012bdz vec\u0101kiem efekt\u012bvi\u00a0iesaist\u012bties izgl\u012bt\u012bbas proces\u0101!<\/strong><\/p>\n<p>Vec\u0101kiem ir nep\u0101rtraukta un\u00a0b\u016btiska ietekme uz b\u0113rna izgl\u012bt\u012bbu. <a title=\"National Educational Association Web Site\" href=\"http:\/\/www.nea.org\/tools\/17360.htm\" target=\"_blank\">Nacion\u0101l\u0101s izgl\u012bt\u012bbas asoci\u0101cijas<\/a>\u00a0veiktaj\u0101\u00a0p\u0113t\u012bjum\u0101 par\u00a0vec\u0101ku iesaist\u012b\u0161anos izgl\u012bt\u012bb\u0101 g\u016bts apliecin\u0101jums &#8211; jo agr\u0101k vec\u0101ki iesaist\u0101s ar b\u0113rna izgl\u012bt\u012bbu saist\u012btos jaut\u0101jumos,\u00a0jo b\u0113rnam ir vair\u0101k pan\u0101kumu ilgtermi\u0146\u0101. Nodarb\u012bb\u0101m\u00a0<em>FasTracKids m\u0101c\u012bbu viet\u0101s<\/em>\u00a0piesak\u0101s ne tikai b\u0113rni, bet paties\u012bb\u0101 &#8211; \u0123imenes. Regul\u0101ri progresa zi\u0146ojumi, vec\u0101ku un skolot\u0101ju regul\u0101ra komunik\u0101cija pal\u012bdz b\u016bt inform\u0113tiem par b\u0113rna sasniegumiem. Savuk\u0101rt video materi\u0101li, kas atspogu\u013co b\u0113rna sniegumu nodarb\u012bb\u0101s un m\u0101c\u012bbu apguvi, \u013cauj jums tie\u0161\u0101 veid\u0101 sekot\u00a0vi\u0146a m\u0101c\u012bbu pieredzei. Visbeidzot m\u016bsu t\u012bmek\u013ca vietne, kas paredz\u0113ta vec\u0101kiem, \u013cauj sadarboties, lai pal\u012bdz\u0113tu turpin\u0101t m\u0101c\u012bbas m\u0101j\u0101s.<\/p>\n<p><a href=\"http:\/\/fastrackids.lv\/wp-content\/uploads\/sites\/3\/2014\/12\/methodology_content_image_2.jpg\" target=\"_blank\"><img loading=\"lazy\" class=\"alignright wp-image-7676 size-large\" style=\"padding: 5px;background: none;border: gray 1px solid\" title=\"FasTracKids Metodika\" src=\"http:\/\/fastrackids.lv\/wp-content\/uploads\/sites\/3\/2014\/12\/methodology_content_image_2.jpg\" alt=\"FasTracKids Metodika\" width=\"350\" height=\"260\" \/><\/a><em>FasTracKids<\/em> m\u0101c\u012bbu vietas\u00a0pal\u012bdz sagatavot j\u016bsu b\u0113rnu pan\u0101kumiem gan skol\u0101, gan dz\u012bv\u0113. Ikvien\u0101 klases nodarb\u012bb\u0101 b\u0113rniem tiek sniegta iesp\u0113ja rast sev\u012b p\u0101rliec\u012bbu, lai vi\u0146i sp\u0113tu dom\u0101t pa\u0161i un sav\u0101 individu\u0101laj\u0101 veid\u0101, t\u0101d\u0113j\u0101di rado\u0161i risinot probl\u0113mas un efekt\u012bvi komunic\u0113jot. \u0160is stabilais pamats pal\u012bdz\u0113s vi\u0146iem visu dz\u012bvi, nodro\u0161inot nepiecie\u0161amo atbalstu, lai iev\u0113rojami palielin\u0101tu iesp\u0113jas g\u016bt pan\u0101kumus.<\/p>\n","protected":false},"excerpt":{"rendered":"<p>FasTracKids\u00ae m\u0101c\u012bbu viet\u0101s m\u0113s j\u016bsu b\u0113rniem m\u0101c\u0101m, nevis KO\u00a0dom\u0101t, bet gan K\u0100 dom\u0101t. M\u0113s pied\u0101v\u0101jam holistisku izgl\u012bt\u012bbas programmu, kas tiek akt\u012bvi piel\u0101gota j\u016bsu un j\u016bsu b\u0113rna individu\u0101laj\u0101m vajadz\u012bb\u0101m. M\u016bsu audz\u0113k\u0146i akt\u012bvi piedal\u0101s un darbojas nodarb\u012bb\u0101s, kur\u0101s vi\u0146i ener\u0123iski pilnveido savas domas un pr\u0101tu. T\u0101d\u0113j\u0101di tiek veidots stabils pamats turpm\u0101k\u0101m m\u0101c\u012bb\u0101m un stimul\u0113ta b\u0113rnu dabisk\u0101 zin\u0101tk\u0101re. &hellip; <a href=\"http:\/\/fastrackids.lv\/ru\/metodika\/\">Continue reading <span class=\"meta-nav\">&rarr;<\/span><\/a><\/p>\n","protected":false},"author":9,"featured_media":329,"parent":0,"menu_order":0,"comment_status":"closed","ping_status":"closed","template":"","meta":[],"yoast_head":"<!-- This site is optimized with the Yoast SEO plugin v17.4 - https:\/\/yoast.com\/wordpress\/plugins\/seo\/ -->\n<meta name=\"robots\" content=\"index, follow, max-snippet:-1, max-image-preview:large, max-video-preview:-1\" \/>\n<link rel=\"canonical\" href=\"http:\/\/fastrackids.lv\/ru\/metodika\/\" \/>\n<meta property=\"og:locale\" content=\"en_US\" \/>\n<meta property=\"og:type\" content=\"article\" \/>\n<meta property=\"og:title\" content=\"FasTracKids Metodika - FasTrackids Latvia (Russian)\" \/>\n<meta property=\"og:description\" content=\"FasTracKids\u00ae m\u0101c\u012bbu viet\u0101s m\u0113s j\u016bsu b\u0113rniem m\u0101c\u0101m, nevis KO\u00a0dom\u0101t, bet gan K\u0100 dom\u0101t. M\u0113s pied\u0101v\u0101jam holistisku izgl\u012bt\u012bbas programmu, kas tiek akt\u012bvi piel\u0101gota j\u016bsu un j\u016bsu b\u0113rna individu\u0101laj\u0101m vajadz\u012bb\u0101m. M\u016bsu audz\u0113k\u0146i akt\u012bvi piedal\u0101s un darbojas nodarb\u012bb\u0101s, kur\u0101s vi\u0146i ener\u0123iski pilnveido savas domas un pr\u0101tu. T\u0101d\u0113j\u0101di tiek veidots stabils pamats turpm\u0101k\u0101m m\u0101c\u012bb\u0101m un stimul\u0113ta b\u0113rnu dabisk\u0101 zin\u0101tk\u0101re. &hellip; Continue reading &rarr;\" \/>\n<meta property=\"og:url\" content=\"http:\/\/fastrackids.lv\/ru\/metodika\/\" \/>\n<meta property=\"og:site_name\" content=\"FasTrackids Latvia (Russian)\" \/>\n<meta property=\"article:modified_time\" content=\"2015-08-31T07:19:14+00:00\" \/>\n<meta property=\"og:image\" content=\"http:\/\/fastrackids.lv\/ru\/wp-content\/uploads\/sites\/3\/2014\/11\/header_image_methodology.jpg\" \/>\n\t<meta property=\"og:image:width\" content=\"2100\" \/>\n\t<meta property=\"og:image:height\" content=\"1000\" \/>\n<meta name=\"twitter:label1\" content=\"Est. reading time\" \/>\n\t<meta name=\"twitter:data1\" content=\"3 minutes\" \/>\n<script type=\"application\/ld+json\" class=\"yoast-schema-graph\">{\"@context\":\"https:\/\/schema.org\",\"@graph\":[{\"@type\":\"WebSite\",\"@id\":\"https:\/\/fastrackids.lv\/ru\/#website\",\"url\":\"https:\/\/fastrackids.lv\/ru\/\",\"name\":\"FasTrackids Latvia (Russian)\",\"description\":\"FasTracKids Latvia\",\"potentialAction\":[{\"@type\":\"SearchAction\",\"target\":{\"@type\":\"EntryPoint\",\"urlTemplate\":\"https:\/\/fastrackids.lv\/ru\/?s={search_term_string}\"},\"query-input\":\"required name=search_term_string\"}],\"inLanguage\":\"en-US\"},{\"@type\":\"ImageObject\",\"@id\":\"http:\/\/fastrackids.lv\/ru\/metodika\/#primaryimage\",\"inLanguage\":\"en-US\",\"url\":\"http:\/\/fastrackids.lv\/ru\/wp-content\/uploads\/sites\/3\/2014\/11\/header_image_methodology.jpg\",\"contentUrl\":\"http:\/\/fastrackids.lv\/ru\/wp-content\/uploads\/sites\/3\/2014\/11\/header_image_methodology.jpg\",\"width\":2100,\"height\":1000},{\"@type\":\"WebPage\",\"@id\":\"http:\/\/fastrackids.lv\/ru\/metodika\/#webpage\",\"url\":\"http:\/\/fastrackids.lv\/ru\/metodika\/\",\"name\":\"FasTracKids Metodika - FasTrackids Latvia (Russian)\",\"isPartOf\":{\"@id\":\"https:\/\/fastrackids.lv\/ru\/#website\"},\"primaryImageOfPage\":{\"@id\":\"http:\/\/fastrackids.lv\/ru\/metodika\/#primaryimage\"},\"datePublished\":\"2014-11-24T19:13:43+00:00\",\"dateModified\":\"2015-08-31T07:19:14+00:00\",\"breadcrumb\":{\"@id\":\"http:\/\/fastrackids.lv\/ru\/metodika\/#breadcrumb\"},\"inLanguage\":\"en-US\",\"potentialAction\":[{\"@type\":\"ReadAction\",\"target\":[\"http:\/\/fastrackids.lv\/ru\/metodika\/\"]}]},{\"@type\":\"BreadcrumbList\",\"@id\":\"http:\/\/fastrackids.lv\/ru\/metodika\/#breadcrumb\",\"itemListElement\":[{\"@type\":\"ListItem\",\"position\":1,\"name\":\"Home\",\"item\":\"https:\/\/fastrackids.lv\/ru\/\"},{\"@type\":\"ListItem\",\"position\":2,\"name\":\"FasTracKids Metodika\"}]}]}<\/script>\n<!-- \/ Yoast SEO plugin. -->","yoast_head_json":{"robots":{"index":"index","follow":"follow","max-snippet":"max-snippet:-1","max-image-preview":"max-image-preview:large","max-video-preview":"max-video-preview:-1"},"canonical":"http:\/\/fastrackids.lv\/ru\/metodika\/","og_locale":"en_US","og_type":"article","og_title":"FasTracKids Metodika - FasTrackids Latvia (Russian)","og_description":"FasTracKids\u00ae m\u0101c\u012bbu viet\u0101s m\u0113s j\u016bsu b\u0113rniem m\u0101c\u0101m, nevis KO\u00a0dom\u0101t, bet gan K\u0100 dom\u0101t. M\u0113s pied\u0101v\u0101jam holistisku izgl\u012bt\u012bbas programmu, kas tiek akt\u012bvi piel\u0101gota j\u016bsu un j\u016bsu b\u0113rna individu\u0101laj\u0101m vajadz\u012bb\u0101m. M\u016bsu audz\u0113k\u0146i akt\u012bvi piedal\u0101s un darbojas nodarb\u012bb\u0101s, kur\u0101s vi\u0146i ener\u0123iski pilnveido savas domas un pr\u0101tu. T\u0101d\u0113j\u0101di tiek veidots stabils pamats turpm\u0101k\u0101m m\u0101c\u012bb\u0101m un stimul\u0113ta b\u0113rnu dabisk\u0101 zin\u0101tk\u0101re. &hellip; Continue reading &rarr;","og_url":"http:\/\/fastrackids.lv\/ru\/metodika\/","og_site_name":"FasTrackids Latvia (Russian)","article_modified_time":"2015-08-31T07:19:14+00:00","og_image":[{"width":2100,"height":1000,"url":"http:\/\/fastrackids.lv\/ru\/wp-content\/uploads\/sites\/3\/2014\/11\/header_image_methodology.jpg","type":"image\/jpeg"}],"twitter_misc":{"Est. reading time":"3 minutes"},"schema":{"@context":"https:\/\/schema.org","@graph":[{"@type":"WebSite","@id":"https:\/\/fastrackids.lv\/ru\/#website","url":"https:\/\/fastrackids.lv\/ru\/","name":"FasTrackids Latvia (Russian)","description":"FasTracKids Latvia","potentialAction":[{"@type":"SearchAction","target":{"@type":"EntryPoint","urlTemplate":"https:\/\/fastrackids.lv\/ru\/?s={search_term_string}"},"query-input":"required name=search_term_string"}],"inLanguage":"en-US"},{"@type":"ImageObject","@id":"http:\/\/fastrackids.lv\/ru\/metodika\/#primaryimage","inLanguage":"en-US","url":"http:\/\/fastrackids.lv\/ru\/wp-content\/uploads\/sites\/3\/2014\/11\/header_image_methodology.jpg","contentUrl":"http:\/\/fastrackids.lv\/ru\/wp-content\/uploads\/sites\/3\/2014\/11\/header_image_methodology.jpg","width":2100,"height":1000},{"@type":"WebPage","@id":"http:\/\/fastrackids.lv\/ru\/metodika\/#webpage","url":"http:\/\/fastrackids.lv\/ru\/metodika\/","name":"FasTracKids Metodika - FasTrackids Latvia (Russian)","isPartOf":{"@id":"https:\/\/fastrackids.lv\/ru\/#website"},"primaryImageOfPage":{"@id":"http:\/\/fastrackids.lv\/ru\/metodika\/#primaryimage"},"datePublished":"2014-11-24T19:13:43+00:00","dateModified":"2015-08-31T07:19:14+00:00","breadcrumb":{"@id":"http:\/\/fastrackids.lv\/ru\/metodika\/#breadcrumb"},"inLanguage":"en-US","potentialAction":[{"@type":"ReadAction","target":["http:\/\/fastrackids.lv\/ru\/metodika\/"]}]},{"@type":"BreadcrumbList","@id":"http:\/\/fastrackids.lv\/ru\/metodika\/#breadcrumb","itemListElement":[{"@type":"ListItem","position":1,"name":"Home","item":"https:\/\/fastrackids.lv\/ru\/"},{"@type":"ListItem","position":2,"name":"FasTracKids Metodika"}]}]}},"_links":{"self":[{"href":"http:\/\/fastrackids.lv\/ru\/wp-json\/wp\/v2\/pages\/159"}],"collection":[{"href":"http:\/\/fastrackids.lv\/ru\/wp-json\/wp\/v2\/pages"}],"about":[{"href":"http:\/\/fastrackids.lv\/ru\/wp-json\/wp\/v2\/types\/page"}],"author":[{"embeddable":true,"href":"http:\/\/fastrackids.lv\/ru\/wp-json\/wp\/v2\/users\/9"}],"replies":[{"embeddable":true,"href":"http:\/\/fastrackids.lv\/ru\/wp-json\/wp\/v2\/comments?post=159"}],"version-history":[{"count":59,"href":"http:\/\/fastrackids.lv\/ru\/wp-json\/wp\/v2\/pages\/159\/revisions"}],"predecessor-version":[{"id":843,"href":"http:\/\/fastrackids.lv\/ru\/wp-json\/wp\/v2\/pages\/159\/revisions\/843"}],"wp:featuredmedia":[{"embeddable":true,"href":"http:\/\/fastrackids.lv\/ru\/wp-json\/wp\/v2\/media\/329"}],"wp:attachment":[{"href":"http:\/\/fastrackids.lv\/ru\/wp-json\/wp\/v2\/media?parent=159"}],"curies":[{"name":"wp","href":"https:\/\/api.w.org\/{rel}","templated":true}]}}